{"id":9308,"date":"2021-08-30T13:54:43","date_gmt":"2021-08-30T11:54:43","guid":{"rendered":"https:\/\/telemme.mmsh.fr\/?page_id=9308"},"modified":"2025-05-02T15:43:17","modified_gmt":"2025-05-02T13:43:17","slug":"communication-et-logos","status":"publish","type":"page","link":"https:\/\/telemme.mmsh.fr\/?page_id=9308","title":{"rendered":"Communication et logos"},"content":{"rendered":"\n<p>TELEMMe est une unit\u00e9 mixte de l&rsquo;universit\u00e9 d&rsquo;Aix-Marseille et du CNRS. \u00c0 ce titre, sa communication s&rsquo;int\u00e8gre au sein de celle de ses deux tutelles. <\/p>\n\n\n\n<p>La graphie du nom du laboratoire est bien TELEMMe, et non Telemme.<\/p>\n\n\n\n<p>Le logo de TELEMMe existe en plusieurs versions, couleur et noir et blanc. Le choix de la version du logo d\u00e9pend du fond sur lequel il est appos\u00e9. Par ailleurs, les <a href=\"https:\/\/www.univ-amu.fr\/fr\/public\/actualites\/amu-se-dote-dune-nouvelle-identite-visuelle\">logos d&rsquo;AMU <\/a>et du CNRS doivent toujours \u00eatre pr\u00e9sents aux c\u00f4t\u00e9 de celui de TELEMMe, que ce soit sur support papier ou num\u00e9rique. L\u00e0 aussi, le choix de la version d\u00e9pend de la charte graphique de chacune des tutelles. Les trois logos doivent \u00eatre de m\u00eame hauteur.<\/p>\n\n\n\n<p>En cas de doute sur l&rsquo;utilisation des logos, contactez Delphine Cavallo  : delphine [point] cavallo [at] univ-amu [point] fr<\/p>\n\n\n\n<p>Vous trouverez ici les versions de base des logos. Pour obtenir les autres versions, veuillez vous adresser directement \u00e0 Delphine Cavallo.<\/p>\n\n\n\n<div class=\"wp-block-file\"><a id=\"wp-block-file--media-b88cb9f9-a077-44a7-a00d-a0c9f6599b78\" href=\"https:\/\/telemme.mmsh.fr\/wp-content\/uploads\/2021\/08\/LogoTELEMMe-horizontal-fond-transparent.png\">Logo couleur de TELEMMe (PNG)<\/a><a href=\"https:\/\/telemme.mmsh.fr\/wp-content\/uploads\/2021\/08\/LogoTELEMMe-horizontal-fond-transparent.png\" class=\"wp-block-file__button wp-element-button\" download aria-describedby=\"wp-block-file--media-b88cb9f9-a077-44a7-a00d-a0c9f6599b78\">T\u00e9l\u00e9charger<\/a><\/div>\n\n\n\n<div class=\"wp-block-file\"><a id=\"wp-block-file--media-bb485994-59d7-4f81-8e2c-f750cbdba8fb\" href=\"https:\/\/telemme.mmsh.fr\/wp-content\/uploads\/2024\/11\/logo_partenaire_noir_RVB.png\">Logo AMU noir (PNG)<\/a><a href=\"https:\/\/telemme.mmsh.fr\/wp-content\/uploads\/2024\/11\/logo_partenaire_noir_RVB.png\" class=\"wp-block-file__button wp-element-button\" download aria-describedby=\"wp-block-file--media-bb485994-59d7-4f81-8e2c-f750cbdba8fb\">T\u00e9l\u00e9charger<\/a><\/div>\n\n\n\n<div class=\"wp-block-file\"><a id=\"wp-block-file--media-4147ea5c-e9fd-4621-9693-64992d069910\" href=\"https:\/\/telemme.mmsh.fr\/wp-content\/uploads\/2023\/11\/LOGO_CNRS_BLEU.gif\">Logo couleur du CNRS (GIF)<\/a><a href=\"https:\/\/telemme.mmsh.fr\/wp-content\/uploads\/2023\/11\/LOGO_CNRS_BLEU.gif\" class=\"wp-block-file__button wp-element-button\" download aria-describedby=\"wp-block-file--media-4147ea5c-e9fd-4621-9693-64992d069910\">T\u00e9l\u00e9charger<\/a><\/div>\n\n\n\n<p><\/p>\n","protected":false},"excerpt":{"rendered":"<p>TELEMMe est une unit\u00e9 mixte de l&rsquo;universit\u00e9 d&rsquo;Aix-Marseille et du CNRS. \u00c0 ce titre, sa communication s&rsquo;int\u00e8gre au sein de celle de ses deux tutelles. La graphie du nom du&hellip;&nbsp;<a href=\"https:\/\/telemme.mmsh.fr\/?page_id=9308\" rel=\"bookmark\">Lire la suite &raquo;<span class=\"screen-reader-text\">Communication et logos<\/span><\/a><\/p>\n","protected":false},"author":6,"featured_media":0,"parent":0,"menu_order":400,"comment_status":"closed","ping_status":"closed","template":"","meta":{"neve_meta_sidebar":"full-width","neve_meta_container":"","neve_meta_enable_content_width":"on","neve_meta_content_width":100,"neve_meta_title_alignment":"","neve_meta_author_avatar":"","neve_post_elements_order":"","neve_meta_disable_header":"","neve_meta_disable_footer":"","neve_meta_disable_title":"","footnotes":""},"class_list":["post-9308","page","type-page","status-publish","hentry"],"yoast_head":"<!-- This site is optimized with the Yoast SEO plugin v27.5 - https:\/\/yoast.com\/product\/yoast-seo-wordpress\/ -->\n<title>Communication et logos - TELEMMe - Temps, espaces, langages, Europe m\u00e9ridionale, M\u00e9diterran\u00e9e<\/title>\n<meta name=\"description\" content=\"Communication et logos de TELEMMe. Le logo de TELEMMe existe en plusieurs versions, couleur et noir et blanc. Le choix de la version du logo d\u00e9pend du fond sur lequel il est appos\u00e9.\" \/>\n<meta name=\"robots\" content=\"index, follow, max-snippet:-1, max-image-preview:large, max-video-preview:-1\" \/>\n<link rel=\"canonical\" href=\"https:\/\/telemme.mmsh.fr\/?page_id=9308\" \/>\n<meta property=\"og:locale\" content=\"fr_FR\" \/>\n<meta property=\"og:type\" content=\"article\" \/>\n<meta property=\"og:title\" content=\"Communication et logos - TELEMMe - Temps, espaces, langages, Europe m\u00e9ridionale, M\u00e9diterran\u00e9e\" \/>\n<meta property=\"og:description\" content=\"Communication et logos de TELEMMe. Le logo de TELEMMe existe en plusieurs versions, couleur et noir et blanc. Le choix de la version du logo d\u00e9pend du fond sur lequel il est appos\u00e9.\" \/>\n<meta property=\"og:url\" content=\"https:\/\/telemme.mmsh.fr\/?page_id=9308\" \/>\n<meta property=\"og:site_name\" content=\"TELEMMe - Temps, espaces, langages, Europe m\u00e9ridionale, M\u00e9diterran\u00e9e\" \/>\n<meta property=\"article:modified_time\" content=\"2025-05-02T13:43:17+00:00\" \/>\n<meta name=\"twitter:card\" content=\"summary_large_image\" \/>\n<meta name=\"twitter:label1\" content=\"Dur\u00e9e de lecture estim\u00e9e\" \/>\n\t<meta name=\"twitter:data1\" content=\"1 minute\" \/>\n<script type=\"application\/ld+json\" class=\"yoast-schema-graph\">{\"@context\":\"https:\\\/\\\/schema.org\",\"@graph\":[{\"@type\":\"WebPage\",\"@id\":\"https:\\\/\\\/telemme.mmsh.fr\\\/?page_id=9308\",\"url\":\"https:\\\/\\\/telemme.mmsh.fr\\\/?page_id=9308\",\"name\":\"Communication et logos - TELEMMe - Temps, espaces, langages, Europe m\u00e9ridionale, M\u00e9diterran\u00e9e\",\"isPartOf\":{\"@id\":\"https:\\\/\\\/telemme.mmsh.fr\\\/#website\"},\"datePublished\":\"2021-08-30T11:54:43+00:00\",\"dateModified\":\"2025-05-02T13:43:17+00:00\",\"description\":\"Communication et logos de TELEMMe. Le logo de TELEMMe existe en plusieurs versions, couleur et noir et blanc. Le choix de la version du logo d\u00e9pend du fond sur lequel il est appos\u00e9.\",\"breadcrumb\":{\"@id\":\"https:\\\/\\\/telemme.mmsh.fr\\\/?page_id=9308#breadcrumb\"},\"inLanguage\":\"fr-FR\",\"potentialAction\":[{\"@type\":\"ReadAction\",\"target\":[\"https:\\\/\\\/telemme.mmsh.fr\\\/?page_id=9308\"]}]},{\"@type\":\"BreadcrumbList\",\"@id\":\"https:\\\/\\\/telemme.mmsh.fr\\\/?page_id=9308#breadcrumb\",\"itemListElement\":[{\"@type\":\"ListItem\",\"position\":1,\"name\":\"Accueil\",\"item\":\"https:\\\/\\\/telemme.mmsh.fr\\\/\"},{\"@type\":\"ListItem\",\"position\":2,\"name\":\"Communication et logos\"}]},{\"@type\":\"WebSite\",\"@id\":\"https:\\\/\\\/telemme.mmsh.fr\\\/#website\",\"url\":\"https:\\\/\\\/telemme.mmsh.fr\\\/\",\"name\":\"TELEMMe - Temps, espaces, langages, Europe m\u00e9ridionale, M\u00e9diterran\u00e9e\",\"description\":\"\",\"publisher\":{\"@id\":\"https:\\\/\\\/telemme.mmsh.fr\\\/#organization\"},\"potentialAction\":[{\"@type\":\"SearchAction\",\"target\":{\"@type\":\"EntryPoint\",\"urlTemplate\":\"https:\\\/\\\/telemme.mmsh.fr\\\/?s={search_term_string}\"},\"query-input\":{\"@type\":\"PropertyValueSpecification\",\"valueRequired\":true,\"valueName\":\"search_term_string\"}}],\"inLanguage\":\"fr-FR\"},{\"@type\":\"Organization\",\"@id\":\"https:\\\/\\\/telemme.mmsh.fr\\\/#organization\",\"name\":\"TELEMMe\",\"url\":\"https:\\\/\\\/telemme.mmsh.fr\\\/\",\"logo\":{\"@type\":\"ImageObject\",\"inLanguage\":\"fr-FR\",\"@id\":\"https:\\\/\\\/telemme.mmsh.fr\\\/#\\\/schema\\\/logo\\\/image\\\/\",\"url\":\"https:\\\/\\\/telemme.mmsh.fr\\\/wp-content\\\/uploads\\\/2020\\\/03\\\/LogoTELEMMe-horizontal-fond-transparent.png\",\"contentUrl\":\"https:\\\/\\\/telemme.mmsh.fr\\\/wp-content\\\/uploads\\\/2020\\\/03\\\/LogoTELEMMe-horizontal-fond-transparent.png\",\"width\":1500,\"height\":437,\"caption\":\"TELEMMe\"},\"image\":{\"@id\":\"https:\\\/\\\/telemme.mmsh.fr\\\/#\\\/schema\\\/logo\\\/image\\\/\"}}]}<\/script>\n<!-- \/ Yoast SEO plugin. -->","yoast_head_json":{"title":"Communication et logos - TELEMMe - Temps, espaces, langages, Europe m\u00e9ridionale, M\u00e9diterran\u00e9e","description":"Communication et logos de TELEMMe. Le logo de TELEMMe existe en plusieurs versions, couleur et noir et blanc. Le choix de la version du logo d\u00e9pend du fond sur lequel il est appos\u00e9.","robots":{"index":"index","follow":"follow","max-snippet":"max-snippet:-1","max-image-preview":"max-image-preview:large","max-video-preview":"max-video-preview:-1"},"canonical":"https:\/\/telemme.mmsh.fr\/?page_id=9308","og_locale":"fr_FR","og_type":"article","og_title":"Communication et logos - TELEMMe - Temps, espaces, langages, Europe m\u00e9ridionale, M\u00e9diterran\u00e9e","og_description":"Communication et logos de TELEMMe. Le logo de TELEMMe existe en plusieurs versions, couleur et noir et blanc. Le choix de la version du logo d\u00e9pend du fond sur lequel il est appos\u00e9.","og_url":"https:\/\/telemme.mmsh.fr\/?page_id=9308","og_site_name":"TELEMMe - Temps, espaces, langages, Europe m\u00e9ridionale, M\u00e9diterran\u00e9e","article_modified_time":"2025-05-02T13:43:17+00:00","twitter_card":"summary_large_image","twitter_misc":{"Dur\u00e9e de lecture estim\u00e9e":"1 minute"},"schema":{"@context":"https:\/\/schema.org","@graph":[{"@type":"WebPage","@id":"https:\/\/telemme.mmsh.fr\/?page_id=9308","url":"https:\/\/telemme.mmsh.fr\/?page_id=9308","name":"Communication et logos - TELEMMe - Temps, espaces, langages, Europe m\u00e9ridionale, M\u00e9diterran\u00e9e","isPartOf":{"@id":"https:\/\/telemme.mmsh.fr\/#website"},"datePublished":"2021-08-30T11:54:43+00:00","dateModified":"2025-05-02T13:43:17+00:00","description":"Communication et logos de TELEMMe. Le logo de TELEMMe existe en plusieurs versions, couleur et noir et blanc. Le choix de la version du logo d\u00e9pend du fond sur lequel il est appos\u00e9.","breadcrumb":{"@id":"https:\/\/telemme.mmsh.fr\/?page_id=9308#breadcrumb"},"inLanguage":"fr-FR","potentialAction":[{"@type":"ReadAction","target":["https:\/\/telemme.mmsh.fr\/?page_id=9308"]}]},{"@type":"BreadcrumbList","@id":"https:\/\/telemme.mmsh.fr\/?page_id=9308#breadcrumb","itemListElement":[{"@type":"ListItem","position":1,"name":"Accueil","item":"https:\/\/telemme.mmsh.fr\/"},{"@type":"ListItem","position":2,"name":"Communication et logos"}]},{"@type":"WebSite","@id":"https:\/\/telemme.mmsh.fr\/#website","url":"https:\/\/telemme.mmsh.fr\/","name":"TELEMMe - Temps, espaces, langages, Europe m\u00e9ridionale, M\u00e9diterran\u00e9e","description":"","publisher":{"@id":"https:\/\/telemme.mmsh.fr\/#organization"},"potentialAction":[{"@type":"SearchAction","target":{"@type":"EntryPoint","urlTemplate":"https:\/\/telemme.mmsh.fr\/?s={search_term_string}"},"query-input":{"@type":"PropertyValueSpecification","valueRequired":true,"valueName":"search_term_string"}}],"inLanguage":"fr-FR"},{"@type":"Organization","@id":"https:\/\/telemme.mmsh.fr\/#organization","name":"TELEMMe","url":"https:\/\/telemme.mmsh.fr\/","logo":{"@type":"ImageObject","inLanguage":"fr-FR","@id":"https:\/\/telemme.mmsh.fr\/#\/schema\/logo\/image\/","url":"https:\/\/telemme.mmsh.fr\/wp-content\/uploads\/2020\/03\/LogoTELEMMe-horizontal-fond-transparent.png","contentUrl":"https:\/\/telemme.mmsh.fr\/wp-content\/uploads\/2020\/03\/LogoTELEMMe-horizontal-fond-transparent.png","width":1500,"height":437,"caption":"TELEMMe"},"image":{"@id":"https:\/\/telemme.mmsh.fr\/#\/schema\/logo\/image\/"}}]}},"_links":{"self":[{"href":"https:\/\/telemme.mmsh.fr\/index.php?rest_route=\/wp\/v2\/pages\/9308","targetHints":{"allow":["GET"]}}],"collection":[{"href":"https:\/\/telemme.mmsh.fr\/index.php?rest_route=\/wp\/v2\/pages"}],"about":[{"href":"https:\/\/telemme.mmsh.fr\/index.php?rest_route=\/wp\/v2\/types\/page"}],"author":[{"embeddable":true,"href":"https:\/\/telemme.mmsh.fr\/index.php?rest_route=\/wp\/v2\/users\/6"}],"replies":[{"embeddable":true,"href":"https:\/\/telemme.mmsh.fr\/index.php?rest_route=%2Fwp%2Fv2%2Fcomments&post=9308"}],"version-history":[{"count":12,"href":"https:\/\/telemme.mmsh.fr\/index.php?rest_route=\/wp\/v2\/pages\/9308\/revisions"}],"predecessor-version":[{"id":15488,"href":"https:\/\/telemme.mmsh.fr\/index.php?rest_route=\/wp\/v2\/pages\/9308\/revisions\/15488"}],"wp:attachment":[{"href":"https:\/\/telemme.mmsh.fr\/index.php?rest_route=%2Fwp%2Fv2%2Fmedia&parent=9308"}],"curies":[{"name":"wp","href":"https:\/\/api.w.org\/{rel}","templated":true}]}}