{"id":8687,"date":"2021-07-05T14:36:40","date_gmt":"2021-07-05T12:36:40","guid":{"rendered":"https:\/\/telemme.mmsh.fr\/?page_id=8687"},"modified":"2026-03-13T11:14:31","modified_gmt":"2026-03-13T10:14:31","slug":"dispositifs-transversaux","status":"publish","type":"page","link":"https:\/\/telemme.mmsh.fr\/?page_id=8687","title":{"rendered":"Ateliers transversaux"},"content":{"rendered":"\n<p>Les ateliers transversaux de TELEMMe sont destin\u00e9s \u00e0 valoriser et d\u00e9velopper les domaines de force de l&rsquo;unit\u00e9. <\/p>\n\n\n\n<div class=\"wp-block-media-text alignwide is-stacked-on-mobile\" style=\"grid-template-columns:41% auto\"><figure class=\"wp-block-media-text__media\"><img loading=\"lazy\" decoding=\"async\" width=\"1000\" height=\"667\" src=\"https:\/\/telemme.mmsh.fr\/wp-content\/uploads\/2023\/09\/cristina-gottardi-SCeJhSWJEFQ-unsplash.jpg\" alt=\"Tre donne, par Cristina Gottardi, 11 mai 2018, Licence Unsplash : https:\/\/unsplash.com\/fr\/photos\/SCeJhSWJEFQ\" class=\"wp-image-13268 size-full\" srcset=\"https:\/\/telemme.mmsh.fr\/wp-content\/uploads\/2023\/09\/cristina-gottardi-SCeJhSWJEFQ-unsplash.jpg 1000w, https:\/\/telemme.mmsh.fr\/wp-content\/uploads\/2023\/09\/cristina-gottardi-SCeJhSWJEFQ-unsplash-300x200.jpg 300w, https:\/\/telemme.mmsh.fr\/wp-content\/uploads\/2023\/09\/cristina-gottardi-SCeJhSWJEFQ-unsplash-768x512.jpg 768w, https:\/\/telemme.mmsh.fr\/wp-content\/uploads\/2023\/09\/cristina-gottardi-SCeJhSWJEFQ-unsplash-450x300.jpg 450w, https:\/\/telemme.mmsh.fr\/wp-content\/uploads\/2023\/09\/cristina-gottardi-SCeJhSWJEFQ-unsplash-930x620.jpg 930w, https:\/\/telemme.mmsh.fr\/wp-content\/uploads\/2023\/09\/cristina-gottardi-SCeJhSWJEFQ-unsplash-272x182.jpg 272w\" sizes=\"auto, (max-width: 1000px) 100vw, 1000px\" \/><\/figure><div class=\"wp-block-media-text__content\">\n<p class=\"has-medium-font-size\"><strong><a href=\"https:\/\/telemme.mmsh.fr\/?atelier-transversal=genre-dans-lespace-euro-mediterraneen-geem\">Genre dans l\u2019espace euro-m\u00e9diterran\u00e9en (GEEM)<\/a><\/strong><\/p>\n<\/div><\/div>\n\n\n\n<div style=\"height:30px\" aria-hidden=\"true\" class=\"wp-block-spacer\"><\/div>\n\n\n\n<div class=\"wp-block-media-text alignwide is-stacked-on-mobile\" style=\"grid-template-columns:41% auto\"><figure class=\"wp-block-media-text__media\"><img loading=\"lazy\" decoding=\"async\" width=\"500\" height=\"375\" src=\"https:\/\/telemme.mmsh.fr\/wp-content\/uploads\/2021\/04\/uzay-yildirim-kGdsRu68HNc-unsplash-light.jpg\" alt=\"\" class=\"wp-image-6333 size-full\" srcset=\"https:\/\/telemme.mmsh.fr\/wp-content\/uploads\/2021\/04\/uzay-yildirim-kGdsRu68HNc-unsplash-light.jpg 500w, https:\/\/telemme.mmsh.fr\/wp-content\/uploads\/2021\/04\/uzay-yildirim-kGdsRu68HNc-unsplash-light-300x225.jpg 300w\" sizes=\"auto, (max-width: 500px) 100vw, 500px\" \/><\/figure><div class=\"wp-block-media-text__content\">\n<p class=\"has-medium-font-size\"><strong><a href=\"https:\/\/telemme.mmsh.fr\/?atelier-transversal=observatoire-du-developpement-local-paca\">Observatoire du d\u00e9veloppement local<\/a><\/strong><\/p>\n<\/div><\/div>\n\n\n\n<div style=\"height:30px\" aria-hidden=\"true\" class=\"wp-block-spacer\"><\/div>\n\n\n\n<div class=\"wp-block-media-text alignwide is-stacked-on-mobile\" style=\"grid-template-columns:41% auto\"><figure class=\"wp-block-media-text__media\"><img loading=\"lazy\" decoding=\"async\" width=\"1000\" height=\"666\" src=\"https:\/\/telemme.mmsh.fr\/wp-content\/uploads\/2023\/09\/brigitta-schneiter-MHGDVDWjAb4-unsplash.jpg\" alt=\"Photo de Brigitta Schneiter, 2018, Licence Unsplash : https:\/\/unsplash.com\/fr\/photos\/MHGDVDWjAb4\" class=\"wp-image-13273 size-full\" srcset=\"https:\/\/telemme.mmsh.fr\/wp-content\/uploads\/2023\/09\/brigitta-schneiter-MHGDVDWjAb4-unsplash.jpg 1000w, https:\/\/telemme.mmsh.fr\/wp-content\/uploads\/2023\/09\/brigitta-schneiter-MHGDVDWjAb4-unsplash-300x200.jpg 300w, https:\/\/telemme.mmsh.fr\/wp-content\/uploads\/2023\/09\/brigitta-schneiter-MHGDVDWjAb4-unsplash-768x511.jpg 768w, https:\/\/telemme.mmsh.fr\/wp-content\/uploads\/2023\/09\/brigitta-schneiter-MHGDVDWjAb4-unsplash-450x300.jpg 450w, https:\/\/telemme.mmsh.fr\/wp-content\/uploads\/2023\/09\/brigitta-schneiter-MHGDVDWjAb4-unsplash-930x620.jpg 930w, https:\/\/telemme.mmsh.fr\/wp-content\/uploads\/2023\/09\/brigitta-schneiter-MHGDVDWjAb4-unsplash-272x182.jpg 272w\" sizes=\"auto, (max-width: 1000px) 100vw, 1000px\" \/><\/figure><div class=\"wp-block-media-text__content\">\n<p class=\"has-medium-font-size\"><strong><a href=\"https:\/\/telemme.mmsh.fr\/?atelier-transversal=80-documents-a-la-une\">80 documents \u00e0 la Une<\/a><\/strong><\/p>\n<\/div><\/div>\n\n\n\n<div style=\"height:30px\" aria-hidden=\"true\" class=\"wp-block-spacer\"><\/div>\n\n\n\n<div class=\"wp-block-media-text alignwide is-stacked-on-mobile\" style=\"grid-template-columns:41% auto\"><figure class=\"wp-block-media-text__media\"><img loading=\"lazy\" decoding=\"async\" width=\"1000\" height=\"667\" src=\"https:\/\/telemme.mmsh.fr\/wp-content\/uploads\/2023\/09\/katja-anokhina-vFfF9lt3yJ8-unsplash.jpg\" alt=\"Photo de Katja Anokhina, 2023, Licence Unsplash : https:\/\/unsplash.com\/fr\/photos\/vFfF9lt3yJ8\" class=\"wp-image-13274 size-full\" srcset=\"https:\/\/telemme.mmsh.fr\/wp-content\/uploads\/2023\/09\/katja-anokhina-vFfF9lt3yJ8-unsplash.jpg 1000w, https:\/\/telemme.mmsh.fr\/wp-content\/uploads\/2023\/09\/katja-anokhina-vFfF9lt3yJ8-unsplash-300x200.jpg 300w, https:\/\/telemme.mmsh.fr\/wp-content\/uploads\/2023\/09\/katja-anokhina-vFfF9lt3yJ8-unsplash-768x512.jpg 768w, https:\/\/telemme.mmsh.fr\/wp-content\/uploads\/2023\/09\/katja-anokhina-vFfF9lt3yJ8-unsplash-450x300.jpg 450w, https:\/\/telemme.mmsh.fr\/wp-content\/uploads\/2023\/09\/katja-anokhina-vFfF9lt3yJ8-unsplash-930x620.jpg 930w, https:\/\/telemme.mmsh.fr\/wp-content\/uploads\/2023\/09\/katja-anokhina-vFfF9lt3yJ8-unsplash-272x182.jpg 272w\" sizes=\"auto, (max-width: 1000px) 100vw, 1000px\" \/><\/figure><div class=\"wp-block-media-text__content\">\n<p class=\"has-medium-font-size\"><strong><a href=\"https:\/\/telemme.mmsh.fr\/?atelier-transversal=science-ouverte-a-telemme\">Science ouverte \u00e0 TELEMMe<\/a><\/strong><\/p>\n<\/div><\/div>\n\n\n\n<div style=\"height:30px\" aria-hidden=\"true\" class=\"wp-block-spacer\"><\/div>\n\n\n\n<div class=\"wp-block-media-text alignwide is-stacked-on-mobile\" style=\"grid-template-columns:41% auto\"><figure class=\"wp-block-media-text__media\"><img decoding=\"async\" src=\"https:\/\/telemme.mmsh.fr\/wp-content\/uploads\/2021\/04\/gemma-evans-KY6M76-LnF0-unsplash.jpg\" alt=\"\" class=\"wp-image-6332 size-full\"\/><\/figure><div class=\"wp-block-media-text__content\">\n<p class=\"has-medium-font-size\"><strong><a href=\"https:\/\/telemme.mmsh.fr\/?atelier-transversal=visual-studies-et-humanites-numeriques-en-mediterranee\">Atelier <em>Visual Studies<\/em> et humanit\u00e9s num\u00e9riques<\/a><\/strong><\/p>\n<\/div><\/div>\n\n\n\n<div style=\"height:30px\" aria-hidden=\"true\" class=\"wp-block-spacer\"><\/div>\n\n\n\n<div class=\"wp-block-media-text alignwide is-stacked-on-mobile\" style=\"grid-template-columns:41% auto\"><figure class=\"wp-block-media-text__media\"><img loading=\"lazy\" decoding=\"async\" width=\"1000\" height=\"667\" src=\"https:\/\/telemme.mmsh.fr\/wp-content\/uploads\/2026\/03\/albert-stoynov-kIM48Mpp9iY-unsplash.jpg\" alt=\"Statue de la dame justice tenant des balances \u00e0 l\u2019int\u00e9rieur, par Albert Stoynov (@albertstoynov), licence Unsplash\" class=\"wp-image-16717 size-full\" srcset=\"https:\/\/telemme.mmsh.fr\/wp-content\/uploads\/2026\/03\/albert-stoynov-kIM48Mpp9iY-unsplash.jpg 1000w, https:\/\/telemme.mmsh.fr\/wp-content\/uploads\/2026\/03\/albert-stoynov-kIM48Mpp9iY-unsplash-300x200.jpg 300w, https:\/\/telemme.mmsh.fr\/wp-content\/uploads\/2026\/03\/albert-stoynov-kIM48Mpp9iY-unsplash-768x512.jpg 768w, https:\/\/telemme.mmsh.fr\/wp-content\/uploads\/2026\/03\/albert-stoynov-kIM48Mpp9iY-unsplash-450x300.jpg 450w, https:\/\/telemme.mmsh.fr\/wp-content\/uploads\/2026\/03\/albert-stoynov-kIM48Mpp9iY-unsplash-930x620.jpg 930w, https:\/\/telemme.mmsh.fr\/wp-content\/uploads\/2026\/03\/albert-stoynov-kIM48Mpp9iY-unsplash-272x182.jpg 272w\" sizes=\"auto, (max-width: 1000px) 100vw, 1000px\" \/><\/figure><div class=\"wp-block-media-text__content\">\n<p class=\"has-medium-font-size\"><strong><a href=\"https:\/\/telemme.mmsh.fr\/?atelier-transversal=histoire-et-justices-dans-la-cite\">Atelier Histoire et justices dans la cit\u00e9<\/a><\/strong><\/p>\n<\/div><\/div>\n\n\n\n<div style=\"height:30px\" aria-hidden=\"true\" class=\"wp-block-spacer\"><\/div>\n\n\n\n<div style=\"height:30px\" aria-hidden=\"true\" class=\"wp-block-spacer\"><\/div>\n","protected":false},"excerpt":{"rendered":"<p>Les ateliers transversaux de TELEMMe sont destin\u00e9s \u00e0 valoriser et d\u00e9velopper les domaines de force de l&rsquo;unit\u00e9. Genre dans l\u2019espace euro-m\u00e9diterran\u00e9en (GEEM) Observatoire du d\u00e9veloppement local 80 documents \u00e0 la&hellip;&nbsp;<a href=\"https:\/\/telemme.mmsh.fr\/?page_id=8687\" rel=\"bookmark\">Lire la suite &raquo;<span class=\"screen-reader-text\">Ateliers transversaux<\/span><\/a><\/p>\n","protected":false},"author":6,"featured_media":0,"parent":6201,"menu_order":50,"comment_status":"closed","ping_status":"closed","template":"","meta":{"neve_meta_sidebar":"right","neve_meta_container":"","neve_meta_enable_content_width":"on","neve_meta_content_width":70,"neve_meta_title_alignment":"","neve_meta_author_avatar":"","neve_post_elements_order":"","neve_meta_disable_header":"","neve_meta_disable_footer":"","neve_meta_disable_title":"","footnotes":""},"class_list":["post-8687","page","type-page","status-publish","hentry"],"yoast_head":"<!-- This site is optimized with the Yoast SEO plugin v27.4 - https:\/\/yoast.com\/product\/yoast-seo-wordpress\/ -->\n<title>Ateliers transversaux - TELEMMe - Temps, espaces, langages, Europe m\u00e9ridionale, M\u00e9diterran\u00e9e<\/title>\n<meta name=\"robots\" content=\"index, follow, max-snippet:-1, max-image-preview:large, max-video-preview:-1\" \/>\n<link rel=\"canonical\" href=\"https:\/\/telemme.mmsh.fr\/?page_id=8687\" \/>\n<meta property=\"og:locale\" content=\"fr_FR\" \/>\n<meta property=\"og:type\" content=\"article\" \/>\n<meta property=\"og:title\" content=\"Ateliers transversaux - TELEMMe - Temps, espaces, langages, Europe m\u00e9ridionale, M\u00e9diterran\u00e9e\" \/>\n<meta property=\"og:description\" content=\"Les ateliers transversaux de TELEMMe sont destin\u00e9s \u00e0 valoriser et d\u00e9velopper les domaines de force de l&rsquo;unit\u00e9. Genre dans l\u2019espace euro-m\u00e9diterran\u00e9en (GEEM) Observatoire du d\u00e9veloppement local 80 documents \u00e0 la&hellip;&nbsp;Lire la suite &raquo;Ateliers transversaux\" \/>\n<meta property=\"og:url\" content=\"https:\/\/telemme.mmsh.fr\/?page_id=8687\" \/>\n<meta property=\"og:site_name\" content=\"TELEMMe - Temps, espaces, langages, Europe m\u00e9ridionale, M\u00e9diterran\u00e9e\" \/>\n<meta property=\"article:modified_time\" content=\"2026-03-13T10:14:31+00:00\" \/>\n<meta property=\"og:image\" content=\"https:\/\/telemme.mmsh.fr\/wp-content\/uploads\/2023\/09\/cristina-gottardi-SCeJhSWJEFQ-unsplash.jpg\" \/>\n\t<meta property=\"og:image:width\" content=\"1000\" \/>\n\t<meta property=\"og:image:height\" content=\"667\" \/>\n\t<meta property=\"og:image:type\" content=\"image\/jpeg\" \/>\n<meta name=\"twitter:card\" content=\"summary_large_image\" \/>\n<meta name=\"twitter:label1\" content=\"Dur\u00e9e de lecture estim\u00e9e\" \/>\n\t<meta name=\"twitter:data1\" content=\"1 minute\" \/>\n<script type=\"application\/ld+json\" class=\"yoast-schema-graph\">{\"@context\":\"https:\\\/\\\/schema.org\",\"@graph\":[{\"@type\":\"WebPage\",\"@id\":\"https:\\\/\\\/telemme.mmsh.fr\\\/?page_id=8687\",\"url\":\"https:\\\/\\\/telemme.mmsh.fr\\\/?page_id=8687\",\"name\":\"Ateliers transversaux - TELEMMe - Temps, espaces, langages, Europe m\u00e9ridionale, M\u00e9diterran\u00e9e\",\"isPartOf\":{\"@id\":\"https:\\\/\\\/telemme.mmsh.fr\\\/#website\"},\"primaryImageOfPage\":{\"@id\":\"https:\\\/\\\/telemme.mmsh.fr\\\/?page_id=8687#primaryimage\"},\"image\":{\"@id\":\"https:\\\/\\\/telemme.mmsh.fr\\\/?page_id=8687#primaryimage\"},\"thumbnailUrl\":\"https:\\\/\\\/telemme.mmsh.fr\\\/wp-content\\\/uploads\\\/2023\\\/09\\\/cristina-gottardi-SCeJhSWJEFQ-unsplash.jpg\",\"datePublished\":\"2021-07-05T12:36:40+00:00\",\"dateModified\":\"2026-03-13T10:14:31+00:00\",\"breadcrumb\":{\"@id\":\"https:\\\/\\\/telemme.mmsh.fr\\\/?page_id=8687#breadcrumb\"},\"inLanguage\":\"fr-FR\",\"potentialAction\":[{\"@type\":\"ReadAction\",\"target\":[\"https:\\\/\\\/telemme.mmsh.fr\\\/?page_id=8687\"]}]},{\"@type\":\"ImageObject\",\"inLanguage\":\"fr-FR\",\"@id\":\"https:\\\/\\\/telemme.mmsh.fr\\\/?page_id=8687#primaryimage\",\"url\":\"https:\\\/\\\/telemme.mmsh.fr\\\/wp-content\\\/uploads\\\/2023\\\/09\\\/cristina-gottardi-SCeJhSWJEFQ-unsplash.jpg\",\"contentUrl\":\"https:\\\/\\\/telemme.mmsh.fr\\\/wp-content\\\/uploads\\\/2023\\\/09\\\/cristina-gottardi-SCeJhSWJEFQ-unsplash.jpg\",\"width\":1000,\"height\":667,\"caption\":\"Tre donne, par Cristina Gottardi, 11 mai 2018, Licence Unsplash : https:\\\/\\\/unsplash.com\\\/fr\\\/photos\\\/SCeJhSWJEFQ\"},{\"@type\":\"BreadcrumbList\",\"@id\":\"https:\\\/\\\/telemme.mmsh.fr\\\/?page_id=8687#breadcrumb\",\"itemListElement\":[{\"@type\":\"ListItem\",\"position\":1,\"name\":\"Accueil\",\"item\":\"https:\\\/\\\/telemme.mmsh.fr\\\/\"},{\"@type\":\"ListItem\",\"position\":2,\"name\":\"La recherche \u00e0 TELEMMe\",\"item\":\"https:\\\/\\\/telemme.mmsh.fr\\\/?page_id=6201\"},{\"@type\":\"ListItem\",\"position\":3,\"name\":\"Ateliers transversaux\"}]},{\"@type\":\"WebSite\",\"@id\":\"https:\\\/\\\/telemme.mmsh.fr\\\/#website\",\"url\":\"https:\\\/\\\/telemme.mmsh.fr\\\/\",\"name\":\"TELEMMe - Temps, espaces, langages, Europe m\u00e9ridionale, M\u00e9diterran\u00e9e\",\"description\":\"\",\"publisher\":{\"@id\":\"https:\\\/\\\/telemme.mmsh.fr\\\/#organization\"},\"potentialAction\":[{\"@type\":\"SearchAction\",\"target\":{\"@type\":\"EntryPoint\",\"urlTemplate\":\"https:\\\/\\\/telemme.mmsh.fr\\\/?s={search_term_string}\"},\"query-input\":{\"@type\":\"PropertyValueSpecification\",\"valueRequired\":true,\"valueName\":\"search_term_string\"}}],\"inLanguage\":\"fr-FR\"},{\"@type\":\"Organization\",\"@id\":\"https:\\\/\\\/telemme.mmsh.fr\\\/#organization\",\"name\":\"TELEMMe\",\"url\":\"https:\\\/\\\/telemme.mmsh.fr\\\/\",\"logo\":{\"@type\":\"ImageObject\",\"inLanguage\":\"fr-FR\",\"@id\":\"https:\\\/\\\/telemme.mmsh.fr\\\/#\\\/schema\\\/logo\\\/image\\\/\",\"url\":\"https:\\\/\\\/telemme.mmsh.fr\\\/wp-content\\\/uploads\\\/2020\\\/03\\\/LogoTELEMMe-horizontal-fond-transparent.png\",\"contentUrl\":\"https:\\\/\\\/telemme.mmsh.fr\\\/wp-content\\\/uploads\\\/2020\\\/03\\\/LogoTELEMMe-horizontal-fond-transparent.png\",\"width\":1500,\"height\":437,\"caption\":\"TELEMMe\"},\"image\":{\"@id\":\"https:\\\/\\\/telemme.mmsh.fr\\\/#\\\/schema\\\/logo\\\/image\\\/\"}}]}<\/script>\n<!-- \/ Yoast SEO plugin. -->","yoast_head_json":{"title":"Ateliers transversaux - TELEMMe - Temps, espaces, langages, Europe m\u00e9ridionale, M\u00e9diterran\u00e9e","robots":{"index":"index","follow":"follow","max-snippet":"max-snippet:-1","max-image-preview":"max-image-preview:large","max-video-preview":"max-video-preview:-1"},"canonical":"https:\/\/telemme.mmsh.fr\/?page_id=8687","og_locale":"fr_FR","og_type":"article","og_title":"Ateliers transversaux - TELEMMe - Temps, espaces, langages, Europe m\u00e9ridionale, M\u00e9diterran\u00e9e","og_description":"Les ateliers transversaux de TELEMMe sont destin\u00e9s \u00e0 valoriser et d\u00e9velopper les domaines de force de l&rsquo;unit\u00e9. Genre dans l\u2019espace euro-m\u00e9diterran\u00e9en (GEEM) Observatoire du d\u00e9veloppement local 80 documents \u00e0 la&hellip;&nbsp;Lire la suite &raquo;Ateliers transversaux","og_url":"https:\/\/telemme.mmsh.fr\/?page_id=8687","og_site_name":"TELEMMe - Temps, espaces, langages, Europe m\u00e9ridionale, M\u00e9diterran\u00e9e","article_modified_time":"2026-03-13T10:14:31+00:00","og_image":[{"width":1000,"height":667,"url":"https:\/\/telemme.mmsh.fr\/wp-content\/uploads\/2023\/09\/cristina-gottardi-SCeJhSWJEFQ-unsplash.jpg","type":"image\/jpeg"}],"twitter_card":"summary_large_image","twitter_misc":{"Dur\u00e9e de lecture estim\u00e9e":"1 minute"},"schema":{"@context":"https:\/\/schema.org","@graph":[{"@type":"WebPage","@id":"https:\/\/telemme.mmsh.fr\/?page_id=8687","url":"https:\/\/telemme.mmsh.fr\/?page_id=8687","name":"Ateliers transversaux - TELEMMe - Temps, espaces, langages, Europe m\u00e9ridionale, M\u00e9diterran\u00e9e","isPartOf":{"@id":"https:\/\/telemme.mmsh.fr\/#website"},"primaryImageOfPage":{"@id":"https:\/\/telemme.mmsh.fr\/?page_id=8687#primaryimage"},"image":{"@id":"https:\/\/telemme.mmsh.fr\/?page_id=8687#primaryimage"},"thumbnailUrl":"https:\/\/telemme.mmsh.fr\/wp-content\/uploads\/2023\/09\/cristina-gottardi-SCeJhSWJEFQ-unsplash.jpg","datePublished":"2021-07-05T12:36:40+00:00","dateModified":"2026-03-13T10:14:31+00:00","breadcrumb":{"@id":"https:\/\/telemme.mmsh.fr\/?page_id=8687#breadcrumb"},"inLanguage":"fr-FR","potentialAction":[{"@type":"ReadAction","target":["https:\/\/telemme.mmsh.fr\/?page_id=8687"]}]},{"@type":"ImageObject","inLanguage":"fr-FR","@id":"https:\/\/telemme.mmsh.fr\/?page_id=8687#primaryimage","url":"https:\/\/telemme.mmsh.fr\/wp-content\/uploads\/2023\/09\/cristina-gottardi-SCeJhSWJEFQ-unsplash.jpg","contentUrl":"https:\/\/telemme.mmsh.fr\/wp-content\/uploads\/2023\/09\/cristina-gottardi-SCeJhSWJEFQ-unsplash.jpg","width":1000,"height":667,"caption":"Tre donne, par Cristina Gottardi, 11 mai 2018, Licence Unsplash : https:\/\/unsplash.com\/fr\/photos\/SCeJhSWJEFQ"},{"@type":"BreadcrumbList","@id":"https:\/\/telemme.mmsh.fr\/?page_id=8687#breadcrumb","itemListElement":[{"@type":"ListItem","position":1,"name":"Accueil","item":"https:\/\/telemme.mmsh.fr\/"},{"@type":"ListItem","position":2,"name":"La recherche \u00e0 TELEMMe","item":"https:\/\/telemme.mmsh.fr\/?page_id=6201"},{"@type":"ListItem","position":3,"name":"Ateliers transversaux"}]},{"@type":"WebSite","@id":"https:\/\/telemme.mmsh.fr\/#website","url":"https:\/\/telemme.mmsh.fr\/","name":"TELEMMe - Temps, espaces, langages, Europe m\u00e9ridionale, M\u00e9diterran\u00e9e","description":"","publisher":{"@id":"https:\/\/telemme.mmsh.fr\/#organization"},"potentialAction":[{"@type":"SearchAction","target":{"@type":"EntryPoint","urlTemplate":"https:\/\/telemme.mmsh.fr\/?s={search_term_string}"},"query-input":{"@type":"PropertyValueSpecification","valueRequired":true,"valueName":"search_term_string"}}],"inLanguage":"fr-FR"},{"@type":"Organization","@id":"https:\/\/telemme.mmsh.fr\/#organization","name":"TELEMMe","url":"https:\/\/telemme.mmsh.fr\/","logo":{"@type":"ImageObject","inLanguage":"fr-FR","@id":"https:\/\/telemme.mmsh.fr\/#\/schema\/logo\/image\/","url":"https:\/\/telemme.mmsh.fr\/wp-content\/uploads\/2020\/03\/LogoTELEMMe-horizontal-fond-transparent.png","contentUrl":"https:\/\/telemme.mmsh.fr\/wp-content\/uploads\/2020\/03\/LogoTELEMMe-horizontal-fond-transparent.png","width":1500,"height":437,"caption":"TELEMMe"},"image":{"@id":"https:\/\/telemme.mmsh.fr\/#\/schema\/logo\/image\/"}}]}},"_links":{"self":[{"href":"https:\/\/telemme.mmsh.fr\/index.php?rest_route=\/wp\/v2\/pages\/8687","targetHints":{"allow":["GET"]}}],"collection":[{"href":"https:\/\/telemme.mmsh.fr\/index.php?rest_route=\/wp\/v2\/pages"}],"about":[{"href":"https:\/\/telemme.mmsh.fr\/index.php?rest_route=\/wp\/v2\/types\/page"}],"author":[{"embeddable":true,"href":"https:\/\/telemme.mmsh.fr\/index.php?rest_route=\/wp\/v2\/users\/6"}],"replies":[{"embeddable":true,"href":"https:\/\/telemme.mmsh.fr\/index.php?rest_route=%2Fwp%2Fv2%2Fcomments&post=8687"}],"version-history":[{"count":12,"href":"https:\/\/telemme.mmsh.fr\/index.php?rest_route=\/wp\/v2\/pages\/8687\/revisions"}],"predecessor-version":[{"id":16720,"href":"https:\/\/telemme.mmsh.fr\/index.php?rest_route=\/wp\/v2\/pages\/8687\/revisions\/16720"}],"up":[{"embeddable":true,"href":"https:\/\/telemme.mmsh.fr\/index.php?rest_route=\/wp\/v2\/pages\/6201"}],"wp:attachment":[{"href":"https:\/\/telemme.mmsh.fr\/index.php?rest_route=%2Fwp%2Fv2%2Fmedia&parent=8687"}],"curies":[{"name":"wp","href":"https:\/\/api.w.org\/{rel}","templated":true}]}}