{"id":7241,"date":"2021-04-16T18:18:46","date_gmt":"2021-04-16T16:18:46","guid":{"rendered":"http:\/\/telemme.mmsh.fr\/?page_id=7241"},"modified":"2021-06-29T17:53:52","modified_gmt":"2021-06-29T15:53:52","slug":"films","status":"publish","type":"page","link":"https:\/\/telemme.mmsh.fr\/?page_id=7241","title":{"rendered":"Films"},"content":{"rendered":"      <div id=\"post-grid-lazy-7257\" class=\"post-grid-lazy\"><img decoding=\"async\" alt=\"\" src=\"\" \/><\/div>\n    <script>\n      jQuery('#post-grid-lazy-7257').ready(function($) {\n        $('#post-grid-lazy-7257').fadeOut();\n        $('#post-grid-7257   ').fadeIn();\n      })\n    <\/script>\n    <style type=\"text\/css\">\n      #post-grid-7257 {\n        display: none;\n      }\n\n      .post-grid-lazy {\n        text-align: center;\n      }\n    <\/style>\n    <div data-options='{&quot;id&quot;:&quot;7257&quot;,&quot;lazy_load&quot;:&quot;yes&quot;,&quot;masonry_enable&quot;:&quot;no&quot;,&quot;view_type&quot;:&quot;grid&quot;}' id=\"post-grid-7257\" class=\"post-grid grid\">\n    \n\n\n    <div class=\"grid-items\">\n      <div class=\"item item-15239 skin flat even 0 \">\n        <div class=\"layer-wrapper layout-5779\">\n          <div class=\" element_1617027353503\"\r\n        id=\"\">\r\n        <div class=\"element element_1617027342065  thumb \">\r\n                    <img decoding=\"async\" alt=\"Capture d&#039;\u00e9cran du film 8 cadeaux\" src=\"https:\/\/telemme.mmsh.fr\/wp-content\/uploads\/2025\/02\/8cadeaux.jpg\">\r\n            <\/div>\r\n    <div class=\"element element_1617027348774  title \">\r\n                    Les 8 cadeaux            <\/div>\r\n    <div\r\n        class=\"element element_1617027350182  excerpt_read_more \">\r\n                <a target=\"_self\"\r\n            href=\"https:\/\/telemme.mmsh.fr\/?p=15239\">En savoir plus<\/a>\r\n    <\/div>\r\n    <\/div>\r\n    <\/div>\n  <\/div><div class=\"item item-15244 skin flat odd 1 \">\n        <div class=\"layer-wrapper layout-5779\">\n          <div class=\" element_1617027353503\"\r\n        id=\"\">\r\n        <div class=\"element element_1617027342065  thumb \">\r\n                    <img decoding=\"async\" alt=\"Capture d&#039;\u00e9cran de Derri\u00e8re la porte\" src=\"https:\/\/telemme.mmsh.fr\/wp-content\/uploads\/2025\/02\/Derriere-la-porte.jpg\">\r\n            <\/div>\r\n    <div class=\"element element_1617027348774  title \">\r\n                    Derri\u00e8re la porte            <\/div>\r\n    <div\r\n        class=\"element element_1617027350182  excerpt_read_more \">\r\n        Le collectif Nice Queer &amp; Co, initi\u00e9 par la chercheuse Karine Lambert, dans le cadre d'un appel \u00e0 projets au sein d'Universit\u00e9 C\u00f4te d'Azur, a pour objectif de r\u00e9aliser un court-m\u00e9trage sur des questions f\u00e9ministes et queer.        <a target=\"_self\"\r\n            href=\"https:\/\/telemme.mmsh.fr\/?p=15244\">En savoir plus<\/a>\r\n    <\/div>\r\n    <\/div>\r\n    <\/div>\n  <\/div><div class=\"item item-13825 skin flat even 2 \">\n        <div class=\"layer-wrapper layout-5779\">\n          <div class=\" element_1617027353503\"\r\n        id=\"\">\r\n        <div class=\"element element_1617027342065  thumb \">\r\n                    <img decoding=\"async\" alt=\"\" src=\"https:\/\/telemme.mmsh.fr\/wp-content\/uploads\/2024\/01\/Une-me\u0301diation-1024x695.png\">\r\n            <\/div>\r\n    <div class=\"element element_1617027348774  title \">\r\n                    Conversations en couleurs            <\/div>\r\n    <div\r\n        class=\"element element_1617027350182  excerpt_read_more \">\r\n        Conversations en couleurs est un \u00e9change entre des \u0153uvres de David Hockney expos\u00e9es au mus\u00e9e Granet (du 28 janvier au 28 mai 2023) \u00e0 Aix-en-Provence et la promotion de Master 2 en histoire de l\u2019art moderne et contemporain d\u2019Aix-Marseille Universit\u00e9.\n\n        <a target=\"_self\"\r\n            href=\"https:\/\/telemme.mmsh.fr\/?p=13825\">En savoir plus<\/a>\r\n    <\/div>\r\n    <\/div>\r\n    <\/div>\n  <\/div><div class=\"item item-12131 skin flat odd 3 \">\n        <div class=\"layer-wrapper layout-5779\">\n          <div class=\" element_1617027353503\"\r\n        id=\"\">\r\n        <div class=\"element element_1617027342065  thumb \">\r\n                    <img decoding=\"async\" alt=\"\" src=\"https:\/\/telemme.mmsh.fr\/wp-content\/uploads\/2022\/11\/iel-1.png\">\r\n            <\/div>\r\n    <div class=\"element element_1617027348774  title \">\r\n                    [Film] IEL            <\/div>\r\n    <div\r\n        class=\"element element_1617027350182  excerpt_read_more \">\r\n        \u00abIEL vit sur la plan\u00e8te Vortex. Sur cette plan\u00e8te les filles et les gar\u00e7ons sont fabriqu\u00e9\u00b7e\u00b7s en usine. IEL ne s\u2019identifie pas dans cette distinction. Des enfants d\u00e9cident alors de l\u2019aider, de soutenir IEL, car ce qui est important c\u2019est de pouvoir \u00eatre qui l\u2019on veut. \u00bb Un film r\u00e9alis\u00e9 dans le cadre des \u00ab Ateliers de r\u00e9alisation Cin\u00e9sciences \u00bb propos\u00e9s par l\u2019association Polly Maggoo.         <a target=\"_self\"\r\n            href=\"https:\/\/telemme.mmsh.fr\/?p=12131\">En savoir plus<\/a>\r\n    <\/div>\r\n    <\/div>\r\n    <\/div>\n  <\/div><div class=\"item item-10132 skin flat even 4 \">\n        <div class=\"layer-wrapper layout-5779\">\n          <div class=\" element_1617027353503\"\r\n        id=\"\">\r\n        <div class=\"element element_1617027342065  thumb \">\r\n                    <img decoding=\"async\" alt=\"Photogramme du film La R\u00e9sistance sur les bords de la M\u00e9diterran\u00e9e. Un parcours d\u2019historien, Jean-Marie Guillon. Un film \u00e9crit par Jean-Marie Guillon et r\u00e9alis\u00e9 par Agn\u00e8s Maury \/ Les Films du Papillon (2021, 60 minutes)\" src=\"https:\/\/telemme.mmsh.fr\/wp-content\/uploads\/2021\/12\/resistance_guillon_photogramme_2.jpeg\">\r\n            <\/div>\r\n    <div class=\"element element_1617027348774  title \">\r\n                    La R\u00e9sistance sur les bords de la M\u00e9diterran\u00e9e. Un parcours d\u2019historien, Jean-Marie Guillon            <\/div>\r\n    <div\r\n        class=\"element element_1617027350182  excerpt_read_more \">\r\n        Qu\u2019est-ce que r\u00e9sister veut dire dans la France de 1940-1944\u00a0? Comment la R\u00e9sistance s\u2019est-elle construite au fil de ces ann\u00e9es\u00a0? Qu\u2019est-ce que r\u00e9sister signifie au f\u00e9minin\u00a0? Au nom de quoi r\u00e9siste-t-on alors\u00a0? Quelle place tient le Midi m\u00e9diterran\u00e9en dans cette lutte de lib\u00e9ration nationale que l\u2019on appelle la R\u00e9sistance\u00a0? Voil\u00e0 quelques unes des questions auxquelles Jean-Marie Guillon a cherch\u00e9 \u00e0 r\u00e9pondre dans les travaux qu\u2019il a men\u00e9s et qui ont particip\u00e9 au renouvellement de cette histoire, trop souvent encombr\u00e9e d\u2019id\u00e9es re\u00e7ues.        <a target=\"_self\"\r\n            href=\"https:\/\/telemme.mmsh.fr\/?p=10132\">En savoir plus<\/a>\r\n    <\/div>\r\n    <\/div>\r\n    <\/div>\n  <\/div><div class=\"item item-8489 skin flat odd 5 \">\n        <div class=\"layer-wrapper layout-5779\">\n          <div class=\" element_1617027353503\"\r\n        id=\"\">\r\n        <div class=\"element element_1617027342065  thumb \">\r\n                    <img decoding=\"async\" alt=\"Vue sur la Casa d&#039;Italia de Marseille, actuel si\u00e8ge du Consulta g\u00e9n\u00e9ral d&#039;Italie \u00e0 Marseille, rue d&#039;Alger\" src=\"https:\/\/telemme.mmsh.fr\/wp-content\/uploads\/2021\/06\/Casa-dItalia.jpeg\">\r\n            <\/div>\r\n    <div class=\"element element_1617027348774  title \">\r\n                    La Casa d'Italia de Marseille. Fen\u00eatres sur une troisi\u00e8me Rome            <\/div>\r\n    <div\r\n        class=\"element element_1617027350182  excerpt_read_more \">\r\n        Pour les troisi\u00e8mes Rencontres m\u00e9diterran\u00e9ennes de TELEMMe, un historien et un historien de l\u2019art ont enqu\u00eat\u00e9 sur un lieu de m\u00e9moire m\u00e9connu du patrimoine marseillais : l\u2019ancienne Casa d\u2019Italia. Si\u00e8ge actuel du Consulat g\u00e9n\u00e9ral d\u2019Italie et de l\u2019Institut culturel italien \u00e0 Marseille, cet \u00e9difice est un cas unique d\u2019architecture moderniste de la p\u00e9riode fasciste sur le sol fran\u00e7ais.        <a target=\"_self\"\r\n            href=\"https:\/\/telemme.mmsh.fr\/?p=8489\">En savoir plus<\/a>\r\n    <\/div>\r\n    <\/div>\r\n    <\/div>\n  <\/div><div class=\"item item-7252 skin flat even 6 \">\n        <div class=\"layer-wrapper layout-5779\">\n          <div class=\" element_1617027353503\"\r\n        id=\"\">\r\n        <div class=\"element element_1617027342065  thumb \">\r\n                    <img decoding=\"async\" alt=\"Capture d&#039;\u00e9cran de l&#039;entretien film\u00e9 avec Jacques Windenberger\" src=\"https:\/\/telemme.mmsh.fr\/wp-content\/uploads\/2021\/04\/Windenberger.png\">\r\n            <\/div>\r\n    <div class=\"element element_1617027348774  title \">\r\n                    Entretiens autour de l'\u0153uvre de Jacques Windenberger            <\/div>\r\n    <div\r\n        class=\"element element_1617027350182  excerpt_read_more \">\r\n        Dans le cadre du projet PICTURE IT - Le grand chambardement. Analyse socio-historique du territoire industrialo-portuaire de Fos. Regards crois\u00e9s sur l'\u0153uvre de Jacques Windenberger, Sophie Gebeil et B\u00e9atrice Mesini ont men\u00e9 un long entretien avec Jacques Windenberger, photojournaliste (...)        <a target=\"_self\"\r\n            href=\"https:\/\/telemme.mmsh.fr\/?p=7252\">En savoir plus<\/a>\r\n    <\/div>\r\n    <\/div>\r\n    <\/div>\n  <\/div>    <\/div>\n    <div class=\"pagination\">\n      <div class=\"paginate\">\n      <\/div>\n  <style type=\"text\/css\">\n    #post-grid-7257 .pagination .page-numbers {\n      font-size: 16px;\n      color: #fff;\n      background: #646464;\n    }\n\n    #post-grid-7257 .pagination .page-numbers:hover,\n    #post-grid-7257 .pagination .page-numbers.current {\n      background: #4b4b4b;\n    }\n  <\/style>\n  <\/div>\n        <style type=\"text\/css\">\r\n            .layout-5779 .element_1617027353503 {\r\n                            }\r\n\r\n                    <\/style>\r\n        <style type=\"text\/css\">\r\n        .layout-5779 .element_1617027342065 {\r\n            overflow: hidden;\r\n                    }\r\n\r\n        .layout-5779 .element_1617027342065 img {\r\n            max-width: 100%;\r\n            height: auto;\r\n        }\r\n\r\n        @media only screen and (min-width: 1024px) {\r\n            .layout-5779 .element_1617027342065 {\r\n                            }\r\n        }\r\n\r\n        @media only screen and (min-width: 768px) and (max-width: 1023px) {\r\n            .layout-5779 .element_1617027342065 {\r\n                            }\r\n        }\r\n\r\n        @media only screen and (min-width: 0px) and (max-width: 767px) {\r\n            .layout-5779 .element_1617027342065 {\r\n                            }\r\n        }\r\n    <\/style>\r\n    <style type=\"text\/css\">\r\n        .layout-5779 .element_1617027348774 {\r\n            font-size: 20px;\r\n            font-family: Alata;\r\n            margin: 10px 0;\r\n            text-align: left;\r\n            font-weight:bold;        }\r\n\r\n        .layout-5779 .element_1617027348774 a {\r\n            font-size: 20px;\r\n            font-family: Alata;\r\n            margin: 10px 0;\r\n            text-align: left;\r\n            font-weight:bold;        }\r\n    <\/style>\r\n    <style type=\"text\/css\">\r\n        .layout-5779 .element_1617027350182 {\r\n            text-align: left;\r\n                    }\r\n\r\n        .layout-5779 .element_1617027350182 a {\r\n                    }\r\n    <\/style>\r\n      <script>\n          <\/script>\n    <style type=\"text\/css\">\n    #post-grid-7257 {\n      padding: 10px;\n          }\n\n    #post-grid-7257 .item {\n      padding: 0px;\n      background: #fff;\n          }\n\n    #post-grid-7257 .item .layer-media {\n      height:auto;    }\n\n    @media only screen and (min-width: 0px) and (max-width: 767px) {\n      #post-grid-7257 .grid-items {\n        text-align: center;\n              }\n\n      #post-grid-7257 .item {\n        width: 90%;\n        margin: 10px;\n        display: inline-block;\n        vertical-align: top;\n        height:auto;      }\n    }\n\n    @media only screen and (min-width: 768px) and (max-width: 1023px) {\n      #post-grid-7257 .grid-items {\n        text-align: center;\n              }\n\n      #post-grid-7257 .item {\n        width: 280px;\n        margin: 10px;\n        display: inline-block;\n        vertical-align: top;\n        max-height:auto;      }\n    }\n\n    @media only screen and (min-width: 1024px) {\n      #post-grid-7257 .grid-items {\n        text-align: center;\n              }\n\n      #post-grid-7257 .item {\n        width: 280px;\n        display: inline-block;\n        margin: 10px;\n        vertical-align: top;\n        height:auto;      }\n    }\n\n      <\/style>\n  <\/div>\n\n","protected":false},"excerpt":{"rendered":"","protected":false},"author":6,"featured_media":0,"parent":2358,"menu_order":6,"comment_status":"closed","ping_status":"closed","template":"","meta":{"neve_meta_sidebar":"full-width","neve_meta_container":"","neve_meta_enable_content_width":"on","neve_meta_content_width":90,"neve_meta_title_alignment":"","neve_meta_author_avatar":"","neve_post_elements_order":"","neve_meta_disable_header":"","neve_meta_disable_footer":"","neve_meta_disable_title":"","footnotes":""},"class_list":["post-7241","page","type-page","status-publish","hentry"],"yoast_head":"<!-- This site is optimized with the Yoast SEO plugin v27.5 - https:\/\/yoast.com\/product\/yoast-seo-wordpress\/ -->\n<title>Films - TELEMMe - Temps, espaces, langages, Europe m\u00e9ridionale, M\u00e9diterran\u00e9e<\/title>\n<meta name=\"description\" content=\"Transmettre les recherches de TELEMMe gr\u00e2ce au format filmique.\" \/>\n<meta name=\"robots\" content=\"index, follow, max-snippet:-1, max-image-preview:large, max-video-preview:-1\" \/>\n<link rel=\"canonical\" href=\"https:\/\/telemme.mmsh.fr\/?page_id=7241\" \/>\n<meta property=\"og:locale\" content=\"fr_FR\" \/>\n<meta property=\"og:type\" content=\"article\" \/>\n<meta property=\"og:title\" content=\"Films - TELEMMe - Temps, espaces, langages, Europe m\u00e9ridionale, M\u00e9diterran\u00e9e\" \/>\n<meta property=\"og:description\" content=\"Transmettre les recherches de TELEMMe gr\u00e2ce au format filmique.\" \/>\n<meta property=\"og:url\" content=\"https:\/\/telemme.mmsh.fr\/?page_id=7241\" \/>\n<meta property=\"og:site_name\" content=\"TELEMMe - Temps, espaces, langages, Europe m\u00e9ridionale, M\u00e9diterran\u00e9e\" \/>\n<meta property=\"article:modified_time\" content=\"2021-06-29T15:53:52+00:00\" \/>\n<meta name=\"twitter:card\" content=\"summary_large_image\" \/>\n<meta name=\"twitter:label1\" content=\"Dur\u00e9e de lecture estim\u00e9e\" \/>\n\t<meta name=\"twitter:data1\" content=\"1 minute\" \/>\n<script type=\"application\/ld+json\" class=\"yoast-schema-graph\">{\"@context\":\"https:\\\/\\\/schema.org\",\"@graph\":[{\"@type\":\"WebPage\",\"@id\":\"https:\\\/\\\/telemme.mmsh.fr\\\/?page_id=7241\",\"url\":\"https:\\\/\\\/telemme.mmsh.fr\\\/?page_id=7241\",\"name\":\"Films - TELEMMe - Temps, espaces, langages, Europe m\u00e9ridionale, M\u00e9diterran\u00e9e\",\"isPartOf\":{\"@id\":\"https:\\\/\\\/telemme.mmsh.fr\\\/#website\"},\"datePublished\":\"2021-04-16T16:18:46+00:00\",\"dateModified\":\"2021-06-29T15:53:52+00:00\",\"description\":\"Transmettre les recherches de TELEMMe gr\u00e2ce au format filmique.\",\"breadcrumb\":{\"@id\":\"https:\\\/\\\/telemme.mmsh.fr\\\/?page_id=7241#breadcrumb\"},\"inLanguage\":\"fr-FR\",\"potentialAction\":[{\"@type\":\"ReadAction\",\"target\":[\"https:\\\/\\\/telemme.mmsh.fr\\\/?page_id=7241\"]}]},{\"@type\":\"BreadcrumbList\",\"@id\":\"https:\\\/\\\/telemme.mmsh.fr\\\/?page_id=7241#breadcrumb\",\"itemListElement\":[{\"@type\":\"ListItem\",\"position\":1,\"name\":\"Accueil\",\"item\":\"https:\\\/\\\/telemme.mmsh.fr\\\/\"},{\"@type\":\"ListItem\",\"position\":2,\"name\":\"M\u00e9diation et diffusion\",\"item\":\"https:\\\/\\\/telemme.mmsh.fr\\\/?page_id=2358\"},{\"@type\":\"ListItem\",\"position\":3,\"name\":\"Films\"}]},{\"@type\":\"WebSite\",\"@id\":\"https:\\\/\\\/telemme.mmsh.fr\\\/#website\",\"url\":\"https:\\\/\\\/telemme.mmsh.fr\\\/\",\"name\":\"TELEMMe - Temps, espaces, langages, Europe m\u00e9ridionale, M\u00e9diterran\u00e9e\",\"description\":\"\",\"publisher\":{\"@id\":\"https:\\\/\\\/telemme.mmsh.fr\\\/#organization\"},\"potentialAction\":[{\"@type\":\"SearchAction\",\"target\":{\"@type\":\"EntryPoint\",\"urlTemplate\":\"https:\\\/\\\/telemme.mmsh.fr\\\/?s={search_term_string}\"},\"query-input\":{\"@type\":\"PropertyValueSpecification\",\"valueRequired\":true,\"valueName\":\"search_term_string\"}}],\"inLanguage\":\"fr-FR\"},{\"@type\":\"Organization\",\"@id\":\"https:\\\/\\\/telemme.mmsh.fr\\\/#organization\",\"name\":\"TELEMMe\",\"url\":\"https:\\\/\\\/telemme.mmsh.fr\\\/\",\"logo\":{\"@type\":\"ImageObject\",\"inLanguage\":\"fr-FR\",\"@id\":\"https:\\\/\\\/telemme.mmsh.fr\\\/#\\\/schema\\\/logo\\\/image\\\/\",\"url\":\"https:\\\/\\\/telemme.mmsh.fr\\\/wp-content\\\/uploads\\\/2020\\\/03\\\/LogoTELEMMe-horizontal-fond-transparent.png\",\"contentUrl\":\"https:\\\/\\\/telemme.mmsh.fr\\\/wp-content\\\/uploads\\\/2020\\\/03\\\/LogoTELEMMe-horizontal-fond-transparent.png\",\"width\":1500,\"height\":437,\"caption\":\"TELEMMe\"},\"image\":{\"@id\":\"https:\\\/\\\/telemme.mmsh.fr\\\/#\\\/schema\\\/logo\\\/image\\\/\"}}]}<\/script>\n<!-- \/ Yoast SEO plugin. -->","yoast_head_json":{"title":"Films - TELEMMe - Temps, espaces, langages, Europe m\u00e9ridionale, M\u00e9diterran\u00e9e","description":"Transmettre les recherches de TELEMMe gr\u00e2ce au format filmique.","robots":{"index":"index","follow":"follow","max-snippet":"max-snippet:-1","max-image-preview":"max-image-preview:large","max-video-preview":"max-video-preview:-1"},"canonical":"https:\/\/telemme.mmsh.fr\/?page_id=7241","og_locale":"fr_FR","og_type":"article","og_title":"Films - TELEMMe - Temps, espaces, langages, Europe m\u00e9ridionale, M\u00e9diterran\u00e9e","og_description":"Transmettre les recherches de TELEMMe gr\u00e2ce au format filmique.","og_url":"https:\/\/telemme.mmsh.fr\/?page_id=7241","og_site_name":"TELEMMe - Temps, espaces, langages, Europe m\u00e9ridionale, M\u00e9diterran\u00e9e","article_modified_time":"2021-06-29T15:53:52+00:00","twitter_card":"summary_large_image","twitter_misc":{"Dur\u00e9e de lecture estim\u00e9e":"1 minute"},"schema":{"@context":"https:\/\/schema.org","@graph":[{"@type":"WebPage","@id":"https:\/\/telemme.mmsh.fr\/?page_id=7241","url":"https:\/\/telemme.mmsh.fr\/?page_id=7241","name":"Films - TELEMMe - Temps, espaces, langages, Europe m\u00e9ridionale, M\u00e9diterran\u00e9e","isPartOf":{"@id":"https:\/\/telemme.mmsh.fr\/#website"},"datePublished":"2021-04-16T16:18:46+00:00","dateModified":"2021-06-29T15:53:52+00:00","description":"Transmettre les recherches de TELEMMe gr\u00e2ce au format filmique.","breadcrumb":{"@id":"https:\/\/telemme.mmsh.fr\/?page_id=7241#breadcrumb"},"inLanguage":"fr-FR","potentialAction":[{"@type":"ReadAction","target":["https:\/\/telemme.mmsh.fr\/?page_id=7241"]}]},{"@type":"BreadcrumbList","@id":"https:\/\/telemme.mmsh.fr\/?page_id=7241#breadcrumb","itemListElement":[{"@type":"ListItem","position":1,"name":"Accueil","item":"https:\/\/telemme.mmsh.fr\/"},{"@type":"ListItem","position":2,"name":"M\u00e9diation et diffusion","item":"https:\/\/telemme.mmsh.fr\/?page_id=2358"},{"@type":"ListItem","position":3,"name":"Films"}]},{"@type":"WebSite","@id":"https:\/\/telemme.mmsh.fr\/#website","url":"https:\/\/telemme.mmsh.fr\/","name":"TELEMMe - Temps, espaces, langages, Europe m\u00e9ridionale, M\u00e9diterran\u00e9e","description":"","publisher":{"@id":"https:\/\/telemme.mmsh.fr\/#organization"},"potentialAction":[{"@type":"SearchAction","target":{"@type":"EntryPoint","urlTemplate":"https:\/\/telemme.mmsh.fr\/?s={search_term_string}"},"query-input":{"@type":"PropertyValueSpecification","valueRequired":true,"valueName":"search_term_string"}}],"inLanguage":"fr-FR"},{"@type":"Organization","@id":"https:\/\/telemme.mmsh.fr\/#organization","name":"TELEMMe","url":"https:\/\/telemme.mmsh.fr\/","logo":{"@type":"ImageObject","inLanguage":"fr-FR","@id":"https:\/\/telemme.mmsh.fr\/#\/schema\/logo\/image\/","url":"https:\/\/telemme.mmsh.fr\/wp-content\/uploads\/2020\/03\/LogoTELEMMe-horizontal-fond-transparent.png","contentUrl":"https:\/\/telemme.mmsh.fr\/wp-content\/uploads\/2020\/03\/LogoTELEMMe-horizontal-fond-transparent.png","width":1500,"height":437,"caption":"TELEMMe"},"image":{"@id":"https:\/\/telemme.mmsh.fr\/#\/schema\/logo\/image\/"}}]}},"_links":{"self":[{"href":"https:\/\/telemme.mmsh.fr\/index.php?rest_route=\/wp\/v2\/pages\/7241","targetHints":{"allow":["GET"]}}],"collection":[{"href":"https:\/\/telemme.mmsh.fr\/index.php?rest_route=\/wp\/v2\/pages"}],"about":[{"href":"https:\/\/telemme.mmsh.fr\/index.php?rest_route=\/wp\/v2\/types\/page"}],"author":[{"embeddable":true,"href":"https:\/\/telemme.mmsh.fr\/index.php?rest_route=\/wp\/v2\/users\/6"}],"replies":[{"embeddable":true,"href":"https:\/\/telemme.mmsh.fr\/index.php?rest_route=%2Fwp%2Fv2%2Fcomments&post=7241"}],"version-history":[{"count":6,"href":"https:\/\/telemme.mmsh.fr\/index.php?rest_route=\/wp\/v2\/pages\/7241\/revisions"}],"predecessor-version":[{"id":8487,"href":"https:\/\/telemme.mmsh.fr\/index.php?rest_route=\/wp\/v2\/pages\/7241\/revisions\/8487"}],"up":[{"embeddable":true,"href":"https:\/\/telemme.mmsh.fr\/index.php?rest_route=\/wp\/v2\/pages\/2358"}],"wp:attachment":[{"href":"https:\/\/telemme.mmsh.fr\/index.php?rest_route=%2Fwp%2Fv2%2Fmedia&parent=7241"}],"curies":[{"name":"wp","href":"https:\/\/api.w.org\/{rel}","templated":true}]}}