{"id":7122,"date":"2021-04-16T12:08:37","date_gmt":"2021-04-16T10:08:37","guid":{"rendered":"http:\/\/telemme.mmsh.fr\/?page_id=7122"},"modified":"2021-06-02T16:19:41","modified_gmt":"2021-06-02T14:19:41","slug":"ecoles-de-recherche","status":"publish","type":"page","link":"https:\/\/telemme.mmsh.fr\/?page_id=7122","title":{"rendered":"\u00c9coles de recherche"},"content":{"rendered":"      <div id=\"post-grid-lazy-7123\" class=\"post-grid-lazy\"><img decoding=\"async\" alt=\"\" src=\"\" \/><\/div>\n    <script>\n      jQuery('#post-grid-lazy-7123').ready(function($) {\n        $('#post-grid-lazy-7123').fadeOut();\n        $('#post-grid-7123   ').fadeIn();\n      })\n    <\/script>\n    <style type=\"text\/css\">\n      #post-grid-7123 {\n        display: none;\n      }\n\n      .post-grid-lazy {\n        text-align: center;\n      }\n    <\/style>\n    <div data-options='{&quot;id&quot;:&quot;7123&quot;,&quot;lazy_load&quot;:&quot;yes&quot;,&quot;masonry_enable&quot;:&quot;no&quot;,&quot;view_type&quot;:&quot;grid&quot;}' id=\"post-grid-7123\" class=\"post-grid grid\">\n    \n\n\n    <div class=\"grid-items\">\n      <div class=\"item item-16453 skin flat even 0 \">\n        <div class=\"layer-wrapper layout-5815\">\n          <div class=\" element_1624268456791\"\r\n        id=\"\">\r\n        <div class=\"element element_1624268458890  thumb \">\r\n                    <img decoding=\"async\" alt=\"P\u00eacheurs, Lagune de Bahiret El Bibane, juin 2012 \u00a9Daniel Faget\" src=\"https:\/\/telemme.mmsh.fr\/wp-content\/uploads\/2025\/04\/pecheurs-tunisie.png\">\r\n            <\/div>\r\n    <div class=\"element element_1624268460479  title \">\r\n                    <a target=\"_self\"\r\n                href=\"https:\/\/telemme.mmsh.fr\/?evenement=conserver-la-mer-et-ses-ressources-mediterranee-xixe-xxie-siecle\">Conserver la mer et ses ressources. M\u00e9diterran\u00e9e XIXe-XXIe si\u00e8cle<\/a>\r\n            <\/div>\r\n    <div class=\"element element_1767692457771  excerpt \">\r\n        Atelier Jeunes chercheurs du r\u00e9seau EcoHisMa (FMSH)            <\/div>\r\n    <\/div>\r\n    <\/div>\n  <\/div><div class=\"item item-15555 skin flat odd 1 \">\n        <div class=\"layer-wrapper layout-5815\">\n          <div class=\" element_1624268456791\"\r\n        id=\"\">\r\n        <div class=\"element element_1624268458890  thumb \">\r\n                    <img decoding=\"async\" alt=\"BruLau, \u00e9cole doctorale internationale francophone d\u2019\u00e9t\u00e9 en \u00e9tudes genre\" src=\"https:\/\/telemme.mmsh.fr\/wp-content\/uploads\/2025\/05\/BWEB_Brulau_2025_72dpi.jpg\">\r\n            <\/div>\r\n    <div class=\"element element_1624268460479  title \">\r\n                    <a target=\"_self\"\r\n                href=\"https:\/\/telemme.mmsh.fr\/?evenement=grandes-conferences-de-brulau-ecole-doctorale-en-etudes-de-genre\">Grandes conf\u00e9rences de BruLau, \u00e9cole doctorale en \u00e9tudes de genre<\/a>\r\n            <\/div>\r\n    <div class=\"element element_1767692457771  excerpt \">\r\n        Conf\u00e9rences qui visent \u00e0 faire le point sur les th\u00e9matiques retenues par le BruLau est l\u2019\u00e9cole doctorale internationale francophone d\u2019\u00e9t\u00e9 en \u00e9tudes genre.            <\/div>\r\n    <\/div>\r\n    <\/div>\n  <\/div><div class=\"item item-11198 skin flat even 2 \">\n        <div class=\"layer-wrapper layout-5815\">\n          <div class=\" element_1624268456791\"\r\n        id=\"\">\r\n        <div class=\"element element_1624268458890  thumb \">\r\n                    <img decoding=\"async\" alt=\"Mucem \u00a9Cyril Weiner, architectes Rudy Ricciotti et Roland Carta\" src=\"https:\/\/telemme.mmsh.fr\/wp-content\/uploads\/2022\/01\/cyrille_weiner_mucem_1.jpg\">\r\n            <\/div>\r\n    <div class=\"element element_1624268460479  title \">\r\n                    <a target=\"_self\"\r\n                href=\"https:\/\/telemme.mmsh.fr\/?evenement=conferences-publiques-de-lecole-dete-de-museo-polis\">Conf\u00e9rences publiques de l\u2019\u00e9cole d\u2019\u00e9t\u00e9 de MUSEO-POLIS<\/a>\r\n            <\/div>\r\n    <div class=\"element element_1767692457771  excerpt \">\r\n        Cycle de 3 conf\u00e9rences, ouvert au public, dans le cadre de l\u2019\u00e9cole d\u2019\u00e9t\u00e9 MUSEO-POLIS, qui propose aux \u00e9tudiants de l\u2019Universit\u00e9 europ\u00e9enne CIVIS d\u2019analyser l\u2019histoire contemporaine des rapports entre mus\u00e9e et d\u00e9mocratie, et notamment les processus de repr\u00e9sentation et de l\u00e9gitimation des identit\u00e9s d\u00e9mocratiques en construction ou en crise depuis l\u2019\u00e9mergence            <\/div>\r\n    <\/div>\r\n    <\/div>\n  <\/div><div class=\"item item-8595 skin flat odd 3 \">\n        <div class=\"layer-wrapper layout-5815\">\n          <div class=\" element_1624268456791\"\r\n        id=\"\">\r\n        <div class=\"element element_1624268458890  thumb \">\r\n                    <img decoding=\"async\" alt=\"Foundouk des Fran\u00e7ais, Tunis.\" src=\"https:\/\/telemme.mmsh.fr\/wp-content\/uploads\/2021\/06\/foundouk-francais-1.jpg\">\r\n            <\/div>\r\n    <div class=\"element element_1624268460479  title \">\r\n                    <a target=\"_self\"\r\n                href=\"https:\/\/telemme.mmsh.fr\/?evenement=habiter-le-patrimoine-lhabitat-urbain-entre-destruction-rehabilitation-et-reappropriation-histoire-sciences-sociales-et-architecture\">Habiter le patrimoine. L\u2019habitat urbain entre destruction, r\u00e9habilitation et r\u00e9appropriation (histoire, sciences sociales et architecture)<\/a>\r\n            <\/div>\r\n    <div class=\"element element_1767692457771  excerpt \">\r\n        Centr\u00e9 sur la ville m\u00e9diterran\u00e9enne dans une perspective de longue dur\u00e9e, \u00e0 la crois\u00e9e de l\u2019histoire et des sciences sociales, MediterraPolis est un laboratoire international associ\u00e9 franco-italien. Sa deuxi\u00e8me \u00c9cole d\u2019\u00e9t\u00e9 est consacr\u00e9e aux relations entre habitat, patrimoine et transformation urbaine : Habiter le patrimoine. L\u2019habitat urbain entre destruction, r\u00e9habilitation            <\/div>\r\n    <\/div>\r\n    <\/div>\n  <\/div><div class=\"item item-1394 skin flat even 4 \">\n        <div class=\"layer-wrapper layout-5815\">\n          <div class=\" element_1624268456791\"\r\n        id=\"\">\r\n        <div class=\"element element_1624268458890  thumb \">\r\n                    <img decoding=\"async\" alt=\"Affiche Cormed\" src=\"https:\/\/telemme.mmsh.fr\/wp-content\/uploads\/2021\/04\/2020-Cormed.png\">\r\n            <\/div>\r\n    <div class=\"element element_1624268460479  title \">\r\n                    <a target=\"_self\"\r\n                href=\"https:\/\/telemme.mmsh.fr\/?evenement=ecole-de-recherche-cormed\">\u00c9cole de recherche CORMED<\/a>\r\n            <\/div>\r\n    <div class=\"element element_1767692457771  excerpt \">\r\n        Cette premi\u00e8re \u00e9dition est compos\u00e9e de 3 journ\u00e9es de rencontres-formation multisitu\u00e9es organis\u00e9es dans trois pays partenaires : France, Tunisie, Turquie. Chaque journ\u00e9e de rencontre-formation comptera des sessions communes num\u00e9riques organis\u00e9es alternativement par un des pays (France, Tunisie, Turquie) et des ateliers de 2 heures organis\u00e9s dans les diff\u00e9rents sites des            <\/div>\r\n    <\/div>\r\n    <\/div>\n  <\/div>    <\/div>\n    <div class=\"pagination\">\n      <div class=\"paginate\">\n      <\/div>\n  <style type=\"text\/css\">\n    #post-grid-7123 .pagination .page-numbers {\n      font-size: 16px;\n      color: #fff;\n      background: #646464;\n    }\n\n    #post-grid-7123 .pagination .page-numbers:hover,\n    #post-grid-7123 .pagination .page-numbers.current {\n      background: #4b4b4b;\n    }\n  <\/style>\n  <\/div>\n        <style type=\"text\/css\">\r\n            .layout-5815 .element_1624268456791 {\r\n                            }\r\n\r\n                    <\/style>\r\n        <style type=\"text\/css\">\r\n        .layout-5815 .element_1624268458890 {\r\n            overflow: hidden;\r\n                    }\r\n\r\n        .layout-5815 .element_1624268458890 img {\r\n            max-width: 100%;\r\n            height: auto;\r\n        }\r\n\r\n        @media only screen and (min-width: 1024px) {\r\n            .layout-5815 .element_1624268458890 {\r\n                            }\r\n        }\r\n\r\n        @media only screen and (min-width: 768px) and (max-width: 1023px) {\r\n            .layout-5815 .element_1624268458890 {\r\n                            }\r\n        }\r\n\r\n        @media only screen and (min-width: 0px) and (max-width: 767px) {\r\n            .layout-5815 .element_1624268458890 {\r\n                            }\r\n        }\r\n    <\/style>\r\n    <style type=\"text\/css\">\r\n        .layout-5815 .element_1624268460479 {\r\n            color: #000000;\r\n            font-size: 20px;\r\n            font-family: Alata;\r\n            margin: 10px 0;\r\n            text-align: left;\r\n            font-weight:bold;        }\r\n\r\n        .layout-5815 .element_1624268460479 a {\r\n            color: #000000;\r\n            font-size: 20px;\r\n            font-family: Alata;\r\n            margin: 10px 0;\r\n            text-align: left;\r\n            font-weight:bold;        }\r\n    <\/style>\r\n    <style type=\"text\/css\">\r\n        .layout-5815 .element_1767692457771 {\r\n            text-align: left;\r\n                    }\r\n\r\n        .layout-5815 .element_1767692457771 a {\r\n                    }\r\n    <\/style>\r\n      <script>\n          <\/script>\n    <style type=\"text\/css\">\n    #post-grid-7123 {\n      padding: 10px;\n          }\n\n    #post-grid-7123 .item {\n      padding: 0px;\n      background: #fff;\n          }\n\n    #post-grid-7123 .item .layer-media {\n      height:auto;    }\n\n    @media only screen and (min-width: 0px) and (max-width: 767px) {\n      #post-grid-7123 .grid-items {\n        text-align: center;\n              }\n\n      #post-grid-7123 .item {\n        width: 90%;\n        margin: 10px;\n        display: inline-block;\n        vertical-align: top;\n        height:auto;      }\n    }\n\n    @media only screen and (min-width: 768px) and (max-width: 1023px) {\n      #post-grid-7123 .grid-items {\n        text-align: center;\n              }\n\n      #post-grid-7123 .item {\n        width: 280px;\n        margin: 10px;\n        display: inline-block;\n        vertical-align: top;\n        max-height:auto;      }\n    }\n\n    @media only screen and (min-width: 1024px) {\n      #post-grid-7123 .grid-items {\n        text-align: center;\n              }\n\n      #post-grid-7123 .item {\n        width: 280px;\n        display: inline-block;\n        margin: 10px;\n        vertical-align: top;\n        height:auto;      }\n    }\n\n      <\/style>\n  <\/div>\n\n","protected":false},"excerpt":{"rendered":"","protected":false},"author":6,"featured_media":0,"parent":2324,"menu_order":7,"comment_status":"closed","ping_status":"closed","template":"","meta":{"neve_meta_sidebar":"full-width","neve_meta_container":"","neve_meta_enable_content_width":"on","neve_meta_content_width":100,"neve_meta_title_alignment":"","neve_meta_author_avatar":"","neve_post_elements_order":"","neve_meta_disable_header":"","neve_meta_disable_footer":"","neve_meta_disable_title":"","footnotes":""},"class_list":["post-7122","page","type-page","status-publish","hentry"],"yoast_head":"<!-- This site is optimized with the Yoast SEO plugin v27.5 - https:\/\/yoast.com\/product\/yoast-seo-wordpress\/ -->\n<title>\u00c9coles de recherche - TELEMMe - Temps, espaces, langages, Europe m\u00e9ridionale, M\u00e9diterran\u00e9e<\/title>\n<meta name=\"robots\" content=\"index, follow, max-snippet:-1, max-image-preview:large, max-video-preview:-1\" \/>\n<link rel=\"canonical\" href=\"https:\/\/telemme.mmsh.fr\/?page_id=7122\" \/>\n<meta property=\"og:locale\" content=\"fr_FR\" \/>\n<meta property=\"og:type\" content=\"article\" \/>\n<meta property=\"og:title\" content=\"\u00c9coles de recherche - TELEMMe - Temps, espaces, langages, Europe m\u00e9ridionale, M\u00e9diterran\u00e9e\" \/>\n<meta property=\"og:url\" content=\"https:\/\/telemme.mmsh.fr\/?page_id=7122\" \/>\n<meta property=\"og:site_name\" content=\"TELEMMe - Temps, espaces, langages, Europe m\u00e9ridionale, M\u00e9diterran\u00e9e\" \/>\n<meta property=\"article:modified_time\" content=\"2021-06-02T14:19:41+00:00\" \/>\n<meta name=\"twitter:card\" content=\"summary_large_image\" \/>\n<meta name=\"twitter:label1\" content=\"Dur\u00e9e de lecture estim\u00e9e\" \/>\n\t<meta name=\"twitter:data1\" content=\"1 minute\" \/>\n<script type=\"application\/ld+json\" class=\"yoast-schema-graph\">{\"@context\":\"https:\\\/\\\/schema.org\",\"@graph\":[{\"@type\":\"WebPage\",\"@id\":\"https:\\\/\\\/telemme.mmsh.fr\\\/?page_id=7122\",\"url\":\"https:\\\/\\\/telemme.mmsh.fr\\\/?page_id=7122\",\"name\":\"\u00c9coles de recherche - TELEMMe - Temps, espaces, langages, Europe m\u00e9ridionale, M\u00e9diterran\u00e9e\",\"isPartOf\":{\"@id\":\"https:\\\/\\\/telemme.mmsh.fr\\\/#website\"},\"datePublished\":\"2021-04-16T10:08:37+00:00\",\"dateModified\":\"2021-06-02T14:19:41+00:00\",\"breadcrumb\":{\"@id\":\"https:\\\/\\\/telemme.mmsh.fr\\\/?page_id=7122#breadcrumb\"},\"inLanguage\":\"fr-FR\",\"potentialAction\":[{\"@type\":\"ReadAction\",\"target\":[\"https:\\\/\\\/telemme.mmsh.fr\\\/?page_id=7122\"]}]},{\"@type\":\"BreadcrumbList\",\"@id\":\"https:\\\/\\\/telemme.mmsh.fr\\\/?page_id=7122#breadcrumb\",\"itemListElement\":[{\"@type\":\"ListItem\",\"position\":1,\"name\":\"Accueil\",\"item\":\"https:\\\/\\\/telemme.mmsh.fr\\\/\"},{\"@type\":\"ListItem\",\"position\":2,\"name\":\"\u00c9v\u00e9nements\",\"item\":\"https:\\\/\\\/telemme.mmsh.fr\\\/?page_id=2324\"},{\"@type\":\"ListItem\",\"position\":3,\"name\":\"\u00c9coles de recherche\"}]},{\"@type\":\"WebSite\",\"@id\":\"https:\\\/\\\/telemme.mmsh.fr\\\/#website\",\"url\":\"https:\\\/\\\/telemme.mmsh.fr\\\/\",\"name\":\"TELEMMe - Temps, espaces, langages, Europe m\u00e9ridionale, M\u00e9diterran\u00e9e\",\"description\":\"\",\"publisher\":{\"@id\":\"https:\\\/\\\/telemme.mmsh.fr\\\/#organization\"},\"potentialAction\":[{\"@type\":\"SearchAction\",\"target\":{\"@type\":\"EntryPoint\",\"urlTemplate\":\"https:\\\/\\\/telemme.mmsh.fr\\\/?s={search_term_string}\"},\"query-input\":{\"@type\":\"PropertyValueSpecification\",\"valueRequired\":true,\"valueName\":\"search_term_string\"}}],\"inLanguage\":\"fr-FR\"},{\"@type\":\"Organization\",\"@id\":\"https:\\\/\\\/telemme.mmsh.fr\\\/#organization\",\"name\":\"TELEMMe\",\"url\":\"https:\\\/\\\/telemme.mmsh.fr\\\/\",\"logo\":{\"@type\":\"ImageObject\",\"inLanguage\":\"fr-FR\",\"@id\":\"https:\\\/\\\/telemme.mmsh.fr\\\/#\\\/schema\\\/logo\\\/image\\\/\",\"url\":\"https:\\\/\\\/telemme.mmsh.fr\\\/wp-content\\\/uploads\\\/2020\\\/03\\\/LogoTELEMMe-horizontal-fond-transparent.png\",\"contentUrl\":\"https:\\\/\\\/telemme.mmsh.fr\\\/wp-content\\\/uploads\\\/2020\\\/03\\\/LogoTELEMMe-horizontal-fond-transparent.png\",\"width\":1500,\"height\":437,\"caption\":\"TELEMMe\"},\"image\":{\"@id\":\"https:\\\/\\\/telemme.mmsh.fr\\\/#\\\/schema\\\/logo\\\/image\\\/\"}}]}<\/script>\n<!-- \/ Yoast SEO plugin. -->","yoast_head_json":{"title":"\u00c9coles de recherche - TELEMMe - Temps, espaces, langages, Europe m\u00e9ridionale, M\u00e9diterran\u00e9e","robots":{"index":"index","follow":"follow","max-snippet":"max-snippet:-1","max-image-preview":"max-image-preview:large","max-video-preview":"max-video-preview:-1"},"canonical":"https:\/\/telemme.mmsh.fr\/?page_id=7122","og_locale":"fr_FR","og_type":"article","og_title":"\u00c9coles de recherche - TELEMMe - Temps, espaces, langages, Europe m\u00e9ridionale, M\u00e9diterran\u00e9e","og_url":"https:\/\/telemme.mmsh.fr\/?page_id=7122","og_site_name":"TELEMMe - Temps, espaces, langages, Europe m\u00e9ridionale, M\u00e9diterran\u00e9e","article_modified_time":"2021-06-02T14:19:41+00:00","twitter_card":"summary_large_image","twitter_misc":{"Dur\u00e9e de lecture estim\u00e9e":"1 minute"},"schema":{"@context":"https:\/\/schema.org","@graph":[{"@type":"WebPage","@id":"https:\/\/telemme.mmsh.fr\/?page_id=7122","url":"https:\/\/telemme.mmsh.fr\/?page_id=7122","name":"\u00c9coles de recherche - TELEMMe - Temps, espaces, langages, Europe m\u00e9ridionale, M\u00e9diterran\u00e9e","isPartOf":{"@id":"https:\/\/telemme.mmsh.fr\/#website"},"datePublished":"2021-04-16T10:08:37+00:00","dateModified":"2021-06-02T14:19:41+00:00","breadcrumb":{"@id":"https:\/\/telemme.mmsh.fr\/?page_id=7122#breadcrumb"},"inLanguage":"fr-FR","potentialAction":[{"@type":"ReadAction","target":["https:\/\/telemme.mmsh.fr\/?page_id=7122"]}]},{"@type":"BreadcrumbList","@id":"https:\/\/telemme.mmsh.fr\/?page_id=7122#breadcrumb","itemListElement":[{"@type":"ListItem","position":1,"name":"Accueil","item":"https:\/\/telemme.mmsh.fr\/"},{"@type":"ListItem","position":2,"name":"\u00c9v\u00e9nements","item":"https:\/\/telemme.mmsh.fr\/?page_id=2324"},{"@type":"ListItem","position":3,"name":"\u00c9coles de recherche"}]},{"@type":"WebSite","@id":"https:\/\/telemme.mmsh.fr\/#website","url":"https:\/\/telemme.mmsh.fr\/","name":"TELEMMe - Temps, espaces, langages, Europe m\u00e9ridionale, M\u00e9diterran\u00e9e","description":"","publisher":{"@id":"https:\/\/telemme.mmsh.fr\/#organization"},"potentialAction":[{"@type":"SearchAction","target":{"@type":"EntryPoint","urlTemplate":"https:\/\/telemme.mmsh.fr\/?s={search_term_string}"},"query-input":{"@type":"PropertyValueSpecification","valueRequired":true,"valueName":"search_term_string"}}],"inLanguage":"fr-FR"},{"@type":"Organization","@id":"https:\/\/telemme.mmsh.fr\/#organization","name":"TELEMMe","url":"https:\/\/telemme.mmsh.fr\/","logo":{"@type":"ImageObject","inLanguage":"fr-FR","@id":"https:\/\/telemme.mmsh.fr\/#\/schema\/logo\/image\/","url":"https:\/\/telemme.mmsh.fr\/wp-content\/uploads\/2020\/03\/LogoTELEMMe-horizontal-fond-transparent.png","contentUrl":"https:\/\/telemme.mmsh.fr\/wp-content\/uploads\/2020\/03\/LogoTELEMMe-horizontal-fond-transparent.png","width":1500,"height":437,"caption":"TELEMMe"},"image":{"@id":"https:\/\/telemme.mmsh.fr\/#\/schema\/logo\/image\/"}}]}},"_links":{"self":[{"href":"https:\/\/telemme.mmsh.fr\/index.php?rest_route=\/wp\/v2\/pages\/7122","targetHints":{"allow":["GET"]}}],"collection":[{"href":"https:\/\/telemme.mmsh.fr\/index.php?rest_route=\/wp\/v2\/pages"}],"about":[{"href":"https:\/\/telemme.mmsh.fr\/index.php?rest_route=\/wp\/v2\/types\/page"}],"author":[{"embeddable":true,"href":"https:\/\/telemme.mmsh.fr\/index.php?rest_route=\/wp\/v2\/users\/6"}],"replies":[{"embeddable":true,"href":"https:\/\/telemme.mmsh.fr\/index.php?rest_route=%2Fwp%2Fv2%2Fcomments&post=7122"}],"version-history":[{"count":2,"href":"https:\/\/telemme.mmsh.fr\/index.php?rest_route=\/wp\/v2\/pages\/7122\/revisions"}],"predecessor-version":[{"id":8272,"href":"https:\/\/telemme.mmsh.fr\/index.php?rest_route=\/wp\/v2\/pages\/7122\/revisions\/8272"}],"up":[{"embeddable":true,"href":"https:\/\/telemme.mmsh.fr\/index.php?rest_route=\/wp\/v2\/pages\/2324"}],"wp:attachment":[{"href":"https:\/\/telemme.mmsh.fr\/index.php?rest_route=%2Fwp%2Fv2%2Fmedia&parent=7122"}],"curies":[{"name":"wp","href":"https:\/\/api.w.org\/{rel}","templated":true}]}}