{"id":6209,"date":"2021-04-06T17:31:11","date_gmt":"2021-04-06T15:31:11","guid":{"rendered":"http:\/\/telemme.mmsh.fr\/?page_id=6209"},"modified":"2021-07-05T14:41:32","modified_gmt":"2021-07-05T12:41:32","slug":"odl","status":"publish","type":"page","link":"https:\/\/telemme.mmsh.fr\/?page_id=6209","title":{"rendered":"Observatoire du d\u00e9veloppement local"},"content":{"rendered":"\n<h2 class=\"wp-block-heading\"><strong>Responsable<\/strong> : <a href=\"https:\/\/telemme.mmsh.fr\/?membres=alexandre-grondeau\">Alexandre Grondeau<\/a><\/h2>\n\n\n\n<div class=\"wp-block-media-text alignwide is-stacked-on-mobile\" style=\"grid-template-columns:23% auto\"><figure class=\"wp-block-media-text__media\"><img loading=\"lazy\" decoding=\"async\" width=\"1024\" height=\"784\" src=\"https:\/\/telemme.mmsh.fr\/wp-content\/uploads\/2021\/06\/LogoODL-v2-1024x784.jpg\" alt=\"\" class=\"wp-image-8424 size-full\" srcset=\"https:\/\/telemme.mmsh.fr\/wp-content\/uploads\/2021\/06\/LogoODL-v2-1024x784.jpg 1024w, https:\/\/telemme.mmsh.fr\/wp-content\/uploads\/2021\/06\/LogoODL-v2-300x230.jpg 300w, https:\/\/telemme.mmsh.fr\/wp-content\/uploads\/2021\/06\/LogoODL-v2-768x588.jpg 768w, https:\/\/telemme.mmsh.fr\/wp-content\/uploads\/2021\/06\/LogoODL-v2-260x200.jpg 260w, https:\/\/telemme.mmsh.fr\/wp-content\/uploads\/2021\/06\/LogoODL-v2.jpg 1506w\" sizes=\"auto, (max-width: 1024px) 100vw, 1024px\" \/><\/figure><div class=\"wp-block-media-text__content\">\n<p class=\"has-normal-font-size\">L&rsquo;Observatoire du d\u00e9veloppement local du laboratoire TELEMMe a pour vocation de valoriser les recherches appliqu\u00e9es qui se m\u00e8nent en son sein et en collaboration avec les collectivit\u00e9s locales, les institutions ou les entreprises r\u00e9gionales. Cette valorisation se fait sous forme de publications, d&rsquo;expositions ou de communications ouvertes \u00e0 tous les publics.<\/p>\n<\/div><\/div>\n\n\n\n<h2 class=\"wp-block-heading\">Qu\u2019est-ce que le d\u00e9veloppement local&nbsp;?<\/h2>\n\n\n\n<p>Le d\u00e9veloppement local d\u00e9finit le processus qui consiste pour un territoire \u00e0 trouver les ressources de son propre d\u00e9veloppement en lui-m\u00eame, que ce soit au niveau \u00e9conomique, sociale ou culturelle. Il s\u2019agit aujourd\u2019hui, dans un monde \u00e0 l\u2019\u00e9conomie de plus en plus globalis\u00e9e et \u00e0 l\u2019importance croissante des politiques publiques n\u00e9olib\u00e9ralis\u00e9es, de dynamiques fondamentales \u00e0 \u00e9tudier car elles sont bas\u00e9es sur les potentiels des populations et des territoires et utilis\u00e9es comme barri\u00e8res ou frein aux ph\u00e9nom\u00e8nes de crises<em>.<\/em><\/p>\n\n\n\n<h2 class=\"wp-block-heading\">Pourquoi un observatoire du d\u00e9veloppement local TELEMME&nbsp;?<\/h2>\n\n\n\n<p>L\u2019UMR TELEMME s\u2019est, depuis sa cr\u00e9ation, int\u00e9ress\u00e9e aux territoires, \u00e0 leurs vuln\u00e9rabilit\u00e9s mais aussi \u00e0 leurs capacit\u00e9s de r\u00e9silience. L\u2019observatoire du d\u00e9veloppement local de TELEMME a comme vocation de valoriser les recherches appliqu\u00e9es qui se m\u00e8nent en son sein et en collaboration avec les collectivit\u00e9s locales, les institutions ou les entreprises r\u00e9gionales. Cette valorisation se fera sous forme de publication, d\u2019exposition ou de communications ouvertes \u00e0 tous les publics.<\/p>\n\n\n\n<h2 class=\"wp-block-heading\">Partenaires :&nbsp;<\/h2>\n\n\n\n<p><a href=\"https:\/\/www.aixenprovence.fr\/\">Ville d&rsquo;Aix-en-Provence<\/a>, <a href=\"https:\/\/www.agam.org\/\">Agence d&rsquo;urbanisme de Marseille<\/a>, <a href=\"https:\/\/www.grandavignon.fr\/fr\">Grand Avignon<\/a>, <a href=\"https:\/\/www.agglo-sophiaantipolis.fr\/\">Communaut\u00e9 d&rsquo;agglom\u00e9ration de Sophia-Antipolis<\/a>, Festival&nbsp;Marsatac, Music&rsquo;action, Fiesta des Suds&#8230;<\/p>\n","protected":false},"excerpt":{"rendered":"<p>Responsable : Alexandre Grondeau L&rsquo;Observatoire du d\u00e9veloppement local du laboratoire TELEMMe a pour vocation de valoriser les recherches appliqu\u00e9es qui se m\u00e8nent en son sein et en collaboration avec les&hellip;&nbsp;<a href=\"https:\/\/telemme.mmsh.fr\/?page_id=6209\" rel=\"bookmark\">Lire la suite &raquo;<span class=\"screen-reader-text\">Observatoire du d\u00e9veloppement local<\/span><\/a><\/p>\n","protected":false},"author":6,"featured_media":6333,"parent":8687,"menu_order":20,"comment_status":"closed","ping_status":"closed","template":"","meta":{"neve_meta_sidebar":"right","neve_meta_container":"","neve_meta_enable_content_width":"on","neve_meta_content_width":75,"neve_meta_title_alignment":"","neve_meta_author_avatar":"","neve_post_elements_order":"","neve_meta_disable_header":"","neve_meta_disable_footer":"","neve_meta_disable_title":"","footnotes":""},"class_list":["post-6209","page","type-page","status-publish","has-post-thumbnail","hentry"],"yoast_head":"<!-- This site is optimized with the Yoast SEO plugin v27.4 - https:\/\/yoast.com\/product\/yoast-seo-wordpress\/ -->\n<title>Observatoire du d\u00e9veloppement local - TELEMMe - Temps, espaces, langages, Europe m\u00e9ridionale, M\u00e9diterran\u00e9e<\/title>\n<meta name=\"robots\" content=\"index, follow, max-snippet:-1, max-image-preview:large, max-video-preview:-1\" \/>\n<link rel=\"canonical\" href=\"https:\/\/telemme.mmsh.fr\/?page_id=6209\" \/>\n<meta property=\"og:locale\" content=\"fr_FR\" \/>\n<meta property=\"og:type\" content=\"article\" \/>\n<meta property=\"og:title\" content=\"Observatoire du d\u00e9veloppement local - TELEMMe - Temps, espaces, langages, Europe m\u00e9ridionale, M\u00e9diterran\u00e9e\" \/>\n<meta property=\"og:description\" content=\"Responsable : Alexandre Grondeau L&rsquo;Observatoire du d\u00e9veloppement local du laboratoire TELEMMe a pour vocation de valoriser les recherches appliqu\u00e9es qui se m\u00e8nent en son sein et en collaboration avec les&hellip;&nbsp;Lire la suite &raquo;Observatoire du d\u00e9veloppement local\" \/>\n<meta property=\"og:url\" content=\"https:\/\/telemme.mmsh.fr\/?page_id=6209\" \/>\n<meta property=\"og:site_name\" content=\"TELEMMe - Temps, espaces, langages, Europe m\u00e9ridionale, M\u00e9diterran\u00e9e\" \/>\n<meta property=\"article:modified_time\" content=\"2021-07-05T12:41:32+00:00\" \/>\n<meta property=\"og:image\" content=\"https:\/\/telemme.mmsh.fr\/wp-content\/uploads\/2021\/04\/uzay-yildirim-kGdsRu68HNc-unsplash-light.jpg\" \/>\n\t<meta property=\"og:image:width\" content=\"500\" \/>\n\t<meta property=\"og:image:height\" content=\"375\" \/>\n\t<meta property=\"og:image:type\" content=\"image\/jpeg\" \/>\n<meta name=\"twitter:card\" content=\"summary_large_image\" \/>\n<meta name=\"twitter:label1\" content=\"Dur\u00e9e de lecture estim\u00e9e\" \/>\n\t<meta name=\"twitter:data1\" content=\"2 minutes\" \/>\n<script type=\"application\/ld+json\" class=\"yoast-schema-graph\">{\"@context\":\"https:\\\/\\\/schema.org\",\"@graph\":[{\"@type\":\"WebPage\",\"@id\":\"https:\\\/\\\/telemme.mmsh.fr\\\/?page_id=6209\",\"url\":\"https:\\\/\\\/telemme.mmsh.fr\\\/?page_id=6209\",\"name\":\"Observatoire du d\u00e9veloppement local - TELEMMe - Temps, espaces, langages, Europe m\u00e9ridionale, M\u00e9diterran\u00e9e\",\"isPartOf\":{\"@id\":\"https:\\\/\\\/telemme.mmsh.fr\\\/#website\"},\"primaryImageOfPage\":{\"@id\":\"https:\\\/\\\/telemme.mmsh.fr\\\/?page_id=6209#primaryimage\"},\"image\":{\"@id\":\"https:\\\/\\\/telemme.mmsh.fr\\\/?page_id=6209#primaryimage\"},\"thumbnailUrl\":\"https:\\\/\\\/telemme.mmsh.fr\\\/wp-content\\\/uploads\\\/2021\\\/04\\\/uzay-yildirim-kGdsRu68HNc-unsplash-light.jpg\",\"datePublished\":\"2021-04-06T15:31:11+00:00\",\"dateModified\":\"2021-07-05T12:41:32+00:00\",\"breadcrumb\":{\"@id\":\"https:\\\/\\\/telemme.mmsh.fr\\\/?page_id=6209#breadcrumb\"},\"inLanguage\":\"fr-FR\",\"potentialAction\":[{\"@type\":\"ReadAction\",\"target\":[\"https:\\\/\\\/telemme.mmsh.fr\\\/?page_id=6209\"]}]},{\"@type\":\"ImageObject\",\"inLanguage\":\"fr-FR\",\"@id\":\"https:\\\/\\\/telemme.mmsh.fr\\\/?page_id=6209#primaryimage\",\"url\":\"https:\\\/\\\/telemme.mmsh.fr\\\/wp-content\\\/uploads\\\/2021\\\/04\\\/uzay-yildirim-kGdsRu68HNc-unsplash-light.jpg\",\"contentUrl\":\"https:\\\/\\\/telemme.mmsh.fr\\\/wp-content\\\/uploads\\\/2021\\\/04\\\/uzay-yildirim-kGdsRu68HNc-unsplash-light.jpg\",\"width\":500,\"height\":375},{\"@type\":\"BreadcrumbList\",\"@id\":\"https:\\\/\\\/telemme.mmsh.fr\\\/?page_id=6209#breadcrumb\",\"itemListElement\":[{\"@type\":\"ListItem\",\"position\":1,\"name\":\"Accueil\",\"item\":\"https:\\\/\\\/telemme.mmsh.fr\\\/\"},{\"@type\":\"ListItem\",\"position\":2,\"name\":\"La recherche \u00e0 TELEMMe\",\"item\":\"https:\\\/\\\/telemme.mmsh.fr\\\/?page_id=6201\"},{\"@type\":\"ListItem\",\"position\":3,\"name\":\"Ateliers transversaux\",\"item\":\"https:\\\/\\\/telemme.mmsh.fr\\\/?page_id=8687\"},{\"@type\":\"ListItem\",\"position\":4,\"name\":\"Observatoire du d\u00e9veloppement local\"}]},{\"@type\":\"WebSite\",\"@id\":\"https:\\\/\\\/telemme.mmsh.fr\\\/#website\",\"url\":\"https:\\\/\\\/telemme.mmsh.fr\\\/\",\"name\":\"TELEMMe - Temps, espaces, langages, Europe m\u00e9ridionale, M\u00e9diterran\u00e9e\",\"description\":\"\",\"publisher\":{\"@id\":\"https:\\\/\\\/telemme.mmsh.fr\\\/#organization\"},\"potentialAction\":[{\"@type\":\"SearchAction\",\"target\":{\"@type\":\"EntryPoint\",\"urlTemplate\":\"https:\\\/\\\/telemme.mmsh.fr\\\/?s={search_term_string}\"},\"query-input\":{\"@type\":\"PropertyValueSpecification\",\"valueRequired\":true,\"valueName\":\"search_term_string\"}}],\"inLanguage\":\"fr-FR\"},{\"@type\":\"Organization\",\"@id\":\"https:\\\/\\\/telemme.mmsh.fr\\\/#organization\",\"name\":\"TELEMMe\",\"url\":\"https:\\\/\\\/telemme.mmsh.fr\\\/\",\"logo\":{\"@type\":\"ImageObject\",\"inLanguage\":\"fr-FR\",\"@id\":\"https:\\\/\\\/telemme.mmsh.fr\\\/#\\\/schema\\\/logo\\\/image\\\/\",\"url\":\"https:\\\/\\\/telemme.mmsh.fr\\\/wp-content\\\/uploads\\\/2020\\\/03\\\/LogoTELEMMe-horizontal-fond-transparent.png\",\"contentUrl\":\"https:\\\/\\\/telemme.mmsh.fr\\\/wp-content\\\/uploads\\\/2020\\\/03\\\/LogoTELEMMe-horizontal-fond-transparent.png\",\"width\":1500,\"height\":437,\"caption\":\"TELEMMe\"},\"image\":{\"@id\":\"https:\\\/\\\/telemme.mmsh.fr\\\/#\\\/schema\\\/logo\\\/image\\\/\"}}]}<\/script>\n<!-- \/ Yoast SEO plugin. -->","yoast_head_json":{"title":"Observatoire du d\u00e9veloppement local - TELEMMe - Temps, espaces, langages, Europe m\u00e9ridionale, M\u00e9diterran\u00e9e","robots":{"index":"index","follow":"follow","max-snippet":"max-snippet:-1","max-image-preview":"max-image-preview:large","max-video-preview":"max-video-preview:-1"},"canonical":"https:\/\/telemme.mmsh.fr\/?page_id=6209","og_locale":"fr_FR","og_type":"article","og_title":"Observatoire du d\u00e9veloppement local - TELEMMe - Temps, espaces, langages, Europe m\u00e9ridionale, M\u00e9diterran\u00e9e","og_description":"Responsable : Alexandre Grondeau L&rsquo;Observatoire du d\u00e9veloppement local du laboratoire TELEMMe a pour vocation de valoriser les recherches appliqu\u00e9es qui se m\u00e8nent en son sein et en collaboration avec les&hellip;&nbsp;Lire la suite &raquo;Observatoire du d\u00e9veloppement local","og_url":"https:\/\/telemme.mmsh.fr\/?page_id=6209","og_site_name":"TELEMMe - Temps, espaces, langages, Europe m\u00e9ridionale, M\u00e9diterran\u00e9e","article_modified_time":"2021-07-05T12:41:32+00:00","og_image":[{"width":500,"height":375,"url":"https:\/\/telemme.mmsh.fr\/wp-content\/uploads\/2021\/04\/uzay-yildirim-kGdsRu68HNc-unsplash-light.jpg","type":"image\/jpeg"}],"twitter_card":"summary_large_image","twitter_misc":{"Dur\u00e9e de lecture estim\u00e9e":"2 minutes"},"schema":{"@context":"https:\/\/schema.org","@graph":[{"@type":"WebPage","@id":"https:\/\/telemme.mmsh.fr\/?page_id=6209","url":"https:\/\/telemme.mmsh.fr\/?page_id=6209","name":"Observatoire du d\u00e9veloppement local - TELEMMe - Temps, espaces, langages, Europe m\u00e9ridionale, M\u00e9diterran\u00e9e","isPartOf":{"@id":"https:\/\/telemme.mmsh.fr\/#website"},"primaryImageOfPage":{"@id":"https:\/\/telemme.mmsh.fr\/?page_id=6209#primaryimage"},"image":{"@id":"https:\/\/telemme.mmsh.fr\/?page_id=6209#primaryimage"},"thumbnailUrl":"https:\/\/telemme.mmsh.fr\/wp-content\/uploads\/2021\/04\/uzay-yildirim-kGdsRu68HNc-unsplash-light.jpg","datePublished":"2021-04-06T15:31:11+00:00","dateModified":"2021-07-05T12:41:32+00:00","breadcrumb":{"@id":"https:\/\/telemme.mmsh.fr\/?page_id=6209#breadcrumb"},"inLanguage":"fr-FR","potentialAction":[{"@type":"ReadAction","target":["https:\/\/telemme.mmsh.fr\/?page_id=6209"]}]},{"@type":"ImageObject","inLanguage":"fr-FR","@id":"https:\/\/telemme.mmsh.fr\/?page_id=6209#primaryimage","url":"https:\/\/telemme.mmsh.fr\/wp-content\/uploads\/2021\/04\/uzay-yildirim-kGdsRu68HNc-unsplash-light.jpg","contentUrl":"https:\/\/telemme.mmsh.fr\/wp-content\/uploads\/2021\/04\/uzay-yildirim-kGdsRu68HNc-unsplash-light.jpg","width":500,"height":375},{"@type":"BreadcrumbList","@id":"https:\/\/telemme.mmsh.fr\/?page_id=6209#breadcrumb","itemListElement":[{"@type":"ListItem","position":1,"name":"Accueil","item":"https:\/\/telemme.mmsh.fr\/"},{"@type":"ListItem","position":2,"name":"La recherche \u00e0 TELEMMe","item":"https:\/\/telemme.mmsh.fr\/?page_id=6201"},{"@type":"ListItem","position":3,"name":"Ateliers transversaux","item":"https:\/\/telemme.mmsh.fr\/?page_id=8687"},{"@type":"ListItem","position":4,"name":"Observatoire du d\u00e9veloppement local"}]},{"@type":"WebSite","@id":"https:\/\/telemme.mmsh.fr\/#website","url":"https:\/\/telemme.mmsh.fr\/","name":"TELEMMe - Temps, espaces, langages, Europe m\u00e9ridionale, M\u00e9diterran\u00e9e","description":"","publisher":{"@id":"https:\/\/telemme.mmsh.fr\/#organization"},"potentialAction":[{"@type":"SearchAction","target":{"@type":"EntryPoint","urlTemplate":"https:\/\/telemme.mmsh.fr\/?s={search_term_string}"},"query-input":{"@type":"PropertyValueSpecification","valueRequired":true,"valueName":"search_term_string"}}],"inLanguage":"fr-FR"},{"@type":"Organization","@id":"https:\/\/telemme.mmsh.fr\/#organization","name":"TELEMMe","url":"https:\/\/telemme.mmsh.fr\/","logo":{"@type":"ImageObject","inLanguage":"fr-FR","@id":"https:\/\/telemme.mmsh.fr\/#\/schema\/logo\/image\/","url":"https:\/\/telemme.mmsh.fr\/wp-content\/uploads\/2020\/03\/LogoTELEMMe-horizontal-fond-transparent.png","contentUrl":"https:\/\/telemme.mmsh.fr\/wp-content\/uploads\/2020\/03\/LogoTELEMMe-horizontal-fond-transparent.png","width":1500,"height":437,"caption":"TELEMMe"},"image":{"@id":"https:\/\/telemme.mmsh.fr\/#\/schema\/logo\/image\/"}}]}},"_links":{"self":[{"href":"https:\/\/telemme.mmsh.fr\/index.php?rest_route=\/wp\/v2\/pages\/6209","targetHints":{"allow":["GET"]}}],"collection":[{"href":"https:\/\/telemme.mmsh.fr\/index.php?rest_route=\/wp\/v2\/pages"}],"about":[{"href":"https:\/\/telemme.mmsh.fr\/index.php?rest_route=\/wp\/v2\/types\/page"}],"author":[{"embeddable":true,"href":"https:\/\/telemme.mmsh.fr\/index.php?rest_route=\/wp\/v2\/users\/6"}],"replies":[{"embeddable":true,"href":"https:\/\/telemme.mmsh.fr\/index.php?rest_route=%2Fwp%2Fv2%2Fcomments&post=6209"}],"version-history":[{"count":5,"href":"https:\/\/telemme.mmsh.fr\/index.php?rest_route=\/wp\/v2\/pages\/6209\/revisions"}],"predecessor-version":[{"id":8693,"href":"https:\/\/telemme.mmsh.fr\/index.php?rest_route=\/wp\/v2\/pages\/6209\/revisions\/8693"}],"up":[{"embeddable":true,"href":"https:\/\/telemme.mmsh.fr\/index.php?rest_route=\/wp\/v2\/pages\/8687"}],"wp:featuredmedia":[{"embeddable":true,"href":"https:\/\/telemme.mmsh.fr\/index.php?rest_route=\/wp\/v2\/media\/6333"}],"wp:attachment":[{"href":"https:\/\/telemme.mmsh.fr\/index.php?rest_route=%2Fwp%2Fv2%2Fmedia&parent=6209"}],"curies":[{"name":"wp","href":"https:\/\/api.w.org\/{rel}","templated":true}]}}