{"id":588,"date":"2018-01-24T15:46:03","date_gmt":"2018-01-24T14:46:03","guid":{"rendered":"http:\/\/0"},"modified":"2021-06-02T18:02:54","modified_gmt":"2021-06-02T16:02:54","slug":"plan-du-site","status":"publish","type":"page","link":"https:\/\/telemme.mmsh.fr\/?page_id=588","title":{"rendered":"Plan du site"},"content":{"rendered":"<div class=\"wsp-container\"><h2 class=\"wsp-pages-title\">Pages<\/h2>\n<ul class=\"wsp-pages-list\">\n<li class=\"page_item page-item-8797\"><a href=\"https:\/\/telemme.mmsh.fr\/\">Accueil<\/a><\/li>\n<li class=\"page_item page-item-588\"><a href=\"https:\/\/telemme.mmsh.fr\/?page_id=588\">Plan du site<\/a><\/li>\n<li class=\"page_item page-item-57 page_item_has_children\"><a href=\"https:\/\/telemme.mmsh.fr\/?page_id=57\">Le Laboratoire<\/a>\n<ul class='children'>\n\t<li class=\"page_item page-item-61\"><a href=\"https:\/\/telemme.mmsh.fr\/?page_id=61\">Direction de TELEMMe<\/a><\/li>\n\t<li class=\"page_item page-item-5200\"><a href=\"https:\/\/telemme.mmsh.fr\/?page_id=5200\">L\u2019\u00e9quipe de TELEMMe<\/a><\/li>\n\t<li class=\"page_item page-item-2296 page_item_has_children\"><a href=\"https:\/\/telemme.mmsh.fr\/?page_id=2296\">Membres statutaires<\/a>\n\t<ul class='children'>\n\t\t<li class=\"page_item page-item-5193\"><a href=\"https:\/\/telemme.mmsh.fr\/?page_id=5193\">Chercheurs et chercheuses CNRS<\/a><\/li>\n\t\t<li class=\"page_item page-item-4903\"><a href=\"https:\/\/telemme.mmsh.fr\/?page_id=4903\">Enseignants-chercheurs et enseignantes-chercheuses<\/a><\/li>\n\t\t<li class=\"page_item page-item-5197\"><a href=\"https:\/\/telemme.mmsh.fr\/?page_id=5197\">\u00c9m\u00e9rites<\/a><\/li>\n\t<\/ul>\n<\/li>\n\t<li class=\"page_item page-item-5204\"><a href=\"https:\/\/telemme.mmsh.fr\/?page_id=5204\">Doctorants et doctorantes<\/a><\/li>\n\t<li class=\"page_item page-item-2303 page_item_has_children\"><a href=\"https:\/\/telemme.mmsh.fr\/?page_id=2303\">Membres non-statutaires<\/a>\n\t<ul class='children'>\n\t\t<li class=\"page_item page-item-15409\"><a href=\"https:\/\/telemme.mmsh.fr\/?page_id=15409\">PAST \/ MAST<\/a><\/li>\n\t\t<li class=\"page_item page-item-5482\"><a href=\"https:\/\/telemme.mmsh.fr\/?page_id=5482\">Docteurs et docteures attach\u00e9\u00b7es temporaires d&rsquo;enseignement et de recherche<\/a><\/li>\n\t\t<li class=\"page_item page-item-8754\"><a href=\"https:\/\/telemme.mmsh.fr\/?page_id=8754\">Post-doctorant\u00b7es<\/a><\/li>\n\t\t<li class=\"page_item page-item-5488\"><a href=\"https:\/\/telemme.mmsh.fr\/?page_id=5488\">Membres associ\u00e9\u00b7es<\/a><\/li>\n\t\t<li class=\"page_item page-item-5485\"><a href=\"https:\/\/telemme.mmsh.fr\/?page_id=5485\">Alumni-Alumnae<\/a><\/li>\n\t<\/ul>\n<\/li>\n\t<li class=\"page_item page-item-3455\"><a href=\"https:\/\/telemme.mmsh.fr\/?page_id=3455\">Le conseil de laboratoire<\/a><\/li>\n<\/ul>\n<\/li>\n<li class=\"page_item page-item-6201 page_item_has_children\"><a href=\"https:\/\/telemme.mmsh.fr\/?page_id=6201\">La recherche \u00e0 TELEMMe<\/a>\n<ul class='children'>\n\t<li class=\"page_item page-item-13200\"><a href=\"https:\/\/telemme.mmsh.fr\/?page_id=13200\">M\u00e9diterran\u00e9e en commun(s)<\/a><\/li>\n\t<li class=\"page_item page-item-84\"><a href=\"https:\/\/telemme.mmsh.fr\/?page_id=84\">2018-2023 &#8211; M\u00e9diterran\u00e9e(s) dans le temps, M\u00e9diterran\u00e9e(s) dans le monde<\/a><\/li>\n\t<li class=\"page_item page-item-8687 page_item_has_children\"><a href=\"https:\/\/telemme.mmsh.fr\/?page_id=8687\">Ateliers transversaux<\/a>\n\t<ul class='children'>\n\t\t<li class=\"page_item page-item-6206\"><a href=\"https:\/\/telemme.mmsh.fr\/?page_id=6206\">Atelier Visual Studies et humanit\u00e9s num\u00e9riques<\/a><\/li>\n\t\t<li class=\"page_item page-item-6209\"><a href=\"https:\/\/telemme.mmsh.fr\/?page_id=6209\">Observatoire du d\u00e9veloppement local<\/a><\/li>\n\t<\/ul>\n<\/li>\n<\/ul>\n<\/li>\n<li class=\"page_item page-item-2324 page_item_has_children\"><a href=\"https:\/\/telemme.mmsh.fr\/?page_id=2324\">\u00c9v\u00e9nements<\/a>\n<ul class='children'>\n\t<li class=\"page_item page-item-5817\"><a href=\"https:\/\/telemme.mmsh.fr\/?page_id=5817\">Colloques<\/a><\/li>\n\t<li class=\"page_item page-item-5847\"><a href=\"https:\/\/telemme.mmsh.fr\/?page_id=5847\">Journ\u00e9es d&rsquo;\u00e9tudes<\/a><\/li>\n\t<li class=\"page_item page-item-3679 page_item_has_children\"><a href=\"https:\/\/telemme.mmsh.fr\/?page_id=3679\">S\u00e9minaires<\/a>\n\t<ul class='children'>\n\t\t<li class=\"page_item page-item-5821\"><a href=\"https:\/\/telemme.mmsh.fr\/?page_id=5821\">S\u00e9minaires d&rsquo;axe et de groupes de recherche<\/a><\/li>\n\t\t<li class=\"page_item page-item-5830\"><a href=\"https:\/\/telemme.mmsh.fr\/?page_id=5830\">S\u00e9minaires d&rsquo;histoire contemporaine<\/a><\/li>\n\t\t<li class=\"page_item page-item-5836\"><a href=\"https:\/\/telemme.mmsh.fr\/?page_id=5836\">S\u00e9minaires d&rsquo;histoire contemporaine de l&rsquo;Espagne<\/a><\/li>\n\t\t<li class=\"page_item page-item-5840\"><a href=\"https:\/\/telemme.mmsh.fr\/?page_id=5840\">S\u00e9minaires d&rsquo;histoire m\u00e9di\u00e9vale<\/a><\/li>\n\t\t<li class=\"page_item page-item-5843\"><a href=\"https:\/\/telemme.mmsh.fr\/?page_id=5843\">S\u00e9minaires d&rsquo;histoire moderne<\/a><\/li>\n\t\t<li class=\"page_item page-item-9863\"><a href=\"https:\/\/telemme.mmsh.fr\/?page_id=9863\">S\u00e9minaires interlaboratoires<\/a><\/li>\n\t\t<li class=\"page_item page-item-5826\"><a href=\"https:\/\/telemme.mmsh.fr\/?page_id=5826\">S\u00e9minaires Jeunes chercheur\u00b7se\u00b7s<\/a><\/li>\n\t<\/ul>\n<\/li>\n\t<li class=\"page_item page-item-5850\"><a href=\"https:\/\/telemme.mmsh.fr\/?page_id=5850\">Journ\u00e9es Jeunes chercheur\u00b7euses TELEMMe<\/a><\/li>\n\t<li class=\"page_item page-item-5853\"><a href=\"https:\/\/telemme.mmsh.fr\/?page_id=5853\">Ateliers<\/a><\/li>\n\t<li class=\"page_item page-item-7122\"><a href=\"https:\/\/telemme.mmsh.fr\/?page_id=7122\">\u00c9coles de recherche<\/a><\/li>\n\t<li class=\"page_item page-item-6021\"><a href=\"https:\/\/telemme.mmsh.fr\/?page_id=6021\">Interventions externes des membres de TELEMMe<\/a><\/li>\n<\/ul>\n<\/li>\n<li class=\"page_item page-item-2358 page_item_has_children\"><a href=\"https:\/\/telemme.mmsh.fr\/?page_id=2358\">M\u00e9diation et diffusion<\/a>\n<ul class='children'>\n\t<li class=\"page_item page-item-5731\"><a href=\"https:\/\/telemme.mmsh.fr\/?page_id=5731\">La Recherche &#038; la Cit\u00e9<\/a><\/li>\n\t<li class=\"page_item page-item-5748\"><a href=\"https:\/\/telemme.mmsh.fr\/?page_id=5748\">Les Rencontres m\u00e9diterran\u00e9ennes de TELEMMe<\/a><\/li>\n\t<li class=\"page_item page-item-5762\"><a href=\"https:\/\/telemme.mmsh.fr\/?page_id=5762\">Journ\u00e9es Rectorat<\/a><\/li>\n\t<li class=\"page_item page-item-5776\"><a href=\"https:\/\/telemme.mmsh.fr\/?page_id=5776\">Expositions<\/a><\/li>\n\t<li class=\"page_item page-item-7241\"><a href=\"https:\/\/telemme.mmsh.fr\/?page_id=7241\">Films<\/a><\/li>\n\t<li class=\"page_item page-item-8569\"><a href=\"https:\/\/telemme.mmsh.fr\/?page_id=8569\">Webdocumentaires<\/a><\/li>\n<\/ul>\n<\/li>\n<li class=\"page_item page-item-2398 page_item_has_children\"><a href=\"https:\/\/telemme.mmsh.fr\/?page_id=2398\">Projets et partenariats<\/a>\n<ul class='children'>\n\t<li class=\"page_item page-item-5632\"><a href=\"https:\/\/telemme.mmsh.fr\/?page_id=5632\">Projets de recherche<\/a><\/li>\n\t<li class=\"page_item page-item-5716\"><a href=\"https:\/\/telemme.mmsh.fr\/?page_id=5716\">Partenariats<\/a><\/li>\n<\/ul>\n<\/li>\n<li class=\"page_item page-item-4749 page_item_has_children\"><a href=\"https:\/\/telemme.mmsh.fr\/?page_id=4749\">Formation doctorale \u00e0 TELEMMe<\/a>\n<ul class='children'>\n\t<li class=\"page_item page-item-4767\"><a href=\"https:\/\/telemme.mmsh.fr\/?page_id=4767\">Th\u00e8ses en cours \u00e0 TELEMMe<\/a><\/li>\n\t<li class=\"page_item page-item-2404\"><a href=\"https:\/\/telemme.mmsh.fr\/?page_id=2404\">Th\u00e8ses soutenues \u00e0 TELEMMe<\/a><\/li>\n\t<li class=\"page_item page-item-2408\"><a href=\"https:\/\/telemme.mmsh.fr\/?page_id=2408\">Espace jeunes chercheurs\u00b7euses<\/a><\/li>\n\t<li class=\"page_item page-item-5089\"><a href=\"https:\/\/telemme.mmsh.fr\/?page_id=5089\">Encadrants et encadrantes HDR<\/a><\/li>\n\t<li class=\"page_item page-item-8679\"><a href=\"https:\/\/telemme.mmsh.fr\/?page_id=8679\">Soutenances de th\u00e8ses de doctorat<\/a><\/li>\n<\/ul>\n<\/li>\n<li class=\"page_item page-item-3723 page_item_has_children\"><a href=\"https:\/\/telemme.mmsh.fr\/?page_id=3723\">Les publications<\/a>\n<ul class='children'>\n\t<li class=\"page_item page-item-5903\"><a href=\"https:\/\/telemme.mmsh.fr\/?page_id=5903\">Actualit\u00e9 des publications<\/a><\/li>\n\t<li class=\"page_item page-item-3726\"><a href=\"https:\/\/telemme.mmsh.fr\/?page_id=3726\">Les revues<\/a><\/li>\n\t<li class=\"page_item page-item-3728\"><a href=\"https:\/\/telemme.mmsh.fr\/?page_id=3728\">Les publications des membres de TELEMMe sur HAL<\/a><\/li>\n<\/ul>\n<\/li>\n<li class=\"page_item page-item-53 current_page_parent\"><a href=\"https:\/\/telemme.mmsh.fr\/?page_id=53\">Les Actualit\u00e9s<\/a><\/li>\n<li class=\"page_item page-item-583\"><a href=\"https:\/\/telemme.mmsh.fr\/?page_id=583\">Cr\u00e9dits &#038; mentions l\u00e9gales<\/a><\/li>\n<li class=\"page_item page-item-8784\"><a href=\"https:\/\/telemme.mmsh.fr\/?page_id=8784\">Venir \u00e0 TELEMMe<\/a><\/li>\n<li class=\"page_item page-item-9308\"><a href=\"https:\/\/telemme.mmsh.fr\/?page_id=9308\">Communication et logos<\/a><\/li>\n<\/ul>\n<h2 class=\"wsp-mailpoet_pages-title\">MailPoet Page<\/h2>\n<ul class=\"wsp-mailpoet_pages-list\">\n<li><a href=\"https:\/\/telemme.mmsh.fr\/?mailpoet_page=captcha\">Page MailPoet<\/a><\/li>\n<li><a href=\"https:\/\/telemme.mmsh.fr\/?mailpoet_page=subscriptions\">Page MailPoet<\/a><\/li>\n<\/ul>\n<h2 class=\"wsp-atelier-transversals-title\">Pages d'ateliers transversaux<\/h2>\n<ul class=\"wsp-atelier-transversals-list\">\n<li><a href=\"https:\/\/telemme.mmsh.fr\/?atelier-transversal=histoire-et-justices-dans-la-cite\">Histoire et justices dans la cit\u00e9<\/a><\/li>\n<li><a href=\"https:\/\/telemme.mmsh.fr\/?atelier-transversal=visual-studies-et-humanites-numeriques-en-mediterranee\">Visual Studies et humanit\u00e9s num\u00e9riques en M\u00e9diterran\u00e9e - WebLab<\/a><\/li>\n<li><a href=\"https:\/\/telemme.mmsh.fr\/?atelier-transversal=science-ouverte-a-telemme\">Science ouverte \u00e0 TELEMMe<\/a><\/li>\n<li><a href=\"https:\/\/telemme.mmsh.fr\/?atelier-transversal=80-documents-a-la-une\">80 documents \u00e0 la Une<\/a><\/li>\n<li><a href=\"https:\/\/telemme.mmsh.fr\/?atelier-transversal=observatoire-du-developpement-local-paca\">Observatoire du d\u00e9veloppement local PACA<\/a><\/li>\n<li><a href=\"https:\/\/telemme.mmsh.fr\/?atelier-transversal=genre-dans-lespace-euro-mediterraneen-geem\">Genre dans l\u2019espace euro-m\u00e9diterran\u00e9en (GEEM)<\/a><\/li>\n<\/ul>\n<\/div>\n","protected":false},"excerpt":{"rendered":"","protected":false},"author":1,"featured_media":0,"parent":0,"menu_order":0,"comment_status":"closed","ping_status":"closed","template":"","meta":{"neve_meta_sidebar":"","neve_meta_container":"","neve_meta_enable_content_width":"","neve_meta_content_width":0,"neve_meta_title_alignment":"","neve_meta_author_avatar":"","neve_post_elements_order":"","neve_meta_disable_header":"","neve_meta_disable_footer":"","neve_meta_disable_title":"","footnotes":""},"class_list":["post-588","page","type-page","status-publish","hentry"],"yoast_head":"<!-- This site is optimized with the Yoast SEO plugin v27.5 - https:\/\/yoast.com\/product\/yoast-seo-wordpress\/ -->\n<title>Plan du site - TELEMMe - Temps, espaces, langages, Europe m\u00e9ridionale, M\u00e9diterran\u00e9e<\/title>\n<meta name=\"robots\" content=\"index, follow, max-snippet:-1, max-image-preview:large, max-video-preview:-1\" \/>\n<link rel=\"canonical\" href=\"https:\/\/telemme.mmsh.fr\/?page_id=588\" \/>\n<meta property=\"og:locale\" content=\"fr_FR\" \/>\n<meta property=\"og:type\" content=\"article\" \/>\n<meta property=\"og:title\" content=\"Plan du site - TELEMMe - Temps, espaces, langages, Europe m\u00e9ridionale, M\u00e9diterran\u00e9e\" \/>\n<meta property=\"og:url\" content=\"https:\/\/telemme.mmsh.fr\/?page_id=588\" \/>\n<meta property=\"og:site_name\" content=\"TELEMMe - Temps, espaces, langages, Europe m\u00e9ridionale, M\u00e9diterran\u00e9e\" \/>\n<meta property=\"article:modified_time\" content=\"2021-06-02T16:02:54+00:00\" \/>\n<meta name=\"twitter:card\" content=\"summary_large_image\" \/>\n<meta name=\"twitter:label1\" content=\"Dur\u00e9e de lecture estim\u00e9e\" \/>\n\t<meta name=\"twitter:data1\" content=\"1 minute\" \/>\n<script type=\"application\/ld+json\" class=\"yoast-schema-graph\">{\"@context\":\"https:\\\/\\\/schema.org\",\"@graph\":[{\"@type\":\"WebPage\",\"@id\":\"https:\\\/\\\/telemme.mmsh.fr\\\/?page_id=588\",\"url\":\"https:\\\/\\\/telemme.mmsh.fr\\\/?page_id=588\",\"name\":\"Plan du site - TELEMMe - Temps, espaces, langages, Europe m\u00e9ridionale, M\u00e9diterran\u00e9e\",\"isPartOf\":{\"@id\":\"https:\\\/\\\/telemme.mmsh.fr\\\/#website\"},\"datePublished\":\"2018-01-24T14:46:03+00:00\",\"dateModified\":\"2021-06-02T16:02:54+00:00\",\"breadcrumb\":{\"@id\":\"https:\\\/\\\/telemme.mmsh.fr\\\/?page_id=588#breadcrumb\"},\"inLanguage\":\"fr-FR\",\"potentialAction\":[{\"@type\":\"ReadAction\",\"target\":[\"https:\\\/\\\/telemme.mmsh.fr\\\/?page_id=588\"]}]},{\"@type\":\"BreadcrumbList\",\"@id\":\"https:\\\/\\\/telemme.mmsh.fr\\\/?page_id=588#breadcrumb\",\"itemListElement\":[{\"@type\":\"ListItem\",\"position\":1,\"name\":\"Accueil\",\"item\":\"https:\\\/\\\/telemme.mmsh.fr\\\/\"},{\"@type\":\"ListItem\",\"position\":2,\"name\":\"Plan du site\"}]},{\"@type\":\"WebSite\",\"@id\":\"https:\\\/\\\/telemme.mmsh.fr\\\/#website\",\"url\":\"https:\\\/\\\/telemme.mmsh.fr\\\/\",\"name\":\"TELEMMe - Temps, espaces, langages, Europe m\u00e9ridionale, M\u00e9diterran\u00e9e\",\"description\":\"\",\"publisher\":{\"@id\":\"https:\\\/\\\/telemme.mmsh.fr\\\/#organization\"},\"potentialAction\":[{\"@type\":\"SearchAction\",\"target\":{\"@type\":\"EntryPoint\",\"urlTemplate\":\"https:\\\/\\\/telemme.mmsh.fr\\\/?s={search_term_string}\"},\"query-input\":{\"@type\":\"PropertyValueSpecification\",\"valueRequired\":true,\"valueName\":\"search_term_string\"}}],\"inLanguage\":\"fr-FR\"},{\"@type\":\"Organization\",\"@id\":\"https:\\\/\\\/telemme.mmsh.fr\\\/#organization\",\"name\":\"TELEMMe\",\"url\":\"https:\\\/\\\/telemme.mmsh.fr\\\/\",\"logo\":{\"@type\":\"ImageObject\",\"inLanguage\":\"fr-FR\",\"@id\":\"https:\\\/\\\/telemme.mmsh.fr\\\/#\\\/schema\\\/logo\\\/image\\\/\",\"url\":\"https:\\\/\\\/telemme.mmsh.fr\\\/wp-content\\\/uploads\\\/2020\\\/03\\\/LogoTELEMMe-horizontal-fond-transparent.png\",\"contentUrl\":\"https:\\\/\\\/telemme.mmsh.fr\\\/wp-content\\\/uploads\\\/2020\\\/03\\\/LogoTELEMMe-horizontal-fond-transparent.png\",\"width\":1500,\"height\":437,\"caption\":\"TELEMMe\"},\"image\":{\"@id\":\"https:\\\/\\\/telemme.mmsh.fr\\\/#\\\/schema\\\/logo\\\/image\\\/\"}}]}<\/script>\n<!-- \/ Yoast SEO plugin. -->","yoast_head_json":{"title":"Plan du site - TELEMMe - Temps, espaces, langages, Europe m\u00e9ridionale, M\u00e9diterran\u00e9e","robots":{"index":"index","follow":"follow","max-snippet":"max-snippet:-1","max-image-preview":"max-image-preview:large","max-video-preview":"max-video-preview:-1"},"canonical":"https:\/\/telemme.mmsh.fr\/?page_id=588","og_locale":"fr_FR","og_type":"article","og_title":"Plan du site - TELEMMe - Temps, espaces, langages, Europe m\u00e9ridionale, M\u00e9diterran\u00e9e","og_url":"https:\/\/telemme.mmsh.fr\/?page_id=588","og_site_name":"TELEMMe - Temps, espaces, langages, Europe m\u00e9ridionale, M\u00e9diterran\u00e9e","article_modified_time":"2021-06-02T16:02:54+00:00","twitter_card":"summary_large_image","twitter_misc":{"Dur\u00e9e de lecture estim\u00e9e":"1 minute"},"schema":{"@context":"https:\/\/schema.org","@graph":[{"@type":"WebPage","@id":"https:\/\/telemme.mmsh.fr\/?page_id=588","url":"https:\/\/telemme.mmsh.fr\/?page_id=588","name":"Plan du site - TELEMMe - Temps, espaces, langages, Europe m\u00e9ridionale, M\u00e9diterran\u00e9e","isPartOf":{"@id":"https:\/\/telemme.mmsh.fr\/#website"},"datePublished":"2018-01-24T14:46:03+00:00","dateModified":"2021-06-02T16:02:54+00:00","breadcrumb":{"@id":"https:\/\/telemme.mmsh.fr\/?page_id=588#breadcrumb"},"inLanguage":"fr-FR","potentialAction":[{"@type":"ReadAction","target":["https:\/\/telemme.mmsh.fr\/?page_id=588"]}]},{"@type":"BreadcrumbList","@id":"https:\/\/telemme.mmsh.fr\/?page_id=588#breadcrumb","itemListElement":[{"@type":"ListItem","position":1,"name":"Accueil","item":"https:\/\/telemme.mmsh.fr\/"},{"@type":"ListItem","position":2,"name":"Plan du site"}]},{"@type":"WebSite","@id":"https:\/\/telemme.mmsh.fr\/#website","url":"https:\/\/telemme.mmsh.fr\/","name":"TELEMMe - Temps, espaces, langages, Europe m\u00e9ridionale, M\u00e9diterran\u00e9e","description":"","publisher":{"@id":"https:\/\/telemme.mmsh.fr\/#organization"},"potentialAction":[{"@type":"SearchAction","target":{"@type":"EntryPoint","urlTemplate":"https:\/\/telemme.mmsh.fr\/?s={search_term_string}"},"query-input":{"@type":"PropertyValueSpecification","valueRequired":true,"valueName":"search_term_string"}}],"inLanguage":"fr-FR"},{"@type":"Organization","@id":"https:\/\/telemme.mmsh.fr\/#organization","name":"TELEMMe","url":"https:\/\/telemme.mmsh.fr\/","logo":{"@type":"ImageObject","inLanguage":"fr-FR","@id":"https:\/\/telemme.mmsh.fr\/#\/schema\/logo\/image\/","url":"https:\/\/telemme.mmsh.fr\/wp-content\/uploads\/2020\/03\/LogoTELEMMe-horizontal-fond-transparent.png","contentUrl":"https:\/\/telemme.mmsh.fr\/wp-content\/uploads\/2020\/03\/LogoTELEMMe-horizontal-fond-transparent.png","width":1500,"height":437,"caption":"TELEMMe"},"image":{"@id":"https:\/\/telemme.mmsh.fr\/#\/schema\/logo\/image\/"}}]}},"_links":{"self":[{"href":"https:\/\/telemme.mmsh.fr\/index.php?rest_route=\/wp\/v2\/pages\/588","targetHints":{"allow":["GET"]}}],"collection":[{"href":"https:\/\/telemme.mmsh.fr\/index.php?rest_route=\/wp\/v2\/pages"}],"about":[{"href":"https:\/\/telemme.mmsh.fr\/index.php?rest_route=\/wp\/v2\/types\/page"}],"author":[{"embeddable":true,"href":"https:\/\/telemme.mmsh.fr\/index.php?rest_route=\/wp\/v2\/users\/1"}],"replies":[{"embeddable":true,"href":"https:\/\/telemme.mmsh.fr\/index.php?rest_route=%2Fwp%2Fv2%2Fcomments&post=588"}],"version-history":[{"count":1,"href":"https:\/\/telemme.mmsh.fr\/index.php?rest_route=\/wp\/v2\/pages\/588\/revisions"}],"predecessor-version":[{"id":8260,"href":"https:\/\/telemme.mmsh.fr\/index.php?rest_route=\/wp\/v2\/pages\/588\/revisions\/8260"}],"wp:attachment":[{"href":"https:\/\/telemme.mmsh.fr\/index.php?rest_route=%2Fwp%2Fv2%2Fmedia&parent=588"}],"curies":[{"name":"wp","href":"https:\/\/api.w.org\/{rel}","templated":true}]}}