{"id":583,"date":"2018-01-24T15:42:06","date_gmt":"2018-01-24T14:42:06","guid":{"rendered":"http:\/\/0"},"modified":"2022-04-25T15:49:58","modified_gmt":"2022-04-25T13:49:58","slug":"credits-mentions-legales","status":"publish","type":"page","link":"https:\/\/telemme.mmsh.fr\/?page_id=583","title":{"rendered":"Cr\u00e9dits &#038; mentions l\u00e9gales"},"content":{"rendered":"\n<h2 class=\"wp-block-heading\">Mentions l\u00e9gales<\/h2>\n\n\n\n<ul class=\"wp-block-list\"><li><strong>\u00c9diteur<\/strong>&nbsp;: <a href=\"http:\/\/telemme.mmsh.univ-aix.fr\">TELEMMe<\/a> &#8211; Temps, espaces, langage, Europe m\u00e9ridionale, M\u00e9diterran\u00e9e<br>Unit\u00e9 mixte de recherche 7303 &#8211; Aix-Marseille universit\u00e9, CNRS<br>Maison m\u00e9diterran\u00e9enne des sciences de l\u2019homme<br>5 rue du Ch\u00e2teau de l\u2019Horloge<br>BP 647<br>13094 Aix-en-Provence &#8211; France<br>telemme@mmsh.univ-aix.fr<br>+33 (0)4 42 52 42 08<\/li><li><strong>Directeur de publication<\/strong>&nbsp;: <a href=\"https:\/\/telemme.mmsh.fr\/?membres=xavier-daumalin\">Xavier DAUMALIN<\/a>, directeur de TELEMMe, professeur des universit\u00e9s, AMU<\/li><li><strong>H\u00e9bergement&nbsp;<\/strong>: <a href=\"https:\/\/www.mmsh.fr\/\">Maison m\u00e9diterran\u00e9enne des sciences de l\u2019homme<\/a>, USR 3125 AMU-CNRS<\/li><\/ul>\n\n\n\n<h2 class=\"wp-block-heading\">Cr\u00e9dits<\/h2>\n\n\n\n<ul class=\"wp-block-list\"><li><strong>Site r\u00e9alis\u00e9 <\/strong>avec <a href=\"https:\/\/fr.wordpress.org\/\">WordPress<\/a> <\/li><\/ul>\n\n\n\n<ul class=\"wp-block-list\"><li><strong>Th\u00e8me <\/strong>:<a href=\"https:\/\/fr.wordpress.org\/themes\/neve\/\"> Neve <\/a><\/li><\/ul>\n\n\n\n<ul class=\"wp-block-list\"><li><strong>Conception et r\u00e9alisation du site <\/strong>: <a href=\"https:\/\/telemme.mmsh.fr\/?membres_equipe=delphine-cavallo\">Delphine Cavallo<\/a><\/li><\/ul>\n\n\n\n<ul class=\"wp-block-list\"><li><strong>Documentation <\/strong>: <a href=\"https:\/\/telemme.mmsh.fr\/?membres_equipe=fauchier-aranda-ana-belen\">Ana-Bel\u00e9n Fauchier Aranda<\/a>, Delphine Cavallo, <a href=\"https:\/\/telemme.mmsh.fr\/?membres_equipe=caroline-chagniot\">Caroline Chagniot<\/a> et <a href=\"https:\/\/telemme.mmsh.fr\/?membres_equipe=agnes-rabion\">Agn\u00e8s Rabion<\/a>.<\/li><\/ul>\n\n\n\n<h2 class=\"wp-block-heading\">Cr\u00e9dits photographiques<\/h2>\n\n\n\n<p><strong>Photo d&rsquo;en-t\u00eate<\/strong> :  \u00ab\u00a0<a href=\"https:\/\/www.flickr.com\/photos\/greenastronauts\/50321001866\/\">Calanque de Port Pin<\/a>\u00a0\u00bb (d\u00e9tail) par <a href=\"https:\/\/www.flickr.com\/photos\/greenastronauts\/\">daniel.photo.me<\/a>, 5 ao\u00fbt 2020, licence CC BY-NC-SA 2.0<\/p>\n","protected":false},"excerpt":{"rendered":"<p>Mentions l\u00e9gales \u00c9diteur&nbsp;: TELEMMe &#8211; Temps, espaces, langage, Europe m\u00e9ridionale, M\u00e9diterran\u00e9eUnit\u00e9 mixte de recherche 7303 &#8211; Aix-Marseille universit\u00e9, CNRSMaison m\u00e9diterran\u00e9enne des sciences de l\u2019homme5 rue du Ch\u00e2teau de l\u2019HorlogeBP 64713094&hellip;&nbsp;<a href=\"https:\/\/telemme.mmsh.fr\/?page_id=583\" rel=\"bookmark\">Lire la suite &raquo;<span class=\"screen-reader-text\">Cr\u00e9dits &#038; mentions l\u00e9gales<\/span><\/a><\/p>\n","protected":false},"author":1,"featured_media":0,"parent":0,"menu_order":14,"comment_status":"closed","ping_status":"closed","template":"","meta":{"neve_meta_sidebar":"","neve_meta_container":"","neve_meta_enable_content_width":"","neve_meta_content_width":0,"neve_meta_title_alignment":"","neve_meta_author_avatar":"","neve_post_elements_order":"","neve_meta_disable_header":"","neve_meta_disable_footer":"","neve_meta_disable_title":"","footnotes":""},"class_list":["post-583","page","type-page","status-publish","hentry"],"yoast_head":"<!-- This site is optimized with the Yoast SEO plugin v27.5 - https:\/\/yoast.com\/product\/yoast-seo-wordpress\/ -->\n<title>Cr\u00e9dits &amp; mentions l\u00e9gales - TELEMMe - Temps, espaces, langages, Europe m\u00e9ridionale, M\u00e9diterran\u00e9e<\/title>\n<meta name=\"robots\" content=\"index, follow, max-snippet:-1, max-image-preview:large, max-video-preview:-1\" \/>\n<link rel=\"canonical\" href=\"https:\/\/telemme.mmsh.fr\/?page_id=583\" \/>\n<meta property=\"og:locale\" content=\"fr_FR\" \/>\n<meta property=\"og:type\" content=\"article\" \/>\n<meta property=\"og:title\" content=\"Cr\u00e9dits &amp; mentions l\u00e9gales - TELEMMe - Temps, espaces, langages, Europe m\u00e9ridionale, M\u00e9diterran\u00e9e\" \/>\n<meta property=\"og:description\" content=\"Mentions l\u00e9gales \u00c9diteur&nbsp;: TELEMMe &#8211; Temps, espaces, langage, Europe m\u00e9ridionale, M\u00e9diterran\u00e9eUnit\u00e9 mixte de recherche 7303 &#8211; Aix-Marseille universit\u00e9, CNRSMaison m\u00e9diterran\u00e9enne des sciences de l\u2019homme5 rue du Ch\u00e2teau de l\u2019HorlogeBP 64713094&hellip;&nbsp;Lire la suite &raquo;Cr\u00e9dits &#038; mentions l\u00e9gales\" \/>\n<meta property=\"og:url\" content=\"https:\/\/telemme.mmsh.fr\/?page_id=583\" \/>\n<meta property=\"og:site_name\" content=\"TELEMMe - Temps, espaces, langages, Europe m\u00e9ridionale, M\u00e9diterran\u00e9e\" \/>\n<meta property=\"article:modified_time\" content=\"2022-04-25T13:49:58+00:00\" \/>\n<meta name=\"twitter:card\" content=\"summary_large_image\" \/>\n<meta name=\"twitter:label1\" content=\"Dur\u00e9e de lecture estim\u00e9e\" \/>\n\t<meta name=\"twitter:data1\" content=\"1 minute\" \/>\n<script type=\"application\/ld+json\" class=\"yoast-schema-graph\">{\"@context\":\"https:\\\/\\\/schema.org\",\"@graph\":[{\"@type\":\"WebPage\",\"@id\":\"https:\\\/\\\/telemme.mmsh.fr\\\/?page_id=583\",\"url\":\"https:\\\/\\\/telemme.mmsh.fr\\\/?page_id=583\",\"name\":\"Cr\u00e9dits & mentions l\u00e9gales - TELEMMe - Temps, espaces, langages, Europe m\u00e9ridionale, M\u00e9diterran\u00e9e\",\"isPartOf\":{\"@id\":\"https:\\\/\\\/telemme.mmsh.fr\\\/#website\"},\"datePublished\":\"2018-01-24T14:42:06+00:00\",\"dateModified\":\"2022-04-25T13:49:58+00:00\",\"breadcrumb\":{\"@id\":\"https:\\\/\\\/telemme.mmsh.fr\\\/?page_id=583#breadcrumb\"},\"inLanguage\":\"fr-FR\",\"potentialAction\":[{\"@type\":\"ReadAction\",\"target\":[\"https:\\\/\\\/telemme.mmsh.fr\\\/?page_id=583\"]}]},{\"@type\":\"BreadcrumbList\",\"@id\":\"https:\\\/\\\/telemme.mmsh.fr\\\/?page_id=583#breadcrumb\",\"itemListElement\":[{\"@type\":\"ListItem\",\"position\":1,\"name\":\"Accueil\",\"item\":\"https:\\\/\\\/telemme.mmsh.fr\\\/\"},{\"@type\":\"ListItem\",\"position\":2,\"name\":\"Cr\u00e9dits &#038; mentions l\u00e9gales\"}]},{\"@type\":\"WebSite\",\"@id\":\"https:\\\/\\\/telemme.mmsh.fr\\\/#website\",\"url\":\"https:\\\/\\\/telemme.mmsh.fr\\\/\",\"name\":\"TELEMMe - Temps, espaces, langages, Europe m\u00e9ridionale, M\u00e9diterran\u00e9e\",\"description\":\"\",\"publisher\":{\"@id\":\"https:\\\/\\\/telemme.mmsh.fr\\\/#organization\"},\"potentialAction\":[{\"@type\":\"SearchAction\",\"target\":{\"@type\":\"EntryPoint\",\"urlTemplate\":\"https:\\\/\\\/telemme.mmsh.fr\\\/?s={search_term_string}\"},\"query-input\":{\"@type\":\"PropertyValueSpecification\",\"valueRequired\":true,\"valueName\":\"search_term_string\"}}],\"inLanguage\":\"fr-FR\"},{\"@type\":\"Organization\",\"@id\":\"https:\\\/\\\/telemme.mmsh.fr\\\/#organization\",\"name\":\"TELEMMe\",\"url\":\"https:\\\/\\\/telemme.mmsh.fr\\\/\",\"logo\":{\"@type\":\"ImageObject\",\"inLanguage\":\"fr-FR\",\"@id\":\"https:\\\/\\\/telemme.mmsh.fr\\\/#\\\/schema\\\/logo\\\/image\\\/\",\"url\":\"https:\\\/\\\/telemme.mmsh.fr\\\/wp-content\\\/uploads\\\/2020\\\/03\\\/LogoTELEMMe-horizontal-fond-transparent.png\",\"contentUrl\":\"https:\\\/\\\/telemme.mmsh.fr\\\/wp-content\\\/uploads\\\/2020\\\/03\\\/LogoTELEMMe-horizontal-fond-transparent.png\",\"width\":1500,\"height\":437,\"caption\":\"TELEMMe\"},\"image\":{\"@id\":\"https:\\\/\\\/telemme.mmsh.fr\\\/#\\\/schema\\\/logo\\\/image\\\/\"}}]}<\/script>\n<!-- \/ Yoast SEO plugin. -->","yoast_head_json":{"title":"Cr\u00e9dits & mentions l\u00e9gales - TELEMMe - Temps, espaces, langages, Europe m\u00e9ridionale, M\u00e9diterran\u00e9e","robots":{"index":"index","follow":"follow","max-snippet":"max-snippet:-1","max-image-preview":"max-image-preview:large","max-video-preview":"max-video-preview:-1"},"canonical":"https:\/\/telemme.mmsh.fr\/?page_id=583","og_locale":"fr_FR","og_type":"article","og_title":"Cr\u00e9dits & mentions l\u00e9gales - TELEMMe - Temps, espaces, langages, Europe m\u00e9ridionale, M\u00e9diterran\u00e9e","og_description":"Mentions l\u00e9gales \u00c9diteur&nbsp;: TELEMMe &#8211; Temps, espaces, langage, Europe m\u00e9ridionale, M\u00e9diterran\u00e9eUnit\u00e9 mixte de recherche 7303 &#8211; Aix-Marseille universit\u00e9, CNRSMaison m\u00e9diterran\u00e9enne des sciences de l\u2019homme5 rue du Ch\u00e2teau de l\u2019HorlogeBP 64713094&hellip;&nbsp;Lire la suite &raquo;Cr\u00e9dits &#038; mentions l\u00e9gales","og_url":"https:\/\/telemme.mmsh.fr\/?page_id=583","og_site_name":"TELEMMe - Temps, espaces, langages, Europe m\u00e9ridionale, M\u00e9diterran\u00e9e","article_modified_time":"2022-04-25T13:49:58+00:00","twitter_card":"summary_large_image","twitter_misc":{"Dur\u00e9e de lecture estim\u00e9e":"1 minute"},"schema":{"@context":"https:\/\/schema.org","@graph":[{"@type":"WebPage","@id":"https:\/\/telemme.mmsh.fr\/?page_id=583","url":"https:\/\/telemme.mmsh.fr\/?page_id=583","name":"Cr\u00e9dits & mentions l\u00e9gales - TELEMMe - Temps, espaces, langages, Europe m\u00e9ridionale, M\u00e9diterran\u00e9e","isPartOf":{"@id":"https:\/\/telemme.mmsh.fr\/#website"},"datePublished":"2018-01-24T14:42:06+00:00","dateModified":"2022-04-25T13:49:58+00:00","breadcrumb":{"@id":"https:\/\/telemme.mmsh.fr\/?page_id=583#breadcrumb"},"inLanguage":"fr-FR","potentialAction":[{"@type":"ReadAction","target":["https:\/\/telemme.mmsh.fr\/?page_id=583"]}]},{"@type":"BreadcrumbList","@id":"https:\/\/telemme.mmsh.fr\/?page_id=583#breadcrumb","itemListElement":[{"@type":"ListItem","position":1,"name":"Accueil","item":"https:\/\/telemme.mmsh.fr\/"},{"@type":"ListItem","position":2,"name":"Cr\u00e9dits &#038; mentions l\u00e9gales"}]},{"@type":"WebSite","@id":"https:\/\/telemme.mmsh.fr\/#website","url":"https:\/\/telemme.mmsh.fr\/","name":"TELEMMe - Temps, espaces, langages, Europe m\u00e9ridionale, M\u00e9diterran\u00e9e","description":"","publisher":{"@id":"https:\/\/telemme.mmsh.fr\/#organization"},"potentialAction":[{"@type":"SearchAction","target":{"@type":"EntryPoint","urlTemplate":"https:\/\/telemme.mmsh.fr\/?s={search_term_string}"},"query-input":{"@type":"PropertyValueSpecification","valueRequired":true,"valueName":"search_term_string"}}],"inLanguage":"fr-FR"},{"@type":"Organization","@id":"https:\/\/telemme.mmsh.fr\/#organization","name":"TELEMMe","url":"https:\/\/telemme.mmsh.fr\/","logo":{"@type":"ImageObject","inLanguage":"fr-FR","@id":"https:\/\/telemme.mmsh.fr\/#\/schema\/logo\/image\/","url":"https:\/\/telemme.mmsh.fr\/wp-content\/uploads\/2020\/03\/LogoTELEMMe-horizontal-fond-transparent.png","contentUrl":"https:\/\/telemme.mmsh.fr\/wp-content\/uploads\/2020\/03\/LogoTELEMMe-horizontal-fond-transparent.png","width":1500,"height":437,"caption":"TELEMMe"},"image":{"@id":"https:\/\/telemme.mmsh.fr\/#\/schema\/logo\/image\/"}}]}},"_links":{"self":[{"href":"https:\/\/telemme.mmsh.fr\/index.php?rest_route=\/wp\/v2\/pages\/583","targetHints":{"allow":["GET"]}}],"collection":[{"href":"https:\/\/telemme.mmsh.fr\/index.php?rest_route=\/wp\/v2\/pages"}],"about":[{"href":"https:\/\/telemme.mmsh.fr\/index.php?rest_route=\/wp\/v2\/types\/page"}],"author":[{"embeddable":true,"href":"https:\/\/telemme.mmsh.fr\/index.php?rest_route=\/wp\/v2\/users\/1"}],"replies":[{"embeddable":true,"href":"https:\/\/telemme.mmsh.fr\/index.php?rest_route=%2Fwp%2Fv2%2Fcomments&post=583"}],"version-history":[{"count":7,"href":"https:\/\/telemme.mmsh.fr\/index.php?rest_route=\/wp\/v2\/pages\/583\/revisions"}],"predecessor-version":[{"id":11033,"href":"https:\/\/telemme.mmsh.fr\/index.php?rest_route=\/wp\/v2\/pages\/583\/revisions\/11033"}],"wp:attachment":[{"href":"https:\/\/telemme.mmsh.fr\/index.php?rest_route=%2Fwp%2Fv2%2Fmedia&parent=583"}],"curies":[{"name":"wp","href":"https:\/\/api.w.org\/{rel}","templated":true}]}}