{"id":5716,"date":"2021-03-25T18:55:15","date_gmt":"2021-03-25T17:55:15","guid":{"rendered":"http:\/\/telemme.mmsh.fr\/?page_id=5716"},"modified":"2021-06-29T18:02:38","modified_gmt":"2021-06-29T16:02:38","slug":"partenariats","status":"publish","type":"page","link":"https:\/\/telemme.mmsh.fr\/?page_id=5716","title":{"rendered":"Partenariats"},"content":{"rendered":"\n<p>TELEMMe a conclu plusieurs conventions de partenariat avec diff\u00e9rentes institutions universitaires, culturelles, etc. <\/p>\n\n\n\n<h2 class=\"wp-block-heading\">Convention de partenariat avec le Fond R\u00e9gional d&rsquo;Art contemporain Provence-Alpes-C\u00f4te d&rsquo;Azur <\/h2>\n\n\n\n<p>Recherche, valorisation et enseignement autour de la th\u00e9matique de monumentalisation et espace urbain dans les Balkans. 1er novembre 2019 &#8211; 30 septembre 2022. Responsable scientifique : Pierre Sintes.<\/p>\n\n\n\n<h2 class=\"wp-block-heading\">Convention de coop\u00e9ration scientifique et culturelle avec l&rsquo;association Passion Fontfroide <\/h2>\n\n\n\n<p>Recherche, valorisation et enseignement autour de la vie et l&rsquo;\u0153uvre de Gustave Fayet. 1er juin 2021-30 mai 2026. Responsable scientifique : Pierre Pinchon.  <\/p>\n\n\n\n<h2 class=\"wp-block-heading\">Convention de coop\u00e9ration internationale avec l&rsquo;Universit\u00e9 de Mac\u00e9doine, l&rsquo;Universit\u00e9 Lumi\u00e8re Lyon 2, l&rsquo;Institut fran\u00e7ais de Thessalonique<\/h2>\n\n\n\n<p>Recherche, valorisation et enseignement autour du projet CREABALK. 15 juin 2019 &#8211; 14 juin 2022. Responsable scientifique : Pierre Sintes.<\/p>\n\n\n\n<h2 class=\"wp-block-heading\">Convention de partenariat avec la M\u00e9tropole Aix-Marseille-Provence <\/h2>\n\n\n\n<p>Participation au comit\u00e9 scientifique du projet de Parc agricole port\u00e9 la M\u00e9tropole Aix-Marseille-Provence. 25 juin 2020 &#8211; 24 juin 2023. Responsable scientifique : Jean-No\u00ebl Consales.<\/p>\n\n\n\n<h2 class=\"wp-block-heading\">Convention de coop\u00e9ration scientifique avec l&rsquo;Institut technique de l&rsquo;horticulture, ASTREDHOR<\/h2>\n\n\n\n<p>Recherche, d\u00e9veloppement sur l&rsquo;agriculture urbaine et la nature en ville, notamment en contexte m\u00e9diterran\u00e9en. 1er octobre 2019 &#8211; 30 septembre 2023. Responsable scientifique : Jean-No\u00ebl Consales.<\/p>\n","protected":false},"excerpt":{"rendered":"<p>TELEMMe a conclu plusieurs conventions de partenariat avec diff\u00e9rentes institutions universitaires, culturelles, etc. Convention de partenariat avec le Fond R\u00e9gional d&rsquo;Art contemporain Provence-Alpes-C\u00f4te d&rsquo;Azur Recherche, valorisation et enseignement autour de&hellip;&nbsp;<a href=\"https:\/\/telemme.mmsh.fr\/?page_id=5716\" rel=\"bookmark\">Lire la suite &raquo;<span class=\"screen-reader-text\">Partenariats<\/span><\/a><\/p>\n","protected":false},"author":8,"featured_media":0,"parent":2398,"menu_order":20,"comment_status":"closed","ping_status":"closed","template":"","meta":{"neve_meta_sidebar":"right","neve_meta_container":"","neve_meta_enable_content_width":"on","neve_meta_content_width":75,"neve_meta_title_alignment":"","neve_meta_author_avatar":"","neve_post_elements_order":"","neve_meta_disable_header":"","neve_meta_disable_footer":"","neve_meta_disable_title":"","footnotes":""},"class_list":["post-5716","page","type-page","status-publish","hentry"],"yoast_head":"<!-- This site is optimized with the Yoast SEO plugin v27.5 - https:\/\/yoast.com\/product\/yoast-seo-wordpress\/ -->\n<title>Partenariats - TELEMMe - Temps, espaces, langages, Europe m\u00e9ridionale, M\u00e9diterran\u00e9e<\/title>\n<meta name=\"description\" content=\"Les partenariats scientifiques, culturels ou de valorisation conclus par TELEMMe avec des institutions et associations externes.\" \/>\n<meta name=\"robots\" content=\"index, follow, max-snippet:-1, max-image-preview:large, max-video-preview:-1\" \/>\n<link rel=\"canonical\" href=\"https:\/\/telemme.mmsh.fr\/?page_id=5716\" \/>\n<meta property=\"og:locale\" content=\"fr_FR\" \/>\n<meta property=\"og:type\" content=\"article\" \/>\n<meta property=\"og:title\" content=\"Partenariats - TELEMMe - Temps, espaces, langages, Europe m\u00e9ridionale, M\u00e9diterran\u00e9e\" \/>\n<meta property=\"og:description\" content=\"Les partenariats scientifiques, culturels ou de valorisation conclus par TELEMMe avec des institutions et associations externes.\" \/>\n<meta property=\"og:url\" content=\"https:\/\/telemme.mmsh.fr\/?page_id=5716\" \/>\n<meta property=\"og:site_name\" content=\"TELEMMe - Temps, espaces, langages, Europe m\u00e9ridionale, M\u00e9diterran\u00e9e\" \/>\n<meta property=\"article:modified_time\" content=\"2021-06-29T16:02:38+00:00\" \/>\n<meta name=\"twitter:card\" content=\"summary_large_image\" \/>\n<meta name=\"twitter:label1\" content=\"Dur\u00e9e de lecture estim\u00e9e\" \/>\n\t<meta name=\"twitter:data1\" content=\"1 minute\" \/>\n<script type=\"application\/ld+json\" class=\"yoast-schema-graph\">{\"@context\":\"https:\\\/\\\/schema.org\",\"@graph\":[{\"@type\":\"WebPage\",\"@id\":\"https:\\\/\\\/telemme.mmsh.fr\\\/?page_id=5716\",\"url\":\"https:\\\/\\\/telemme.mmsh.fr\\\/?page_id=5716\",\"name\":\"Partenariats - TELEMMe - Temps, espaces, langages, Europe m\u00e9ridionale, M\u00e9diterran\u00e9e\",\"isPartOf\":{\"@id\":\"https:\\\/\\\/telemme.mmsh.fr\\\/#website\"},\"datePublished\":\"2021-03-25T17:55:15+00:00\",\"dateModified\":\"2021-06-29T16:02:38+00:00\",\"description\":\"Les partenariats scientifiques, culturels ou de valorisation conclus par TELEMMe avec des institutions et associations externes.\",\"breadcrumb\":{\"@id\":\"https:\\\/\\\/telemme.mmsh.fr\\\/?page_id=5716#breadcrumb\"},\"inLanguage\":\"fr-FR\",\"potentialAction\":[{\"@type\":\"ReadAction\",\"target\":[\"https:\\\/\\\/telemme.mmsh.fr\\\/?page_id=5716\"]}]},{\"@type\":\"BreadcrumbList\",\"@id\":\"https:\\\/\\\/telemme.mmsh.fr\\\/?page_id=5716#breadcrumb\",\"itemListElement\":[{\"@type\":\"ListItem\",\"position\":1,\"name\":\"Accueil\",\"item\":\"https:\\\/\\\/telemme.mmsh.fr\\\/\"},{\"@type\":\"ListItem\",\"position\":2,\"name\":\"Projets et partenariats\",\"item\":\"https:\\\/\\\/telemme.mmsh.fr\\\/?page_id=2398\"},{\"@type\":\"ListItem\",\"position\":3,\"name\":\"Partenariats\"}]},{\"@type\":\"WebSite\",\"@id\":\"https:\\\/\\\/telemme.mmsh.fr\\\/#website\",\"url\":\"https:\\\/\\\/telemme.mmsh.fr\\\/\",\"name\":\"TELEMMe - Temps, espaces, langages, Europe m\u00e9ridionale, M\u00e9diterran\u00e9e\",\"description\":\"\",\"publisher\":{\"@id\":\"https:\\\/\\\/telemme.mmsh.fr\\\/#organization\"},\"potentialAction\":[{\"@type\":\"SearchAction\",\"target\":{\"@type\":\"EntryPoint\",\"urlTemplate\":\"https:\\\/\\\/telemme.mmsh.fr\\\/?s={search_term_string}\"},\"query-input\":{\"@type\":\"PropertyValueSpecification\",\"valueRequired\":true,\"valueName\":\"search_term_string\"}}],\"inLanguage\":\"fr-FR\"},{\"@type\":\"Organization\",\"@id\":\"https:\\\/\\\/telemme.mmsh.fr\\\/#organization\",\"name\":\"TELEMMe\",\"url\":\"https:\\\/\\\/telemme.mmsh.fr\\\/\",\"logo\":{\"@type\":\"ImageObject\",\"inLanguage\":\"fr-FR\",\"@id\":\"https:\\\/\\\/telemme.mmsh.fr\\\/#\\\/schema\\\/logo\\\/image\\\/\",\"url\":\"https:\\\/\\\/telemme.mmsh.fr\\\/wp-content\\\/uploads\\\/2020\\\/03\\\/LogoTELEMMe-horizontal-fond-transparent.png\",\"contentUrl\":\"https:\\\/\\\/telemme.mmsh.fr\\\/wp-content\\\/uploads\\\/2020\\\/03\\\/LogoTELEMMe-horizontal-fond-transparent.png\",\"width\":1500,\"height\":437,\"caption\":\"TELEMMe\"},\"image\":{\"@id\":\"https:\\\/\\\/telemme.mmsh.fr\\\/#\\\/schema\\\/logo\\\/image\\\/\"}}]}<\/script>\n<!-- \/ Yoast SEO plugin. -->","yoast_head_json":{"title":"Partenariats - TELEMMe - Temps, espaces, langages, Europe m\u00e9ridionale, M\u00e9diterran\u00e9e","description":"Les partenariats scientifiques, culturels ou de valorisation conclus par TELEMMe avec des institutions et associations externes.","robots":{"index":"index","follow":"follow","max-snippet":"max-snippet:-1","max-image-preview":"max-image-preview:large","max-video-preview":"max-video-preview:-1"},"canonical":"https:\/\/telemme.mmsh.fr\/?page_id=5716","og_locale":"fr_FR","og_type":"article","og_title":"Partenariats - TELEMMe - Temps, espaces, langages, Europe m\u00e9ridionale, M\u00e9diterran\u00e9e","og_description":"Les partenariats scientifiques, culturels ou de valorisation conclus par TELEMMe avec des institutions et associations externes.","og_url":"https:\/\/telemme.mmsh.fr\/?page_id=5716","og_site_name":"TELEMMe - Temps, espaces, langages, Europe m\u00e9ridionale, M\u00e9diterran\u00e9e","article_modified_time":"2021-06-29T16:02:38+00:00","twitter_card":"summary_large_image","twitter_misc":{"Dur\u00e9e de lecture estim\u00e9e":"1 minute"},"schema":{"@context":"https:\/\/schema.org","@graph":[{"@type":"WebPage","@id":"https:\/\/telemme.mmsh.fr\/?page_id=5716","url":"https:\/\/telemme.mmsh.fr\/?page_id=5716","name":"Partenariats - TELEMMe - Temps, espaces, langages, Europe m\u00e9ridionale, M\u00e9diterran\u00e9e","isPartOf":{"@id":"https:\/\/telemme.mmsh.fr\/#website"},"datePublished":"2021-03-25T17:55:15+00:00","dateModified":"2021-06-29T16:02:38+00:00","description":"Les partenariats scientifiques, culturels ou de valorisation conclus par TELEMMe avec des institutions et associations externes.","breadcrumb":{"@id":"https:\/\/telemme.mmsh.fr\/?page_id=5716#breadcrumb"},"inLanguage":"fr-FR","potentialAction":[{"@type":"ReadAction","target":["https:\/\/telemme.mmsh.fr\/?page_id=5716"]}]},{"@type":"BreadcrumbList","@id":"https:\/\/telemme.mmsh.fr\/?page_id=5716#breadcrumb","itemListElement":[{"@type":"ListItem","position":1,"name":"Accueil","item":"https:\/\/telemme.mmsh.fr\/"},{"@type":"ListItem","position":2,"name":"Projets et partenariats","item":"https:\/\/telemme.mmsh.fr\/?page_id=2398"},{"@type":"ListItem","position":3,"name":"Partenariats"}]},{"@type":"WebSite","@id":"https:\/\/telemme.mmsh.fr\/#website","url":"https:\/\/telemme.mmsh.fr\/","name":"TELEMMe - Temps, espaces, langages, Europe m\u00e9ridionale, M\u00e9diterran\u00e9e","description":"","publisher":{"@id":"https:\/\/telemme.mmsh.fr\/#organization"},"potentialAction":[{"@type":"SearchAction","target":{"@type":"EntryPoint","urlTemplate":"https:\/\/telemme.mmsh.fr\/?s={search_term_string}"},"query-input":{"@type":"PropertyValueSpecification","valueRequired":true,"valueName":"search_term_string"}}],"inLanguage":"fr-FR"},{"@type":"Organization","@id":"https:\/\/telemme.mmsh.fr\/#organization","name":"TELEMMe","url":"https:\/\/telemme.mmsh.fr\/","logo":{"@type":"ImageObject","inLanguage":"fr-FR","@id":"https:\/\/telemme.mmsh.fr\/#\/schema\/logo\/image\/","url":"https:\/\/telemme.mmsh.fr\/wp-content\/uploads\/2020\/03\/LogoTELEMMe-horizontal-fond-transparent.png","contentUrl":"https:\/\/telemme.mmsh.fr\/wp-content\/uploads\/2020\/03\/LogoTELEMMe-horizontal-fond-transparent.png","width":1500,"height":437,"caption":"TELEMMe"},"image":{"@id":"https:\/\/telemme.mmsh.fr\/#\/schema\/logo\/image\/"}}]}},"_links":{"self":[{"href":"https:\/\/telemme.mmsh.fr\/index.php?rest_route=\/wp\/v2\/pages\/5716","targetHints":{"allow":["GET"]}}],"collection":[{"href":"https:\/\/telemme.mmsh.fr\/index.php?rest_route=\/wp\/v2\/pages"}],"about":[{"href":"https:\/\/telemme.mmsh.fr\/index.php?rest_route=\/wp\/v2\/types\/page"}],"author":[{"embeddable":true,"href":"https:\/\/telemme.mmsh.fr\/index.php?rest_route=\/wp\/v2\/users\/8"}],"replies":[{"embeddable":true,"href":"https:\/\/telemme.mmsh.fr\/index.php?rest_route=%2Fwp%2Fv2%2Fcomments&post=5716"}],"version-history":[{"count":2,"href":"https:\/\/telemme.mmsh.fr\/index.php?rest_route=\/wp\/v2\/pages\/5716\/revisions"}],"predecessor-version":[{"id":8306,"href":"https:\/\/telemme.mmsh.fr\/index.php?rest_route=\/wp\/v2\/pages\/5716\/revisions\/8306"}],"up":[{"embeddable":true,"href":"https:\/\/telemme.mmsh.fr\/index.php?rest_route=\/wp\/v2\/pages\/2398"}],"wp:attachment":[{"href":"https:\/\/telemme.mmsh.fr\/index.php?rest_route=%2Fwp%2Fv2%2Fmedia&parent=5716"}],"curies":[{"name":"wp","href":"https:\/\/api.w.org\/{rel}","templated":true}]}}