{"id":57,"date":"2017-09-26T13:24:15","date_gmt":"2017-09-26T11:24:15","guid":{"rendered":"http:\/\/0"},"modified":"2021-07-05T15:43:44","modified_gmt":"2021-07-05T13:43:44","slug":"le-laboratoire","status":"publish","type":"page","link":"https:\/\/telemme.mmsh.fr\/?page_id=57","title":{"rendered":"Le Laboratoire"},"content":{"rendered":"\n<p>L&rsquo;UMR 7303 TELEMMe d\u00e9pend d&rsquo;Aix-Marseille-Universit\u00e9 et du CNRS (Institut national des Sciences humaines et Sociales). Dans ce cadre, elle est principalement rattach\u00e9e aux sections 33 \u00ab\u00a0Mondes modernes et contemporains\u00a0\u00bb et 39 \u00ab\u00a0Espaces, territoires et soci\u00e9t\u00e9s\u00a0\u00bb.<\/p>\n\n\n\n<p>Cr\u00e9\u00e9e en 1994 par G\u00e9rard Chastagnaret, elle a \u00e9t\u00e9 successivement dirig\u00e9e par Bernard Cousin, Jean-Marie Guillon, Maryline Crivello et Laure Verdon, Xavier Daumalin et Laure Verdon. Depuis janvier 2018 l\u2019UMR TELEMMe est sous la responsabilit\u00e9 de Xavier Daumalin et Anne Montenach, directrice adjointe.<\/p>\n\n\n\n<p>TELEMMe est la seule UMR en Sciences humaines dont les orientations portent sp\u00e9cifiquement sur l\u2019Europe m\u00e9diterran\u00e9enne. Pluridisciplinaire, elle r\u00e9unit des g\u00e9ographes, des historiens m\u00e9di\u00e9vistes, modernistes et contemporan\u00e9istes, hispanistes et historiens de l\u2019art, tous sp\u00e9cialistes de l\u2019aire nord-m\u00e9diterran\u00e9enne (de la p\u00e9ninsule ib\u00e9rique aux Balkans, en passant par la France m\u00e9ridionale et l\u2019Italie) et des interactions de cet espace avec le reste du monde. Son champ chronologique s\u2019\u00e9tend du Moyen \u00c2ge au temps pr\u00e9sent.<\/p>\n\n\n\n<p>Elle comporte en 2021 75 <a href=\"https:\/\/telemme.mmsh.fr\/?page_id=4903\">enseignants-chercheurs<\/a>, 4 <a href=\"https:\/\/telemme.mmsh.fr\/?page_id=5193\">chercheurs<\/a>, 5<a href=\"https:\/\/telemme.mmsh.fr\/le-laboratoire\/equipe\/\"> <\/a><a href=\"https:\/\/telemme.mmsh.fr\/?page_id=5200\">ing\u00e9nieures et techniciennes<\/a> et 44 <a href=\"https:\/\/telemme.mmsh.fr\/?page_id=5204\">doctorants<\/a> (25 contractuels, dont 7 en cotutelle internationale).  Ses <a href=\"https:\/\/telemme.mmsh.fr\/?page_id=5488\">membres associ\u00e9s<\/a> se composent d&rsquo;un \u00ab\u00a0noyau dur\u00a0\u00bb, form\u00e9 d&rsquo;enseignants-chercheurs fran\u00e7ais et \u00e9trangers appartenant \u00e0 des centres de recherches voisins, et de coll\u00e8gues retrait\u00e9s. Autour de ce groupe gravitent plusieurs dizaines de chercheurs, <a href=\"https:\/\/telemme.mmsh.fr\/?page_id=5485\">anciens doctorants de l&rsquo;unit\u00e9 <\/a>et enseignants du secondaire surtout, qui participent ponctuellement aux activit\u00e9s de l&rsquo;UMR.<\/p>\n\n\n\n<p>Laboratoire d\u2019accueil de l\u2019\u00c9cole doctorale 355 \u00ab Espaces, Cultures, Soci\u00e9t\u00e9s \u00bb, TELEMMe est li\u00e9e aux formations de recherche d\u2019Aix-Marseille-Universit\u00e9 en Aire culturelle romane, Sciences g\u00e9ographiques et de l\u2019am\u00e9nagement, Histoire et Humanit\u00e9s.<\/p>\n\n\n\n<p>Au sein de la MMSH, TELEMMe est partie prenante des p\u00f4les <a href=\"http:\/\/www.cartomundi.fr\/\">Cartomundi<\/a>, <a href=\"https:\/\/orem.hypotheses.org\/\">OREM<\/a>, <a href=\"https:\/\/imageson.hypotheses.org\/\">Images et sons<\/a>, ainsi que de la <a href=\"https:\/\/mediatec.hypotheses.org\/\">m\u00e9diath\u00e8que<\/a> o\u00f9 sont d\u00e9pos\u00e9es toutes les publications de ses chercheurs et des \u00e9tudiants qu\u2019ils dirigent.<\/p>\n\n\n<div id=\"pl-gb57-69fb104b0c7e1\"  class=\"panel-layout\" ><div id=\"pg-gb57-69fb104b0c7e1-0\"  class=\"panel-grid panel-no-style\" ><div id=\"pgc-gb57-69fb104b0c7e1-0-0\"  class=\"panel-grid-cell\" ><div id=\"panel-gb57-69fb104b0c7e1-0-0-0\" class=\"so-panel widget widget_sow-image panel-first-child panel-last-child\" data-index=\"0\" ><div\n\t\t\t\n\t\t\tclass=\"so-widget-sow-image so-widget-sow-image-default-89f16426b92c-57\"\n\t\t\t\n\t\t>\n<div class=\"sow-image-container\">\n\t\t\t<a href=\"https:\/\/telemme.mmsh.fr\/?page_id=61\"\n\t\t\t\t\t>\n\t\t\t<img \n\tsrc=\"https:\/\/telemme.mmsh.fr\/wp-content\/uploads\/2021\/03\/natalie-pedigo-wJK9eTiEZHY-unsplash-300x200.jpg\" width=\"300\" height=\"200\" srcset=\"https:\/\/telemme.mmsh.fr\/wp-content\/uploads\/2021\/03\/natalie-pedigo-wJK9eTiEZHY-unsplash-300x200.jpg 300w, https:\/\/telemme.mmsh.fr\/wp-content\/uploads\/2021\/03\/natalie-pedigo-wJK9eTiEZHY-unsplash-1024x683.jpg 1024w, https:\/\/telemme.mmsh.fr\/wp-content\/uploads\/2021\/03\/natalie-pedigo-wJK9eTiEZHY-unsplash-768x512.jpg 768w, https:\/\/telemme.mmsh.fr\/wp-content\/uploads\/2021\/03\/natalie-pedigo-wJK9eTiEZHY-unsplash-1536x1024.jpg 1536w, https:\/\/telemme.mmsh.fr\/wp-content\/uploads\/2021\/03\/natalie-pedigo-wJK9eTiEZHY-unsplash-2048x1365.jpg 2048w, https:\/\/telemme.mmsh.fr\/wp-content\/uploads\/2021\/03\/natalie-pedigo-wJK9eTiEZHY-unsplash-450x300.jpg 450w, https:\/\/telemme.mmsh.fr\/wp-content\/uploads\/2021\/03\/natalie-pedigo-wJK9eTiEZHY-unsplash-930x620.jpg 930w, https:\/\/telemme.mmsh.fr\/wp-content\/uploads\/2021\/03\/natalie-pedigo-wJK9eTiEZHY-unsplash-272x182.jpg 272w\" sizes=\"(max-width: 300px) 100vw, 300px\" title=\"&lt;a href=&quot;https:\/\/telemme.mmsh.fr\/?page_id=61&quot;&gt;La direction&lt;\/a&gt;\" alt=\"La direction\" \t\tclass=\"so-widget-image\"\/>\n\t\t\t<\/a><\/div>\n\n<h3 class=\"widget-title\"><a href=\"https:\/\/telemme.mmsh.fr\/?page_id=61\">La direction<\/a><\/h3><\/div><\/div><\/div><div id=\"pgc-gb57-69fb104b0c7e1-0-1\"  class=\"panel-grid-cell\" ><div id=\"panel-gb57-69fb104b0c7e1-0-1-0\" class=\"so-panel widget widget_sow-image panel-first-child panel-last-child\" data-index=\"1\" ><div\n\t\t\t\n\t\t\tclass=\"so-widget-sow-image so-widget-sow-image-default-89f16426b92c-57\"\n\t\t\t\n\t\t>\n<div class=\"sow-image-container\">\n\t\t\t<a href=\"https:\/\/telemme.mmsh.fr\/?page_id=5200\"\n\t\t\t\t\t>\n\t\t\t<img \n\tsrc=\"https:\/\/telemme.mmsh.fr\/wp-content\/uploads\/2021\/03\/javier-allegue-barros-i5Kx0P8A0d4-unsplash-300x200.jpg\" width=\"300\" height=\"200\" srcset=\"https:\/\/telemme.mmsh.fr\/wp-content\/uploads\/2021\/03\/javier-allegue-barros-i5Kx0P8A0d4-unsplash-300x200.jpg 300w, https:\/\/telemme.mmsh.fr\/wp-content\/uploads\/2021\/03\/javier-allegue-barros-i5Kx0P8A0d4-unsplash-1024x683.jpg 1024w, https:\/\/telemme.mmsh.fr\/wp-content\/uploads\/2021\/03\/javier-allegue-barros-i5Kx0P8A0d4-unsplash-768x512.jpg 768w, https:\/\/telemme.mmsh.fr\/wp-content\/uploads\/2021\/03\/javier-allegue-barros-i5Kx0P8A0d4-unsplash-1536x1024.jpg 1536w, https:\/\/telemme.mmsh.fr\/wp-content\/uploads\/2021\/03\/javier-allegue-barros-i5Kx0P8A0d4-unsplash-2048x1365.jpg 2048w, https:\/\/telemme.mmsh.fr\/wp-content\/uploads\/2021\/03\/javier-allegue-barros-i5Kx0P8A0d4-unsplash-450x300.jpg 450w, https:\/\/telemme.mmsh.fr\/wp-content\/uploads\/2021\/03\/javier-allegue-barros-i5Kx0P8A0d4-unsplash-930x620.jpg 930w, https:\/\/telemme.mmsh.fr\/wp-content\/uploads\/2021\/03\/javier-allegue-barros-i5Kx0P8A0d4-unsplash-272x182.jpg 272w\" sizes=\"(max-width: 300px) 100vw, 300px\" title=\"&lt;a href=&quot;https:\/\/telemme.mmsh.fr\/?page_id=5200&quot;&gt;L&#039;\u00e9quipe&lt;\/a&gt;\" alt=\"L&#039;\u00e9quipe\" \t\tclass=\"so-widget-image\"\/>\n\t\t\t<\/a><\/div>\n\n<h3 class=\"widget-title\"><a href=\"https:\/\/telemme.mmsh.fr\/?page_id=5200\">L&rsquo;\u00e9quipe<\/a><\/h3><\/div><\/div><\/div><div id=\"pgc-gb57-69fb104b0c7e1-0-2\"  class=\"panel-grid-cell\" ><div id=\"panel-gb57-69fb104b0c7e1-0-2-0\" class=\"so-panel widget widget_sow-image panel-first-child panel-last-child\" data-index=\"2\" ><div\n\t\t\t\n\t\t\tclass=\"so-widget-sow-image so-widget-sow-image-default-89f16426b92c-57\"\n\t\t\t\n\t\t>\n<div class=\"sow-image-container\">\n\t\t\t<a href=\"https:\/\/telemme.mmsh.fr\/?page_id=2296\"\n\t\t\t\t\t>\n\t\t\t<img \n\tsrc=\"https:\/\/telemme.mmsh.fr\/wp-content\/uploads\/2021\/03\/stephen-leonardi-7A8d8hmUmt0-unsplash.jpg\" width=\"300\" height=\"200\" sizes=\"(max-width: 300px) 100vw, 300px\" title=\"&lt;a href=&quot;https:\/\/telemme.mmsh.fr\/?page_id=2296&quot;&gt;Les membres statutaires&lt;\/a&gt;\" alt=\"Les membres statutaires\" \t\tclass=\"so-widget-image\"\/>\n\t\t\t<\/a><\/div>\n\n<h3 class=\"widget-title\"><a href=\"https:\/\/telemme.mmsh.fr\/?page_id=2296\">Les membres statutaires<\/a><\/h3><\/div><\/div><\/div><\/div><div id=\"pg-gb57-69fb104b0c7e1-1\"  class=\"panel-grid panel-no-style\" ><div id=\"pgc-gb57-69fb104b0c7e1-1-0\"  class=\"panel-grid-cell\" ><div id=\"panel-gb57-69fb104b0c7e1-1-0-0\" class=\"so-panel widget widget_sow-image panel-first-child panel-last-child\" data-index=\"3\" ><div\n\t\t\t\n\t\t\tclass=\"so-widget-sow-image so-widget-sow-image-default-113ccd71f3e6-57\"\n\t\t\t\n\t\t>\n<div class=\"sow-image-container\">\n\t\t\t<a href=\"https:\/\/telemme.mmsh.fr\/?page_id=5204\"\n\t\t\t\t\t>\n\t\t\t<img \n\tsrc=\"https:\/\/telemme.mmsh.fr\/wp-content\/uploads\/2021\/03\/sergio-souza-j0OUs9NjUU4-unsplash-1-300x169.jpg\" width=\"300\" height=\"169\" srcset=\"https:\/\/telemme.mmsh.fr\/wp-content\/uploads\/2021\/03\/sergio-souza-j0OUs9NjUU4-unsplash-1-300x169.jpg 300w, https:\/\/telemme.mmsh.fr\/wp-content\/uploads\/2021\/03\/sergio-souza-j0OUs9NjUU4-unsplash-1-1024x576.jpg 1024w, https:\/\/telemme.mmsh.fr\/wp-content\/uploads\/2021\/03\/sergio-souza-j0OUs9NjUU4-unsplash-1-768x432.jpg 768w, https:\/\/telemme.mmsh.fr\/wp-content\/uploads\/2021\/03\/sergio-souza-j0OUs9NjUU4-unsplash-1-1536x864.jpg 1536w, https:\/\/telemme.mmsh.fr\/wp-content\/uploads\/2021\/03\/sergio-souza-j0OUs9NjUU4-unsplash-1-2048x1152.jpg 2048w\" sizes=\"(max-width: 300px) 100vw, 300px\" title=\"&lt;a href=&quot;https:\/\/telemme.mmsh.fr\/?page_id=5204&quot;&gt;Doctorants et doctorantes&lt;\/a&gt;\" alt=\"Doctorants et doctorantes\" \t\tclass=\"so-widget-image\"\/>\n\t\t\t<\/a><\/div>\n\n<h3 class=\"widget-title\"><a href=\"https:\/\/telemme.mmsh.fr\/?page_id=5204\">Doctorants et doctorantes<\/a><\/h3><\/div><\/div><\/div><div id=\"pgc-gb57-69fb104b0c7e1-1-1\"  class=\"panel-grid-cell\" ><div id=\"panel-gb57-69fb104b0c7e1-1-1-0\" class=\"so-panel widget widget_sow-image panel-first-child panel-last-child\" data-index=\"4\" ><div\n\t\t\t\n\t\t\tclass=\"so-widget-sow-image so-widget-sow-image-default-89f16426b92c-57\"\n\t\t\t\n\t\t>\n<div class=\"sow-image-container\">\n\t\t\t<a href=\"https:\/\/telemme.mmsh.fr\/?page_id=2303\"\n\t\t\t\t\t>\n\t\t\t<img \n\tsrc=\"https:\/\/telemme.mmsh.fr\/wp-content\/uploads\/2021\/03\/olav-ahrens-rotne-SiDXdjE-T_k-unsplash-300x200.jpg\" width=\"300\" height=\"200\" srcset=\"https:\/\/telemme.mmsh.fr\/wp-content\/uploads\/2021\/03\/olav-ahrens-rotne-SiDXdjE-T_k-unsplash-300x200.jpg 300w, https:\/\/telemme.mmsh.fr\/wp-content\/uploads\/2021\/03\/olav-ahrens-rotne-SiDXdjE-T_k-unsplash-1024x683.jpg 1024w, https:\/\/telemme.mmsh.fr\/wp-content\/uploads\/2021\/03\/olav-ahrens-rotne-SiDXdjE-T_k-unsplash-768x512.jpg 768w, https:\/\/telemme.mmsh.fr\/wp-content\/uploads\/2021\/03\/olav-ahrens-rotne-SiDXdjE-T_k-unsplash-1536x1024.jpg 1536w, https:\/\/telemme.mmsh.fr\/wp-content\/uploads\/2021\/03\/olav-ahrens-rotne-SiDXdjE-T_k-unsplash-2048x1365.jpg 2048w, https:\/\/telemme.mmsh.fr\/wp-content\/uploads\/2021\/03\/olav-ahrens-rotne-SiDXdjE-T_k-unsplash-450x300.jpg 450w, https:\/\/telemme.mmsh.fr\/wp-content\/uploads\/2021\/03\/olav-ahrens-rotne-SiDXdjE-T_k-unsplash-930x620.jpg 930w, https:\/\/telemme.mmsh.fr\/wp-content\/uploads\/2021\/03\/olav-ahrens-rotne-SiDXdjE-T_k-unsplash-272x182.jpg 272w\" sizes=\"(max-width: 300px) 100vw, 300px\" title=\"&lt;a href=&quot;https:\/\/telemme.mmsh.fr\/?page_id=2303&quot;&gt;Les membres non statutaires&lt;\/a&gt;\" alt=\"Les membres non statutaires\" \t\tclass=\"so-widget-image\"\/>\n\t\t\t<\/a><\/div>\n\n<h3 class=\"widget-title\"><a href=\"https:\/\/telemme.mmsh.fr\/?page_id=2303\">Les membres non statutaires<\/a><\/h3><\/div><\/div><\/div><div id=\"pgc-gb57-69fb104b0c7e1-1-2\"  class=\"panel-grid-cell\" ><div id=\"panel-gb57-69fb104b0c7e1-1-2-0\" class=\"so-panel widget widget_sow-image panel-first-child panel-last-child\" data-index=\"5\" ><div\n\t\t\t\n\t\t\tclass=\"so-widget-sow-image so-widget-sow-image-default-89f16426b92c-57\"\n\t\t\t\n\t\t>\n<div class=\"sow-image-container\">\n\t\t\t<a href=\"https:\/\/telemme.mmsh.fr\/?page_id=3455\"\n\t\t\t\t\t>\n\t\t\t<img \n\tsrc=\"https:\/\/telemme.mmsh.fr\/wp-content\/uploads\/2021\/03\/margarida-csilva-cQCqoTjr0B4-unsplash_light-300x200.jpg\" width=\"300\" height=\"200\" srcset=\"https:\/\/telemme.mmsh.fr\/wp-content\/uploads\/2021\/03\/margarida-csilva-cQCqoTjr0B4-unsplash_light-300x200.jpg 300w, https:\/\/telemme.mmsh.fr\/wp-content\/uploads\/2021\/03\/margarida-csilva-cQCqoTjr0B4-unsplash_light-450x300.jpg 450w, https:\/\/telemme.mmsh.fr\/wp-content\/uploads\/2021\/03\/margarida-csilva-cQCqoTjr0B4-unsplash_light-272x182.jpg 272w, https:\/\/telemme.mmsh.fr\/wp-content\/uploads\/2021\/03\/margarida-csilva-cQCqoTjr0B4-unsplash_light.jpg 500w\" sizes=\"(max-width: 300px) 100vw, 300px\" title=\"&lt;a href=&quot;https:\/\/telemme.mmsh.fr\/?page_id=3455&quot;&gt;Le conseil de laboratoire&lt;\/a&gt;\" alt=\"Le conseil de laboratoire\" \t\tclass=\"so-widget-image\"\/>\n\t\t\t<\/a><\/div>\n\n<h3 class=\"widget-title\"><a href=\"https:\/\/telemme.mmsh.fr\/?page_id=3455\">Le conseil de laboratoire<\/a><\/h3><\/div><\/div><\/div><\/div><div id=\"pg-gb57-69fb104b0c7e1-2\"  class=\"panel-grid panel-no-style\" ><div id=\"pgc-gb57-69fb104b0c7e1-2-0\"  class=\"panel-grid-cell\" ><div id=\"panel-gb57-69fb104b0c7e1-2-0-0\" class=\"so-panel widget widget_sow-image panel-first-child panel-last-child\" data-index=\"6\" ><div\n\t\t\t\n\t\t\tclass=\"so-widget-sow-image so-widget-sow-image-default-113ccd71f3e6-57\"\n\t\t\t\n\t\t>\n<div class=\"sow-image-container\">\n\t\t\t<a href=\"https:\/\/telemme.mmsh.fr\/?page_id=72\"\n\t\t\t\t\t>\n\t\t\t<img \n\tsrc=\"https:\/\/telemme.mmsh.fr\/wp-content\/uploads\/2021\/02\/42222814312_5e478d7bbf_w-285x300.jpg\" width=\"285\" height=\"300\" srcset=\"https:\/\/telemme.mmsh.fr\/wp-content\/uploads\/2021\/02\/42222814312_5e478d7bbf_w-285x300.jpg 285w, https:\/\/telemme.mmsh.fr\/wp-content\/uploads\/2021\/02\/42222814312_5e478d7bbf_w.jpg 380w\" sizes=\"(max-width: 285px) 100vw, 285px\" title=\"&lt;a href=&quot;https:\/\/telemme.mmsh.fr\/?page_id=72&quot;&gt;Annuaire de TELEMMe&lt;\/a&gt;\" alt=\"&quot;Junk: Scrap salvage campaign.This boy is looking up junk dealers in the telephone directory, wants junk dealer pick up the scrap which he collected stored in his celler Washington, D.C. May 1942.&quot; by polkbritton is marked with CC PDM 1.0\" \t\tclass=\"so-widget-image\"\/>\n\t\t\t<\/a><\/div>\n\n<h3 class=\"widget-title\"><a href=\"https:\/\/telemme.mmsh.fr\/?page_id=72\">Annuaire de TELEMMe<\/a><\/h3><\/div><\/div><\/div><div id=\"pgc-gb57-69fb104b0c7e1-2-1\"  class=\"panel-grid-cell panel-grid-cell-empty panel-grid-cell-mobile-last\" ><\/div><div id=\"pgc-gb57-69fb104b0c7e1-2-2\"  class=\"panel-grid-cell panel-grid-cell-empty\" ><\/div><\/div><\/div>\n\n\n<p><\/p>\n","protected":false},"excerpt":{"rendered":"<p>L&rsquo;UMR 7303 TELEMMe d\u00e9pend d&rsquo;Aix-Marseille-Universit\u00e9 et du CNRS (Institut national des Sciences humaines et Sociales). Dans ce cadre, elle est principalement rattach\u00e9e aux sections 33 \u00ab\u00a0Mondes modernes et contemporains\u00a0\u00bb et&hellip;&nbsp;<a href=\"https:\/\/telemme.mmsh.fr\/?page_id=57\" rel=\"bookmark\">Lire la suite &raquo;<span class=\"screen-reader-text\">Le Laboratoire<\/span><\/a><\/p>\n","protected":false},"author":1,"featured_media":2247,"parent":0,"menu_order":1,"comment_status":"closed","ping_status":"closed","template":"","meta":{"neve_meta_sidebar":"","neve_meta_container":"","neve_meta_enable_content_width":"","neve_meta_content_width":0,"neve_meta_title_alignment":"","neve_meta_author_avatar":"","neve_post_elements_order":"","neve_meta_disable_header":"","neve_meta_disable_footer":"","neve_meta_disable_title":"","footnotes":""},"class_list":["post-57","page","type-page","status-publish","has-post-thumbnail","hentry"],"yoast_head":"<!-- This site is optimized with the Yoast SEO plugin v27.5 - https:\/\/yoast.com\/product\/yoast-seo-wordpress\/ -->\n<title>Le Laboratoire - TELEMMe - Temps, espaces, langages, Europe m\u00e9ridionale, M\u00e9diterran\u00e9e<\/title>\n<meta name=\"robots\" content=\"index, follow, max-snippet:-1, max-image-preview:large, max-video-preview:-1\" \/>\n<link rel=\"canonical\" href=\"https:\/\/telemme.mmsh.fr\/?page_id=57\" \/>\n<meta property=\"og:locale\" content=\"fr_FR\" \/>\n<meta property=\"og:type\" content=\"article\" \/>\n<meta property=\"og:title\" content=\"Le Laboratoire - TELEMMe - Temps, espaces, langages, Europe m\u00e9ridionale, M\u00e9diterran\u00e9e\" \/>\n<meta property=\"og:description\" content=\"L&rsquo;UMR 7303 TELEMMe d\u00e9pend d&rsquo;Aix-Marseille-Universit\u00e9 et du CNRS (Institut national des Sciences humaines et Sociales). Dans ce cadre, elle est principalement rattach\u00e9e aux sections 33 \u00ab\u00a0Mondes modernes et contemporains\u00a0\u00bb et&hellip;&nbsp;Lire la suite &raquo;Le Laboratoire\" \/>\n<meta property=\"og:url\" content=\"https:\/\/telemme.mmsh.fr\/?page_id=57\" \/>\n<meta property=\"og:site_name\" content=\"TELEMMe - Temps, espaces, langages, Europe m\u00e9ridionale, M\u00e9diterran\u00e9e\" \/>\n<meta property=\"article:modified_time\" content=\"2021-07-05T13:43:44+00:00\" \/>\n<meta property=\"og:image\" content=\"https:\/\/telemme.mmsh.fr\/wp-content\/uploads\/2020\/12\/mmsh-pict1.jpg\" \/>\n\t<meta property=\"og:image:width\" content=\"1200\" \/>\n\t<meta property=\"og:image:height\" content=\"675\" \/>\n\t<meta property=\"og:image:type\" content=\"image\/jpeg\" \/>\n<meta name=\"twitter:card\" content=\"summary_large_image\" \/>\n<meta name=\"twitter:label1\" content=\"Dur\u00e9e de lecture estim\u00e9e\" \/>\n\t<meta name=\"twitter:data1\" content=\"5 minutes\" \/>\n<script type=\"application\/ld+json\" class=\"yoast-schema-graph\">{\"@context\":\"https:\\\/\\\/schema.org\",\"@graph\":[{\"@type\":\"WebPage\",\"@id\":\"https:\\\/\\\/telemme.mmsh.fr\\\/?page_id=57\",\"url\":\"https:\\\/\\\/telemme.mmsh.fr\\\/?page_id=57\",\"name\":\"Le Laboratoire - TELEMMe - Temps, espaces, langages, Europe m\u00e9ridionale, M\u00e9diterran\u00e9e\",\"isPartOf\":{\"@id\":\"https:\\\/\\\/telemme.mmsh.fr\\\/#website\"},\"primaryImageOfPage\":{\"@id\":\"https:\\\/\\\/telemme.mmsh.fr\\\/?page_id=57#primaryimage\"},\"image\":{\"@id\":\"https:\\\/\\\/telemme.mmsh.fr\\\/?page_id=57#primaryimage\"},\"thumbnailUrl\":\"https:\\\/\\\/telemme.mmsh.fr\\\/wp-content\\\/uploads\\\/2020\\\/12\\\/mmsh-pict1.jpg\",\"datePublished\":\"2017-09-26T11:24:15+00:00\",\"dateModified\":\"2021-07-05T13:43:44+00:00\",\"breadcrumb\":{\"@id\":\"https:\\\/\\\/telemme.mmsh.fr\\\/?page_id=57#breadcrumb\"},\"inLanguage\":\"fr-FR\",\"potentialAction\":[{\"@type\":\"ReadAction\",\"target\":[\"https:\\\/\\\/telemme.mmsh.fr\\\/?page_id=57\"]}]},{\"@type\":\"ImageObject\",\"inLanguage\":\"fr-FR\",\"@id\":\"https:\\\/\\\/telemme.mmsh.fr\\\/?page_id=57#primaryimage\",\"url\":\"https:\\\/\\\/telemme.mmsh.fr\\\/wp-content\\\/uploads\\\/2020\\\/12\\\/mmsh-pict1.jpg\",\"contentUrl\":\"https:\\\/\\\/telemme.mmsh.fr\\\/wp-content\\\/uploads\\\/2020\\\/12\\\/mmsh-pict1.jpg\",\"width\":1200,\"height\":675,\"caption\":\"MMSH\"},{\"@type\":\"BreadcrumbList\",\"@id\":\"https:\\\/\\\/telemme.mmsh.fr\\\/?page_id=57#breadcrumb\",\"itemListElement\":[{\"@type\":\"ListItem\",\"position\":1,\"name\":\"Accueil\",\"item\":\"https:\\\/\\\/telemme.mmsh.fr\\\/\"},{\"@type\":\"ListItem\",\"position\":2,\"name\":\"Le Laboratoire\"}]},{\"@type\":\"WebSite\",\"@id\":\"https:\\\/\\\/telemme.mmsh.fr\\\/#website\",\"url\":\"https:\\\/\\\/telemme.mmsh.fr\\\/\",\"name\":\"TELEMMe - Temps, espaces, langages, Europe m\u00e9ridionale, M\u00e9diterran\u00e9e\",\"description\":\"\",\"publisher\":{\"@id\":\"https:\\\/\\\/telemme.mmsh.fr\\\/#organization\"},\"potentialAction\":[{\"@type\":\"SearchAction\",\"target\":{\"@type\":\"EntryPoint\",\"urlTemplate\":\"https:\\\/\\\/telemme.mmsh.fr\\\/?s={search_term_string}\"},\"query-input\":{\"@type\":\"PropertyValueSpecification\",\"valueRequired\":true,\"valueName\":\"search_term_string\"}}],\"inLanguage\":\"fr-FR\"},{\"@type\":\"Organization\",\"@id\":\"https:\\\/\\\/telemme.mmsh.fr\\\/#organization\",\"name\":\"TELEMMe\",\"url\":\"https:\\\/\\\/telemme.mmsh.fr\\\/\",\"logo\":{\"@type\":\"ImageObject\",\"inLanguage\":\"fr-FR\",\"@id\":\"https:\\\/\\\/telemme.mmsh.fr\\\/#\\\/schema\\\/logo\\\/image\\\/\",\"url\":\"https:\\\/\\\/telemme.mmsh.fr\\\/wp-content\\\/uploads\\\/2020\\\/03\\\/LogoTELEMMe-horizontal-fond-transparent.png\",\"contentUrl\":\"https:\\\/\\\/telemme.mmsh.fr\\\/wp-content\\\/uploads\\\/2020\\\/03\\\/LogoTELEMMe-horizontal-fond-transparent.png\",\"width\":1500,\"height\":437,\"caption\":\"TELEMMe\"},\"image\":{\"@id\":\"https:\\\/\\\/telemme.mmsh.fr\\\/#\\\/schema\\\/logo\\\/image\\\/\"}}]}<\/script>\n<!-- \/ Yoast SEO plugin. -->","yoast_head_json":{"title":"Le Laboratoire - TELEMMe - Temps, espaces, langages, Europe m\u00e9ridionale, M\u00e9diterran\u00e9e","robots":{"index":"index","follow":"follow","max-snippet":"max-snippet:-1","max-image-preview":"max-image-preview:large","max-video-preview":"max-video-preview:-1"},"canonical":"https:\/\/telemme.mmsh.fr\/?page_id=57","og_locale":"fr_FR","og_type":"article","og_title":"Le Laboratoire - TELEMMe - Temps, espaces, langages, Europe m\u00e9ridionale, M\u00e9diterran\u00e9e","og_description":"L&rsquo;UMR 7303 TELEMMe d\u00e9pend d&rsquo;Aix-Marseille-Universit\u00e9 et du CNRS (Institut national des Sciences humaines et Sociales). Dans ce cadre, elle est principalement rattach\u00e9e aux sections 33 \u00ab\u00a0Mondes modernes et contemporains\u00a0\u00bb et&hellip;&nbsp;Lire la suite &raquo;Le Laboratoire","og_url":"https:\/\/telemme.mmsh.fr\/?page_id=57","og_site_name":"TELEMMe - Temps, espaces, langages, Europe m\u00e9ridionale, M\u00e9diterran\u00e9e","article_modified_time":"2021-07-05T13:43:44+00:00","og_image":[{"width":1200,"height":675,"url":"https:\/\/telemme.mmsh.fr\/wp-content\/uploads\/2020\/12\/mmsh-pict1.jpg","type":"image\/jpeg"}],"twitter_card":"summary_large_image","twitter_misc":{"Dur\u00e9e de lecture estim\u00e9e":"5 minutes"},"schema":{"@context":"https:\/\/schema.org","@graph":[{"@type":"WebPage","@id":"https:\/\/telemme.mmsh.fr\/?page_id=57","url":"https:\/\/telemme.mmsh.fr\/?page_id=57","name":"Le Laboratoire - TELEMMe - Temps, espaces, langages, Europe m\u00e9ridionale, M\u00e9diterran\u00e9e","isPartOf":{"@id":"https:\/\/telemme.mmsh.fr\/#website"},"primaryImageOfPage":{"@id":"https:\/\/telemme.mmsh.fr\/?page_id=57#primaryimage"},"image":{"@id":"https:\/\/telemme.mmsh.fr\/?page_id=57#primaryimage"},"thumbnailUrl":"https:\/\/telemme.mmsh.fr\/wp-content\/uploads\/2020\/12\/mmsh-pict1.jpg","datePublished":"2017-09-26T11:24:15+00:00","dateModified":"2021-07-05T13:43:44+00:00","breadcrumb":{"@id":"https:\/\/telemme.mmsh.fr\/?page_id=57#breadcrumb"},"inLanguage":"fr-FR","potentialAction":[{"@type":"ReadAction","target":["https:\/\/telemme.mmsh.fr\/?page_id=57"]}]},{"@type":"ImageObject","inLanguage":"fr-FR","@id":"https:\/\/telemme.mmsh.fr\/?page_id=57#primaryimage","url":"https:\/\/telemme.mmsh.fr\/wp-content\/uploads\/2020\/12\/mmsh-pict1.jpg","contentUrl":"https:\/\/telemme.mmsh.fr\/wp-content\/uploads\/2020\/12\/mmsh-pict1.jpg","width":1200,"height":675,"caption":"MMSH"},{"@type":"BreadcrumbList","@id":"https:\/\/telemme.mmsh.fr\/?page_id=57#breadcrumb","itemListElement":[{"@type":"ListItem","position":1,"name":"Accueil","item":"https:\/\/telemme.mmsh.fr\/"},{"@type":"ListItem","position":2,"name":"Le Laboratoire"}]},{"@type":"WebSite","@id":"https:\/\/telemme.mmsh.fr\/#website","url":"https:\/\/telemme.mmsh.fr\/","name":"TELEMMe - Temps, espaces, langages, Europe m\u00e9ridionale, M\u00e9diterran\u00e9e","description":"","publisher":{"@id":"https:\/\/telemme.mmsh.fr\/#organization"},"potentialAction":[{"@type":"SearchAction","target":{"@type":"EntryPoint","urlTemplate":"https:\/\/telemme.mmsh.fr\/?s={search_term_string}"},"query-input":{"@type":"PropertyValueSpecification","valueRequired":true,"valueName":"search_term_string"}}],"inLanguage":"fr-FR"},{"@type":"Organization","@id":"https:\/\/telemme.mmsh.fr\/#organization","name":"TELEMMe","url":"https:\/\/telemme.mmsh.fr\/","logo":{"@type":"ImageObject","inLanguage":"fr-FR","@id":"https:\/\/telemme.mmsh.fr\/#\/schema\/logo\/image\/","url":"https:\/\/telemme.mmsh.fr\/wp-content\/uploads\/2020\/03\/LogoTELEMMe-horizontal-fond-transparent.png","contentUrl":"https:\/\/telemme.mmsh.fr\/wp-content\/uploads\/2020\/03\/LogoTELEMMe-horizontal-fond-transparent.png","width":1500,"height":437,"caption":"TELEMMe"},"image":{"@id":"https:\/\/telemme.mmsh.fr\/#\/schema\/logo\/image\/"}}]}},"_links":{"self":[{"href":"https:\/\/telemme.mmsh.fr\/index.php?rest_route=\/wp\/v2\/pages\/57","targetHints":{"allow":["GET"]}}],"collection":[{"href":"https:\/\/telemme.mmsh.fr\/index.php?rest_route=\/wp\/v2\/pages"}],"about":[{"href":"https:\/\/telemme.mmsh.fr\/index.php?rest_route=\/wp\/v2\/types\/page"}],"author":[{"embeddable":true,"href":"https:\/\/telemme.mmsh.fr\/index.php?rest_route=\/wp\/v2\/users\/1"}],"replies":[{"embeddable":true,"href":"https:\/\/telemme.mmsh.fr\/index.php?rest_route=%2Fwp%2Fv2%2Fcomments&post=57"}],"version-history":[{"count":15,"href":"https:\/\/telemme.mmsh.fr\/index.php?rest_route=\/wp\/v2\/pages\/57\/revisions"}],"predecessor-version":[{"id":8700,"href":"https:\/\/telemme.mmsh.fr\/index.php?rest_route=\/wp\/v2\/pages\/57\/revisions\/8700"}],"wp:featuredmedia":[{"embeddable":true,"href":"https:\/\/telemme.mmsh.fr\/index.php?rest_route=\/wp\/v2\/media\/2247"}],"wp:attachment":[{"href":"https:\/\/telemme.mmsh.fr\/index.php?rest_route=%2Fwp%2Fv2%2Fmedia&parent=57"}],"curies":[{"name":"wp","href":"https:\/\/api.w.org\/{rel}","templated":true}]}}