{"id":5482,"date":"2021-03-16T15:14:05","date_gmt":"2021-03-16T14:14:05","guid":{"rendered":"http:\/\/telemme.mmsh.fr\/?page_id=5482"},"modified":"2021-07-07T11:00:21","modified_gmt":"2021-07-07T09:00:21","slug":"docteurs-ater","status":"publish","type":"page","link":"https:\/\/telemme.mmsh.fr\/?page_id=5482","title":{"rendered":"Docteurs et docteures attach\u00e9\u00b7es temporaires d&rsquo;enseignement et de recherche"},"content":{"rendered":"      <div id=\"post-grid-lazy-5481\" class=\"post-grid-lazy\"><img decoding=\"async\" alt=\"\" src=\"\" \/><\/div>\n    <script>\n      jQuery('#post-grid-lazy-5481').ready(function($) {\n        $('#post-grid-lazy-5481').fadeOut();\n        $('#post-grid-5481   ').fadeIn();\n      })\n    <\/script>\n    <style type=\"text\/css\">\n      #post-grid-5481 {\n        display: none;\n      }\n\n      .post-grid-lazy {\n        text-align: center;\n      }\n    <\/style>\n    <div data-options='{&quot;id&quot;:&quot;5481&quot;,&quot;lazy_load&quot;:&quot;yes&quot;,&quot;masonry_enable&quot;:&quot;no&quot;,&quot;view_type&quot;:&quot;grid&quot;}' id=\"post-grid-5481\" class=\"post-grid grid\">\n    \n\n\n    <div class=\"grid-items\">\n      <div class=\"item item-1084 skin flat even 0 \">\n        <div class=\"layer-wrapper layout-5136\">\n          <div class=\" element_1623404225146\"\r\n        id=\"\">\r\n        <div class=\"element element_1623404230921  thumb \">\r\n                    <img decoding=\"async\" alt=\"Fabien Bartolotti, TELEMMe (AMU-CNRS)\" src=\"https:\/\/telemme.mmsh.fr\/wp-content\/uploads\/2020\/11\/Image5-e1630588441646.jpg\">\r\n            <\/div>\r\n    <div class=\"element element_1623404249322  title_link \">\r\n                    <a target=\"_self\"\r\n                href=\"https:\/\/telemme.mmsh.fr\/?membres=fabien-bartolotti\">Bartolotti Fabien<\/a>\r\n            <\/div>\r\n    <div class=\"element element_1623404274777  categories \">\r\n            <\/div>\r\n    <div class=\"element element_1623404285625  content \">\r\n            <\/div>\r\n    <\/div>\r\n    <\/div>\n  <\/div><div class=\"item item-12786 skin flat odd 1 \">\n        <div class=\"layer-wrapper layout-5136\">\n          <div class=\" element_1623404225146\"\r\n        id=\"\">\r\n        <div class=\"element element_1623404230921  thumb \">\r\n                    <img decoding=\"async\" alt=\"\" src=\"https:\/\/telemme.mmsh.fr\/wp-content\/uploads\/2023\/05\/ad81d1b-1-272x182.jpg\">\r\n            <\/div>\r\n    <div class=\"element element_1623404249322  title_link \">\r\n                    <a target=\"_self\"\r\n                href=\"https:\/\/telemme.mmsh.fr\/?membres=bessette-juliette\">Bessette Juliette<\/a>\r\n            <\/div>\r\n    <div class=\"element element_1623404274777  categories \">\r\n            <\/div>\r\n    <div class=\"element element_1623404285625  content \">\r\n            <\/div>\r\n    <\/div>\r\n    <\/div>\n  <\/div><div class=\"item item-13727 skin flat even 2 \">\n        <div class=\"layer-wrapper layout-5136\">\n          <div class=\" element_1623404225146\"\r\n        id=\"\">\r\n        <div class=\"element element_1623404230921  thumb \">\r\n                    <img decoding=\"async\" alt=\"\" src=\"https:\/\/telemme.mmsh.fr\/wp-content\/uploads\/2021\/09\/Glacier-Point-3201-feet-Yosemite-Valley-Cal.-Taber-Photo-1887-Library-of-Congress-LC-USZ62-100867_vignette-1.jpg\">\r\n            <\/div>\r\n    <div class=\"element element_1623404249322  title_link \">\r\n                    <a target=\"_self\"\r\n                href=\"https:\/\/telemme.mmsh.fr\/?membres=13727\">Camille Sall\u00e9<\/a>\r\n            <\/div>\r\n    <div class=\"element element_1623404274777  categories \">\r\n            <\/div>\r\n    <div class=\"element element_1623404285625  content \">\r\n            <\/div>\r\n    <\/div>\r\n    <\/div>\n  <\/div><div class=\"item item-1065 skin flat odd 3 \">\n        <div class=\"layer-wrapper layout-5136\">\n          <div class=\" element_1623404225146\"\r\n        id=\"\">\r\n        <div class=\"element element_1623404230921  thumb \">\r\n                    <img decoding=\"async\" alt=\"Caroline Carlon, Telemme (AMU-CNRS)\" src=\"https:\/\/telemme.mmsh.fr\/wp-content\/uploads\/2020\/11\/Caroline_Carlon--186x182.png\">\r\n            <\/div>\r\n    <div class=\"element element_1623404249322  title_link \">\r\n                    <a target=\"_self\"\r\n                href=\"https:\/\/telemme.mmsh.fr\/?membres=caroline-carlon-tabaries\">Carlon Caroline<\/a>\r\n            <\/div>\r\n    <div class=\"element element_1623404274777  categories \">\r\n            <\/div>\r\n    <div class=\"element element_1623404285625  content \">\r\n            <\/div>\r\n    <\/div>\r\n    <\/div>\n  <\/div><div class=\"item item-13737 skin flat even 4 \">\n        <div class=\"layer-wrapper layout-5136\">\n          <div class=\" element_1623404225146\"\r\n        id=\"\">\r\n        <div class=\"element element_1623404230921  thumb \">\r\n                    <img decoding=\"async\" alt=\"\" src=\"https:\/\/telemme.mmsh.fr\/wp-content\/uploads\/2021\/09\/Glacier-Point-3201-feet-Yosemite-Valley-Cal.-Taber-Photo-1887-Library-of-Congress-LC-USZ62-100867_vignette-1.jpg\">\r\n            <\/div>\r\n    <div class=\"element element_1623404249322  title_link \">\r\n                    <a target=\"_self\"\r\n                href=\"https:\/\/telemme.mmsh.fr\/?membres=chopard-lucie\">Chopard Lucie<\/a>\r\n            <\/div>\r\n    <div class=\"element element_1623404274777  categories \">\r\n            <\/div>\r\n    <div class=\"element element_1623404285625  content \">\r\n            <\/div>\r\n    <\/div>\r\n    <\/div>\n  <\/div><div class=\"item item-10242 skin flat odd 5 \">\n        <div class=\"layer-wrapper layout-5136\">\n          <div class=\" element_1623404225146\"\r\n        id=\"\">\r\n        <div class=\"element element_1623404230921  thumb \">\r\n                    <img decoding=\"async\" alt=\"\" src=\"https:\/\/telemme.mmsh.fr\/wp-content\/uploads\/2021\/09\/Glacier-Point-3201-feet-Yosemite-Valley-Cal.-Taber-Photo-1887-Library-of-Congress-LC-USZ62-100867_vignette-1.jpg\">\r\n            <\/div>\r\n    <div class=\"element element_1623404249322  title_link \">\r\n                    <a target=\"_self\"\r\n                href=\"https:\/\/telemme.mmsh.fr\/?membres=esteban-zuriaga-maria-jose\">Esteban Zuriaga Mar\u00eda Jos\u00e9<\/a>\r\n            <\/div>\r\n    <div class=\"element element_1623404274777  categories \">\r\n            <\/div>\r\n    <div class=\"element element_1623404285625  content \">\r\n            <\/div>\r\n    <\/div>\r\n    <\/div>\n  <\/div><div class=\"item item-1010 skin flat even 6 \">\n        <div class=\"layer-wrapper layout-5136\">\n          <div class=\" element_1623404225146\"\r\n        id=\"\">\r\n        <div class=\"element element_1623404230921  thumb \">\r\n                    <img decoding=\"async\" alt=\"\" src=\"https:\/\/telemme.mmsh.fr\/wp-content\/uploads\/2021\/09\/Glacier-Point-3201-feet-Yosemite-Valley-Cal.-Taber-Photo-1887-Library-of-Congress-LC-USZ62-100867_vignette-1.jpg\">\r\n            <\/div>\r\n    <div class=\"element element_1623404249322  title_link \">\r\n                    <a target=\"_self\"\r\n                href=\"https:\/\/telemme.mmsh.fr\/?membres=jean-benoit-krumenacker\">Krumenacker Jean-Beno\u00eet<\/a>\r\n            <\/div>\r\n    <div class=\"element element_1623404274777  categories \">\r\n            <\/div>\r\n    <div class=\"element element_1623404285625  content \">\r\n            <\/div>\r\n    <\/div>\r\n    <\/div>\n  <\/div><div class=\"item item-16808 skin flat odd 7 \">\n        <div class=\"layer-wrapper layout-5136\">\n          <div class=\" element_1623404225146\"\r\n        id=\"\">\r\n        <div class=\"element element_1623404230921  thumb \">\r\n                    <img decoding=\"async\" alt=\"\" src=\"https:\/\/telemme.mmsh.fr\/wp-content\/uploads\/2021\/09\/Glacier-Point-3201-feet-Yosemite-Valley-Cal.-Taber-Photo-1887-Library-of-Congress-LC-USZ62-100867_vignette-1.jpg\">\r\n            <\/div>\r\n    <div class=\"element element_1623404249322  title_link \">\r\n                    <a target=\"_self\"\r\n                href=\"https:\/\/telemme.mmsh.fr\/?membres=nourisson-moncey-mathilde\">Nourisson-Moncey Mathilde<\/a>\r\n            <\/div>\r\n    <div class=\"element element_1623404274777  categories \">\r\n            <\/div>\r\n    <div class=\"element element_1623404285625  content \">\r\n            <\/div>\r\n    <\/div>\r\n    <\/div>\n  <\/div><div class=\"item item-1082 skin flat even 8 \">\n        <div class=\"layer-wrapper layout-5136\">\n          <div class=\" element_1623404225146\"\r\n        id=\"\">\r\n        <div class=\"element element_1623404230921  thumb \">\r\n                    <img decoding=\"async\" alt=\"Virginie Tisserant, TELEMMe (AMU-CNRS)\" src=\"https:\/\/telemme.mmsh.fr\/wp-content\/uploads\/2020\/11\/Virginie_Tisserant-200x182.png\">\r\n            <\/div>\r\n    <div class=\"element element_1623404249322  title_link \">\r\n                    <a target=\"_self\"\r\n                href=\"https:\/\/telemme.mmsh.fr\/?membres=virginie-tisserant\">Tisserant Virginie<\/a>\r\n            <\/div>\r\n    <div class=\"element element_1623404274777  categories \">\r\n            <\/div>\r\n    <div class=\"element element_1623404285625  content \">\r\n            <\/div>\r\n    <\/div>\r\n    <\/div>\n  <\/div><div class=\"item item-1063 skin flat odd 9 \">\n        <div class=\"layer-wrapper layout-5136\">\n          <div class=\" element_1623404225146\"\r\n        id=\"\">\r\n        <div class=\"element element_1623404230921  thumb \">\r\n                    <img decoding=\"async\" alt=\"Marguerite Valcin, TELEMMe (AMU-CNRS)\" src=\"https:\/\/telemme.mmsh.fr\/wp-content\/uploads\/2020\/11\/Marguerite-Valcin2-272x182.jpg\">\r\n            <\/div>\r\n    <div class=\"element element_1623404249322  title_link \">\r\n                    <a target=\"_self\"\r\n                href=\"https:\/\/telemme.mmsh.fr\/?membres=marguerite-valcin\">Valcin Marguerite<\/a>\r\n            <\/div>\r\n    <div class=\"element element_1623404274777  categories \">\r\n            <\/div>\r\n    <div class=\"element element_1623404285625  content \">\r\n            <\/div>\r\n    <\/div>\r\n    <\/div>\n  <\/div><div class=\"item item-1953 skin flat even 10 \">\n        <div class=\"layer-wrapper layout-5136\">\n          <div class=\" element_1623404225146\"\r\n        id=\"\">\r\n        <div class=\"element element_1623404230921  thumb \">\r\n                    <img decoding=\"async\" alt=\"Giovanni Ziggiotto, TELEMMe (AMU-CNRS)\" src=\"https:\/\/telemme.mmsh.fr\/wp-content\/uploads\/2020\/12\/Giovanni_Ziggiotto-225x182.png\">\r\n            <\/div>\r\n    <div class=\"element element_1623404249322  title_link \">\r\n                    <a target=\"_self\"\r\n                href=\"https:\/\/telemme.mmsh.fr\/?membres=giovanni-ziggiotto\">Ziggiotto Giovanni<\/a>\r\n            <\/div>\r\n    <div class=\"element element_1623404274777  categories \">\r\n            <\/div>\r\n    <div class=\"element element_1623404285625  content \">\r\n            <\/div>\r\n    <\/div>\r\n    <\/div>\n  <\/div><div class=\"item item-1047 skin flat odd 11 \">\n        <div class=\"layer-wrapper layout-5136\">\n          <div class=\" element_1623404225146\"\r\n        id=\"\">\r\n        <div class=\"element element_1623404230921  thumb \">\r\n                    <img decoding=\"async\" alt=\"Nessim Znaien, TELEMMe (AMU-CNRS)\" src=\"https:\/\/telemme.mmsh.fr\/wp-content\/uploads\/2020\/11\/Nessim_Znaien-250x182.png\">\r\n            <\/div>\r\n    <div class=\"element element_1623404249322  title_link \">\r\n                    <a target=\"_self\"\r\n                href=\"https:\/\/telemme.mmsh.fr\/?membres=nessim-znaien\">Znaien Nessim<\/a>\r\n            <\/div>\r\n    <div class=\"element element_1623404274777  categories \">\r\n            <\/div>\r\n    <div class=\"element element_1623404285625  content \">\r\n            <\/div>\r\n    <\/div>\r\n    <\/div>\n  <\/div>    <\/div>\n    <div class=\"pagination\">\n      <div class=\"paginate\">\n      <\/div>\n  <style type=\"text\/css\">\n    #post-grid-5481 .pagination .page-numbers {\n      font-size: 16px;\n      color: #fff;\n      background: #646464;\n    }\n\n    #post-grid-5481 .pagination .page-numbers:hover,\n    #post-grid-5481 .pagination .page-numbers.current {\n      background: #4b4b4b;\n    }\n  <\/style>\n  <\/div>\n        <style type=\"text\/css\">\r\n            .layout-5136 .element_1623404225146 {\r\n                            }\r\n\r\n                    <\/style>\r\n        <style type=\"text\/css\">\r\n        .layout-5136 .element_1623404230921 {\r\n            overflow: hidden;\r\n                    }\r\n\r\n        .layout-5136 .element_1623404230921 img {\r\n            max-width: 100%;\r\n            height: auto;\r\n        }\r\n\r\n        @media only screen and (min-width: 1024px) {\r\n            .layout-5136 .element_1623404230921 {\r\n                            }\r\n        }\r\n\r\n        @media only screen and (min-width: 768px) and (max-width: 1023px) {\r\n            .layout-5136 .element_1623404230921 {\r\n                            }\r\n        }\r\n\r\n        @media only screen and (min-width: 0px) and (max-width: 767px) {\r\n            .layout-5136 .element_1623404230921 {\r\n                            }\r\n        }\r\n    <\/style>\r\n    <style type=\"text\/css\">\r\n        .layout-5136 .element_1623404249322 {\r\n            color: #000000;\r\n            font-size: 26px;\r\n            font-family: Alata;\r\n            margin: 10px;\r\n            text-align: center;\r\n            font-weight:bold;        }\r\n\r\n        .layout-5136 .element_1623404249322 a {\r\n            color: #000000;\r\n            font-size: 26px;\r\n            font-family: Alata;\r\n                    }\r\n    <\/style>\r\n    <style type=\"text\/css\">\r\n        .layout-5136 .element_1623404274777 {\r\n            color: #005578;\r\n            text-align: center;\r\n                    }\r\n\r\n        .layout-5136 .element_1623404274777 a {\r\n                    }\r\n\r\n            <\/style>\r\n      <script>\n          <\/script>\n    <style type=\"text\/css\">\n    #post-grid-5481 {\n      padding: 10px;\n          }\n\n    #post-grid-5481 .item {\n      padding: 0px;\n      background: #fff;\n          }\n\n    #post-grid-5481 .item .layer-media {\n      height:auto;    }\n\n    @media only screen and (min-width: 0px) and (max-width: 767px) {\n      #post-grid-5481 .grid-items {\n        text-align: center;\n              }\n\n      #post-grid-5481 .item {\n        width: 90%;\n        margin: 10px;\n        display: inline-block;\n        vertical-align: top;\n        height:auto;      }\n    }\n\n    @media only screen and (min-width: 768px) and (max-width: 1023px) {\n      #post-grid-5481 .grid-items {\n        text-align: center;\n              }\n\n      #post-grid-5481 .item {\n        width: 280px;\n        margin: 10px;\n        display: inline-block;\n        vertical-align: top;\n        max-height:auto;      }\n    }\n\n    @media only screen and (min-width: 1024px) {\n      #post-grid-5481 .grid-items {\n        text-align: center;\n              }\n\n      #post-grid-5481 .item {\n        width: 280px;\n        display: inline-block;\n        margin: 10px;\n        vertical-align: top;\n        height:auto;      }\n    }\n\n      <\/style>\n  <\/div>\n\n","protected":false},"excerpt":{"rendered":"","protected":false},"author":6,"featured_media":0,"parent":2303,"menu_order":10,"comment_status":"closed","ping_status":"closed","template":"","meta":{"neve_meta_sidebar":"full-width","neve_meta_container":"","neve_meta_enable_content_width":"on","neve_meta_content_width":90,"neve_meta_title_alignment":"","neve_meta_author_avatar":"","neve_post_elements_order":"","neve_meta_disable_header":"","neve_meta_disable_footer":"","neve_meta_disable_title":"","footnotes":""},"class_list":["post-5482","page","type-page","status-publish","hentry"],"yoast_head":"<!-- This site is optimized with the Yoast SEO plugin v27.4 - https:\/\/yoast.com\/product\/yoast-seo-wordpress\/ -->\n<title>Docteurs et docteures attach\u00e9\u00b7es temporaires d&#039;enseignement et de recherche - TELEMMe - Temps, espaces, langages, Europe m\u00e9ridionale, M\u00e9diterran\u00e9e<\/title>\n<meta name=\"robots\" content=\"index, follow, max-snippet:-1, max-image-preview:large, max-video-preview:-1\" \/>\n<link rel=\"canonical\" href=\"https:\/\/telemme.mmsh.fr\/?page_id=5482\" \/>\n<meta property=\"og:locale\" content=\"fr_FR\" \/>\n<meta property=\"og:type\" content=\"article\" \/>\n<meta property=\"og:title\" content=\"Docteurs et docteures attach\u00e9\u00b7es temporaires d&#039;enseignement et de recherche - TELEMMe - Temps, espaces, langages, Europe m\u00e9ridionale, M\u00e9diterran\u00e9e\" \/>\n<meta property=\"og:url\" content=\"https:\/\/telemme.mmsh.fr\/?page_id=5482\" \/>\n<meta property=\"og:site_name\" content=\"TELEMMe - Temps, espaces, langages, Europe m\u00e9ridionale, M\u00e9diterran\u00e9e\" \/>\n<meta property=\"article:modified_time\" content=\"2021-07-07T09:00:21+00:00\" \/>\n<meta name=\"twitter:card\" content=\"summary_large_image\" \/>\n<meta name=\"twitter:label1\" content=\"Dur\u00e9e de lecture estim\u00e9e\" \/>\n\t<meta name=\"twitter:data1\" content=\"1 minute\" \/>\n<script type=\"application\/ld+json\" class=\"yoast-schema-graph\">{\"@context\":\"https:\\\/\\\/schema.org\",\"@graph\":[{\"@type\":\"WebPage\",\"@id\":\"https:\\\/\\\/telemme.mmsh.fr\\\/?page_id=5482\",\"url\":\"https:\\\/\\\/telemme.mmsh.fr\\\/?page_id=5482\",\"name\":\"Docteurs et docteures attach\u00e9\u00b7es temporaires d'enseignement et de recherche - TELEMMe - Temps, espaces, langages, Europe m\u00e9ridionale, M\u00e9diterran\u00e9e\",\"isPartOf\":{\"@id\":\"https:\\\/\\\/telemme.mmsh.fr\\\/#website\"},\"datePublished\":\"2021-03-16T14:14:05+00:00\",\"dateModified\":\"2021-07-07T09:00:21+00:00\",\"breadcrumb\":{\"@id\":\"https:\\\/\\\/telemme.mmsh.fr\\\/?page_id=5482#breadcrumb\"},\"inLanguage\":\"fr-FR\",\"potentialAction\":[{\"@type\":\"ReadAction\",\"target\":[\"https:\\\/\\\/telemme.mmsh.fr\\\/?page_id=5482\"]}]},{\"@type\":\"BreadcrumbList\",\"@id\":\"https:\\\/\\\/telemme.mmsh.fr\\\/?page_id=5482#breadcrumb\",\"itemListElement\":[{\"@type\":\"ListItem\",\"position\":1,\"name\":\"Accueil\",\"item\":\"https:\\\/\\\/telemme.mmsh.fr\\\/\"},{\"@type\":\"ListItem\",\"position\":2,\"name\":\"Le Laboratoire\",\"item\":\"https:\\\/\\\/telemme.mmsh.fr\\\/?page_id=57\"},{\"@type\":\"ListItem\",\"position\":3,\"name\":\"Membres non-statutaires\",\"item\":\"https:\\\/\\\/telemme.mmsh.fr\\\/?page_id=2303\"},{\"@type\":\"ListItem\",\"position\":4,\"name\":\"Docteurs et docteures attach\u00e9\u00b7es temporaires d&rsquo;enseignement et de recherche\"}]},{\"@type\":\"WebSite\",\"@id\":\"https:\\\/\\\/telemme.mmsh.fr\\\/#website\",\"url\":\"https:\\\/\\\/telemme.mmsh.fr\\\/\",\"name\":\"TELEMMe - Temps, espaces, langages, Europe m\u00e9ridionale, M\u00e9diterran\u00e9e\",\"description\":\"\",\"publisher\":{\"@id\":\"https:\\\/\\\/telemme.mmsh.fr\\\/#organization\"},\"potentialAction\":[{\"@type\":\"SearchAction\",\"target\":{\"@type\":\"EntryPoint\",\"urlTemplate\":\"https:\\\/\\\/telemme.mmsh.fr\\\/?s={search_term_string}\"},\"query-input\":{\"@type\":\"PropertyValueSpecification\",\"valueRequired\":true,\"valueName\":\"search_term_string\"}}],\"inLanguage\":\"fr-FR\"},{\"@type\":\"Organization\",\"@id\":\"https:\\\/\\\/telemme.mmsh.fr\\\/#organization\",\"name\":\"TELEMMe\",\"url\":\"https:\\\/\\\/telemme.mmsh.fr\\\/\",\"logo\":{\"@type\":\"ImageObject\",\"inLanguage\":\"fr-FR\",\"@id\":\"https:\\\/\\\/telemme.mmsh.fr\\\/#\\\/schema\\\/logo\\\/image\\\/\",\"url\":\"https:\\\/\\\/telemme.mmsh.fr\\\/wp-content\\\/uploads\\\/2020\\\/03\\\/LogoTELEMMe-horizontal-fond-transparent.png\",\"contentUrl\":\"https:\\\/\\\/telemme.mmsh.fr\\\/wp-content\\\/uploads\\\/2020\\\/03\\\/LogoTELEMMe-horizontal-fond-transparent.png\",\"width\":1500,\"height\":437,\"caption\":\"TELEMMe\"},\"image\":{\"@id\":\"https:\\\/\\\/telemme.mmsh.fr\\\/#\\\/schema\\\/logo\\\/image\\\/\"}}]}<\/script>\n<!-- \/ Yoast SEO plugin. -->","yoast_head_json":{"title":"Docteurs et docteures attach\u00e9\u00b7es temporaires d'enseignement et de recherche - TELEMMe - Temps, espaces, langages, Europe m\u00e9ridionale, M\u00e9diterran\u00e9e","robots":{"index":"index","follow":"follow","max-snippet":"max-snippet:-1","max-image-preview":"max-image-preview:large","max-video-preview":"max-video-preview:-1"},"canonical":"https:\/\/telemme.mmsh.fr\/?page_id=5482","og_locale":"fr_FR","og_type":"article","og_title":"Docteurs et docteures attach\u00e9\u00b7es temporaires d'enseignement et de recherche - TELEMMe - Temps, espaces, langages, Europe m\u00e9ridionale, M\u00e9diterran\u00e9e","og_url":"https:\/\/telemme.mmsh.fr\/?page_id=5482","og_site_name":"TELEMMe - Temps, espaces, langages, Europe m\u00e9ridionale, M\u00e9diterran\u00e9e","article_modified_time":"2021-07-07T09:00:21+00:00","twitter_card":"summary_large_image","twitter_misc":{"Dur\u00e9e de lecture estim\u00e9e":"1 minute"},"schema":{"@context":"https:\/\/schema.org","@graph":[{"@type":"WebPage","@id":"https:\/\/telemme.mmsh.fr\/?page_id=5482","url":"https:\/\/telemme.mmsh.fr\/?page_id=5482","name":"Docteurs et docteures attach\u00e9\u00b7es temporaires d'enseignement et de recherche - TELEMMe - Temps, espaces, langages, Europe m\u00e9ridionale, M\u00e9diterran\u00e9e","isPartOf":{"@id":"https:\/\/telemme.mmsh.fr\/#website"},"datePublished":"2021-03-16T14:14:05+00:00","dateModified":"2021-07-07T09:00:21+00:00","breadcrumb":{"@id":"https:\/\/telemme.mmsh.fr\/?page_id=5482#breadcrumb"},"inLanguage":"fr-FR","potentialAction":[{"@type":"ReadAction","target":["https:\/\/telemme.mmsh.fr\/?page_id=5482"]}]},{"@type":"BreadcrumbList","@id":"https:\/\/telemme.mmsh.fr\/?page_id=5482#breadcrumb","itemListElement":[{"@type":"ListItem","position":1,"name":"Accueil","item":"https:\/\/telemme.mmsh.fr\/"},{"@type":"ListItem","position":2,"name":"Le Laboratoire","item":"https:\/\/telemme.mmsh.fr\/?page_id=57"},{"@type":"ListItem","position":3,"name":"Membres non-statutaires","item":"https:\/\/telemme.mmsh.fr\/?page_id=2303"},{"@type":"ListItem","position":4,"name":"Docteurs et docteures attach\u00e9\u00b7es temporaires d&rsquo;enseignement et de recherche"}]},{"@type":"WebSite","@id":"https:\/\/telemme.mmsh.fr\/#website","url":"https:\/\/telemme.mmsh.fr\/","name":"TELEMMe - Temps, espaces, langages, Europe m\u00e9ridionale, M\u00e9diterran\u00e9e","description":"","publisher":{"@id":"https:\/\/telemme.mmsh.fr\/#organization"},"potentialAction":[{"@type":"SearchAction","target":{"@type":"EntryPoint","urlTemplate":"https:\/\/telemme.mmsh.fr\/?s={search_term_string}"},"query-input":{"@type":"PropertyValueSpecification","valueRequired":true,"valueName":"search_term_string"}}],"inLanguage":"fr-FR"},{"@type":"Organization","@id":"https:\/\/telemme.mmsh.fr\/#organization","name":"TELEMMe","url":"https:\/\/telemme.mmsh.fr\/","logo":{"@type":"ImageObject","inLanguage":"fr-FR","@id":"https:\/\/telemme.mmsh.fr\/#\/schema\/logo\/image\/","url":"https:\/\/telemme.mmsh.fr\/wp-content\/uploads\/2020\/03\/LogoTELEMMe-horizontal-fond-transparent.png","contentUrl":"https:\/\/telemme.mmsh.fr\/wp-content\/uploads\/2020\/03\/LogoTELEMMe-horizontal-fond-transparent.png","width":1500,"height":437,"caption":"TELEMMe"},"image":{"@id":"https:\/\/telemme.mmsh.fr\/#\/schema\/logo\/image\/"}}]}},"_links":{"self":[{"href":"https:\/\/telemme.mmsh.fr\/index.php?rest_route=\/wp\/v2\/pages\/5482","targetHints":{"allow":["GET"]}}],"collection":[{"href":"https:\/\/telemme.mmsh.fr\/index.php?rest_route=\/wp\/v2\/pages"}],"about":[{"href":"https:\/\/telemme.mmsh.fr\/index.php?rest_route=\/wp\/v2\/types\/page"}],"author":[{"embeddable":true,"href":"https:\/\/telemme.mmsh.fr\/index.php?rest_route=\/wp\/v2\/users\/6"}],"replies":[{"embeddable":true,"href":"https:\/\/telemme.mmsh.fr\/index.php?rest_route=%2Fwp%2Fv2%2Fcomments&post=5482"}],"version-history":[{"count":1,"href":"https:\/\/telemme.mmsh.fr\/index.php?rest_route=\/wp\/v2\/pages\/5482\/revisions"}],"predecessor-version":[{"id":5483,"href":"https:\/\/telemme.mmsh.fr\/index.php?rest_route=\/wp\/v2\/pages\/5482\/revisions\/5483"}],"up":[{"embeddable":true,"href":"https:\/\/telemme.mmsh.fr\/index.php?rest_route=\/wp\/v2\/pages\/2303"}],"wp:attachment":[{"href":"https:\/\/telemme.mmsh.fr\/index.php?rest_route=%2Fwp%2Fv2%2Fmedia&parent=5482"}],"curies":[{"name":"wp","href":"https:\/\/api.w.org\/{rel}","templated":true}]}}