{"id":5200,"date":"2021-02-17T19:36:40","date_gmt":"2021-02-17T18:36:40","guid":{"rendered":"http:\/\/telemme.mmsh.fr\/?page_id=5200"},"modified":"2025-06-02T10:33:39","modified_gmt":"2025-06-02T08:33:39","slug":"equipe","status":"publish","type":"page","link":"https:\/\/telemme.mmsh.fr\/?page_id=5200","title":{"rendered":"L\u2019\u00e9quipe de TELEMMe"},"content":{"rendered":"\n<p>L&rsquo;\u00e9quipe d&rsquo;accompagnement \u00e0 la recherche de TELEMMe est compos\u00e9e de 6 ing\u00e9nieur\u00b7es et technicien\u00b7nes. Elle se r\u00e9unit de mani\u00e8re hebdomadaire autour de la direction pour partager l\u2019information, les remont\u00e9es du terrain et pr\u00e9parer les manifestations \u00e0 venir.<\/p>\n\n\n\n<ul class=\"wp-block-list\">\n<li><strong><a href=\"https:\/\/telemme.mmsh.fr\/?membres_equipe=delphine-cavallo\">Delphine Cavallo<\/a><\/strong>, ing\u00e9nieure d&rsquo;\u00e9tudes \u00e0 AMU : responsable du traitement et de la diffusion num\u00e9rique de la recherche<\/li>\n\n\n\n<li><strong><a href=\"https:\/\/telemme.mmsh.fr\/?membres_equipe=caroline-chagniot\">Caroline Chagniot<\/a><\/strong>, assistante ing\u00e9nieure au CNRS : charg\u00e9e de la gestion financi\u00e8re et comptable<\/li>\n\n\n\n<li><strong><a href=\"https:\/\/telemme.mmsh.fr\/?membres_equipe=mathieu-coulon\">Mathieu Coulon<\/a><\/strong>, ing\u00e9nieur d&rsquo;\u00e9tudes au CNRS : charg\u00e9 des syst\u00e8mes d&rsquo;information g\u00e9ographique<\/li>\n\n\n\n<li><strong><a href=\"https:\/\/telemme.mmsh.fr\/?membres_equipe=laurence-lablache\">Laurence Lablache<\/a><\/strong>, technicienne au CNRS : charg\u00e9e de r\u00e9alisation audiovisuelle &#8211; en formation<\/li>\n\n\n\n<li><strong><a href=\"https:\/\/telemme.mmsh.fr\/?membres_equipe=maurel-valerie\">Val\u00e9rie Maurel<\/a><\/strong>, technicienne \u00e0 AMU : charg\u00e9e de la gestion financi\u00e8re et comptable<\/li>\n\n\n\n<li><strong><a href=\"https:\/\/telemme.mmsh.fr\/?membres_equipe=mireille-poggetti\">Mireille Poggetti<\/a><\/strong>, assistante ing\u00e9nieure au CNRS : charg\u00e9e de la gestion administrative<\/li>\n\n\n\n<li><strong><a href=\"https:\/\/telemme.mmsh.fr\/?membres_equipe=agnes-rabion\">Agn\u00e8s Rabion<\/a><\/strong>, assistante ing\u00e9nieure au CNRS : charg\u00e9e des partenariats et de la valorisation<\/li>\n<\/ul>\n\n\n    <div data-options='{&quot;id&quot;:&quot;5199&quot;,&quot;lazy_load&quot;:&quot;no&quot;,&quot;masonry_enable&quot;:&quot;no&quot;,&quot;view_type&quot;:&quot;grid&quot;}' id=\"post-grid-5199\" class=\"post-grid grid\">\n    \n\n\n    <div class=\"grid-items\">\n      <div class=\"item item-16334 skin flat even 0 \">\n        <div class=\"layer-wrapper layout-5136\">\n          <div class=\" element_1623404225146\"\r\n        id=\"\">\r\n        <div class=\"element element_1623404230921  thumb \">\r\n                    <img decoding=\"async\" alt=\"\" src=\"https:\/\/telemme.mmsh.fr\/wp-content\/uploads\/2021\/09\/Glacier-Point-3201-feet-Yosemite-Valley-Cal.-Taber-Photo-1887-Library-of-Congress-LC-USZ62-100867_vignette-1.jpg\">\r\n            <\/div>\r\n    <div class=\"element element_1623404249322  title_link \">\r\n                    <a target=\"_self\"\r\n                href=\"https:\/\/telemme.mmsh.fr\/?membres_equipe=bataoui-meriem\">Bataoui Meriem<\/a>\r\n            <\/div>\r\n    <div class=\"element element_1623404274777  categories \">\r\n            <\/div>\r\n    <div class=\"element element_1623404285625  content \">\r\n            <\/div>\r\n    <\/div>\r\n    <\/div>\n  <\/div><div class=\"item item-6167 skin flat odd 1 \">\n        <div class=\"layer-wrapper layout-5136\">\n          <div class=\" element_1623404225146\"\r\n        id=\"\">\r\n        <div class=\"element element_1623404230921  thumb \">\r\n                    <img decoding=\"async\" alt=\"Delphine Cavallo, TELEMMe (AMU-CNRS)\" src=\"https:\/\/telemme.mmsh.fr\/wp-content\/uploads\/2020\/09\/DelphineCavallo2-200x182.jpg\">\r\n            <\/div>\r\n    <div class=\"element element_1623404249322  title_link \">\r\n                    <a target=\"_self\"\r\n                href=\"https:\/\/telemme.mmsh.fr\/?membres_equipe=delphine-cavallo\">Cavallo Delphine<\/a>\r\n            <\/div>\r\n    <div class=\"element element_1623404274777  categories \">\r\n            <\/div>\r\n    <div class=\"element element_1623404285625  content \">\r\n            <\/div>\r\n    <\/div>\r\n    <\/div>\n  <\/div><div class=\"item item-6174 skin flat even 2 \">\n        <div class=\"layer-wrapper layout-5136\">\n          <div class=\" element_1623404225146\"\r\n        id=\"\">\r\n        <div class=\"element element_1623404230921  thumb \">\r\n                    <img decoding=\"async\" alt=\"Caroline Testani\u00e8re, TELEMMe (AMU-CNRS)\" src=\"https:\/\/telemme.mmsh.fr\/wp-content\/uploads\/2020\/11\/photo-caro-e1627546993688-272x182.jpg\">\r\n            <\/div>\r\n    <div class=\"element element_1623404249322  title_link \">\r\n                    <a target=\"_self\"\r\n                href=\"https:\/\/telemme.mmsh.fr\/?membres_equipe=caroline-chagniot\">Chagniot Caroline<\/a>\r\n            <\/div>\r\n    <div class=\"element element_1623404274777  categories \">\r\n            <\/div>\r\n    <div class=\"element element_1623404285625  content \">\r\n            <\/div>\r\n    <\/div>\r\n    <\/div>\n  <\/div><div class=\"item item-11089 skin flat odd 3 \">\n        <div class=\"layer-wrapper layout-5136\">\n          <div class=\" element_1623404225146\"\r\n        id=\"\">\r\n        <div class=\"element element_1623404230921  thumb \">\r\n                    <img decoding=\"async\" alt=\"\" src=\"https:\/\/telemme.mmsh.fr\/wp-content\/uploads\/2022\/05\/Mathieu_Coulon-150x150-3.png\">\r\n            <\/div>\r\n    <div class=\"element element_1623404249322  title_link \">\r\n                    <a target=\"_self\"\r\n                href=\"https:\/\/telemme.mmsh.fr\/?membres_equipe=mathieu-coulon\">Coulon Mathieu<\/a>\r\n            <\/div>\r\n    <div class=\"element element_1623404274777  categories \">\r\n            <\/div>\r\n    <div class=\"element element_1623404285625  content \">\r\n            <\/div>\r\n    <\/div>\r\n    <\/div>\n  <\/div><div class=\"item item-6180 skin flat even 4 \">\n        <div class=\"layer-wrapper layout-5136\">\n          <div class=\" element_1623404225146\"\r\n        id=\"\">\r\n        <div class=\"element element_1623404230921  thumb \">\r\n                    <img decoding=\"async\" alt=\"Laurence Lablache\" src=\"https:\/\/telemme.mmsh.fr\/wp-content\/uploads\/2021\/04\/profil-telemme-1-e1679255886688-250x182.jpg\">\r\n            <\/div>\r\n    <div class=\"element element_1623404249322  title_link \">\r\n                    <a target=\"_self\"\r\n                href=\"https:\/\/telemme.mmsh.fr\/?membres_equipe=laurence-lablache\">Lablache Laurence<\/a>\r\n            <\/div>\r\n    <div class=\"element element_1623404274777  categories \">\r\n            <\/div>\r\n    <div class=\"element element_1623404285625  content \">\r\n            <\/div>\r\n    <\/div>\r\n    <\/div>\n  <\/div><div class=\"item item-15229 skin flat odd 5 \">\n        <div class=\"layer-wrapper layout-5136\">\n          <div class=\" element_1623404225146\"\r\n        id=\"\">\r\n        <div class=\"element element_1623404230921  thumb \">\r\n                    <img decoding=\"async\" alt=\"Photo de David Macchi\" src=\"https:\/\/telemme.mmsh.fr\/wp-content\/uploads\/2025\/02\/David_Macchi-272x182.jpg\">\r\n            <\/div>\r\n    <div class=\"element element_1623404249322  title_link \">\r\n                    <a target=\"_self\"\r\n                href=\"https:\/\/telemme.mmsh.fr\/?membres_equipe=david-macchi\">Macchi David<\/a>\r\n            <\/div>\r\n    <div class=\"element element_1623404274777  categories \">\r\n            <\/div>\r\n    <div class=\"element element_1623404285625  content \">\r\n            <\/div>\r\n    <\/div>\r\n    <\/div>\n  <\/div><div class=\"item item-15590 skin flat even 6 \">\n        <div class=\"layer-wrapper layout-5136\">\n          <div class=\" element_1623404225146\"\r\n        id=\"\">\r\n        <div class=\"element element_1623404230921  thumb \">\r\n                    <img decoding=\"async\" alt=\"MAUREL Val\u00e9rie\" src=\"https:\/\/telemme.mmsh.fr\/wp-content\/uploads\/2025\/06\/Photo_Maurel_Valerie-272x182.jpg\">\r\n            <\/div>\r\n    <div class=\"element element_1623404249322  title_link \">\r\n                    <a target=\"_self\"\r\n                href=\"https:\/\/telemme.mmsh.fr\/?membres_equipe=maurel-valerie\">Maurel Val\u00e9rie<\/a>\r\n            <\/div>\r\n    <div class=\"element element_1623404274777  categories \">\r\n            <\/div>\r\n    <div class=\"element element_1623404285625  content \">\r\n            <\/div>\r\n    <\/div>\r\n    <\/div>\n  <\/div><div class=\"item item-6176 skin flat odd 7 \">\n        <div class=\"layer-wrapper layout-5136\">\n          <div class=\" element_1623404225146\"\r\n        id=\"\">\r\n        <div class=\"element element_1623404230921  thumb \">\r\n                    <img decoding=\"async\" alt=\"\" src=\"https:\/\/telemme.mmsh.fr\/wp-content\/uploads\/2020\/11\/mimi-noir-et-blanc-2-1-272x182.jpg\">\r\n            <\/div>\r\n    <div class=\"element element_1623404249322  title_link \">\r\n                    <a target=\"_self\"\r\n                href=\"https:\/\/telemme.mmsh.fr\/?membres_equipe=mireille-poggetti\">Poggetti Mireille<\/a>\r\n            <\/div>\r\n    <div class=\"element element_1623404274777  categories \">\r\n            <\/div>\r\n    <div class=\"element element_1623404285625  content \">\r\n            <\/div>\r\n    <\/div>\r\n    <\/div>\n  <\/div><div class=\"item item-6175 skin flat even 8 \">\n        <div class=\"layer-wrapper layout-5136\">\n          <div class=\" element_1623404225146\"\r\n        id=\"\">\r\n        <div class=\"element element_1623404230921  thumb \">\r\n                    <img decoding=\"async\" alt=\"\" src=\"https:\/\/telemme.mmsh.fr\/wp-content\/uploads\/2021\/09\/Glacier-Point-3201-feet-Yosemite-Valley-Cal.-Taber-Photo-1887-Library-of-Congress-LC-USZ62-100867_vignette-1.jpg\">\r\n            <\/div>\r\n    <div class=\"element element_1623404249322  title_link \">\r\n                    <a target=\"_self\"\r\n                href=\"https:\/\/telemme.mmsh.fr\/?membres_equipe=agnes-rabion\">Rabion Agn\u00e8s<\/a>\r\n            <\/div>\r\n    <div class=\"element element_1623404274777  categories \">\r\n            <\/div>\r\n    <div class=\"element element_1623404285625  content \">\r\n            <\/div>\r\n    <\/div>\r\n    <\/div>\n  <\/div>    <\/div>\n    <div class=\"pagination\">\n      <div class=\"paginate\">\n      <\/div>\n  <style type=\"text\/css\">\n    #post-grid-5199 .pagination .page-numbers {\n      font-size: 16px;\n      color: #fff;\n      background: #646464;\n    }\n\n    #post-grid-5199 .pagination .page-numbers:hover,\n    #post-grid-5199 .pagination .page-numbers.current {\n      background: #4b4b4b;\n    }\n  <\/style>\n  <\/div>\n        <style type=\"text\/css\">\r\n            .layout-5136 .element_1623404225146 {\r\n                            }\r\n\r\n                    <\/style>\r\n        <style type=\"text\/css\">\r\n        .layout-5136 .element_1623404230921 {\r\n            overflow: hidden;\r\n                    }\r\n\r\n        .layout-5136 .element_1623404230921 img {\r\n            max-width: 100%;\r\n            height: auto;\r\n        }\r\n\r\n        @media only screen and (min-width: 1024px) {\r\n            .layout-5136 .element_1623404230921 {\r\n                            }\r\n        }\r\n\r\n        @media only screen and (min-width: 768px) and (max-width: 1023px) {\r\n            .layout-5136 .element_1623404230921 {\r\n                            }\r\n        }\r\n\r\n        @media only screen and (min-width: 0px) and (max-width: 767px) {\r\n            .layout-5136 .element_1623404230921 {\r\n                            }\r\n        }\r\n    <\/style>\r\n    <style type=\"text\/css\">\r\n        .layout-5136 .element_1623404249322 {\r\n            color: #000000;\r\n            font-size: 26px;\r\n            font-family: Alata;\r\n            margin: 10px;\r\n            text-align: center;\r\n            font-weight:bold;        }\r\n\r\n        .layout-5136 .element_1623404249322 a {\r\n            color: #000000;\r\n            font-size: 26px;\r\n            font-family: Alata;\r\n                    }\r\n    <\/style>\r\n    <style type=\"text\/css\">\r\n        .layout-5136 .element_1623404274777 {\r\n            color: #005578;\r\n            text-align: center;\r\n                    }\r\n\r\n        .layout-5136 .element_1623404274777 a {\r\n                    }\r\n\r\n            <\/style>\r\n      <script>\n          <\/script>\n    <style type=\"text\/css\">\n    #post-grid-5199 {\n      padding: 10px;\n      background-color: #ffffff;\n          }\n\n    #post-grid-5199 .item {\n      padding: 0px;\n      background: #fff;\n          }\n\n    #post-grid-5199 .item .layer-media {\n      height:auto;    }\n\n    @media only screen and (min-width: 0px) and (max-width: 767px) {\n      #post-grid-5199 .grid-items {\n        text-align: center;\n              }\n\n      #post-grid-5199 .item {\n        width: 90%;\n        margin: 10px;\n        display: inline-block;\n        vertical-align: top;\n        height:auto;      }\n    }\n\n    @media only screen and (min-width: 768px) and (max-width: 1023px) {\n      #post-grid-5199 .grid-items {\n        text-align: center;\n              }\n\n      #post-grid-5199 .item {\n        width: 280px;\n        margin: 10px;\n        display: inline-block;\n        vertical-align: top;\n        max-height:auto;      }\n    }\n\n    @media only screen and (min-width: 1024px) {\n      #post-grid-5199 .grid-items {\n        text-align: center;\n              }\n\n      #post-grid-5199 .item {\n        width: 280px;\n        display: inline-block;\n        margin: 10px;\n        vertical-align: top;\n        height:auto;      }\n    }\n\n      <\/style>\n  <\/div>\n\n","protected":false},"excerpt":{"rendered":"<p>L&rsquo;\u00e9quipe d&rsquo;accompagnement \u00e0 la recherche de TELEMMe est compos\u00e9e de 6 ing\u00e9nieur\u00b7es et technicien\u00b7nes. Elle se r\u00e9unit de mani\u00e8re hebdomadaire autour de la direction pour partager l\u2019information, les remont\u00e9es du&hellip;&nbsp;<a href=\"https:\/\/telemme.mmsh.fr\/?membres_equipe=bataoui-meriem\" rel=\"bookmark\">Lire la suite &raquo;<span class=\"screen-reader-text\">Bataoui Meriem<\/span><\/a><\/p>\n","protected":false},"author":6,"featured_media":0,"parent":57,"menu_order":2,"comment_status":"closed","ping_status":"closed","template":"","meta":{"neve_meta_sidebar":"full-width","neve_meta_container":"","neve_meta_enable_content_width":"on","neve_meta_content_width":100,"neve_meta_title_alignment":"","neve_meta_author_avatar":"","neve_post_elements_order":"","neve_meta_disable_header":"","neve_meta_disable_footer":"","neve_meta_disable_title":"","footnotes":""},"class_list":["post-5200","page","type-page","status-publish","hentry"],"yoast_head":"<!-- This site is optimized with the Yoast SEO plugin v27.4 - https:\/\/yoast.com\/product\/yoast-seo-wordpress\/ -->\n<title>L\u2019\u00e9quipe de TELEMMe - TELEMMe - Temps, espaces, langages, Europe m\u00e9ridionale, M\u00e9diterran\u00e9e<\/title>\n<meta name=\"robots\" content=\"index, follow, max-snippet:-1, max-image-preview:large, max-video-preview:-1\" \/>\n<link rel=\"canonical\" href=\"https:\/\/telemme.mmsh.fr\/?page_id=5200\" \/>\n<meta property=\"og:locale\" content=\"fr_FR\" \/>\n<meta property=\"og:type\" content=\"article\" \/>\n<meta property=\"og:title\" content=\"L\u2019\u00e9quipe de TELEMMe - TELEMMe - Temps, espaces, langages, Europe m\u00e9ridionale, M\u00e9diterran\u00e9e\" \/>\n<meta property=\"og:description\" content=\"L&rsquo;\u00e9quipe d&rsquo;accompagnement \u00e0 la recherche de TELEMMe est compos\u00e9e de 6 ing\u00e9nieur\u00b7es et technicien\u00b7nes. Elle se r\u00e9unit de mani\u00e8re hebdomadaire autour de la direction pour partager l\u2019information, les remont\u00e9es du&hellip;&nbsp;Lire la suite &raquo;Bataoui Meriem\" \/>\n<meta property=\"og:url\" content=\"https:\/\/telemme.mmsh.fr\/?page_id=5200\" \/>\n<meta property=\"og:site_name\" content=\"TELEMMe - Temps, espaces, langages, Europe m\u00e9ridionale, M\u00e9diterran\u00e9e\" \/>\n<meta property=\"article:modified_time\" content=\"2025-06-02T08:33:39+00:00\" \/>\n<meta name=\"twitter:card\" content=\"summary_large_image\" \/>\n<meta name=\"twitter:label1\" content=\"Dur\u00e9e de lecture estim\u00e9e\" \/>\n\t<meta name=\"twitter:data1\" content=\"1 minute\" \/>\n<script type=\"application\/ld+json\" class=\"yoast-schema-graph\">{\"@context\":\"https:\\\/\\\/schema.org\",\"@graph\":[{\"@type\":\"WebPage\",\"@id\":\"https:\\\/\\\/telemme.mmsh.fr\\\/?page_id=5200\",\"url\":\"https:\\\/\\\/telemme.mmsh.fr\\\/?page_id=5200\",\"name\":\"L\u2019\u00e9quipe de TELEMMe - TELEMMe - Temps, espaces, langages, Europe m\u00e9ridionale, M\u00e9diterran\u00e9e\",\"isPartOf\":{\"@id\":\"https:\\\/\\\/telemme.mmsh.fr\\\/#website\"},\"datePublished\":\"2021-02-17T18:36:40+00:00\",\"dateModified\":\"2025-06-02T08:33:39+00:00\",\"breadcrumb\":{\"@id\":\"https:\\\/\\\/telemme.mmsh.fr\\\/?page_id=5200#breadcrumb\"},\"inLanguage\":\"fr-FR\",\"potentialAction\":[{\"@type\":\"ReadAction\",\"target\":[\"https:\\\/\\\/telemme.mmsh.fr\\\/?page_id=5200\"]}]},{\"@type\":\"BreadcrumbList\",\"@id\":\"https:\\\/\\\/telemme.mmsh.fr\\\/?page_id=5200#breadcrumb\",\"itemListElement\":[{\"@type\":\"ListItem\",\"position\":1,\"name\":\"Accueil\",\"item\":\"https:\\\/\\\/telemme.mmsh.fr\\\/\"},{\"@type\":\"ListItem\",\"position\":2,\"name\":\"Le Laboratoire\",\"item\":\"https:\\\/\\\/telemme.mmsh.fr\\\/?page_id=57\"},{\"@type\":\"ListItem\",\"position\":3,\"name\":\"L\u2019\u00e9quipe de TELEMMe\"}]},{\"@type\":\"WebSite\",\"@id\":\"https:\\\/\\\/telemme.mmsh.fr\\\/#website\",\"url\":\"https:\\\/\\\/telemme.mmsh.fr\\\/\",\"name\":\"TELEMMe - Temps, espaces, langages, Europe m\u00e9ridionale, M\u00e9diterran\u00e9e\",\"description\":\"\",\"publisher\":{\"@id\":\"https:\\\/\\\/telemme.mmsh.fr\\\/#organization\"},\"potentialAction\":[{\"@type\":\"SearchAction\",\"target\":{\"@type\":\"EntryPoint\",\"urlTemplate\":\"https:\\\/\\\/telemme.mmsh.fr\\\/?s={search_term_string}\"},\"query-input\":{\"@type\":\"PropertyValueSpecification\",\"valueRequired\":true,\"valueName\":\"search_term_string\"}}],\"inLanguage\":\"fr-FR\"},{\"@type\":\"Organization\",\"@id\":\"https:\\\/\\\/telemme.mmsh.fr\\\/#organization\",\"name\":\"TELEMMe\",\"url\":\"https:\\\/\\\/telemme.mmsh.fr\\\/\",\"logo\":{\"@type\":\"ImageObject\",\"inLanguage\":\"fr-FR\",\"@id\":\"https:\\\/\\\/telemme.mmsh.fr\\\/#\\\/schema\\\/logo\\\/image\\\/\",\"url\":\"https:\\\/\\\/telemme.mmsh.fr\\\/wp-content\\\/uploads\\\/2020\\\/03\\\/LogoTELEMMe-horizontal-fond-transparent.png\",\"contentUrl\":\"https:\\\/\\\/telemme.mmsh.fr\\\/wp-content\\\/uploads\\\/2020\\\/03\\\/LogoTELEMMe-horizontal-fond-transparent.png\",\"width\":1500,\"height\":437,\"caption\":\"TELEMMe\"},\"image\":{\"@id\":\"https:\\\/\\\/telemme.mmsh.fr\\\/#\\\/schema\\\/logo\\\/image\\\/\"}}]}<\/script>\n<!-- \/ Yoast SEO plugin. -->","yoast_head_json":{"title":"L\u2019\u00e9quipe de TELEMMe - TELEMMe - Temps, espaces, langages, Europe m\u00e9ridionale, M\u00e9diterran\u00e9e","robots":{"index":"index","follow":"follow","max-snippet":"max-snippet:-1","max-image-preview":"max-image-preview:large","max-video-preview":"max-video-preview:-1"},"canonical":"https:\/\/telemme.mmsh.fr\/?page_id=5200","og_locale":"fr_FR","og_type":"article","og_title":"L\u2019\u00e9quipe de TELEMMe - TELEMMe - Temps, espaces, langages, Europe m\u00e9ridionale, M\u00e9diterran\u00e9e","og_description":"L&rsquo;\u00e9quipe d&rsquo;accompagnement \u00e0 la recherche de TELEMMe est compos\u00e9e de 6 ing\u00e9nieur\u00b7es et technicien\u00b7nes. Elle se r\u00e9unit de mani\u00e8re hebdomadaire autour de la direction pour partager l\u2019information, les remont\u00e9es du&hellip;&nbsp;Lire la suite &raquo;Bataoui Meriem","og_url":"https:\/\/telemme.mmsh.fr\/?page_id=5200","og_site_name":"TELEMMe - Temps, espaces, langages, Europe m\u00e9ridionale, M\u00e9diterran\u00e9e","article_modified_time":"2025-06-02T08:33:39+00:00","twitter_card":"summary_large_image","twitter_misc":{"Dur\u00e9e de lecture estim\u00e9e":"1 minute"},"schema":{"@context":"https:\/\/schema.org","@graph":[{"@type":"WebPage","@id":"https:\/\/telemme.mmsh.fr\/?page_id=5200","url":"https:\/\/telemme.mmsh.fr\/?page_id=5200","name":"L\u2019\u00e9quipe de TELEMMe - TELEMMe - Temps, espaces, langages, Europe m\u00e9ridionale, M\u00e9diterran\u00e9e","isPartOf":{"@id":"https:\/\/telemme.mmsh.fr\/#website"},"datePublished":"2021-02-17T18:36:40+00:00","dateModified":"2025-06-02T08:33:39+00:00","breadcrumb":{"@id":"https:\/\/telemme.mmsh.fr\/?page_id=5200#breadcrumb"},"inLanguage":"fr-FR","potentialAction":[{"@type":"ReadAction","target":["https:\/\/telemme.mmsh.fr\/?page_id=5200"]}]},{"@type":"BreadcrumbList","@id":"https:\/\/telemme.mmsh.fr\/?page_id=5200#breadcrumb","itemListElement":[{"@type":"ListItem","position":1,"name":"Accueil","item":"https:\/\/telemme.mmsh.fr\/"},{"@type":"ListItem","position":2,"name":"Le Laboratoire","item":"https:\/\/telemme.mmsh.fr\/?page_id=57"},{"@type":"ListItem","position":3,"name":"L\u2019\u00e9quipe de TELEMMe"}]},{"@type":"WebSite","@id":"https:\/\/telemme.mmsh.fr\/#website","url":"https:\/\/telemme.mmsh.fr\/","name":"TELEMMe - Temps, espaces, langages, Europe m\u00e9ridionale, M\u00e9diterran\u00e9e","description":"","publisher":{"@id":"https:\/\/telemme.mmsh.fr\/#organization"},"potentialAction":[{"@type":"SearchAction","target":{"@type":"EntryPoint","urlTemplate":"https:\/\/telemme.mmsh.fr\/?s={search_term_string}"},"query-input":{"@type":"PropertyValueSpecification","valueRequired":true,"valueName":"search_term_string"}}],"inLanguage":"fr-FR"},{"@type":"Organization","@id":"https:\/\/telemme.mmsh.fr\/#organization","name":"TELEMMe","url":"https:\/\/telemme.mmsh.fr\/","logo":{"@type":"ImageObject","inLanguage":"fr-FR","@id":"https:\/\/telemme.mmsh.fr\/#\/schema\/logo\/image\/","url":"https:\/\/telemme.mmsh.fr\/wp-content\/uploads\/2020\/03\/LogoTELEMMe-horizontal-fond-transparent.png","contentUrl":"https:\/\/telemme.mmsh.fr\/wp-content\/uploads\/2020\/03\/LogoTELEMMe-horizontal-fond-transparent.png","width":1500,"height":437,"caption":"TELEMMe"},"image":{"@id":"https:\/\/telemme.mmsh.fr\/#\/schema\/logo\/image\/"}}]}},"_links":{"self":[{"href":"https:\/\/telemme.mmsh.fr\/index.php?rest_route=\/wp\/v2\/pages\/5200","targetHints":{"allow":["GET"]}}],"collection":[{"href":"https:\/\/telemme.mmsh.fr\/index.php?rest_route=\/wp\/v2\/pages"}],"about":[{"href":"https:\/\/telemme.mmsh.fr\/index.php?rest_route=\/wp\/v2\/types\/page"}],"author":[{"embeddable":true,"href":"https:\/\/telemme.mmsh.fr\/index.php?rest_route=\/wp\/v2\/users\/6"}],"replies":[{"embeddable":true,"href":"https:\/\/telemme.mmsh.fr\/index.php?rest_route=%2Fwp%2Fv2%2Fcomments&post=5200"}],"version-history":[{"count":17,"href":"https:\/\/telemme.mmsh.fr\/index.php?rest_route=\/wp\/v2\/pages\/5200\/revisions"}],"predecessor-version":[{"id":15591,"href":"https:\/\/telemme.mmsh.fr\/index.php?rest_route=\/wp\/v2\/pages\/5200\/revisions\/15591"}],"up":[{"embeddable":true,"href":"https:\/\/telemme.mmsh.fr\/index.php?rest_route=\/wp\/v2\/pages\/57"}],"wp:attachment":[{"href":"https:\/\/telemme.mmsh.fr\/index.php?rest_route=%2Fwp%2Fv2%2Fmedia&parent=5200"}],"curies":[{"name":"wp","href":"https:\/\/api.w.org\/{rel}","templated":true}]}}