{"id":5193,"date":"2021-02-17T19:22:21","date_gmt":"2021-02-17T18:22:21","guid":{"rendered":"http:\/\/telemme.mmsh.fr\/?page_id=5193"},"modified":"2021-06-11T11:04:39","modified_gmt":"2021-06-11T09:04:39","slug":"cnrs","status":"publish","type":"page","link":"https:\/\/telemme.mmsh.fr\/?page_id=5193","title":{"rendered":"Chercheurs et chercheuses CNRS"},"content":{"rendered":"\n<p><\/p>\n\n\n    <div data-options='{&quot;id&quot;:&quot;5191&quot;,&quot;lazy_load&quot;:&quot;no&quot;,&quot;masonry_enable&quot;:&quot;no&quot;,&quot;view_type&quot;:&quot;grid&quot;}' id=\"post-grid-5191\" class=\"post-grid grid\">\n    \n\n\n    <div class=\"grid-items\">\n      <div class=\"item item-991 skin flat even 0 \">\n        <div class=\"layer-wrapper layout-5136\">\n          <div class=\" element_1623404225146\"\r\n        id=\"\">\r\n        <div class=\"element element_1623404230921  thumb \">\r\n                    <img decoding=\"async\" alt=\"Karima Dir\u00e8che, Telemme (AMU-CNRS)\" src=\"https:\/\/telemme.mmsh.fr\/wp-content\/uploads\/2020\/11\/Karima-Direche-272x168.jpeg\">\r\n            <\/div>\r\n    <div class=\"element element_1623404249322  title_link \">\r\n                    <a target=\"_self\"\r\n                href=\"https:\/\/telemme.mmsh.fr\/?membres=karima-direche\">Dir\u00e8che Karima<\/a>\r\n            <\/div>\r\n    <div class=\"element element_1623404274777  categories \">\r\n            <\/div>\r\n    <div class=\"element element_1623404285625  content \">\r\n            <\/div>\r\n    <\/div>\r\n    <\/div>\n  <\/div><div class=\"item item-1005 skin flat odd 1 \">\n        <div class=\"layer-wrapper layout-5136\">\n          <div class=\" element_1623404225146\"\r\n        id=\"\">\r\n        <div class=\"element element_1623404230921  thumb \">\r\n                    <img decoding=\"async\" alt=\"\" src=\"https:\/\/telemme.mmsh.fr\/wp-content\/uploads\/2020\/11\/P3276184-LHG-272x182.jpg\">\r\n            <\/div>\r\n    <div class=\"element element_1623404249322  title_link \">\r\n                    <a target=\"_self\"\r\n                href=\"https:\/\/telemme.mmsh.fr\/?membres=laure-helene-gouffran\">Gouffran Laure-H\u00e9l\u00e8ne<\/a>\r\n            <\/div>\r\n    <div class=\"element element_1623404274777  categories \">\r\n            <\/div>\r\n    <div class=\"element element_1623404285625  content \">\r\n            <\/div>\r\n    <\/div>\r\n    <\/div>\n  <\/div><div class=\"item item-1020 skin flat even 2 \">\n        <div class=\"layer-wrapper layout-5136\">\n          <div class=\" element_1623404225146\"\r\n        id=\"\">\r\n        <div class=\"element element_1623404230921  thumb \">\r\n                    <img decoding=\"async\" alt=\"B\u00e9atrice Mesini, TELEMMe (AMU-CNRS)\" src=\"https:\/\/telemme.mmsh.fr\/wp-content\/uploads\/2020\/11\/beatrice-mesini-272x182.jpg\">\r\n            <\/div>\r\n    <div class=\"element element_1623404249322  title_link \">\r\n                    <a target=\"_self\"\r\n                href=\"https:\/\/telemme.mmsh.fr\/?membres=beatrice-mesini\">M\u00e9sini B\u00e9atrice<\/a>\r\n            <\/div>\r\n    <div class=\"element element_1623404274777  categories \">\r\n            <\/div>\r\n    <div class=\"element element_1623404285625  content \">\r\n            <\/div>\r\n    <\/div>\r\n    <\/div>\n  <\/div><div class=\"item item-13607 skin flat odd 3 \">\n        <div class=\"layer-wrapper layout-5136\">\n          <div class=\" element_1623404225146\"\r\n        id=\"\">\r\n        <div class=\"element element_1623404230921  thumb \">\r\n                    <img decoding=\"async\" alt=\"nora nafaa\" src=\"https:\/\/telemme.mmsh.fr\/wp-content\/uploads\/2023\/11\/Capture-decran-2023-11-22-153550-272x182.png\">\r\n            <\/div>\r\n    <div class=\"element element_1623404249322  title_link \">\r\n                    <a target=\"_self\"\r\n                href=\"https:\/\/telemme.mmsh.fr\/?membres=nafaa-nora\">Nafaa Nora<\/a>\r\n            <\/div>\r\n    <div class=\"element element_1623404274777  categories \">\r\n            <\/div>\r\n    <div class=\"element element_1623404285625  content \">\r\n            <\/div>\r\n    <\/div>\r\n    <\/div>\n  <\/div><div class=\"item item-1038 skin flat even 4 \">\n        <div class=\"layer-wrapper layout-5136\">\n          <div class=\" element_1623404225146\"\r\n        id=\"\">\r\n        <div class=\"element element_1623404230921  thumb \">\r\n                    <img decoding=\"async\" alt=\"Olivier Raveux, TELEMMe (AMU-CNRS)\" src=\"https:\/\/telemme.mmsh.fr\/wp-content\/uploads\/2020\/11\/Photo-Olivier-Raveux3-272x182.jpg\">\r\n            <\/div>\r\n    <div class=\"element element_1623404249322  title_link \">\r\n                    <a target=\"_self\"\r\n                href=\"https:\/\/telemme.mmsh.fr\/?membres=olivier-raveux\">Raveux Olivier<\/a>\r\n            <\/div>\r\n    <div class=\"element element_1623404274777  categories \">\r\n            <\/div>\r\n    <div class=\"element element_1623404285625  content \">\r\n            <\/div>\r\n    <\/div>\r\n    <\/div>\n  <\/div><div class=\"item item-11603 skin flat odd 5 \">\n        <div class=\"layer-wrapper layout-5136\">\n          <div class=\" element_1623404225146\"\r\n        id=\"\">\r\n        <div class=\"element element_1623404230921  thumb \">\r\n                    <img decoding=\"async\" alt=\"Hugo Vermeren, Paris 1, Membre associ\u00e9 de TELEMMe\" src=\"https:\/\/telemme.mmsh.fr\/wp-content\/uploads\/2022\/09\/Portrait_Hugo_EFR2.jpg-272x182.webp\">\r\n            <\/div>\r\n    <div class=\"element element_1623404249322  title_link \">\r\n                    <a target=\"_self\"\r\n                href=\"https:\/\/telemme.mmsh.fr\/?membres=hugo-vermeren\">Vermeren Hugo<\/a>\r\n            <\/div>\r\n    <div class=\"element element_1623404274777  categories \">\r\n            <\/div>\r\n    <div class=\"element element_1623404285625  content \">\r\n            <\/div>\r\n    <\/div>\r\n    <\/div>\n  <\/div>    <\/div>\n    <div class=\"pagination\">\n      <div class=\"paginate\">\n      <\/div>\n  <style type=\"text\/css\">\n    #post-grid-5191 .pagination .page-numbers {\n      font-size: 16px;\n      color: #fff;\n      background: #646464;\n    }\n\n    #post-grid-5191 .pagination .page-numbers:hover,\n    #post-grid-5191 .pagination .page-numbers.current {\n      background: #4b4b4b;\n    }\n  <\/style>\n  <\/div>\n        <style type=\"text\/css\">\r\n            .layout-5136 .element_1623404225146 {\r\n                            }\r\n\r\n                    <\/style>\r\n        <style type=\"text\/css\">\r\n        .layout-5136 .element_1623404230921 {\r\n            overflow: hidden;\r\n                    }\r\n\r\n        .layout-5136 .element_1623404230921 img {\r\n            max-width: 100%;\r\n            height: auto;\r\n        }\r\n\r\n        @media only screen and (min-width: 1024px) {\r\n            .layout-5136 .element_1623404230921 {\r\n                            }\r\n        }\r\n\r\n        @media only screen and (min-width: 768px) and (max-width: 1023px) {\r\n            .layout-5136 .element_1623404230921 {\r\n                            }\r\n        }\r\n\r\n        @media only screen and (min-width: 0px) and (max-width: 767px) {\r\n            .layout-5136 .element_1623404230921 {\r\n                            }\r\n        }\r\n    <\/style>\r\n    <style type=\"text\/css\">\r\n        .layout-5136 .element_1623404249322 {\r\n            color: #000000;\r\n            font-size: 26px;\r\n            font-family: Alata;\r\n            margin: 10px;\r\n            text-align: center;\r\n            font-weight:bold;        }\r\n\r\n        .layout-5136 .element_1623404249322 a {\r\n            color: #000000;\r\n            font-size: 26px;\r\n            font-family: Alata;\r\n                    }\r\n    <\/style>\r\n    <style type=\"text\/css\">\r\n        .layout-5136 .element_1623404274777 {\r\n            color: #005578;\r\n            text-align: center;\r\n                    }\r\n\r\n        .layout-5136 .element_1623404274777 a {\r\n                    }\r\n\r\n            <\/style>\r\n      <script>\n          <\/script>\n    <style type=\"text\/css\">\n    #post-grid-5191 {\n      padding: 10px;\n      background-color: #ffffff;\n          }\n\n    #post-grid-5191 .item {\n      padding: 0px;\n      background: #fff;\n          }\n\n    #post-grid-5191 .item .layer-media {\n      height:auto;    }\n\n    @media only screen and (min-width: 0px) and (max-width: 767px) {\n      #post-grid-5191 .grid-items {\n        text-align: center;\n              }\n\n      #post-grid-5191 .item {\n        width: 90%;\n        margin: 10px;\n        display: inline-block;\n        vertical-align: top;\n        height:auto;      }\n    }\n\n    @media only screen and (min-width: 768px) and (max-width: 1023px) {\n      #post-grid-5191 .grid-items {\n        text-align: center;\n              }\n\n      #post-grid-5191 .item {\n        width: 280px;\n        margin: 10px;\n        display: inline-block;\n        vertical-align: top;\n        max-height:auto;      }\n    }\n\n    @media only screen and (min-width: 1024px) {\n      #post-grid-5191 .grid-items {\n        text-align: center;\n              }\n\n      #post-grid-5191 .item {\n        width: 280px;\n        display: inline-block;\n        margin: 10px;\n        vertical-align: top;\n        height:auto;      }\n    }\n\n      <\/style>\n  <\/div>\n\n","protected":false},"excerpt":{"rendered":"","protected":false},"author":6,"featured_media":0,"parent":2296,"menu_order":-20,"comment_status":"closed","ping_status":"closed","template":"","meta":{"neve_meta_sidebar":"full-width","neve_meta_container":"","neve_meta_enable_content_width":"on","neve_meta_content_width":100,"neve_meta_title_alignment":"","neve_meta_author_avatar":"","neve_post_elements_order":"","neve_meta_disable_header":"","neve_meta_disable_footer":"","neve_meta_disable_title":"","footnotes":""},"class_list":["post-5193","page","type-page","status-publish","hentry"],"yoast_head":"<!-- This site is optimized with the Yoast SEO plugin v27.4 - https:\/\/yoast.com\/product\/yoast-seo-wordpress\/ -->\n<title>Chercheurs et chercheuses CNRS - TELEMMe - Temps, espaces, langages, Europe m\u00e9ridionale, M\u00e9diterran\u00e9e<\/title>\n<meta name=\"robots\" content=\"index, follow, max-snippet:-1, max-image-preview:large, max-video-preview:-1\" \/>\n<link rel=\"canonical\" href=\"https:\/\/telemme.mmsh.fr\/?page_id=5193\" \/>\n<meta property=\"og:locale\" content=\"fr_FR\" \/>\n<meta property=\"og:type\" content=\"article\" \/>\n<meta property=\"og:title\" content=\"Chercheurs et chercheuses CNRS - TELEMMe - Temps, espaces, langages, Europe m\u00e9ridionale, M\u00e9diterran\u00e9e\" \/>\n<meta property=\"og:url\" content=\"https:\/\/telemme.mmsh.fr\/?page_id=5193\" \/>\n<meta property=\"og:site_name\" content=\"TELEMMe - Temps, espaces, langages, Europe m\u00e9ridionale, M\u00e9diterran\u00e9e\" \/>\n<meta property=\"article:modified_time\" content=\"2021-06-11T09:04:39+00:00\" \/>\n<meta name=\"twitter:card\" content=\"summary_large_image\" \/>\n<meta name=\"twitter:label1\" content=\"Dur\u00e9e de lecture estim\u00e9e\" \/>\n\t<meta name=\"twitter:data1\" content=\"1 minute\" \/>\n<script type=\"application\/ld+json\" class=\"yoast-schema-graph\">{\"@context\":\"https:\\\/\\\/schema.org\",\"@graph\":[{\"@type\":\"WebPage\",\"@id\":\"https:\\\/\\\/telemme.mmsh.fr\\\/?page_id=5193\",\"url\":\"https:\\\/\\\/telemme.mmsh.fr\\\/?page_id=5193\",\"name\":\"Chercheurs et chercheuses CNRS - TELEMMe - Temps, espaces, langages, Europe m\u00e9ridionale, M\u00e9diterran\u00e9e\",\"isPartOf\":{\"@id\":\"https:\\\/\\\/telemme.mmsh.fr\\\/#website\"},\"datePublished\":\"2021-02-17T18:22:21+00:00\",\"dateModified\":\"2021-06-11T09:04:39+00:00\",\"breadcrumb\":{\"@id\":\"https:\\\/\\\/telemme.mmsh.fr\\\/?page_id=5193#breadcrumb\"},\"inLanguage\":\"fr-FR\",\"potentialAction\":[{\"@type\":\"ReadAction\",\"target\":[\"https:\\\/\\\/telemme.mmsh.fr\\\/?page_id=5193\"]}]},{\"@type\":\"BreadcrumbList\",\"@id\":\"https:\\\/\\\/telemme.mmsh.fr\\\/?page_id=5193#breadcrumb\",\"itemListElement\":[{\"@type\":\"ListItem\",\"position\":1,\"name\":\"Accueil\",\"item\":\"https:\\\/\\\/telemme.mmsh.fr\\\/\"},{\"@type\":\"ListItem\",\"position\":2,\"name\":\"Le Laboratoire\",\"item\":\"https:\\\/\\\/telemme.mmsh.fr\\\/?page_id=57\"},{\"@type\":\"ListItem\",\"position\":3,\"name\":\"Membres statutaires\",\"item\":\"https:\\\/\\\/telemme.mmsh.fr\\\/?page_id=2296\"},{\"@type\":\"ListItem\",\"position\":4,\"name\":\"Chercheurs et chercheuses CNRS\"}]},{\"@type\":\"WebSite\",\"@id\":\"https:\\\/\\\/telemme.mmsh.fr\\\/#website\",\"url\":\"https:\\\/\\\/telemme.mmsh.fr\\\/\",\"name\":\"TELEMMe - Temps, espaces, langages, Europe m\u00e9ridionale, M\u00e9diterran\u00e9e\",\"description\":\"\",\"publisher\":{\"@id\":\"https:\\\/\\\/telemme.mmsh.fr\\\/#organization\"},\"potentialAction\":[{\"@type\":\"SearchAction\",\"target\":{\"@type\":\"EntryPoint\",\"urlTemplate\":\"https:\\\/\\\/telemme.mmsh.fr\\\/?s={search_term_string}\"},\"query-input\":{\"@type\":\"PropertyValueSpecification\",\"valueRequired\":true,\"valueName\":\"search_term_string\"}}],\"inLanguage\":\"fr-FR\"},{\"@type\":\"Organization\",\"@id\":\"https:\\\/\\\/telemme.mmsh.fr\\\/#organization\",\"name\":\"TELEMMe\",\"url\":\"https:\\\/\\\/telemme.mmsh.fr\\\/\",\"logo\":{\"@type\":\"ImageObject\",\"inLanguage\":\"fr-FR\",\"@id\":\"https:\\\/\\\/telemme.mmsh.fr\\\/#\\\/schema\\\/logo\\\/image\\\/\",\"url\":\"https:\\\/\\\/telemme.mmsh.fr\\\/wp-content\\\/uploads\\\/2020\\\/03\\\/LogoTELEMMe-horizontal-fond-transparent.png\",\"contentUrl\":\"https:\\\/\\\/telemme.mmsh.fr\\\/wp-content\\\/uploads\\\/2020\\\/03\\\/LogoTELEMMe-horizontal-fond-transparent.png\",\"width\":1500,\"height\":437,\"caption\":\"TELEMMe\"},\"image\":{\"@id\":\"https:\\\/\\\/telemme.mmsh.fr\\\/#\\\/schema\\\/logo\\\/image\\\/\"}}]}<\/script>\n<!-- \/ Yoast SEO plugin. -->","yoast_head_json":{"title":"Chercheurs et chercheuses CNRS - TELEMMe - Temps, espaces, langages, Europe m\u00e9ridionale, M\u00e9diterran\u00e9e","robots":{"index":"index","follow":"follow","max-snippet":"max-snippet:-1","max-image-preview":"max-image-preview:large","max-video-preview":"max-video-preview:-1"},"canonical":"https:\/\/telemme.mmsh.fr\/?page_id=5193","og_locale":"fr_FR","og_type":"article","og_title":"Chercheurs et chercheuses CNRS - TELEMMe - Temps, espaces, langages, Europe m\u00e9ridionale, M\u00e9diterran\u00e9e","og_url":"https:\/\/telemme.mmsh.fr\/?page_id=5193","og_site_name":"TELEMMe - Temps, espaces, langages, Europe m\u00e9ridionale, M\u00e9diterran\u00e9e","article_modified_time":"2021-06-11T09:04:39+00:00","twitter_card":"summary_large_image","twitter_misc":{"Dur\u00e9e de lecture estim\u00e9e":"1 minute"},"schema":{"@context":"https:\/\/schema.org","@graph":[{"@type":"WebPage","@id":"https:\/\/telemme.mmsh.fr\/?page_id=5193","url":"https:\/\/telemme.mmsh.fr\/?page_id=5193","name":"Chercheurs et chercheuses CNRS - TELEMMe - Temps, espaces, langages, Europe m\u00e9ridionale, M\u00e9diterran\u00e9e","isPartOf":{"@id":"https:\/\/telemme.mmsh.fr\/#website"},"datePublished":"2021-02-17T18:22:21+00:00","dateModified":"2021-06-11T09:04:39+00:00","breadcrumb":{"@id":"https:\/\/telemme.mmsh.fr\/?page_id=5193#breadcrumb"},"inLanguage":"fr-FR","potentialAction":[{"@type":"ReadAction","target":["https:\/\/telemme.mmsh.fr\/?page_id=5193"]}]},{"@type":"BreadcrumbList","@id":"https:\/\/telemme.mmsh.fr\/?page_id=5193#breadcrumb","itemListElement":[{"@type":"ListItem","position":1,"name":"Accueil","item":"https:\/\/telemme.mmsh.fr\/"},{"@type":"ListItem","position":2,"name":"Le Laboratoire","item":"https:\/\/telemme.mmsh.fr\/?page_id=57"},{"@type":"ListItem","position":3,"name":"Membres statutaires","item":"https:\/\/telemme.mmsh.fr\/?page_id=2296"},{"@type":"ListItem","position":4,"name":"Chercheurs et chercheuses CNRS"}]},{"@type":"WebSite","@id":"https:\/\/telemme.mmsh.fr\/#website","url":"https:\/\/telemme.mmsh.fr\/","name":"TELEMMe - Temps, espaces, langages, Europe m\u00e9ridionale, M\u00e9diterran\u00e9e","description":"","publisher":{"@id":"https:\/\/telemme.mmsh.fr\/#organization"},"potentialAction":[{"@type":"SearchAction","target":{"@type":"EntryPoint","urlTemplate":"https:\/\/telemme.mmsh.fr\/?s={search_term_string}"},"query-input":{"@type":"PropertyValueSpecification","valueRequired":true,"valueName":"search_term_string"}}],"inLanguage":"fr-FR"},{"@type":"Organization","@id":"https:\/\/telemme.mmsh.fr\/#organization","name":"TELEMMe","url":"https:\/\/telemme.mmsh.fr\/","logo":{"@type":"ImageObject","inLanguage":"fr-FR","@id":"https:\/\/telemme.mmsh.fr\/#\/schema\/logo\/image\/","url":"https:\/\/telemme.mmsh.fr\/wp-content\/uploads\/2020\/03\/LogoTELEMMe-horizontal-fond-transparent.png","contentUrl":"https:\/\/telemme.mmsh.fr\/wp-content\/uploads\/2020\/03\/LogoTELEMMe-horizontal-fond-transparent.png","width":1500,"height":437,"caption":"TELEMMe"},"image":{"@id":"https:\/\/telemme.mmsh.fr\/#\/schema\/logo\/image\/"}}]}},"_links":{"self":[{"href":"https:\/\/telemme.mmsh.fr\/index.php?rest_route=\/wp\/v2\/pages\/5193","targetHints":{"allow":["GET"]}}],"collection":[{"href":"https:\/\/telemme.mmsh.fr\/index.php?rest_route=\/wp\/v2\/pages"}],"about":[{"href":"https:\/\/telemme.mmsh.fr\/index.php?rest_route=\/wp\/v2\/types\/page"}],"author":[{"embeddable":true,"href":"https:\/\/telemme.mmsh.fr\/index.php?rest_route=\/wp\/v2\/users\/6"}],"replies":[{"embeddable":true,"href":"https:\/\/telemme.mmsh.fr\/index.php?rest_route=%2Fwp%2Fv2%2Fcomments&post=5193"}],"version-history":[{"count":5,"href":"https:\/\/telemme.mmsh.fr\/index.php?rest_route=\/wp\/v2\/pages\/5193\/revisions"}],"predecessor-version":[{"id":8301,"href":"https:\/\/telemme.mmsh.fr\/index.php?rest_route=\/wp\/v2\/pages\/5193\/revisions\/8301"}],"up":[{"embeddable":true,"href":"https:\/\/telemme.mmsh.fr\/index.php?rest_route=\/wp\/v2\/pages\/2296"}],"wp:attachment":[{"href":"https:\/\/telemme.mmsh.fr\/index.php?rest_route=%2Fwp%2Fv2%2Fmedia&parent=5193"}],"curies":[{"name":"wp","href":"https:\/\/api.w.org\/{rel}","templated":true}]}}