{"id":4749,"date":"2021-02-02T10:43:07","date_gmt":"2021-02-02T09:43:07","guid":{"rendered":"http:\/\/telemme.mmsh.fr\/?page_id=4749"},"modified":"2021-07-05T16:02:25","modified_gmt":"2021-07-05T14:02:25","slug":"formation-doctorale","status":"publish","type":"page","link":"https:\/\/telemme.mmsh.fr\/?page_id=4749","title":{"rendered":"Formation doctorale \u00e0 TELEMMe"},"content":{"rendered":"\n<p>La formation \u00e0 la recherche constitue l\u2019une des missions essentielles de TELEMMe, laboratoire d\u2019accueil de l\u2019<a href=\"https:\/\/ecole-doctorale-355.univ-amu.fr\/\">\u00c9cole doctorale 355 \u00ab Espaces, Cultures, Soci\u00e9t\u00e9s \u00bb<\/a>. Jusqu\u2019en 2015, les doctorantes et doctorants de TELEMMe relevaient de trois formations doctorales&nbsp;: Aire culturelle romane, Sciences g\u00e9ographiques et de l\u2019am\u00e9nagement, Histoire et humanit\u00e9s. Depuis 2016, les doctorants sont inscrits dans six sp\u00e9cialit\u00e9s&nbsp;: Histoire, G\u00e9ographie, Histoire de l\u2019art, \u00c9tudes romanes, Monde arabe, musulman et s\u00e9mitique, Urbanisme et am\u00e9nagement du territoire.<\/p>\n\n\n\n<p>L\u2019UMR offre aux doctorants un environnement mat\u00e9riel destin\u00e9 \u00e0 les soutenir dans leur recherche&nbsp;: salle d\u00e9di\u00e9e \u00e9quip\u00e9e de postes informatiques, soutien financier pour les missions de terrain et la participation \u00e0 des colloques en France et \u00e0 l\u2019\u00e9tranger, aide \u00e0 la traduction et \u00e0 la publication, appui dans la pr\u00e9paration des journ\u00e9es Jeunes Chercheurs, accompagnement vers l\u2019apr\u00e8s-th\u00e8se. Repr\u00e9sent\u00e9s au conseil de laboratoire, les doctorants sont \u00e9troitement associ\u00e9s \u00e0 la vie de l\u2019unit\u00e9 ainsi qu\u2019aux activit\u00e9s du groupe de recherche auquel ils sont rattach\u00e9s individuellement. Ils b\u00e9n\u00e9ficient \u00e9galement des \u00e9quipements de la <a href=\"http:\/\/www.mmsh.univ-aix.fr\/\">MMSH<\/a>, particuli\u00e8rement de la <a href=\"http:\/\/www.mmsh.univ-aix.fr\/mediatheque\/Pages\/default.aspx\">m\u00e9diath\u00e8que<\/a>, et des formations propos\u00e9es par l\u2019<a href=\"https:\/\/ecole-doctorale-355.univ-amu.fr\/fr\/doctorant\/formations\">ED 355<\/a> et l\u2019<a href=\"https:\/\/www.univ-amu.fr\/fr\/public\/pole-formation-master-doctorat\">Institut SoMuM<\/a>.<\/p>\n\n\n\n<p>TELEMMe accueille enfin r\u00e9guli\u00e8rement, pour des s\u00e9jours de recherche ou dans le cadre d\u2019\u00e9coles th\u00e9matiques, des doctorants ext\u00e9rieurs \u00e0 Aix-Marseille Universit\u00e9.<\/p>\n\n\n\n<div class=\"wp-block-media-text alignwide is-stacked-on-mobile\" style=\"grid-template-columns:30% auto\"><figure class=\"wp-block-media-text__media\"><img loading=\"lazy\" decoding=\"async\" width=\"799\" height=\"533\" src=\"https:\/\/telemme.mmsh.fr\/wp-content\/uploads\/2021\/07\/28945907478_433854a33e_c.jpg\" alt=\"\" class=\"wp-image-8702 size-full\" srcset=\"https:\/\/telemme.mmsh.fr\/wp-content\/uploads\/2021\/07\/28945907478_433854a33e_c.jpg 799w, https:\/\/telemme.mmsh.fr\/wp-content\/uploads\/2021\/07\/28945907478_433854a33e_c-300x200.jpg 300w, https:\/\/telemme.mmsh.fr\/wp-content\/uploads\/2021\/07\/28945907478_433854a33e_c-768x512.jpg 768w, https:\/\/telemme.mmsh.fr\/wp-content\/uploads\/2021\/07\/28945907478_433854a33e_c-450x300.jpg 450w, https:\/\/telemme.mmsh.fr\/wp-content\/uploads\/2021\/07\/28945907478_433854a33e_c-272x182.jpg 272w\" sizes=\"auto, (max-width: 799px) 100vw, 799px\" \/><\/figure><div class=\"wp-block-media-text__content\">\n<p class=\"has-medium-font-size\"><strong><a href=\"https:\/\/telemme.mmsh.fr\/?page_id=8679\">Soutenances de th\u00e8ses de doctorat<\/a><\/strong><\/p>\n\n\n\n<p>L&rsquo;actualit\u00e9 des soutenances de th\u00e8se de doctorat \u00e0 TELEMMe.<\/p>\n<\/div><\/div>\n\n\n\n<div style=\"height:40px\" aria-hidden=\"true\" class=\"wp-block-spacer\"><\/div>\n\n\n\n<div class=\"wp-block-media-text alignwide is-stacked-on-mobile\" style=\"grid-template-columns:30% auto\"><figure class=\"wp-block-media-text__media\"><img loading=\"lazy\" decoding=\"async\" width=\"500\" height=\"333\" src=\"https:\/\/telemme.mmsh.fr\/wp-content\/uploads\/2021\/04\/dennis-kummer-x4tBdZ4cjHM-unsplash_light.jpg\" alt=\"\" class=\"wp-image-6064 size-full\" srcset=\"https:\/\/telemme.mmsh.fr\/wp-content\/uploads\/2021\/04\/dennis-kummer-x4tBdZ4cjHM-unsplash_light.jpg 500w, https:\/\/telemme.mmsh.fr\/wp-content\/uploads\/2021\/04\/dennis-kummer-x4tBdZ4cjHM-unsplash_light-300x200.jpg 300w, https:\/\/telemme.mmsh.fr\/wp-content\/uploads\/2021\/04\/dennis-kummer-x4tBdZ4cjHM-unsplash_light-450x300.jpg 450w, https:\/\/telemme.mmsh.fr\/wp-content\/uploads\/2021\/04\/dennis-kummer-x4tBdZ4cjHM-unsplash_light-272x182.jpg 272w\" sizes=\"auto, (max-width: 500px) 100vw, 500px\" \/><\/figure><div class=\"wp-block-media-text__content\">\n<p class=\"has-medium-font-size\"><strong><a href=\"https:\/\/telemme.mmsh.fr\/?page_id=4767\">Th\u00e8ses en cours<\/a><\/strong><\/p>\n\n\n\n<p>Inscrit\u00b7es aupr\u00e8s de l\u2019<a href=\"https:\/\/ecole-doctorale-355.univ-amu.fr\/\">\u00c9cole doctorale 355 \u00ab Espaces, Cultures, Soci\u00e9t\u00e9s \u00bb<\/a>, les doctorant\u00b7es de TELEMMe rel\u00e8vent de 6 sp\u00e9cialit\u00e9s.<\/p>\n<\/div><\/div>\n\n\n\n<div style=\"height:40px\" aria-hidden=\"true\" class=\"wp-block-spacer\"><\/div>\n\n\n\n<div class=\"wp-block-media-text alignwide is-stacked-on-mobile\" style=\"grid-template-columns:30% auto\"><figure class=\"wp-block-media-text__media\"><img loading=\"lazy\" decoding=\"async\" width=\"500\" height=\"375\" src=\"https:\/\/telemme.mmsh.fr\/wp-content\/uploads\/2021\/04\/george-lemon-FsBipKsA4MI-unsplash-light.jpg\" alt=\"\" class=\"wp-image-6065 size-full\" srcset=\"https:\/\/telemme.mmsh.fr\/wp-content\/uploads\/2021\/04\/george-lemon-FsBipKsA4MI-unsplash-light.jpg 500w, https:\/\/telemme.mmsh.fr\/wp-content\/uploads\/2021\/04\/george-lemon-FsBipKsA4MI-unsplash-light-300x225.jpg 300w\" sizes=\"auto, (max-width: 500px) 100vw, 500px\" \/><\/figure><div class=\"wp-block-media-text__content\">\n<p class=\"has-medium-font-size\"><strong><a href=\"https:\/\/telemme.mmsh.fr\/?page_id=2404\">Th\u00e8ses soutenues<\/a><\/strong><\/p>\n\n\n\n<p>Jusqu\u2019en 2015, les doctorant\u00b7es de TELEMMe relevaient de trois&nbsp;<a href=\"https:\/\/telemme.mmsh.fr\/?page_id=2404#formations-doctorales\">formations doctorales<\/a>&nbsp;: Aire culturelle romane, Sciences g\u00e9ographiques et de l\u2019am\u00e9nagement, Histoire et Humanit\u00e9s. Depuis 2016, les doctorant\u00b7es de TELEMMe rel\u00e8vent de 7&nbsp;<a href=\"https:\/\/telemme.mmsh.fr\/?page_id=2404#specialites\">sp\u00e9cialit\u00e9s.<\/a><\/p>\n<\/div><\/div>\n\n\n\n<div style=\"height:40px\" aria-hidden=\"true\" class=\"wp-block-spacer\"><\/div>\n\n\n\n<div class=\"wp-block-media-text alignwide is-stacked-on-mobile\" style=\"grid-template-columns:30% auto\"><figure class=\"wp-block-media-text__media\"><img loading=\"lazy\" decoding=\"async\" width=\"500\" height=\"472\" src=\"https:\/\/telemme.mmsh.fr\/wp-content\/uploads\/2021\/04\/kenrick-mills-bvhahBn89Fs-unsplash-light.jpg\" alt=\"\" class=\"wp-image-6066 size-full\" srcset=\"https:\/\/telemme.mmsh.fr\/wp-content\/uploads\/2021\/04\/kenrick-mills-bvhahBn89Fs-unsplash-light.jpg 500w, https:\/\/telemme.mmsh.fr\/wp-content\/uploads\/2021\/04\/kenrick-mills-bvhahBn89Fs-unsplash-light-300x283.jpg 300w\" sizes=\"auto, (max-width: 500px) 100vw, 500px\" \/><\/figure><div class=\"wp-block-media-text__content\">\n<p class=\"has-medium-font-size\"><strong><a href=\"https:\/\/telemme.mmsh.fr\/?page_id=2408\">Espace Jeunes chercheurs\u00b7euses<\/a><\/strong><\/p>\n\n\n\n<p>La politique de formation doctorale de TELEMMe s\u2019appuie sur de nombreux enseignants-chercheurs et chercheurs habilit\u00e9s \u00e0 diriger des recherches dans les diff\u00e9rentes disciplines repr\u00e9sent\u00e9es dans l\u2019unit\u00e9.<\/p>\n<\/div><\/div>\n\n\n\n<div style=\"height:40px\" aria-hidden=\"true\" class=\"wp-block-spacer\"><\/div>\n\n\n\n<div class=\"wp-block-media-text alignwide is-stacked-on-mobile\" style=\"grid-template-columns:30% auto\"><figure class=\"wp-block-media-text__media\"><img loading=\"lazy\" decoding=\"async\" width=\"500\" height=\"333\" src=\"https:\/\/telemme.mmsh.fr\/wp-content\/uploads\/2021\/04\/luis-pinho-rTOIgDHHupA-unsplash-light.jpg\" alt=\"\" class=\"wp-image-6069 size-full\" srcset=\"https:\/\/telemme.mmsh.fr\/wp-content\/uploads\/2021\/04\/luis-pinho-rTOIgDHHupA-unsplash-light.jpg 500w, https:\/\/telemme.mmsh.fr\/wp-content\/uploads\/2021\/04\/luis-pinho-rTOIgDHHupA-unsplash-light-300x200.jpg 300w, https:\/\/telemme.mmsh.fr\/wp-content\/uploads\/2021\/04\/luis-pinho-rTOIgDHHupA-unsplash-light-450x300.jpg 450w, https:\/\/telemme.mmsh.fr\/wp-content\/uploads\/2021\/04\/luis-pinho-rTOIgDHHupA-unsplash-light-272x182.jpg 272w\" sizes=\"auto, (max-width: 500px) 100vw, 500px\" \/><\/figure><div class=\"wp-block-media-text__content\">\n<p class=\"has-medium-font-size\"><strong><a href=\"https:\/\/telemme.mmsh.fr\/?page_id=5089\">Encadrants et encadrantes HDR<\/a><\/strong><\/p>\n\n\n\n<p>La politique de formation doctorale de TELEMMe s\u2019appuie sur de nombreux enseignants-chercheurs et chercheurs habilit\u00e9s \u00e0 diriger des recherches dans les diff\u00e9rentes disciplines repr\u00e9sent\u00e9es dans l\u2019unit\u00e9.<\/p>\n<\/div><\/div>\n\n\n\n<div style=\"height:40px\" aria-hidden=\"true\" class=\"wp-block-spacer\"><\/div>\n\n\n\n<div class=\"wp-block-media-text alignwide is-stacked-on-mobile\" style=\"grid-template-columns:30% auto\"><figure class=\"wp-block-media-text__media\"><img decoding=\"async\" src=\"https:\/\/telemme.mmsh.fr\/wp-content\/uploads\/2021\/04\/bruno-pegoraro-9_TBjJcEV5o-unsplash.jpg\" alt=\"\" class=\"wp-image-7130 size-full\"\/><\/figure><div class=\"wp-block-media-text__content\">\n<p class=\"has-medium-font-size\"><strong><a href=\"https:\/\/telemme.mmsh.fr\/?page_id=7122\">\u00c9coles de recherche<\/a><\/strong><\/p>\n<\/div><\/div>\n\n\n\n<p><\/p>\n","protected":false},"excerpt":{"rendered":"<p>La formation \u00e0 la recherche constitue l\u2019une des missions essentielles de TELEMMe, laboratoire d\u2019accueil de l\u2019\u00c9cole doctorale 355 \u00ab Espaces, Cultures, Soci\u00e9t\u00e9s \u00bb. Jusqu\u2019en 2015, les doctorantes et doctorants de&hellip;&nbsp;<a href=\"https:\/\/telemme.mmsh.fr\/?page_id=4749\" rel=\"bookmark\">Lire la suite &raquo;<span class=\"screen-reader-text\">Formation doctorale \u00e0 TELEMMe<\/span><\/a><\/p>\n","protected":false},"author":6,"featured_media":0,"parent":0,"menu_order":6,"comment_status":"closed","ping_status":"closed","template":"","meta":{"neve_meta_sidebar":"default","neve_meta_container":"","neve_meta_enable_content_width":"off","neve_meta_content_width":100,"neve_meta_title_alignment":"","neve_meta_author_avatar":"","neve_post_elements_order":"","neve_meta_disable_header":"","neve_meta_disable_footer":"","neve_meta_disable_title":"","footnotes":""},"class_list":["post-4749","page","type-page","status-publish","hentry"],"yoast_head":"<!-- This site is optimized with the Yoast SEO plugin v27.5 - https:\/\/yoast.com\/product\/yoast-seo-wordpress\/ -->\n<title>Formation doctorale \u00e0 TELEMMe - TELEMMe - Temps, espaces, langages, Europe m\u00e9ridionale, M\u00e9diterran\u00e9e<\/title>\n<meta name=\"robots\" content=\"index, follow, max-snippet:-1, max-image-preview:large, max-video-preview:-1\" \/>\n<link rel=\"canonical\" href=\"https:\/\/telemme.mmsh.fr\/?page_id=4749\" \/>\n<meta property=\"og:locale\" content=\"fr_FR\" \/>\n<meta property=\"og:type\" content=\"article\" \/>\n<meta property=\"og:title\" content=\"Formation doctorale \u00e0 TELEMMe - TELEMMe - Temps, espaces, langages, Europe m\u00e9ridionale, M\u00e9diterran\u00e9e\" \/>\n<meta property=\"og:description\" content=\"La formation \u00e0 la recherche constitue l\u2019une des missions essentielles de TELEMMe, laboratoire d\u2019accueil de l\u2019\u00c9cole doctorale 355 \u00ab Espaces, Cultures, Soci\u00e9t\u00e9s \u00bb. Jusqu\u2019en 2015, les doctorantes et doctorants de&hellip;&nbsp;Lire la suite &raquo;Formation doctorale \u00e0 TELEMMe\" \/>\n<meta property=\"og:url\" content=\"https:\/\/telemme.mmsh.fr\/?page_id=4749\" \/>\n<meta property=\"og:site_name\" content=\"TELEMMe - Temps, espaces, langages, Europe m\u00e9ridionale, M\u00e9diterran\u00e9e\" \/>\n<meta property=\"article:modified_time\" content=\"2021-07-05T14:02:25+00:00\" \/>\n<meta property=\"og:image\" content=\"https:\/\/telemme.mmsh.fr\/wp-content\/uploads\/2021\/07\/28945907478_433854a33e_c.jpg\" \/>\n<meta name=\"twitter:card\" content=\"summary_large_image\" \/>\n<meta name=\"twitter:label1\" content=\"Dur\u00e9e de lecture estim\u00e9e\" \/>\n\t<meta name=\"twitter:data1\" content=\"3 minutes\" \/>\n<script type=\"application\/ld+json\" class=\"yoast-schema-graph\">{\"@context\":\"https:\\\/\\\/schema.org\",\"@graph\":[{\"@type\":\"WebPage\",\"@id\":\"https:\\\/\\\/telemme.mmsh.fr\\\/?page_id=4749\",\"url\":\"https:\\\/\\\/telemme.mmsh.fr\\\/?page_id=4749\",\"name\":\"Formation doctorale \u00e0 TELEMMe - TELEMMe - Temps, espaces, langages, Europe m\u00e9ridionale, M\u00e9diterran\u00e9e\",\"isPartOf\":{\"@id\":\"https:\\\/\\\/telemme.mmsh.fr\\\/#website\"},\"primaryImageOfPage\":{\"@id\":\"https:\\\/\\\/telemme.mmsh.fr\\\/?page_id=4749#primaryimage\"},\"image\":{\"@id\":\"https:\\\/\\\/telemme.mmsh.fr\\\/?page_id=4749#primaryimage\"},\"thumbnailUrl\":\"https:\\\/\\\/telemme.mmsh.fr\\\/wp-content\\\/uploads\\\/2021\\\/07\\\/28945907478_433854a33e_c.jpg\",\"datePublished\":\"2021-02-02T09:43:07+00:00\",\"dateModified\":\"2021-07-05T14:02:25+00:00\",\"breadcrumb\":{\"@id\":\"https:\\\/\\\/telemme.mmsh.fr\\\/?page_id=4749#breadcrumb\"},\"inLanguage\":\"fr-FR\",\"potentialAction\":[{\"@type\":\"ReadAction\",\"target\":[\"https:\\\/\\\/telemme.mmsh.fr\\\/?page_id=4749\"]}]},{\"@type\":\"ImageObject\",\"inLanguage\":\"fr-FR\",\"@id\":\"https:\\\/\\\/telemme.mmsh.fr\\\/?page_id=4749#primaryimage\",\"url\":\"https:\\\/\\\/telemme.mmsh.fr\\\/wp-content\\\/uploads\\\/2021\\\/07\\\/28945907478_433854a33e_c.jpg\",\"contentUrl\":\"https:\\\/\\\/telemme.mmsh.fr\\\/wp-content\\\/uploads\\\/2021\\\/07\\\/28945907478_433854a33e_c.jpg\",\"width\":799,\"height\":533},{\"@type\":\"BreadcrumbList\",\"@id\":\"https:\\\/\\\/telemme.mmsh.fr\\\/?page_id=4749#breadcrumb\",\"itemListElement\":[{\"@type\":\"ListItem\",\"position\":1,\"name\":\"Accueil\",\"item\":\"https:\\\/\\\/telemme.mmsh.fr\\\/\"},{\"@type\":\"ListItem\",\"position\":2,\"name\":\"Formation doctorale \u00e0 TELEMMe\"}]},{\"@type\":\"WebSite\",\"@id\":\"https:\\\/\\\/telemme.mmsh.fr\\\/#website\",\"url\":\"https:\\\/\\\/telemme.mmsh.fr\\\/\",\"name\":\"TELEMMe - Temps, espaces, langages, Europe m\u00e9ridionale, M\u00e9diterran\u00e9e\",\"description\":\"\",\"publisher\":{\"@id\":\"https:\\\/\\\/telemme.mmsh.fr\\\/#organization\"},\"potentialAction\":[{\"@type\":\"SearchAction\",\"target\":{\"@type\":\"EntryPoint\",\"urlTemplate\":\"https:\\\/\\\/telemme.mmsh.fr\\\/?s={search_term_string}\"},\"query-input\":{\"@type\":\"PropertyValueSpecification\",\"valueRequired\":true,\"valueName\":\"search_term_string\"}}],\"inLanguage\":\"fr-FR\"},{\"@type\":\"Organization\",\"@id\":\"https:\\\/\\\/telemme.mmsh.fr\\\/#organization\",\"name\":\"TELEMMe\",\"url\":\"https:\\\/\\\/telemme.mmsh.fr\\\/\",\"logo\":{\"@type\":\"ImageObject\",\"inLanguage\":\"fr-FR\",\"@id\":\"https:\\\/\\\/telemme.mmsh.fr\\\/#\\\/schema\\\/logo\\\/image\\\/\",\"url\":\"https:\\\/\\\/telemme.mmsh.fr\\\/wp-content\\\/uploads\\\/2020\\\/03\\\/LogoTELEMMe-horizontal-fond-transparent.png\",\"contentUrl\":\"https:\\\/\\\/telemme.mmsh.fr\\\/wp-content\\\/uploads\\\/2020\\\/03\\\/LogoTELEMMe-horizontal-fond-transparent.png\",\"width\":1500,\"height\":437,\"caption\":\"TELEMMe\"},\"image\":{\"@id\":\"https:\\\/\\\/telemme.mmsh.fr\\\/#\\\/schema\\\/logo\\\/image\\\/\"}}]}<\/script>\n<!-- \/ Yoast SEO plugin. -->","yoast_head_json":{"title":"Formation doctorale \u00e0 TELEMMe - TELEMMe - Temps, espaces, langages, Europe m\u00e9ridionale, M\u00e9diterran\u00e9e","robots":{"index":"index","follow":"follow","max-snippet":"max-snippet:-1","max-image-preview":"max-image-preview:large","max-video-preview":"max-video-preview:-1"},"canonical":"https:\/\/telemme.mmsh.fr\/?page_id=4749","og_locale":"fr_FR","og_type":"article","og_title":"Formation doctorale \u00e0 TELEMMe - TELEMMe - Temps, espaces, langages, Europe m\u00e9ridionale, M\u00e9diterran\u00e9e","og_description":"La formation \u00e0 la recherche constitue l\u2019une des missions essentielles de TELEMMe, laboratoire d\u2019accueil de l\u2019\u00c9cole doctorale 355 \u00ab Espaces, Cultures, Soci\u00e9t\u00e9s \u00bb. Jusqu\u2019en 2015, les doctorantes et doctorants de&hellip;&nbsp;Lire la suite &raquo;Formation doctorale \u00e0 TELEMMe","og_url":"https:\/\/telemme.mmsh.fr\/?page_id=4749","og_site_name":"TELEMMe - Temps, espaces, langages, Europe m\u00e9ridionale, M\u00e9diterran\u00e9e","article_modified_time":"2021-07-05T14:02:25+00:00","og_image":[{"url":"https:\/\/telemme.mmsh.fr\/wp-content\/uploads\/2021\/07\/28945907478_433854a33e_c.jpg","type":"","width":"","height":""}],"twitter_card":"summary_large_image","twitter_misc":{"Dur\u00e9e de lecture estim\u00e9e":"3 minutes"},"schema":{"@context":"https:\/\/schema.org","@graph":[{"@type":"WebPage","@id":"https:\/\/telemme.mmsh.fr\/?page_id=4749","url":"https:\/\/telemme.mmsh.fr\/?page_id=4749","name":"Formation doctorale \u00e0 TELEMMe - TELEMMe - Temps, espaces, langages, Europe m\u00e9ridionale, M\u00e9diterran\u00e9e","isPartOf":{"@id":"https:\/\/telemme.mmsh.fr\/#website"},"primaryImageOfPage":{"@id":"https:\/\/telemme.mmsh.fr\/?page_id=4749#primaryimage"},"image":{"@id":"https:\/\/telemme.mmsh.fr\/?page_id=4749#primaryimage"},"thumbnailUrl":"https:\/\/telemme.mmsh.fr\/wp-content\/uploads\/2021\/07\/28945907478_433854a33e_c.jpg","datePublished":"2021-02-02T09:43:07+00:00","dateModified":"2021-07-05T14:02:25+00:00","breadcrumb":{"@id":"https:\/\/telemme.mmsh.fr\/?page_id=4749#breadcrumb"},"inLanguage":"fr-FR","potentialAction":[{"@type":"ReadAction","target":["https:\/\/telemme.mmsh.fr\/?page_id=4749"]}]},{"@type":"ImageObject","inLanguage":"fr-FR","@id":"https:\/\/telemme.mmsh.fr\/?page_id=4749#primaryimage","url":"https:\/\/telemme.mmsh.fr\/wp-content\/uploads\/2021\/07\/28945907478_433854a33e_c.jpg","contentUrl":"https:\/\/telemme.mmsh.fr\/wp-content\/uploads\/2021\/07\/28945907478_433854a33e_c.jpg","width":799,"height":533},{"@type":"BreadcrumbList","@id":"https:\/\/telemme.mmsh.fr\/?page_id=4749#breadcrumb","itemListElement":[{"@type":"ListItem","position":1,"name":"Accueil","item":"https:\/\/telemme.mmsh.fr\/"},{"@type":"ListItem","position":2,"name":"Formation doctorale \u00e0 TELEMMe"}]},{"@type":"WebSite","@id":"https:\/\/telemme.mmsh.fr\/#website","url":"https:\/\/telemme.mmsh.fr\/","name":"TELEMMe - Temps, espaces, langages, Europe m\u00e9ridionale, M\u00e9diterran\u00e9e","description":"","publisher":{"@id":"https:\/\/telemme.mmsh.fr\/#organization"},"potentialAction":[{"@type":"SearchAction","target":{"@type":"EntryPoint","urlTemplate":"https:\/\/telemme.mmsh.fr\/?s={search_term_string}"},"query-input":{"@type":"PropertyValueSpecification","valueRequired":true,"valueName":"search_term_string"}}],"inLanguage":"fr-FR"},{"@type":"Organization","@id":"https:\/\/telemme.mmsh.fr\/#organization","name":"TELEMMe","url":"https:\/\/telemme.mmsh.fr\/","logo":{"@type":"ImageObject","inLanguage":"fr-FR","@id":"https:\/\/telemme.mmsh.fr\/#\/schema\/logo\/image\/","url":"https:\/\/telemme.mmsh.fr\/wp-content\/uploads\/2020\/03\/LogoTELEMMe-horizontal-fond-transparent.png","contentUrl":"https:\/\/telemme.mmsh.fr\/wp-content\/uploads\/2020\/03\/LogoTELEMMe-horizontal-fond-transparent.png","width":1500,"height":437,"caption":"TELEMMe"},"image":{"@id":"https:\/\/telemme.mmsh.fr\/#\/schema\/logo\/image\/"}}]}},"_links":{"self":[{"href":"https:\/\/telemme.mmsh.fr\/index.php?rest_route=\/wp\/v2\/pages\/4749","targetHints":{"allow":["GET"]}}],"collection":[{"href":"https:\/\/telemme.mmsh.fr\/index.php?rest_route=\/wp\/v2\/pages"}],"about":[{"href":"https:\/\/telemme.mmsh.fr\/index.php?rest_route=\/wp\/v2\/types\/page"}],"author":[{"embeddable":true,"href":"https:\/\/telemme.mmsh.fr\/index.php?rest_route=\/wp\/v2\/users\/6"}],"replies":[{"embeddable":true,"href":"https:\/\/telemme.mmsh.fr\/index.php?rest_route=%2Fwp%2Fv2%2Fcomments&post=4749"}],"version-history":[{"count":20,"href":"https:\/\/telemme.mmsh.fr\/index.php?rest_route=\/wp\/v2\/pages\/4749\/revisions"}],"predecessor-version":[{"id":8706,"href":"https:\/\/telemme.mmsh.fr\/index.php?rest_route=\/wp\/v2\/pages\/4749\/revisions\/8706"}],"wp:attachment":[{"href":"https:\/\/telemme.mmsh.fr\/index.php?rest_route=%2Fwp%2Fv2%2Fmedia&parent=4749"}],"curies":[{"name":"wp","href":"https:\/\/api.w.org\/{rel}","templated":true}]}}