{"id":3723,"date":"2021-01-22T17:26:27","date_gmt":"2021-01-22T16:26:27","guid":{"rendered":"http:\/\/telemme.mmsh.fr\/?page_id=3723"},"modified":"2021-06-28T10:40:02","modified_gmt":"2021-06-28T08:40:02","slug":"les-publications","status":"publish","type":"page","link":"https:\/\/telemme.mmsh.fr\/?page_id=3723","title":{"rendered":"Les publications"},"content":{"rendered":"\n<div class=\"wp-block-media-text alignwide is-stacked-on-mobile\" style=\"grid-template-columns:33% auto\"><figure class=\"wp-block-media-text__media\"><img loading=\"lazy\" decoding=\"async\" width=\"500\" height=\"471\" src=\"https:\/\/telemme.mmsh.fr\/wp-content\/uploads\/2021\/04\/joyce-mccown-CoykYnIunUg-unsplash-light.jpg\" alt=\"\" class=\"wp-image-6390 size-full\" srcset=\"https:\/\/telemme.mmsh.fr\/wp-content\/uploads\/2021\/04\/joyce-mccown-CoykYnIunUg-unsplash-light.jpg 500w, https:\/\/telemme.mmsh.fr\/wp-content\/uploads\/2021\/04\/joyce-mccown-CoykYnIunUg-unsplash-light-300x283.jpg 300w\" sizes=\"auto, (max-width: 500px) 100vw, 500px\" \/><\/figure><div class=\"wp-block-media-text__content\">\n<p class=\"has-medium-font-size\"><strong><a href=\"https:\/\/telemme.mmsh.fr\/?page_id=5903\">L&rsquo;actualit\u00e9 des publications<\/a><\/strong><\/p>\n\n\n\n<p>Les derniers ouvrages, directions d&rsquo;ouvrage ou de num\u00e9ros de revues publi\u00e9s par les membres de TELEMMe.<\/p>\n<\/div><\/div>\n\n\n\n<div style=\"height:40px\" aria-hidden=\"true\" class=\"wp-block-spacer\"><\/div>\n\n\n\n<div class=\"wp-block-media-text alignwide is-stacked-on-mobile\" style=\"grid-template-columns:32% auto\"><figure class=\"wp-block-media-text__media\"><img loading=\"lazy\" decoding=\"async\" width=\"500\" height=\"462\" src=\"https:\/\/telemme.mmsh.fr\/wp-content\/uploads\/2021\/04\/janko-ferlic-sfL_QOnmy00-unsplash-light.jpg\" alt=\"\" class=\"wp-image-6382 size-full\" srcset=\"https:\/\/telemme.mmsh.fr\/wp-content\/uploads\/2021\/04\/janko-ferlic-sfL_QOnmy00-unsplash-light.jpg 500w, https:\/\/telemme.mmsh.fr\/wp-content\/uploads\/2021\/04\/janko-ferlic-sfL_QOnmy00-unsplash-light-300x277.jpg 300w\" sizes=\"auto, (max-width: 500px) 100vw, 500px\" \/><\/figure><div class=\"wp-block-media-text__content\">\n<p class=\"has-medium-font-size\"><a href=\"https:\/\/telemme.mmsh.fr\/?page_id=3726\"><strong>Les revues<\/strong> <strong>soutenues par TELEMMe<\/strong><\/a><\/p>\n\n\n\n<p>Pr\u00e9sentation des revues soutenues par TELEMMe et acc\u00e8s \u00e0 leurs derniers num\u00e9ros en ligne.<\/p>\n<\/div><\/div>\n\n\n\n<div style=\"height:41px\" aria-hidden=\"true\" class=\"wp-block-spacer\"><\/div>\n\n\n\n<div class=\"wp-block-media-text alignwide is-stacked-on-mobile\" style=\"grid-template-columns:33% auto\"><figure class=\"wp-block-media-text__media\"><img loading=\"lazy\" decoding=\"async\" width=\"500\" height=\"333\" src=\"https:\/\/telemme.mmsh.fr\/wp-content\/uploads\/2021\/04\/patrick-tomasso-Oaqk7qqNh_c-unsplash-light.jpg\" alt=\"\" class=\"wp-image-6386 size-full\" srcset=\"https:\/\/telemme.mmsh.fr\/wp-content\/uploads\/2021\/04\/patrick-tomasso-Oaqk7qqNh_c-unsplash-light.jpg 500w, https:\/\/telemme.mmsh.fr\/wp-content\/uploads\/2021\/04\/patrick-tomasso-Oaqk7qqNh_c-unsplash-light-300x200.jpg 300w, https:\/\/telemme.mmsh.fr\/wp-content\/uploads\/2021\/04\/patrick-tomasso-Oaqk7qqNh_c-unsplash-light-450x300.jpg 450w, https:\/\/telemme.mmsh.fr\/wp-content\/uploads\/2021\/04\/patrick-tomasso-Oaqk7qqNh_c-unsplash-light-272x182.jpg 272w\" sizes=\"auto, (max-width: 500px) 100vw, 500px\" \/><\/figure><div class=\"wp-block-media-text__content\">\n<p class=\"has-medium-font-size\"><strong><a href=\"https:\/\/telemme.mmsh.fr\/?page_id=3728\">Les publications des membres de TELEMMe sur HAL<\/a><\/strong><\/p>\n\n\n\n<p>L&rsquo;ensemble des publications des membres de TELEMMe signal\u00e9es sur l&rsquo;archive ouverte HAL.<\/p>\n<\/div><\/div>\n","protected":false},"excerpt":{"rendered":"<p>L&rsquo;actualit\u00e9 des publications Les derniers ouvrages, directions d&rsquo;ouvrage ou de num\u00e9ros de revues publi\u00e9s par les membres de TELEMMe. Les revues soutenues par TELEMMe Pr\u00e9sentation des revues soutenues par TELEMMe&hellip;&nbsp;<a href=\"https:\/\/telemme.mmsh.fr\/?page_id=3723\" rel=\"bookmark\">Lire la suite &raquo;<span class=\"screen-reader-text\">Les publications<\/span><\/a><\/p>\n","protected":false},"author":6,"featured_media":0,"parent":0,"menu_order":7,"comment_status":"closed","ping_status":"closed","template":"","meta":{"neve_meta_sidebar":"default","neve_meta_container":"","neve_meta_enable_content_width":"on","neve_meta_content_width":70,"neve_meta_title_alignment":"","neve_meta_author_avatar":"","neve_post_elements_order":"","neve_meta_disable_header":"","neve_meta_disable_footer":"","neve_meta_disable_title":"","footnotes":""},"class_list":["post-3723","page","type-page","status-publish","hentry"],"yoast_head":"<!-- This site is optimized with the Yoast SEO plugin v27.4 - https:\/\/yoast.com\/product\/yoast-seo-wordpress\/ -->\n<title>Les publications - TELEMMe - Temps, espaces, langages, Europe m\u00e9ridionale, M\u00e9diterran\u00e9e<\/title>\n<meta name=\"robots\" content=\"index, follow, max-snippet:-1, max-image-preview:large, max-video-preview:-1\" \/>\n<link rel=\"canonical\" href=\"https:\/\/telemme.mmsh.fr\/?page_id=3723\" \/>\n<meta property=\"og:locale\" content=\"fr_FR\" \/>\n<meta property=\"og:type\" content=\"article\" \/>\n<meta property=\"og:title\" content=\"Les publications - TELEMMe - Temps, espaces, langages, Europe m\u00e9ridionale, M\u00e9diterran\u00e9e\" \/>\n<meta property=\"og:description\" content=\"L&rsquo;actualit\u00e9 des publications Les derniers ouvrages, directions d&rsquo;ouvrage ou de num\u00e9ros de revues publi\u00e9s par les membres de TELEMMe. Les revues soutenues par TELEMMe Pr\u00e9sentation des revues soutenues par TELEMMe&hellip;&nbsp;Lire la suite &raquo;Les publications\" \/>\n<meta property=\"og:url\" content=\"https:\/\/telemme.mmsh.fr\/?page_id=3723\" \/>\n<meta property=\"og:site_name\" content=\"TELEMMe - Temps, espaces, langages, Europe m\u00e9ridionale, M\u00e9diterran\u00e9e\" \/>\n<meta property=\"article:modified_time\" content=\"2021-06-28T08:40:02+00:00\" \/>\n<meta property=\"og:image\" content=\"http:\/\/telemme.mmsh.fr\/wp-content\/uploads\/2021\/04\/joyce-mccown-CoykYnIunUg-unsplash-light.jpg\" \/>\n<meta name=\"twitter:card\" content=\"summary_large_image\" \/>\n<meta name=\"twitter:label1\" content=\"Dur\u00e9e de lecture estim\u00e9e\" \/>\n\t<meta name=\"twitter:data1\" content=\"1 minute\" \/>\n<script type=\"application\/ld+json\" class=\"yoast-schema-graph\">{\"@context\":\"https:\\\/\\\/schema.org\",\"@graph\":[{\"@type\":\"WebPage\",\"@id\":\"https:\\\/\\\/telemme.mmsh.fr\\\/?page_id=3723\",\"url\":\"https:\\\/\\\/telemme.mmsh.fr\\\/?page_id=3723\",\"name\":\"Les publications - TELEMMe - Temps, espaces, langages, Europe m\u00e9ridionale, M\u00e9diterran\u00e9e\",\"isPartOf\":{\"@id\":\"https:\\\/\\\/telemme.mmsh.fr\\\/#website\"},\"primaryImageOfPage\":{\"@id\":\"https:\\\/\\\/telemme.mmsh.fr\\\/?page_id=3723#primaryimage\"},\"image\":{\"@id\":\"https:\\\/\\\/telemme.mmsh.fr\\\/?page_id=3723#primaryimage\"},\"thumbnailUrl\":\"http:\\\/\\\/telemme.mmsh.fr\\\/wp-content\\\/uploads\\\/2021\\\/04\\\/joyce-mccown-CoykYnIunUg-unsplash-light.jpg\",\"datePublished\":\"2021-01-22T16:26:27+00:00\",\"dateModified\":\"2021-06-28T08:40:02+00:00\",\"breadcrumb\":{\"@id\":\"https:\\\/\\\/telemme.mmsh.fr\\\/?page_id=3723#breadcrumb\"},\"inLanguage\":\"fr-FR\",\"potentialAction\":[{\"@type\":\"ReadAction\",\"target\":[\"https:\\\/\\\/telemme.mmsh.fr\\\/?page_id=3723\"]}]},{\"@type\":\"ImageObject\",\"inLanguage\":\"fr-FR\",\"@id\":\"https:\\\/\\\/telemme.mmsh.fr\\\/?page_id=3723#primaryimage\",\"url\":\"http:\\\/\\\/telemme.mmsh.fr\\\/wp-content\\\/uploads\\\/2021\\\/04\\\/joyce-mccown-CoykYnIunUg-unsplash-light.jpg\",\"contentUrl\":\"http:\\\/\\\/telemme.mmsh.fr\\\/wp-content\\\/uploads\\\/2021\\\/04\\\/joyce-mccown-CoykYnIunUg-unsplash-light.jpg\"},{\"@type\":\"BreadcrumbList\",\"@id\":\"https:\\\/\\\/telemme.mmsh.fr\\\/?page_id=3723#breadcrumb\",\"itemListElement\":[{\"@type\":\"ListItem\",\"position\":1,\"name\":\"Accueil\",\"item\":\"https:\\\/\\\/telemme.mmsh.fr\\\/\"},{\"@type\":\"ListItem\",\"position\":2,\"name\":\"Les publications\"}]},{\"@type\":\"WebSite\",\"@id\":\"https:\\\/\\\/telemme.mmsh.fr\\\/#website\",\"url\":\"https:\\\/\\\/telemme.mmsh.fr\\\/\",\"name\":\"TELEMMe - Temps, espaces, langages, Europe m\u00e9ridionale, M\u00e9diterran\u00e9e\",\"description\":\"\",\"publisher\":{\"@id\":\"https:\\\/\\\/telemme.mmsh.fr\\\/#organization\"},\"potentialAction\":[{\"@type\":\"SearchAction\",\"target\":{\"@type\":\"EntryPoint\",\"urlTemplate\":\"https:\\\/\\\/telemme.mmsh.fr\\\/?s={search_term_string}\"},\"query-input\":{\"@type\":\"PropertyValueSpecification\",\"valueRequired\":true,\"valueName\":\"search_term_string\"}}],\"inLanguage\":\"fr-FR\"},{\"@type\":\"Organization\",\"@id\":\"https:\\\/\\\/telemme.mmsh.fr\\\/#organization\",\"name\":\"TELEMMe\",\"url\":\"https:\\\/\\\/telemme.mmsh.fr\\\/\",\"logo\":{\"@type\":\"ImageObject\",\"inLanguage\":\"fr-FR\",\"@id\":\"https:\\\/\\\/telemme.mmsh.fr\\\/#\\\/schema\\\/logo\\\/image\\\/\",\"url\":\"https:\\\/\\\/telemme.mmsh.fr\\\/wp-content\\\/uploads\\\/2020\\\/03\\\/LogoTELEMMe-horizontal-fond-transparent.png\",\"contentUrl\":\"https:\\\/\\\/telemme.mmsh.fr\\\/wp-content\\\/uploads\\\/2020\\\/03\\\/LogoTELEMMe-horizontal-fond-transparent.png\",\"width\":1500,\"height\":437,\"caption\":\"TELEMMe\"},\"image\":{\"@id\":\"https:\\\/\\\/telemme.mmsh.fr\\\/#\\\/schema\\\/logo\\\/image\\\/\"}}]}<\/script>\n<!-- \/ Yoast SEO plugin. -->","yoast_head_json":{"title":"Les publications - TELEMMe - Temps, espaces, langages, Europe m\u00e9ridionale, M\u00e9diterran\u00e9e","robots":{"index":"index","follow":"follow","max-snippet":"max-snippet:-1","max-image-preview":"max-image-preview:large","max-video-preview":"max-video-preview:-1"},"canonical":"https:\/\/telemme.mmsh.fr\/?page_id=3723","og_locale":"fr_FR","og_type":"article","og_title":"Les publications - TELEMMe - Temps, espaces, langages, Europe m\u00e9ridionale, M\u00e9diterran\u00e9e","og_description":"L&rsquo;actualit\u00e9 des publications Les derniers ouvrages, directions d&rsquo;ouvrage ou de num\u00e9ros de revues publi\u00e9s par les membres de TELEMMe. Les revues soutenues par TELEMMe Pr\u00e9sentation des revues soutenues par TELEMMe&hellip;&nbsp;Lire la suite &raquo;Les publications","og_url":"https:\/\/telemme.mmsh.fr\/?page_id=3723","og_site_name":"TELEMMe - Temps, espaces, langages, Europe m\u00e9ridionale, M\u00e9diterran\u00e9e","article_modified_time":"2021-06-28T08:40:02+00:00","og_image":[{"url":"http:\/\/telemme.mmsh.fr\/wp-content\/uploads\/2021\/04\/joyce-mccown-CoykYnIunUg-unsplash-light.jpg","type":"","width":"","height":""}],"twitter_card":"summary_large_image","twitter_misc":{"Dur\u00e9e de lecture estim\u00e9e":"1 minute"},"schema":{"@context":"https:\/\/schema.org","@graph":[{"@type":"WebPage","@id":"https:\/\/telemme.mmsh.fr\/?page_id=3723","url":"https:\/\/telemme.mmsh.fr\/?page_id=3723","name":"Les publications - TELEMMe - Temps, espaces, langages, Europe m\u00e9ridionale, M\u00e9diterran\u00e9e","isPartOf":{"@id":"https:\/\/telemme.mmsh.fr\/#website"},"primaryImageOfPage":{"@id":"https:\/\/telemme.mmsh.fr\/?page_id=3723#primaryimage"},"image":{"@id":"https:\/\/telemme.mmsh.fr\/?page_id=3723#primaryimage"},"thumbnailUrl":"http:\/\/telemme.mmsh.fr\/wp-content\/uploads\/2021\/04\/joyce-mccown-CoykYnIunUg-unsplash-light.jpg","datePublished":"2021-01-22T16:26:27+00:00","dateModified":"2021-06-28T08:40:02+00:00","breadcrumb":{"@id":"https:\/\/telemme.mmsh.fr\/?page_id=3723#breadcrumb"},"inLanguage":"fr-FR","potentialAction":[{"@type":"ReadAction","target":["https:\/\/telemme.mmsh.fr\/?page_id=3723"]}]},{"@type":"ImageObject","inLanguage":"fr-FR","@id":"https:\/\/telemme.mmsh.fr\/?page_id=3723#primaryimage","url":"http:\/\/telemme.mmsh.fr\/wp-content\/uploads\/2021\/04\/joyce-mccown-CoykYnIunUg-unsplash-light.jpg","contentUrl":"http:\/\/telemme.mmsh.fr\/wp-content\/uploads\/2021\/04\/joyce-mccown-CoykYnIunUg-unsplash-light.jpg"},{"@type":"BreadcrumbList","@id":"https:\/\/telemme.mmsh.fr\/?page_id=3723#breadcrumb","itemListElement":[{"@type":"ListItem","position":1,"name":"Accueil","item":"https:\/\/telemme.mmsh.fr\/"},{"@type":"ListItem","position":2,"name":"Les publications"}]},{"@type":"WebSite","@id":"https:\/\/telemme.mmsh.fr\/#website","url":"https:\/\/telemme.mmsh.fr\/","name":"TELEMMe - Temps, espaces, langages, Europe m\u00e9ridionale, M\u00e9diterran\u00e9e","description":"","publisher":{"@id":"https:\/\/telemme.mmsh.fr\/#organization"},"potentialAction":[{"@type":"SearchAction","target":{"@type":"EntryPoint","urlTemplate":"https:\/\/telemme.mmsh.fr\/?s={search_term_string}"},"query-input":{"@type":"PropertyValueSpecification","valueRequired":true,"valueName":"search_term_string"}}],"inLanguage":"fr-FR"},{"@type":"Organization","@id":"https:\/\/telemme.mmsh.fr\/#organization","name":"TELEMMe","url":"https:\/\/telemme.mmsh.fr\/","logo":{"@type":"ImageObject","inLanguage":"fr-FR","@id":"https:\/\/telemme.mmsh.fr\/#\/schema\/logo\/image\/","url":"https:\/\/telemme.mmsh.fr\/wp-content\/uploads\/2020\/03\/LogoTELEMMe-horizontal-fond-transparent.png","contentUrl":"https:\/\/telemme.mmsh.fr\/wp-content\/uploads\/2020\/03\/LogoTELEMMe-horizontal-fond-transparent.png","width":1500,"height":437,"caption":"TELEMMe"},"image":{"@id":"https:\/\/telemme.mmsh.fr\/#\/schema\/logo\/image\/"}}]}},"_links":{"self":[{"href":"https:\/\/telemme.mmsh.fr\/index.php?rest_route=\/wp\/v2\/pages\/3723","targetHints":{"allow":["GET"]}}],"collection":[{"href":"https:\/\/telemme.mmsh.fr\/index.php?rest_route=\/wp\/v2\/pages"}],"about":[{"href":"https:\/\/telemme.mmsh.fr\/index.php?rest_route=\/wp\/v2\/types\/page"}],"author":[{"embeddable":true,"href":"https:\/\/telemme.mmsh.fr\/index.php?rest_route=\/wp\/v2\/users\/6"}],"replies":[{"embeddable":true,"href":"https:\/\/telemme.mmsh.fr\/index.php?rest_route=%2Fwp%2Fv2%2Fcomments&post=3723"}],"version-history":[{"count":7,"href":"https:\/\/telemme.mmsh.fr\/index.php?rest_route=\/wp\/v2\/pages\/3723\/revisions"}],"predecessor-version":[{"id":8542,"href":"https:\/\/telemme.mmsh.fr\/index.php?rest_route=\/wp\/v2\/pages\/3723\/revisions\/8542"}],"wp:attachment":[{"href":"https:\/\/telemme.mmsh.fr\/index.php?rest_route=%2Fwp%2Fv2%2Fmedia&parent=3723"}],"curies":[{"name":"wp","href":"https:\/\/api.w.org\/{rel}","templated":true}]}}