{"id":3455,"date":"2021-01-21T11:40:04","date_gmt":"2021-01-21T10:40:04","guid":{"rendered":"http:\/\/telemme.mmsh.fr\/?page_id=3455"},"modified":"2025-01-10T10:18:26","modified_gmt":"2025-01-10T09:18:26","slug":"le-conseil-de-laboratoire","status":"publish","type":"page","link":"https:\/\/telemme.mmsh.fr\/?page_id=3455","title":{"rendered":"Le conseil de laboratoire"},"content":{"rendered":"\n<p>Le conseil de laboratoire est pr\u00e9sid\u00e9 par le directeur de l\u2019UMR. Il a un r\u00f4le consultatif et \u00e9met un avis sur toutes les questions relatives \u00e0 la politique scientifique, la gestion des ressources, l\u2019organisation et le fonctionnement de l\u2019UMR. Il se compose de 16 membres\u00a0: la direction et la direction adjointe\u00a0; six membres nomm\u00e9s par la direction\u00a0; huit membres \u00e9lus par les chercheurs, les enseignants-chercheurs, les doctorants contractuels, les ITA du CNRS et les BIATSS d\u2019AMU. La dur\u00e9e du mandat des membres du conseil de laboratoire correspond \u00e0 celle du contrat de l\u2019unit\u00e9 sauf pour le repr\u00e9sentant des doctorants contractuels dont le mandat est renouvelable tous les deux ans.  Depuis janvier 2024, des repr\u00e9sentant\u00b7es (2) des doctorant\u00b7es non financ\u00e9\u00b7es de l&rsquo;unit\u00e9 si\u00e8gent au conseil de laboratoire. Le conseil de laboratoire se r\u00e9unit au moins trois fois par an.<\/p>\n\n\n\n<p>Le <strong>conseil de laboratoire de TELEMMe <\/strong>est compos\u00e9 de :<\/p>\n\n\n\n<h2 class=\"wp-block-heading\"><strong>Direction :<\/strong><\/h2>\n\n\n\n<ul class=\"wp-block-list\">\n<li><a href=\"https:\/\/telemme.mmsh.fr\/?membres=isabelle-renaudet\">Isabelle Renaudet<\/a>, directrice<\/li>\n\n\n\n<li><a href=\"https:\/\/telemme.mmsh.fr\/?membres=alexandre-grondeau\">Alexandre Grondeau<\/a>, directeur adjoint<\/li>\n<\/ul>\n\n\n\n<h2 class=\"wp-block-heading\"><strong>Membres \u00e9lu\u00b7<\/strong>e<strong>s :<\/strong><\/h2>\n\n\n\n<ul class=\"wp-block-list\">\n<li><a href=\"https:\/\/telemme.mmsh.fr\/?membres_equipe=delphine-cavallo\">Delphine Cavallo<\/a>, repr\u00e9sentante des personnels BIATSS<\/li>\n\n\n\n<li><a href=\"https:\/\/telemme.mmsh.fr\/?membres_equipe=mathieu-coulon\">Mathieu Coulon<\/a>,  repr\u00e9sentant des personnels ITA<\/li>\n\n\n\n<li><a href=\"https:\/\/telemme.mmsh.fr\/?membres=jeremie-foa\">J\u00e9r\u00e9mie Foa<\/a>, repr\u00e9sentant des enseignant\u00b7es-chercheurs\u00b7es<\/li>\n\n\n\n<li><a href=\"https:\/\/telemme.mmsh.fr\/?membres=huet-claire\">Claire Huet<\/a>, repr\u00e9sentante des doctorant<strong>\u00b7<\/strong>es (suppl\u00e9ante)<\/li>\n\n\n\n<li><a href=\"https:\/\/telemme.mmsh.fr\/?membres=olivier-raveux\">Olivier Raveux<\/a>, repr\u00e9sentant des chercheurs et chercheuses CNRS<\/li>\n\n\n\n<li><a href=\"https:\/\/telemme.mmsh.fr\/?membres=celine-regnard\">C\u00e9line Regnard<\/a>, repr\u00e9sentante des enseignant\u00b7es-chercheurs\u00b7es<\/li>\n\n\n\n<li><a href=\"https:\/\/telemme.mmsh.fr\/?membres=viallon-julia\">Julia Viallon,<\/a> repr\u00e9sentante des doctorant<strong>\u00b7<\/strong>es<\/li>\n\n\n\n<li><a href=\"https:\/\/telemme.mmsh.fr\/?membres=nicolas-vidoni\">Nicolas Vidoni<\/a>, repr\u00e9sentant des enseignant\u00b7es-chercheurs\u00b7es<\/li>\n<\/ul>\n\n\n\n<h2 class=\"wp-block-heading\"><strong>Membres nomm\u00e9\u00b7<\/strong>e<strong>s :<\/strong><\/h2>\n\n\n\n<ul class=\"wp-block-list\">\n<li><a href=\"https:\/\/telemme.mmsh.fr\/?membres=virginie-baby-collin\">Virginie Baby-Collin<\/a><a data-type=\"URL\" href=\"https:\/\/telemme.mmsh.fr\/membres\/virginie-baby-collin\/\">,<\/a> professeure des universit\u00e9s<\/li>\n\n\n\n<li><a href=\"https:\/\/telemme.mmsh.fr\/?membres=emmanuel-bain\">Emmanuel Bain<\/a><a data-type=\"URL\" data-id=\"https:\/\/telemme.mmsh.fr\/membres\/emmanuel-bain\/\" href=\"https:\/\/telemme.mmsh.fr\/membres\/emmanuel-bain\/\">,<\/a> ma\u00eetre de conf\u00e9rences<\/li>\n\n\n\n<li><a href=\"https:\/\/telemme.mmsh.fr\/?membres=antoine-grandclement\">Antoine Grandcl\u00e9ment<\/a>, ma\u00eetre de conf\u00e9rences<\/li>\n\n\n\n<li><a href=\"https:\/\/telemme.mmsh.fr\/?membres=aziza-gril-mariotte\">Aziza Gril Mariotte<\/a>, professeure des universit\u00e9s<\/li>\n\n\n\n<li><a href=\"https:\/\/telemme.mmsh.fr\/?membres=severiano-rojo-hernandez\">Severiano Rojo Hernandez<\/a>, professeur des universit\u00e9s<\/li>\n<\/ul>\n\n\n\n<h2 class=\"wp-block-heading\">I<strong>nvit\u00e9\u00b7<\/strong>e<strong>s permanent\u00b7<\/strong>e<strong>s :<\/strong><\/h2>\n\n\n\n<ul class=\"wp-block-list\">\n<li><a href=\"https:\/\/telemme.mmsh.fr\/?membres=rene-borruey\">Ren\u00e9 Borruey<\/a>, directeur du laboratoire INAMA, membre associ\u00e9<\/li>\n\n\n\n<li><a href=\"https:\/\/telemme.mmsh.fr\/?membres=karima-direche\">Karima Dir\u00e8che<\/a>, directrice de recherches<\/li>\n\n\n\n<li><a href=\"https:\/\/telemme.mmsh.fr\/?membres=dourthe-gwenaelle\">Gwena\u00eblle Dourthe<\/a>, doctorante non contractuelle (suppl\u00e9ante)<\/li>\n\n\n\n<li><a href=\"https:\/\/telemme.mmsh.fr\/?membres=sophie-gebeil\">Sophie Gebeil<\/a>, ma\u00eetresse de conf\u00e9rences<\/li>\n\n\n\n<li><a href=\"https:\/\/telemme.mmsh.fr\/?membres=marinho-fernandes-marcos\">Marcos Marinho Fernande<\/a>s, doctorant non contractuel<\/li>\n\n\n\n<li><a href=\"https:\/\/telemme.mmsh.fr\/?membres=beatrice-mesini\">B\u00e9atrice M\u00e9sini<\/a>, charg\u00e9e de recherches<\/li>\n<\/ul>\n\n\n\n<p><\/p>\n","protected":false},"excerpt":{"rendered":"<p>Le conseil de laboratoire est pr\u00e9sid\u00e9 par le directeur de l\u2019UMR. Il a un r\u00f4le consultatif et \u00e9met un avis sur toutes les questions relatives \u00e0 la politique scientifique, la&hellip;&nbsp;<a href=\"https:\/\/telemme.mmsh.fr\/?page_id=3455\" rel=\"bookmark\">Lire la suite &raquo;<span class=\"screen-reader-text\">Le conseil de laboratoire<\/span><\/a><\/p>\n","protected":false},"author":6,"featured_media":0,"parent":57,"menu_order":60,"comment_status":"closed","ping_status":"closed","template":"","meta":{"neve_meta_sidebar":"default","neve_meta_container":"default","neve_meta_enable_content_width":"off","neve_meta_content_width":100,"neve_meta_title_alignment":"","neve_meta_author_avatar":"","neve_post_elements_order":"","neve_meta_disable_header":"","neve_meta_disable_footer":"","neve_meta_disable_title":"","footnotes":""},"class_list":["post-3455","page","type-page","status-publish","hentry"],"yoast_head":"<!-- This site is optimized with the Yoast SEO plugin v27.5 - https:\/\/yoast.com\/product\/yoast-seo-wordpress\/ -->\n<title>Le conseil de laboratoire - TELEMMe - Temps, espaces, langages, Europe m\u00e9ridionale, M\u00e9diterran\u00e9e<\/title>\n<meta name=\"robots\" content=\"index, follow, max-snippet:-1, max-image-preview:large, max-video-preview:-1\" \/>\n<link rel=\"canonical\" href=\"https:\/\/telemme.mmsh.fr\/?page_id=3455\" \/>\n<meta property=\"og:locale\" content=\"fr_FR\" \/>\n<meta property=\"og:type\" content=\"article\" \/>\n<meta property=\"og:title\" content=\"Le conseil de laboratoire - TELEMMe - Temps, espaces, langages, Europe m\u00e9ridionale, M\u00e9diterran\u00e9e\" \/>\n<meta property=\"og:description\" content=\"Le conseil de laboratoire est pr\u00e9sid\u00e9 par le directeur de l\u2019UMR. Il a un r\u00f4le consultatif et \u00e9met un avis sur toutes les questions relatives \u00e0 la politique scientifique, la&hellip;&nbsp;Lire la suite &raquo;Le conseil de laboratoire\" \/>\n<meta property=\"og:url\" content=\"https:\/\/telemme.mmsh.fr\/?page_id=3455\" \/>\n<meta property=\"og:site_name\" content=\"TELEMMe - Temps, espaces, langages, Europe m\u00e9ridionale, M\u00e9diterran\u00e9e\" \/>\n<meta property=\"article:modified_time\" content=\"2025-01-10T09:18:26+00:00\" \/>\n<meta name=\"twitter:card\" content=\"summary_large_image\" \/>\n<meta name=\"twitter:label1\" content=\"Dur\u00e9e de lecture estim\u00e9e\" \/>\n\t<meta name=\"twitter:data1\" content=\"2 minutes\" \/>\n<script type=\"application\/ld+json\" class=\"yoast-schema-graph\">{\"@context\":\"https:\\\/\\\/schema.org\",\"@graph\":[{\"@type\":\"WebPage\",\"@id\":\"https:\\\/\\\/telemme.mmsh.fr\\\/?page_id=3455\",\"url\":\"https:\\\/\\\/telemme.mmsh.fr\\\/?page_id=3455\",\"name\":\"Le conseil de laboratoire - TELEMMe - Temps, espaces, langages, Europe m\u00e9ridionale, M\u00e9diterran\u00e9e\",\"isPartOf\":{\"@id\":\"https:\\\/\\\/telemme.mmsh.fr\\\/#website\"},\"datePublished\":\"2021-01-21T10:40:04+00:00\",\"dateModified\":\"2025-01-10T09:18:26+00:00\",\"breadcrumb\":{\"@id\":\"https:\\\/\\\/telemme.mmsh.fr\\\/?page_id=3455#breadcrumb\"},\"inLanguage\":\"fr-FR\",\"potentialAction\":[{\"@type\":\"ReadAction\",\"target\":[\"https:\\\/\\\/telemme.mmsh.fr\\\/?page_id=3455\"]}]},{\"@type\":\"BreadcrumbList\",\"@id\":\"https:\\\/\\\/telemme.mmsh.fr\\\/?page_id=3455#breadcrumb\",\"itemListElement\":[{\"@type\":\"ListItem\",\"position\":1,\"name\":\"Accueil\",\"item\":\"https:\\\/\\\/telemme.mmsh.fr\\\/\"},{\"@type\":\"ListItem\",\"position\":2,\"name\":\"Le Laboratoire\",\"item\":\"https:\\\/\\\/telemme.mmsh.fr\\\/?page_id=57\"},{\"@type\":\"ListItem\",\"position\":3,\"name\":\"Le conseil de laboratoire\"}]},{\"@type\":\"WebSite\",\"@id\":\"https:\\\/\\\/telemme.mmsh.fr\\\/#website\",\"url\":\"https:\\\/\\\/telemme.mmsh.fr\\\/\",\"name\":\"TELEMMe - Temps, espaces, langages, Europe m\u00e9ridionale, M\u00e9diterran\u00e9e\",\"description\":\"\",\"publisher\":{\"@id\":\"https:\\\/\\\/telemme.mmsh.fr\\\/#organization\"},\"potentialAction\":[{\"@type\":\"SearchAction\",\"target\":{\"@type\":\"EntryPoint\",\"urlTemplate\":\"https:\\\/\\\/telemme.mmsh.fr\\\/?s={search_term_string}\"},\"query-input\":{\"@type\":\"PropertyValueSpecification\",\"valueRequired\":true,\"valueName\":\"search_term_string\"}}],\"inLanguage\":\"fr-FR\"},{\"@type\":\"Organization\",\"@id\":\"https:\\\/\\\/telemme.mmsh.fr\\\/#organization\",\"name\":\"TELEMMe\",\"url\":\"https:\\\/\\\/telemme.mmsh.fr\\\/\",\"logo\":{\"@type\":\"ImageObject\",\"inLanguage\":\"fr-FR\",\"@id\":\"https:\\\/\\\/telemme.mmsh.fr\\\/#\\\/schema\\\/logo\\\/image\\\/\",\"url\":\"https:\\\/\\\/telemme.mmsh.fr\\\/wp-content\\\/uploads\\\/2020\\\/03\\\/LogoTELEMMe-horizontal-fond-transparent.png\",\"contentUrl\":\"https:\\\/\\\/telemme.mmsh.fr\\\/wp-content\\\/uploads\\\/2020\\\/03\\\/LogoTELEMMe-horizontal-fond-transparent.png\",\"width\":1500,\"height\":437,\"caption\":\"TELEMMe\"},\"image\":{\"@id\":\"https:\\\/\\\/telemme.mmsh.fr\\\/#\\\/schema\\\/logo\\\/image\\\/\"}}]}<\/script>\n<!-- \/ Yoast SEO plugin. -->","yoast_head_json":{"title":"Le conseil de laboratoire - TELEMMe - Temps, espaces, langages, Europe m\u00e9ridionale, M\u00e9diterran\u00e9e","robots":{"index":"index","follow":"follow","max-snippet":"max-snippet:-1","max-image-preview":"max-image-preview:large","max-video-preview":"max-video-preview:-1"},"canonical":"https:\/\/telemme.mmsh.fr\/?page_id=3455","og_locale":"fr_FR","og_type":"article","og_title":"Le conseil de laboratoire - TELEMMe - Temps, espaces, langages, Europe m\u00e9ridionale, M\u00e9diterran\u00e9e","og_description":"Le conseil de laboratoire est pr\u00e9sid\u00e9 par le directeur de l\u2019UMR. Il a un r\u00f4le consultatif et \u00e9met un avis sur toutes les questions relatives \u00e0 la politique scientifique, la&hellip;&nbsp;Lire la suite &raquo;Le conseil de laboratoire","og_url":"https:\/\/telemme.mmsh.fr\/?page_id=3455","og_site_name":"TELEMMe - Temps, espaces, langages, Europe m\u00e9ridionale, M\u00e9diterran\u00e9e","article_modified_time":"2025-01-10T09:18:26+00:00","twitter_card":"summary_large_image","twitter_misc":{"Dur\u00e9e de lecture estim\u00e9e":"2 minutes"},"schema":{"@context":"https:\/\/schema.org","@graph":[{"@type":"WebPage","@id":"https:\/\/telemme.mmsh.fr\/?page_id=3455","url":"https:\/\/telemme.mmsh.fr\/?page_id=3455","name":"Le conseil de laboratoire - TELEMMe - Temps, espaces, langages, Europe m\u00e9ridionale, M\u00e9diterran\u00e9e","isPartOf":{"@id":"https:\/\/telemme.mmsh.fr\/#website"},"datePublished":"2021-01-21T10:40:04+00:00","dateModified":"2025-01-10T09:18:26+00:00","breadcrumb":{"@id":"https:\/\/telemme.mmsh.fr\/?page_id=3455#breadcrumb"},"inLanguage":"fr-FR","potentialAction":[{"@type":"ReadAction","target":["https:\/\/telemme.mmsh.fr\/?page_id=3455"]}]},{"@type":"BreadcrumbList","@id":"https:\/\/telemme.mmsh.fr\/?page_id=3455#breadcrumb","itemListElement":[{"@type":"ListItem","position":1,"name":"Accueil","item":"https:\/\/telemme.mmsh.fr\/"},{"@type":"ListItem","position":2,"name":"Le Laboratoire","item":"https:\/\/telemme.mmsh.fr\/?page_id=57"},{"@type":"ListItem","position":3,"name":"Le conseil de laboratoire"}]},{"@type":"WebSite","@id":"https:\/\/telemme.mmsh.fr\/#website","url":"https:\/\/telemme.mmsh.fr\/","name":"TELEMMe - Temps, espaces, langages, Europe m\u00e9ridionale, M\u00e9diterran\u00e9e","description":"","publisher":{"@id":"https:\/\/telemme.mmsh.fr\/#organization"},"potentialAction":[{"@type":"SearchAction","target":{"@type":"EntryPoint","urlTemplate":"https:\/\/telemme.mmsh.fr\/?s={search_term_string}"},"query-input":{"@type":"PropertyValueSpecification","valueRequired":true,"valueName":"search_term_string"}}],"inLanguage":"fr-FR"},{"@type":"Organization","@id":"https:\/\/telemme.mmsh.fr\/#organization","name":"TELEMMe","url":"https:\/\/telemme.mmsh.fr\/","logo":{"@type":"ImageObject","inLanguage":"fr-FR","@id":"https:\/\/telemme.mmsh.fr\/#\/schema\/logo\/image\/","url":"https:\/\/telemme.mmsh.fr\/wp-content\/uploads\/2020\/03\/LogoTELEMMe-horizontal-fond-transparent.png","contentUrl":"https:\/\/telemme.mmsh.fr\/wp-content\/uploads\/2020\/03\/LogoTELEMMe-horizontal-fond-transparent.png","width":1500,"height":437,"caption":"TELEMMe"},"image":{"@id":"https:\/\/telemme.mmsh.fr\/#\/schema\/logo\/image\/"}}]}},"_links":{"self":[{"href":"https:\/\/telemme.mmsh.fr\/index.php?rest_route=\/wp\/v2\/pages\/3455","targetHints":{"allow":["GET"]}}],"collection":[{"href":"https:\/\/telemme.mmsh.fr\/index.php?rest_route=\/wp\/v2\/pages"}],"about":[{"href":"https:\/\/telemme.mmsh.fr\/index.php?rest_route=\/wp\/v2\/types\/page"}],"author":[{"embeddable":true,"href":"https:\/\/telemme.mmsh.fr\/index.php?rest_route=\/wp\/v2\/users\/6"}],"replies":[{"embeddable":true,"href":"https:\/\/telemme.mmsh.fr\/index.php?rest_route=%2Fwp%2Fv2%2Fcomments&post=3455"}],"version-history":[{"count":22,"href":"https:\/\/telemme.mmsh.fr\/index.php?rest_route=\/wp\/v2\/pages\/3455\/revisions"}],"predecessor-version":[{"id":14865,"href":"https:\/\/telemme.mmsh.fr\/index.php?rest_route=\/wp\/v2\/pages\/3455\/revisions\/14865"}],"up":[{"embeddable":true,"href":"https:\/\/telemme.mmsh.fr\/index.php?rest_route=\/wp\/v2\/pages\/57"}],"wp:attachment":[{"href":"https:\/\/telemme.mmsh.fr\/index.php?rest_route=%2Fwp%2Fv2%2Fmedia&parent=3455"}],"curies":[{"name":"wp","href":"https:\/\/api.w.org\/{rel}","templated":true}]}}