{"id":2358,"date":"2020-12-17T10:29:49","date_gmt":"2020-12-17T09:29:49","guid":{"rendered":"http:\/\/telemme.mmsh.fr\/?page_id=2358"},"modified":"2021-07-09T15:42:25","modified_gmt":"2021-07-09T13:42:25","slug":"mediation-et-diffusion","status":"publish","type":"page","link":"https:\/\/telemme.mmsh.fr\/?page_id=2358","title":{"rendered":"M\u00e9diation et diffusion"},"content":{"rendered":"\n<div class=\"wp-block-group is-style-twentytwentyone-border is-layout-flow wp-block-group-is-layout-flow\"><div class=\"wp-block-group__inner-container\"><\/div><\/div>\n\n\n\n<div class=\"wp-block-buttons is-layout-flex wp-block-buttons-is-layout-flex\" id=\"haut-mediation\">\n<div class=\"wp-block-button is-style-primary\"><a class=\"wp-block-button__link\" href=\"#retc\">La Recherche &amp; la Cit\u00e9<\/a><\/div>\n\n\n\n<div class=\"wp-block-button is-style-primary\"><a class=\"wp-block-button__link\" href=\"#rmt\">Rencontres m\u00e9diterran\u00e9ennes de TELEMMe<\/a><\/div>\n\n\n\n<div class=\"wp-block-button is-style-primary\"><a class=\"wp-block-button__link\" href=\"#rectorat\">Journ\u00e9es Rectorat<\/a><\/div>\n\n\n\n<div class=\"wp-block-button is-style-primary\"><a class=\"wp-block-button__link\" href=\"#expo\">Expositions<\/a><\/div>\n\n\n\n<div class=\"wp-block-button is-style-primary\"><a class=\"wp-block-button__link\" href=\"#webdoc\">Webdocumentaires<\/a><\/div>\n\n\n\n<div class=\"wp-block-button is-style-primary\"><a class=\"wp-block-button__link\" href=\"#films\">Films<\/a><\/div>\n<\/div>\n\n\n\n<div class=\"wp-block-group is-style-twentytwentyone-border\"><div class=\"wp-block-group__inner-container is-layout-flow wp-block-group-is-layout-flow\">\n<div class=\"wp-block-media-text alignwide is-stacked-on-mobile\" style=\"grid-template-columns:35% auto\" id=\"retc\"><figure class=\"wp-block-media-text__media\"><img loading=\"lazy\" decoding=\"async\" width=\"500\" height=\"333\" src=\"https:\/\/telemme.mmsh.fr\/wp-content\/uploads\/2021\/04\/jusdevoyage-uyS7LPJDsu4-unsplash-light.jpg\" alt=\"\" class=\"wp-image-6469 size-full\" srcset=\"https:\/\/telemme.mmsh.fr\/wp-content\/uploads\/2021\/04\/jusdevoyage-uyS7LPJDsu4-unsplash-light.jpg 500w, https:\/\/telemme.mmsh.fr\/wp-content\/uploads\/2021\/04\/jusdevoyage-uyS7LPJDsu4-unsplash-light-300x200.jpg 300w, https:\/\/telemme.mmsh.fr\/wp-content\/uploads\/2021\/04\/jusdevoyage-uyS7LPJDsu4-unsplash-light-450x300.jpg 450w, https:\/\/telemme.mmsh.fr\/wp-content\/uploads\/2021\/04\/jusdevoyage-uyS7LPJDsu4-unsplash-light-272x182.jpg 272w\" sizes=\"auto, (max-width: 500px) 100vw, 500px\" \/><\/figure><div class=\"wp-block-media-text__content\">\n<p class=\"has-medium-font-size\"><strong><a href=\"https:\/\/telemme.mmsh.fr\/?page_id=5731\">La Recherche &amp; la Cit\u00e9<\/a><\/strong><\/p>\n\n\n\n<p>D\u00e9cloisonner la recherche en valorisant les travaux de TELEMMe dans leur originalit\u00e9, hors les murs.<\/p>\n<\/div><\/div>\n\n\n\n<div style=\"height:39px\" aria-hidden=\"true\" class=\"wp-block-spacer\"><\/div>\n\n\n\n<div class=\"wp-block-media-text alignwide is-stacked-on-mobile\" style=\"grid-template-columns:35% auto\" id=\"rmt\"><figure class=\"wp-block-media-text__media\"><img loading=\"lazy\" decoding=\"async\" width=\"500\" height=\"419\" src=\"https:\/\/telemme.mmsh.fr\/wp-content\/uploads\/2021\/04\/mael-balland-1WQO4J3lMfc-unsplash-light.jpg\" alt=\"\" class=\"wp-image-6468 size-full\" srcset=\"https:\/\/telemme.mmsh.fr\/wp-content\/uploads\/2021\/04\/mael-balland-1WQO4J3lMfc-unsplash-light.jpg 500w, https:\/\/telemme.mmsh.fr\/wp-content\/uploads\/2021\/04\/mael-balland-1WQO4J3lMfc-unsplash-light-300x251.jpg 300w\" sizes=\"auto, (max-width: 500px) 100vw, 500px\" \/><\/figure><div class=\"wp-block-media-text__content\">\n<p class=\"has-medium-font-size\"><strong><a href=\"https:\/\/telemme.mmsh.fr\/?page_id=5748\">Les Rencontres m\u00e9diterran\u00e9ennes de TELEMMe<\/a><\/strong><\/p>\n\n\n\n<p>Valoriser une th\u00e9matique commune \u00e0 diff\u00e9rentes groupes de recherche de TELEMMe, selon une forme et un angle pens\u00e9s pour faire dialoguer les disciplines, les objets et les terrains repr\u00e9sent\u00e9s au sein de l&rsquo;unit\u00e9<\/p>\n<\/div><\/div>\n\n\n\n<div style=\"height:40px\" aria-hidden=\"true\" class=\"wp-block-spacer\"><\/div>\n\n\n\n<div class=\"wp-block-media-text alignwide is-stacked-on-mobile\" style=\"grid-template-columns:35% auto\" id=\"rectorat\"><figure class=\"wp-block-media-text__media\"><img loading=\"lazy\" decoding=\"async\" width=\"500\" height=\"333\" src=\"https:\/\/telemme.mmsh.fr\/wp-content\/uploads\/2021\/04\/mael-balland-ydhN7dJBVRw-unsplash-light.jpg\" alt=\"\" class=\"wp-image-6470 size-full\" srcset=\"https:\/\/telemme.mmsh.fr\/wp-content\/uploads\/2021\/04\/mael-balland-ydhN7dJBVRw-unsplash-light.jpg 500w, https:\/\/telemme.mmsh.fr\/wp-content\/uploads\/2021\/04\/mael-balland-ydhN7dJBVRw-unsplash-light-300x200.jpg 300w, https:\/\/telemme.mmsh.fr\/wp-content\/uploads\/2021\/04\/mael-balland-ydhN7dJBVRw-unsplash-light-450x300.jpg 450w, https:\/\/telemme.mmsh.fr\/wp-content\/uploads\/2021\/04\/mael-balland-ydhN7dJBVRw-unsplash-light-272x182.jpg 272w\" sizes=\"auto, (max-width: 500px) 100vw, 500px\" \/><\/figure><div class=\"wp-block-media-text__content\">\n<p class=\"has-medium-font-size\"><strong><a href=\"https:\/\/telemme.mmsh.fr\/?page_id=5762\">Journ\u00e9es Rectorat<\/a><\/strong><\/p>\n\n\n\n<p>Pr\u00e9senter l\u2019actualit\u00e9 des recherches de TELEMMe aux enseignants et enseignantes du secondaire, autour de sujets r\u00e9sonnant avec les programmes de coll\u00e8ges et lyc\u00e9es.<\/p>\n<\/div><\/div>\n\n\n\n<div style=\"height:40px\" aria-hidden=\"true\" class=\"wp-block-spacer\"><\/div>\n\n\n\n<div class=\"wp-block-media-text alignwide is-stacked-on-mobile\" style=\"grid-template-columns:35% auto\"><figure class=\"wp-block-media-text__media\"><img loading=\"lazy\" decoding=\"async\" width=\"1024\" height=\"683\" src=\"https:\/\/telemme.mmsh.fr\/wp-content\/uploads\/2020\/12\/exhibition.jpg\" alt=\"\" class=\"wp-image-2378 size-full\" srcset=\"https:\/\/telemme.mmsh.fr\/wp-content\/uploads\/2020\/12\/exhibition.jpg 1024w, https:\/\/telemme.mmsh.fr\/wp-content\/uploads\/2020\/12\/exhibition-300x200.jpg 300w, https:\/\/telemme.mmsh.fr\/wp-content\/uploads\/2020\/12\/exhibition-768x512.jpg 768w, https:\/\/telemme.mmsh.fr\/wp-content\/uploads\/2020\/12\/exhibition-450x300.jpg 450w, https:\/\/telemme.mmsh.fr\/wp-content\/uploads\/2020\/12\/exhibition-930x620.jpg 930w, https:\/\/telemme.mmsh.fr\/wp-content\/uploads\/2020\/12\/exhibition-272x182.jpg 272w\" sizes=\"auto, (max-width: 1024px) 100vw, 1024px\" \/><\/figure><div class=\"wp-block-media-text__content\">\n<p class=\"has-medium-font-size\" id=\"expo\"><strong><a href=\"https:\/\/telemme.mmsh.fr\/?page_id=5776\">Expositions<\/a><\/strong><\/p>\n\n\n\n<p>Participer \u00e0 la conception d\u2019expositions avec nos partenaires culturels.<\/p>\n<\/div><\/div>\n\n\n<div id=\"pl-gb2358-69f38dbb04a16\"  class=\"panel-layout\" ><div id=\"pg-gb2358-69f38dbb04a16-0\"  class=\"panel-grid panel-no-style\" ><div id=\"pgc-gb2358-69f38dbb04a16-0-0\"  class=\"panel-grid-cell\" ><div id=\"panel-gb2358-69f38dbb04a16-0-0-0\" class=\"so-panel widget widget_siteorigin-panels-postloop panel-first-child panel-last-child\" data-index=\"0\" ><\/div><\/div><\/div><\/div>\n\n\n<div style=\"height:40px\" aria-hidden=\"true\" class=\"wp-block-spacer\"><\/div>\n\n\n\n<div class=\"wp-block-media-text alignwide is-stacked-on-mobile\" style=\"grid-template-columns:35% auto\"><figure class=\"wp-block-media-text__media\"><img loading=\"lazy\" decoding=\"async\" width=\"500\" height=\"281\" src=\"https:\/\/telemme.mmsh.fr\/wp-content\/uploads\/2021\/04\/matthieu-joannon-ZvT3pz7WovU-unsplash-light.jpg\" alt=\"\" class=\"wp-image-6473 size-full\" srcset=\"https:\/\/telemme.mmsh.fr\/wp-content\/uploads\/2021\/04\/matthieu-joannon-ZvT3pz7WovU-unsplash-light.jpg 500w, https:\/\/telemme.mmsh.fr\/wp-content\/uploads\/2021\/04\/matthieu-joannon-ZvT3pz7WovU-unsplash-light-300x169.jpg 300w\" sizes=\"auto, (max-width: 500px) 100vw, 500px\" \/><\/figure><div class=\"wp-block-media-text__content\">\n<p class=\"has-medium-font-size\" id=\"webdoc\"><strong><a href=\"https:\/\/telemme.mmsh.fr\/?page_id=8569\">Webdocumentaires<\/a><\/strong><\/p>\n\n\n\n<p>Exp\u00e9rimenter de nouvelles formes d&rsquo;\u00e9critures autour des recherches de TELEMMe avec les acteurs et actrices, des cin\u00e9astes, des concepteurs web, des documentalistes et archivistes.<\/p>\n<\/div><\/div>\n\n\n\n<div style=\"height:39px\" aria-hidden=\"true\" class=\"wp-block-spacer\"><\/div>\n\n\n\n<div class=\"wp-block-media-text alignwide is-stacked-on-mobile\" style=\"grid-template-columns:35% auto\"><figure class=\"wp-block-media-text__media\"><img loading=\"lazy\" decoding=\"async\" width=\"500\" height=\"750\" src=\"https:\/\/telemme.mmsh.fr\/wp-content\/uploads\/2021\/04\/john-moeses-bauan-WG1HNF8PGHo-unsplash-light.jpg\" alt=\"\" class=\"wp-image-7260 size-full\" srcset=\"https:\/\/telemme.mmsh.fr\/wp-content\/uploads\/2021\/04\/john-moeses-bauan-WG1HNF8PGHo-unsplash-light.jpg 500w, https:\/\/telemme.mmsh.fr\/wp-content\/uploads\/2021\/04\/john-moeses-bauan-WG1HNF8PGHo-unsplash-light-200x300.jpg 200w\" sizes=\"auto, (max-width: 500px) 100vw, 500px\" \/><\/figure><div class=\"wp-block-media-text__content\">\n<p class=\"has-medium-font-size\" id=\"films\"><strong><a href=\"https:\/\/telemme.mmsh.fr\/?page_id=7241\">Films<\/a><\/strong><\/p>\n\n\n\n<p>Transmettre les recherches de TELEMMe gr\u00e2ce au format filmique.<\/p>\n<\/div><\/div>\n\n\n\n<div style=\"height:40px\" aria-hidden=\"true\" class=\"wp-block-spacer\"><\/div>\n<\/div><\/div>\n","protected":false},"excerpt":{"rendered":"<p>La Recherche &amp; la Cit\u00e9 D\u00e9cloisonner la recherche en valorisant les travaux de TELEMMe dans leur originalit\u00e9, hors les murs. Les Rencontres m\u00e9diterran\u00e9ennes de TELEMMe Valoriser une th\u00e9matique commune \u00e0&hellip;&nbsp;<a href=\"https:\/\/telemme.mmsh.fr\/?page_id=2358\" rel=\"bookmark\">Lire la suite &raquo;<span class=\"screen-reader-text\">M\u00e9diation et diffusion<\/span><\/a><\/p>\n","protected":false},"author":6,"featured_media":0,"parent":0,"menu_order":4,"comment_status":"closed","ping_status":"closed","template":"","meta":{"neve_meta_sidebar":"","neve_meta_container":"","neve_meta_enable_content_width":"","neve_meta_content_width":0,"neve_meta_title_alignment":"","neve_meta_author_avatar":"","neve_post_elements_order":"","neve_meta_disable_header":"","neve_meta_disable_footer":"","neve_meta_disable_title":"","footnotes":""},"class_list":["post-2358","page","type-page","status-publish","hentry"],"yoast_head":"<!-- This site is optimized with the Yoast SEO plugin v27.4 - https:\/\/yoast.com\/product\/yoast-seo-wordpress\/ -->\n<title>M\u00e9diation et diffusion - TELEMMe - Temps, espaces, langages, Europe m\u00e9ridionale, M\u00e9diterran\u00e9e<\/title>\n<meta name=\"robots\" content=\"index, follow, max-snippet:-1, max-image-preview:large, max-video-preview:-1\" \/>\n<link rel=\"canonical\" href=\"https:\/\/telemme.mmsh.fr\/?page_id=2358\" \/>\n<meta property=\"og:locale\" content=\"fr_FR\" \/>\n<meta property=\"og:type\" content=\"article\" \/>\n<meta property=\"og:title\" content=\"M\u00e9diation et diffusion - TELEMMe - Temps, espaces, langages, Europe m\u00e9ridionale, M\u00e9diterran\u00e9e\" \/>\n<meta property=\"og:description\" content=\"La Recherche &amp; la Cit\u00e9 D\u00e9cloisonner la recherche en valorisant les travaux de TELEMMe dans leur originalit\u00e9, hors les murs. Les Rencontres m\u00e9diterran\u00e9ennes de TELEMMe Valoriser une th\u00e9matique commune \u00e0&hellip;&nbsp;Lire la suite &raquo;M\u00e9diation et diffusion\" \/>\n<meta property=\"og:url\" content=\"https:\/\/telemme.mmsh.fr\/?page_id=2358\" \/>\n<meta property=\"og:site_name\" content=\"TELEMMe - Temps, espaces, langages, Europe m\u00e9ridionale, M\u00e9diterran\u00e9e\" \/>\n<meta property=\"article:modified_time\" content=\"2021-07-09T13:42:25+00:00\" \/>\n<meta property=\"og:image\" content=\"http:\/\/telemme.mmsh.fr\/wp-content\/uploads\/2021\/04\/jusdevoyage-uyS7LPJDsu4-unsplash-light.jpg\" \/>\n<meta name=\"twitter:card\" content=\"summary_large_image\" \/>\n<meta name=\"twitter:label1\" content=\"Dur\u00e9e de lecture estim\u00e9e\" \/>\n\t<meta name=\"twitter:data1\" content=\"2 minutes\" \/>\n<script type=\"application\/ld+json\" class=\"yoast-schema-graph\">{\"@context\":\"https:\\\/\\\/schema.org\",\"@graph\":[{\"@type\":\"WebPage\",\"@id\":\"https:\\\/\\\/telemme.mmsh.fr\\\/?page_id=2358\",\"url\":\"https:\\\/\\\/telemme.mmsh.fr\\\/?page_id=2358\",\"name\":\"M\u00e9diation et diffusion - TELEMMe - Temps, espaces, langages, Europe m\u00e9ridionale, M\u00e9diterran\u00e9e\",\"isPartOf\":{\"@id\":\"https:\\\/\\\/telemme.mmsh.fr\\\/#website\"},\"primaryImageOfPage\":{\"@id\":\"https:\\\/\\\/telemme.mmsh.fr\\\/?page_id=2358#primaryimage\"},\"image\":{\"@id\":\"https:\\\/\\\/telemme.mmsh.fr\\\/?page_id=2358#primaryimage\"},\"thumbnailUrl\":\"http:\\\/\\\/telemme.mmsh.fr\\\/wp-content\\\/uploads\\\/2021\\\/04\\\/jusdevoyage-uyS7LPJDsu4-unsplash-light.jpg\",\"datePublished\":\"2020-12-17T09:29:49+00:00\",\"dateModified\":\"2021-07-09T13:42:25+00:00\",\"breadcrumb\":{\"@id\":\"https:\\\/\\\/telemme.mmsh.fr\\\/?page_id=2358#breadcrumb\"},\"inLanguage\":\"fr-FR\",\"potentialAction\":[{\"@type\":\"ReadAction\",\"target\":[\"https:\\\/\\\/telemme.mmsh.fr\\\/?page_id=2358\"]}]},{\"@type\":\"ImageObject\",\"inLanguage\":\"fr-FR\",\"@id\":\"https:\\\/\\\/telemme.mmsh.fr\\\/?page_id=2358#primaryimage\",\"url\":\"http:\\\/\\\/telemme.mmsh.fr\\\/wp-content\\\/uploads\\\/2021\\\/04\\\/jusdevoyage-uyS7LPJDsu4-unsplash-light.jpg\",\"contentUrl\":\"http:\\\/\\\/telemme.mmsh.fr\\\/wp-content\\\/uploads\\\/2021\\\/04\\\/jusdevoyage-uyS7LPJDsu4-unsplash-light.jpg\"},{\"@type\":\"BreadcrumbList\",\"@id\":\"https:\\\/\\\/telemme.mmsh.fr\\\/?page_id=2358#breadcrumb\",\"itemListElement\":[{\"@type\":\"ListItem\",\"position\":1,\"name\":\"Accueil\",\"item\":\"https:\\\/\\\/telemme.mmsh.fr\\\/\"},{\"@type\":\"ListItem\",\"position\":2,\"name\":\"M\u00e9diation et diffusion\"}]},{\"@type\":\"WebSite\",\"@id\":\"https:\\\/\\\/telemme.mmsh.fr\\\/#website\",\"url\":\"https:\\\/\\\/telemme.mmsh.fr\\\/\",\"name\":\"TELEMMe - Temps, espaces, langages, Europe m\u00e9ridionale, M\u00e9diterran\u00e9e\",\"description\":\"\",\"publisher\":{\"@id\":\"https:\\\/\\\/telemme.mmsh.fr\\\/#organization\"},\"potentialAction\":[{\"@type\":\"SearchAction\",\"target\":{\"@type\":\"EntryPoint\",\"urlTemplate\":\"https:\\\/\\\/telemme.mmsh.fr\\\/?s={search_term_string}\"},\"query-input\":{\"@type\":\"PropertyValueSpecification\",\"valueRequired\":true,\"valueName\":\"search_term_string\"}}],\"inLanguage\":\"fr-FR\"},{\"@type\":\"Organization\",\"@id\":\"https:\\\/\\\/telemme.mmsh.fr\\\/#organization\",\"name\":\"TELEMMe\",\"url\":\"https:\\\/\\\/telemme.mmsh.fr\\\/\",\"logo\":{\"@type\":\"ImageObject\",\"inLanguage\":\"fr-FR\",\"@id\":\"https:\\\/\\\/telemme.mmsh.fr\\\/#\\\/schema\\\/logo\\\/image\\\/\",\"url\":\"https:\\\/\\\/telemme.mmsh.fr\\\/wp-content\\\/uploads\\\/2020\\\/03\\\/LogoTELEMMe-horizontal-fond-transparent.png\",\"contentUrl\":\"https:\\\/\\\/telemme.mmsh.fr\\\/wp-content\\\/uploads\\\/2020\\\/03\\\/LogoTELEMMe-horizontal-fond-transparent.png\",\"width\":1500,\"height\":437,\"caption\":\"TELEMMe\"},\"image\":{\"@id\":\"https:\\\/\\\/telemme.mmsh.fr\\\/#\\\/schema\\\/logo\\\/image\\\/\"}}]}<\/script>\n<!-- \/ Yoast SEO plugin. -->","yoast_head_json":{"title":"M\u00e9diation et diffusion - TELEMMe - Temps, espaces, langages, Europe m\u00e9ridionale, M\u00e9diterran\u00e9e","robots":{"index":"index","follow":"follow","max-snippet":"max-snippet:-1","max-image-preview":"max-image-preview:large","max-video-preview":"max-video-preview:-1"},"canonical":"https:\/\/telemme.mmsh.fr\/?page_id=2358","og_locale":"fr_FR","og_type":"article","og_title":"M\u00e9diation et diffusion - TELEMMe - Temps, espaces, langages, Europe m\u00e9ridionale, M\u00e9diterran\u00e9e","og_description":"La Recherche &amp; la Cit\u00e9 D\u00e9cloisonner la recherche en valorisant les travaux de TELEMMe dans leur originalit\u00e9, hors les murs. Les Rencontres m\u00e9diterran\u00e9ennes de TELEMMe Valoriser une th\u00e9matique commune \u00e0&hellip;&nbsp;Lire la suite &raquo;M\u00e9diation et diffusion","og_url":"https:\/\/telemme.mmsh.fr\/?page_id=2358","og_site_name":"TELEMMe - Temps, espaces, langages, Europe m\u00e9ridionale, M\u00e9diterran\u00e9e","article_modified_time":"2021-07-09T13:42:25+00:00","og_image":[{"url":"http:\/\/telemme.mmsh.fr\/wp-content\/uploads\/2021\/04\/jusdevoyage-uyS7LPJDsu4-unsplash-light.jpg","type":"","width":"","height":""}],"twitter_card":"summary_large_image","twitter_misc":{"Dur\u00e9e de lecture estim\u00e9e":"2 minutes"},"schema":{"@context":"https:\/\/schema.org","@graph":[{"@type":"WebPage","@id":"https:\/\/telemme.mmsh.fr\/?page_id=2358","url":"https:\/\/telemme.mmsh.fr\/?page_id=2358","name":"M\u00e9diation et diffusion - TELEMMe - Temps, espaces, langages, Europe m\u00e9ridionale, M\u00e9diterran\u00e9e","isPartOf":{"@id":"https:\/\/telemme.mmsh.fr\/#website"},"primaryImageOfPage":{"@id":"https:\/\/telemme.mmsh.fr\/?page_id=2358#primaryimage"},"image":{"@id":"https:\/\/telemme.mmsh.fr\/?page_id=2358#primaryimage"},"thumbnailUrl":"http:\/\/telemme.mmsh.fr\/wp-content\/uploads\/2021\/04\/jusdevoyage-uyS7LPJDsu4-unsplash-light.jpg","datePublished":"2020-12-17T09:29:49+00:00","dateModified":"2021-07-09T13:42:25+00:00","breadcrumb":{"@id":"https:\/\/telemme.mmsh.fr\/?page_id=2358#breadcrumb"},"inLanguage":"fr-FR","potentialAction":[{"@type":"ReadAction","target":["https:\/\/telemme.mmsh.fr\/?page_id=2358"]}]},{"@type":"ImageObject","inLanguage":"fr-FR","@id":"https:\/\/telemme.mmsh.fr\/?page_id=2358#primaryimage","url":"http:\/\/telemme.mmsh.fr\/wp-content\/uploads\/2021\/04\/jusdevoyage-uyS7LPJDsu4-unsplash-light.jpg","contentUrl":"http:\/\/telemme.mmsh.fr\/wp-content\/uploads\/2021\/04\/jusdevoyage-uyS7LPJDsu4-unsplash-light.jpg"},{"@type":"BreadcrumbList","@id":"https:\/\/telemme.mmsh.fr\/?page_id=2358#breadcrumb","itemListElement":[{"@type":"ListItem","position":1,"name":"Accueil","item":"https:\/\/telemme.mmsh.fr\/"},{"@type":"ListItem","position":2,"name":"M\u00e9diation et diffusion"}]},{"@type":"WebSite","@id":"https:\/\/telemme.mmsh.fr\/#website","url":"https:\/\/telemme.mmsh.fr\/","name":"TELEMMe - Temps, espaces, langages, Europe m\u00e9ridionale, M\u00e9diterran\u00e9e","description":"","publisher":{"@id":"https:\/\/telemme.mmsh.fr\/#organization"},"potentialAction":[{"@type":"SearchAction","target":{"@type":"EntryPoint","urlTemplate":"https:\/\/telemme.mmsh.fr\/?s={search_term_string}"},"query-input":{"@type":"PropertyValueSpecification","valueRequired":true,"valueName":"search_term_string"}}],"inLanguage":"fr-FR"},{"@type":"Organization","@id":"https:\/\/telemme.mmsh.fr\/#organization","name":"TELEMMe","url":"https:\/\/telemme.mmsh.fr\/","logo":{"@type":"ImageObject","inLanguage":"fr-FR","@id":"https:\/\/telemme.mmsh.fr\/#\/schema\/logo\/image\/","url":"https:\/\/telemme.mmsh.fr\/wp-content\/uploads\/2020\/03\/LogoTELEMMe-horizontal-fond-transparent.png","contentUrl":"https:\/\/telemme.mmsh.fr\/wp-content\/uploads\/2020\/03\/LogoTELEMMe-horizontal-fond-transparent.png","width":1500,"height":437,"caption":"TELEMMe"},"image":{"@id":"https:\/\/telemme.mmsh.fr\/#\/schema\/logo\/image\/"}}]}},"_links":{"self":[{"href":"https:\/\/telemme.mmsh.fr\/index.php?rest_route=\/wp\/v2\/pages\/2358","targetHints":{"allow":["GET"]}}],"collection":[{"href":"https:\/\/telemme.mmsh.fr\/index.php?rest_route=\/wp\/v2\/pages"}],"about":[{"href":"https:\/\/telemme.mmsh.fr\/index.php?rest_route=\/wp\/v2\/types\/page"}],"author":[{"embeddable":true,"href":"https:\/\/telemme.mmsh.fr\/index.php?rest_route=\/wp\/v2\/users\/6"}],"replies":[{"embeddable":true,"href":"https:\/\/telemme.mmsh.fr\/index.php?rest_route=%2Fwp%2Fv2%2Fcomments&post=2358"}],"version-history":[{"count":19,"href":"https:\/\/telemme.mmsh.fr\/index.php?rest_route=\/wp\/v2\/pages\/2358\/revisions"}],"predecessor-version":[{"id":8792,"href":"https:\/\/telemme.mmsh.fr\/index.php?rest_route=\/wp\/v2\/pages\/2358\/revisions\/8792"}],"wp:attachment":[{"href":"https:\/\/telemme.mmsh.fr\/index.php?rest_route=%2Fwp%2Fv2%2Fmedia&parent=2358"}],"curies":[{"name":"wp","href":"https:\/\/api.w.org\/{rel}","templated":true}]}}