{"id":2324,"date":"2020-12-16T23:39:19","date_gmt":"2020-12-16T22:39:19","guid":{"rendered":"http:\/\/telemme.mmsh.fr\/?page_id=2324"},"modified":"2021-06-23T21:17:33","modified_gmt":"2021-06-23T19:17:33","slug":"evenements","status":"publish","type":"page","link":"https:\/\/telemme.mmsh.fr\/?page_id=2324","title":{"rendered":"\u00c9v\u00e9nements"},"content":{"rendered":"\n<div class=\"wp-block-media-text alignwide is-stacked-on-mobile\" style=\"grid-template-columns:38% auto\"><figure class=\"wp-block-media-text__media\"><img decoding=\"async\" src=\"https:\/\/telemme.mmsh.fr\/wp-content\/uploads\/2021\/04\/djim-loic-ft0-Xu4nTvA-unsplash.jpg\" alt=\"\" class=\"wp-image-6365 size-full\"\/><\/figure><div class=\"wp-block-media-text__content\">\n<p class=\"has-medium-font-size\"><strong><a href=\"https:\/\/telemme.mmsh.fr\/?post_type=tribe_events\">Calendrier des \u00e9v\u00e9nements<\/a><\/strong><\/p>\n<\/div><\/div>\n\n\n\n<div style=\"height:40px\" aria-hidden=\"true\" class=\"wp-block-spacer\"><\/div>\n\n\n\n<div class=\"wp-block-media-text alignwide is-stacked-on-mobile\" style=\"grid-template-columns:38% auto\"><figure class=\"wp-block-media-text__media\"><img loading=\"lazy\" decoding=\"async\" width=\"500\" height=\"333\" src=\"https:\/\/telemme.mmsh.fr\/wp-content\/uploads\/2021\/04\/john-mark-smith-IS7WfX_f_ug-unsplash-light.jpg\" alt=\"\" class=\"wp-image-6367 size-full\" srcset=\"https:\/\/telemme.mmsh.fr\/wp-content\/uploads\/2021\/04\/john-mark-smith-IS7WfX_f_ug-unsplash-light.jpg 500w, https:\/\/telemme.mmsh.fr\/wp-content\/uploads\/2021\/04\/john-mark-smith-IS7WfX_f_ug-unsplash-light-300x200.jpg 300w, https:\/\/telemme.mmsh.fr\/wp-content\/uploads\/2021\/04\/john-mark-smith-IS7WfX_f_ug-unsplash-light-450x300.jpg 450w, https:\/\/telemme.mmsh.fr\/wp-content\/uploads\/2021\/04\/john-mark-smith-IS7WfX_f_ug-unsplash-light-272x182.jpg 272w\" sizes=\"auto, (max-width: 500px) 100vw, 500px\" \/><\/figure><div class=\"wp-block-media-text__content\">\n<p class=\"has-medium-font-size\"><strong><a href=\"https:\/\/telemme.mmsh.fr\/?page_id=5817\">Colloques<\/a><\/strong><\/p>\n<\/div><\/div>\n\n\n\n<div style=\"height:40px\" aria-hidden=\"true\" class=\"wp-block-spacer\"><\/div>\n\n\n\n<div class=\"wp-block-media-text alignwide is-stacked-on-mobile\" style=\"grid-template-columns:38% auto\"><figure class=\"wp-block-media-text__media\"><img decoding=\"async\" src=\"https:\/\/telemme.mmsh.fr\/wp-content\/uploads\/2021\/04\/jake-hills-23LET4Hxj_U-unsplash.jpg\" alt=\"\" class=\"wp-image-6368 size-full\"\/><\/figure><div class=\"wp-block-media-text__content\">\n<p class=\"has-medium-font-size\"><strong><a href=\"https:\/\/telemme.mmsh.fr\/?page_id=5847\">Journ\u00e9es d\u2019\u00e9tudes<\/a><\/strong><\/p>\n<\/div><\/div>\n\n\n\n<div style=\"height:40px\" aria-hidden=\"true\" class=\"wp-block-spacer\"><\/div>\n\n\n\n<div class=\"wp-block-media-text alignwide is-stacked-on-mobile\" style=\"grid-template-columns:38% auto\"><figure class=\"wp-block-media-text__media\"><img decoding=\"async\" src=\"https:\/\/telemme.mmsh.fr\/wp-content\/uploads\/2021\/04\/david-travis-5bYxXawHOQg-unsplash.jpg\" alt=\"\" class=\"wp-image-6369 size-full\"\/><\/figure><div class=\"wp-block-media-text__content\">\n<p class=\"has-medium-font-size\"><strong><a href=\"https:\/\/telemme.mmsh.fr\/?page_id=3679\">S\u00e9minaires<\/a><\/strong><\/p>\n<\/div><\/div>\n\n\n\n<div style=\"height:40px\" aria-hidden=\"true\" class=\"wp-block-spacer\"><\/div>\n\n\n\n<div class=\"wp-block-media-text alignwide is-stacked-on-mobile\" style=\"grid-template-columns:38% auto\"><figure class=\"wp-block-media-text__media\"><img loading=\"lazy\" decoding=\"async\" width=\"500\" height=\"353\" src=\"https:\/\/telemme.mmsh.fr\/wp-content\/uploads\/2021\/04\/sam-balye-w1FwDvIreZU-unsplash-light.jpg\" alt=\"\" class=\"wp-image-6371 size-full\" srcset=\"https:\/\/telemme.mmsh.fr\/wp-content\/uploads\/2021\/04\/sam-balye-w1FwDvIreZU-unsplash-light.jpg 500w, https:\/\/telemme.mmsh.fr\/wp-content\/uploads\/2021\/04\/sam-balye-w1FwDvIreZU-unsplash-light-300x212.jpg 300w\" sizes=\"auto, (max-width: 500px) 100vw, 500px\" \/><\/figure><div class=\"wp-block-media-text__content\">\n<p class=\"has-medium-font-size\"><strong><a href=\"https:\/\/telemme.mmsh.fr\/?page_id=5850\">Journ\u00e9es Jeunes chercheur\u00b7euses TELEMMe<\/a><\/strong><\/p>\n<\/div><\/div>\n\n\n\n<div style=\"height:40px\" aria-hidden=\"true\" class=\"wp-block-spacer\"><\/div>\n\n\n\n<div class=\"wp-block-media-text alignwide is-stacked-on-mobile\" style=\"grid-template-columns:37% auto\"><figure class=\"wp-block-media-text__media\"><img loading=\"lazy\" decoding=\"async\" width=\"500\" height=\"497\" src=\"https:\/\/telemme.mmsh.fr\/wp-content\/uploads\/2021\/04\/artem-maltsev-0CvHQ62gwY8-unsplash-light.jpg\" alt=\"\" class=\"wp-image-6374 size-full\" srcset=\"https:\/\/telemme.mmsh.fr\/wp-content\/uploads\/2021\/04\/artem-maltsev-0CvHQ62gwY8-unsplash-light.jpg 500w, https:\/\/telemme.mmsh.fr\/wp-content\/uploads\/2021\/04\/artem-maltsev-0CvHQ62gwY8-unsplash-light-300x298.jpg 300w, https:\/\/telemme.mmsh.fr\/wp-content\/uploads\/2021\/04\/artem-maltsev-0CvHQ62gwY8-unsplash-light-150x150.jpg 150w, https:\/\/telemme.mmsh.fr\/wp-content\/uploads\/2021\/04\/artem-maltsev-0CvHQ62gwY8-unsplash-light-100x100.jpg 100w\" sizes=\"auto, (max-width: 500px) 100vw, 500px\" \/><\/figure><div class=\"wp-block-media-text__content\">\n<p class=\"has-medium-font-size\"><strong><a href=\"https:\/\/telemme.mmsh.fr\/?page_id=5853\">Ateliers<\/a><\/strong><\/p>\n<\/div><\/div>\n\n\n\n<div style=\"height:40px\" aria-hidden=\"true\" class=\"wp-block-spacer\"><\/div>\n\n\n\n<div class=\"wp-block-media-text alignwide is-stacked-on-mobile\" style=\"grid-template-columns:37% auto\"><figure class=\"wp-block-media-text__media\"><img decoding=\"async\" src=\"https:\/\/telemme.mmsh.fr\/wp-content\/uploads\/2021\/04\/bruno-pegoraro-9_TBjJcEV5o-unsplash.jpg\" alt=\"\" class=\"wp-image-7130 size-full\"\/><\/figure><div class=\"wp-block-media-text__content\">\n<p class=\"has-medium-font-size\"><strong><a href=\"https:\/\/telemme.mmsh.fr\/?page_id=7122\">\u00c9coles de recherche<\/a><\/strong><\/p>\n<\/div><\/div>\n\n\n\n<div style=\"height:40px\" aria-hidden=\"true\" class=\"wp-block-spacer\"><\/div>\n\n\n\n<div class=\"wp-block-media-text alignwide is-stacked-on-mobile\" style=\"grid-template-columns:37% auto\"><figure class=\"wp-block-media-text__media\"><img loading=\"lazy\" decoding=\"async\" width=\"500\" height=\"333\" src=\"https:\/\/telemme.mmsh.fr\/wp-content\/uploads\/2021\/04\/alex-litvin-MAYsdoYpGuk-unsplash-light.jpg\" alt=\"\" class=\"wp-image-6377 size-full\" srcset=\"https:\/\/telemme.mmsh.fr\/wp-content\/uploads\/2021\/04\/alex-litvin-MAYsdoYpGuk-unsplash-light.jpg 500w, https:\/\/telemme.mmsh.fr\/wp-content\/uploads\/2021\/04\/alex-litvin-MAYsdoYpGuk-unsplash-light-300x200.jpg 300w, https:\/\/telemme.mmsh.fr\/wp-content\/uploads\/2021\/04\/alex-litvin-MAYsdoYpGuk-unsplash-light-450x300.jpg 450w, https:\/\/telemme.mmsh.fr\/wp-content\/uploads\/2021\/04\/alex-litvin-MAYsdoYpGuk-unsplash-light-272x182.jpg 272w\" sizes=\"auto, (max-width: 500px) 100vw, 500px\" \/><\/figure><div class=\"wp-block-media-text__content\">\n<p class=\"has-medium-font-size\"><strong><a href=\"https:\/\/telemme.mmsh.fr\/?page_id=6021\">Interventions externes des membres de TELEMMe<\/a><\/strong><\/p>\n<\/div><\/div>\n","protected":false},"excerpt":{"rendered":"<p>Calendrier des \u00e9v\u00e9nements Colloques Journ\u00e9es d\u2019\u00e9tudes S\u00e9minaires Journ\u00e9es Jeunes chercheur\u00b7euses TELEMMe Ateliers \u00c9coles de recherche Interventions externes des membres de TELEMMe<\/p>\n","protected":false},"author":6,"featured_media":0,"parent":0,"menu_order":3,"comment_status":"closed","ping_status":"closed","template":"","meta":{"neve_meta_sidebar":"","neve_meta_container":"","neve_meta_enable_content_width":"","neve_meta_content_width":0,"neve_meta_title_alignment":"","neve_meta_author_avatar":"","neve_post_elements_order":"","neve_meta_disable_header":"","neve_meta_disable_footer":"","neve_meta_disable_title":"","footnotes":""},"class_list":["post-2324","page","type-page","status-publish","hentry"],"yoast_head":"<!-- This site is optimized with the Yoast SEO plugin v27.5 - https:\/\/yoast.com\/product\/yoast-seo-wordpress\/ -->\n<title>\u00c9v\u00e9nements - TELEMMe - Temps, espaces, langages, Europe m\u00e9ridionale, M\u00e9diterran\u00e9e<\/title>\n<meta name=\"robots\" content=\"index, follow, max-snippet:-1, max-image-preview:large, max-video-preview:-1\" \/>\n<link rel=\"canonical\" href=\"https:\/\/telemme.mmsh.fr\/?page_id=2324\" \/>\n<meta property=\"og:locale\" content=\"fr_FR\" \/>\n<meta property=\"og:type\" content=\"article\" \/>\n<meta property=\"og:title\" content=\"\u00c9v\u00e9nements - TELEMMe - Temps, espaces, langages, Europe m\u00e9ridionale, M\u00e9diterran\u00e9e\" \/>\n<meta property=\"og:description\" content=\"Calendrier des \u00e9v\u00e9nements Colloques Journ\u00e9es d\u2019\u00e9tudes S\u00e9minaires Journ\u00e9es Jeunes chercheur\u00b7euses TELEMMe Ateliers \u00c9coles de recherche Interventions externes des membres de TELEMMe\" \/>\n<meta property=\"og:url\" content=\"https:\/\/telemme.mmsh.fr\/?page_id=2324\" \/>\n<meta property=\"og:site_name\" content=\"TELEMMe - Temps, espaces, langages, Europe m\u00e9ridionale, M\u00e9diterran\u00e9e\" \/>\n<meta property=\"article:modified_time\" content=\"2021-06-23T19:17:33+00:00\" \/>\n<meta property=\"og:image\" content=\"http:\/\/telemme.mmsh.fr\/wp-content\/uploads\/2021\/04\/djim-loic-ft0-Xu4nTvA-unsplash.jpg\" \/>\n<meta name=\"twitter:card\" content=\"summary_large_image\" \/>\n<meta name=\"twitter:label1\" content=\"Dur\u00e9e de lecture estim\u00e9e\" \/>\n\t<meta name=\"twitter:data1\" content=\"2 minutes\" \/>\n<script type=\"application\/ld+json\" class=\"yoast-schema-graph\">{\"@context\":\"https:\\\/\\\/schema.org\",\"@graph\":[{\"@type\":\"WebPage\",\"@id\":\"https:\\\/\\\/telemme.mmsh.fr\\\/?page_id=2324\",\"url\":\"https:\\\/\\\/telemme.mmsh.fr\\\/?page_id=2324\",\"name\":\"\u00c9v\u00e9nements - TELEMMe - Temps, espaces, langages, Europe m\u00e9ridionale, M\u00e9diterran\u00e9e\",\"isPartOf\":{\"@id\":\"https:\\\/\\\/telemme.mmsh.fr\\\/#website\"},\"primaryImageOfPage\":{\"@id\":\"https:\\\/\\\/telemme.mmsh.fr\\\/?page_id=2324#primaryimage\"},\"image\":{\"@id\":\"https:\\\/\\\/telemme.mmsh.fr\\\/?page_id=2324#primaryimage\"},\"thumbnailUrl\":\"http:\\\/\\\/telemme.mmsh.fr\\\/wp-content\\\/uploads\\\/2021\\\/04\\\/djim-loic-ft0-Xu4nTvA-unsplash.jpg\",\"datePublished\":\"2020-12-16T22:39:19+00:00\",\"dateModified\":\"2021-06-23T19:17:33+00:00\",\"breadcrumb\":{\"@id\":\"https:\\\/\\\/telemme.mmsh.fr\\\/?page_id=2324#breadcrumb\"},\"inLanguage\":\"fr-FR\",\"potentialAction\":[{\"@type\":\"ReadAction\",\"target\":[\"https:\\\/\\\/telemme.mmsh.fr\\\/?page_id=2324\"]}]},{\"@type\":\"ImageObject\",\"inLanguage\":\"fr-FR\",\"@id\":\"https:\\\/\\\/telemme.mmsh.fr\\\/?page_id=2324#primaryimage\",\"url\":\"https:\\\/\\\/telemme.mmsh.fr\\\/wp-content\\\/uploads\\\/2021\\\/04\\\/djim-loic-ft0-Xu4nTvA-unsplash-scaled.jpg\",\"contentUrl\":\"https:\\\/\\\/telemme.mmsh.fr\\\/wp-content\\\/uploads\\\/2021\\\/04\\\/djim-loic-ft0-Xu4nTvA-unsplash-scaled.jpg\",\"width\":2560,\"height\":1996},{\"@type\":\"BreadcrumbList\",\"@id\":\"https:\\\/\\\/telemme.mmsh.fr\\\/?page_id=2324#breadcrumb\",\"itemListElement\":[{\"@type\":\"ListItem\",\"position\":1,\"name\":\"Accueil\",\"item\":\"https:\\\/\\\/telemme.mmsh.fr\\\/\"},{\"@type\":\"ListItem\",\"position\":2,\"name\":\"\u00c9v\u00e9nements\"}]},{\"@type\":\"WebSite\",\"@id\":\"https:\\\/\\\/telemme.mmsh.fr\\\/#website\",\"url\":\"https:\\\/\\\/telemme.mmsh.fr\\\/\",\"name\":\"TELEMMe - Temps, espaces, langages, Europe m\u00e9ridionale, M\u00e9diterran\u00e9e\",\"description\":\"\",\"publisher\":{\"@id\":\"https:\\\/\\\/telemme.mmsh.fr\\\/#organization\"},\"potentialAction\":[{\"@type\":\"SearchAction\",\"target\":{\"@type\":\"EntryPoint\",\"urlTemplate\":\"https:\\\/\\\/telemme.mmsh.fr\\\/?s={search_term_string}\"},\"query-input\":{\"@type\":\"PropertyValueSpecification\",\"valueRequired\":true,\"valueName\":\"search_term_string\"}}],\"inLanguage\":\"fr-FR\"},{\"@type\":\"Organization\",\"@id\":\"https:\\\/\\\/telemme.mmsh.fr\\\/#organization\",\"name\":\"TELEMMe\",\"url\":\"https:\\\/\\\/telemme.mmsh.fr\\\/\",\"logo\":{\"@type\":\"ImageObject\",\"inLanguage\":\"fr-FR\",\"@id\":\"https:\\\/\\\/telemme.mmsh.fr\\\/#\\\/schema\\\/logo\\\/image\\\/\",\"url\":\"https:\\\/\\\/telemme.mmsh.fr\\\/wp-content\\\/uploads\\\/2020\\\/03\\\/LogoTELEMMe-horizontal-fond-transparent.png\",\"contentUrl\":\"https:\\\/\\\/telemme.mmsh.fr\\\/wp-content\\\/uploads\\\/2020\\\/03\\\/LogoTELEMMe-horizontal-fond-transparent.png\",\"width\":1500,\"height\":437,\"caption\":\"TELEMMe\"},\"image\":{\"@id\":\"https:\\\/\\\/telemme.mmsh.fr\\\/#\\\/schema\\\/logo\\\/image\\\/\"}}]}<\/script>\n<!-- \/ Yoast SEO plugin. -->","yoast_head_json":{"title":"\u00c9v\u00e9nements - TELEMMe - Temps, espaces, langages, Europe m\u00e9ridionale, M\u00e9diterran\u00e9e","robots":{"index":"index","follow":"follow","max-snippet":"max-snippet:-1","max-image-preview":"max-image-preview:large","max-video-preview":"max-video-preview:-1"},"canonical":"https:\/\/telemme.mmsh.fr\/?page_id=2324","og_locale":"fr_FR","og_type":"article","og_title":"\u00c9v\u00e9nements - TELEMMe - Temps, espaces, langages, Europe m\u00e9ridionale, M\u00e9diterran\u00e9e","og_description":"Calendrier des \u00e9v\u00e9nements Colloques Journ\u00e9es d\u2019\u00e9tudes S\u00e9minaires Journ\u00e9es Jeunes chercheur\u00b7euses TELEMMe Ateliers \u00c9coles de recherche Interventions externes des membres de TELEMMe","og_url":"https:\/\/telemme.mmsh.fr\/?page_id=2324","og_site_name":"TELEMMe - Temps, espaces, langages, Europe m\u00e9ridionale, M\u00e9diterran\u00e9e","article_modified_time":"2021-06-23T19:17:33+00:00","og_image":[{"url":"http:\/\/telemme.mmsh.fr\/wp-content\/uploads\/2021\/04\/djim-loic-ft0-Xu4nTvA-unsplash.jpg","type":"","width":"","height":""}],"twitter_card":"summary_large_image","twitter_misc":{"Dur\u00e9e de lecture estim\u00e9e":"2 minutes"},"schema":{"@context":"https:\/\/schema.org","@graph":[{"@type":"WebPage","@id":"https:\/\/telemme.mmsh.fr\/?page_id=2324","url":"https:\/\/telemme.mmsh.fr\/?page_id=2324","name":"\u00c9v\u00e9nements - TELEMMe - Temps, espaces, langages, Europe m\u00e9ridionale, M\u00e9diterran\u00e9e","isPartOf":{"@id":"https:\/\/telemme.mmsh.fr\/#website"},"primaryImageOfPage":{"@id":"https:\/\/telemme.mmsh.fr\/?page_id=2324#primaryimage"},"image":{"@id":"https:\/\/telemme.mmsh.fr\/?page_id=2324#primaryimage"},"thumbnailUrl":"http:\/\/telemme.mmsh.fr\/wp-content\/uploads\/2021\/04\/djim-loic-ft0-Xu4nTvA-unsplash.jpg","datePublished":"2020-12-16T22:39:19+00:00","dateModified":"2021-06-23T19:17:33+00:00","breadcrumb":{"@id":"https:\/\/telemme.mmsh.fr\/?page_id=2324#breadcrumb"},"inLanguage":"fr-FR","potentialAction":[{"@type":"ReadAction","target":["https:\/\/telemme.mmsh.fr\/?page_id=2324"]}]},{"@type":"ImageObject","inLanguage":"fr-FR","@id":"https:\/\/telemme.mmsh.fr\/?page_id=2324#primaryimage","url":"https:\/\/telemme.mmsh.fr\/wp-content\/uploads\/2021\/04\/djim-loic-ft0-Xu4nTvA-unsplash-scaled.jpg","contentUrl":"https:\/\/telemme.mmsh.fr\/wp-content\/uploads\/2021\/04\/djim-loic-ft0-Xu4nTvA-unsplash-scaled.jpg","width":2560,"height":1996},{"@type":"BreadcrumbList","@id":"https:\/\/telemme.mmsh.fr\/?page_id=2324#breadcrumb","itemListElement":[{"@type":"ListItem","position":1,"name":"Accueil","item":"https:\/\/telemme.mmsh.fr\/"},{"@type":"ListItem","position":2,"name":"\u00c9v\u00e9nements"}]},{"@type":"WebSite","@id":"https:\/\/telemme.mmsh.fr\/#website","url":"https:\/\/telemme.mmsh.fr\/","name":"TELEMMe - Temps, espaces, langages, Europe m\u00e9ridionale, M\u00e9diterran\u00e9e","description":"","publisher":{"@id":"https:\/\/telemme.mmsh.fr\/#organization"},"potentialAction":[{"@type":"SearchAction","target":{"@type":"EntryPoint","urlTemplate":"https:\/\/telemme.mmsh.fr\/?s={search_term_string}"},"query-input":{"@type":"PropertyValueSpecification","valueRequired":true,"valueName":"search_term_string"}}],"inLanguage":"fr-FR"},{"@type":"Organization","@id":"https:\/\/telemme.mmsh.fr\/#organization","name":"TELEMMe","url":"https:\/\/telemme.mmsh.fr\/","logo":{"@type":"ImageObject","inLanguage":"fr-FR","@id":"https:\/\/telemme.mmsh.fr\/#\/schema\/logo\/image\/","url":"https:\/\/telemme.mmsh.fr\/wp-content\/uploads\/2020\/03\/LogoTELEMMe-horizontal-fond-transparent.png","contentUrl":"https:\/\/telemme.mmsh.fr\/wp-content\/uploads\/2020\/03\/LogoTELEMMe-horizontal-fond-transparent.png","width":1500,"height":437,"caption":"TELEMMe"},"image":{"@id":"https:\/\/telemme.mmsh.fr\/#\/schema\/logo\/image\/"}}]}},"_links":{"self":[{"href":"https:\/\/telemme.mmsh.fr\/index.php?rest_route=\/wp\/v2\/pages\/2324","targetHints":{"allow":["GET"]}}],"collection":[{"href":"https:\/\/telemme.mmsh.fr\/index.php?rest_route=\/wp\/v2\/pages"}],"about":[{"href":"https:\/\/telemme.mmsh.fr\/index.php?rest_route=\/wp\/v2\/types\/page"}],"author":[{"embeddable":true,"href":"https:\/\/telemme.mmsh.fr\/index.php?rest_route=\/wp\/v2\/users\/6"}],"replies":[{"embeddable":true,"href":"https:\/\/telemme.mmsh.fr\/index.php?rest_route=%2Fwp%2Fv2%2Fcomments&post=2324"}],"version-history":[{"count":8,"href":"https:\/\/telemme.mmsh.fr\/index.php?rest_route=\/wp\/v2\/pages\/2324\/revisions"}],"predecessor-version":[{"id":8342,"href":"https:\/\/telemme.mmsh.fr\/index.php?rest_route=\/wp\/v2\/pages\/2324\/revisions\/8342"}],"wp:attachment":[{"href":"https:\/\/telemme.mmsh.fr\/index.php?rest_route=%2Fwp%2Fv2%2Fmedia&parent=2324"}],"curies":[{"name":"wp","href":"https:\/\/api.w.org\/{rel}","templated":true}]}}