{"id":2303,"date":"2020-12-16T22:56:42","date_gmt":"2020-12-16T21:56:42","guid":{"rendered":"http:\/\/telemme.mmsh.fr\/?page_id=2303"},"modified":"2021-07-07T11:20:52","modified_gmt":"2021-07-07T09:20:52","slug":"membres-non-statutaires","status":"publish","type":"page","link":"https:\/\/telemme.mmsh.fr\/?page_id=2303","title":{"rendered":"Membres non-statutaires"},"content":{"rendered":"\n<div class=\"wp-block-media-text alignwide is-stacked-on-mobile\" style=\"grid-template-columns:37% auto\"><figure class=\"wp-block-media-text__media\"><img decoding=\"async\" src=\"https:\/\/telemme.mmsh.fr\/wp-content\/uploads\/2021\/03\/kyler-trautner-roFUsopk65U-unsplash.jpg\" alt=\"\" class=\"wp-image-5998 size-full\"\/><\/figure><div class=\"wp-block-media-text__content\">\n<p class=\"has-medium-font-size\"><strong><a href=\"https:\/\/telemme.mmsh.fr\/?page_id=5482\">Les docteurs et docteures attach\u00e9\u00b7es temporaires d\u2019enseignement et de recherche<\/a><\/strong><\/p>\n<\/div><\/div>\n\n\n\n<div style=\"height:40px\" aria-hidden=\"true\" class=\"wp-block-spacer\"><\/div>\n\n\n\n<div class=\"wp-block-media-text alignwide is-stacked-on-mobile\" style=\"grid-template-columns:38% auto\"><figure class=\"wp-block-media-text__media\"><img loading=\"lazy\" decoding=\"async\" width=\"500\" height=\"335\" src=\"https:\/\/telemme.mmsh.fr\/wp-content\/uploads\/2021\/07\/35588979984_e5f2870d65_c-1.jpg\" alt=\"\" class=\"wp-image-8761 size-full\" srcset=\"https:\/\/telemme.mmsh.fr\/wp-content\/uploads\/2021\/07\/35588979984_e5f2870d65_c-1.jpg 500w, https:\/\/telemme.mmsh.fr\/wp-content\/uploads\/2021\/07\/35588979984_e5f2870d65_c-1-300x201.jpg 300w, https:\/\/telemme.mmsh.fr\/wp-content\/uploads\/2021\/07\/35588979984_e5f2870d65_c-1-272x182.jpg 272w\" sizes=\"auto, (max-width: 500px) 100vw, 500px\" \/><\/figure><div class=\"wp-block-media-text__content\">\n<p class=\"has-medium-font-size\"><strong><a href=\"https:\/\/telemme.mmsh.fr\/?page_id=8754\">Post-doctorant\u00b7es<\/a><\/strong><\/p>\n<\/div><\/div>\n\n\n\n<div style=\"height:40px\" aria-hidden=\"true\" class=\"wp-block-spacer\"><\/div>\n\n\n\n<div class=\"wp-block-media-text alignwide is-stacked-on-mobile\" style=\"grid-template-columns:37% auto\"><figure class=\"wp-block-media-text__media\"><img loading=\"lazy\" decoding=\"async\" width=\"500\" height=\"333\" src=\"https:\/\/telemme.mmsh.fr\/wp-content\/uploads\/2021\/03\/fey-marin-dFvHQs72DTo-unsplash1-light.jpg\" alt=\"\" class=\"wp-image-6000 size-full\" srcset=\"https:\/\/telemme.mmsh.fr\/wp-content\/uploads\/2021\/03\/fey-marin-dFvHQs72DTo-unsplash1-light.jpg 500w, https:\/\/telemme.mmsh.fr\/wp-content\/uploads\/2021\/03\/fey-marin-dFvHQs72DTo-unsplash1-light-300x200.jpg 300w, https:\/\/telemme.mmsh.fr\/wp-content\/uploads\/2021\/03\/fey-marin-dFvHQs72DTo-unsplash1-light-450x300.jpg 450w, https:\/\/telemme.mmsh.fr\/wp-content\/uploads\/2021\/03\/fey-marin-dFvHQs72DTo-unsplash1-light-272x182.jpg 272w\" sizes=\"auto, (max-width: 500px) 100vw, 500px\" \/><\/figure><div class=\"wp-block-media-text__content\">\n<p class=\"has-medium-font-size\"><strong><a href=\"https:\/\/telemme.mmsh.fr\/?page_id=5488\">Membres associ\u00e9\u00b7es<\/a><\/strong><\/p>\n<\/div><\/div>\n\n\n\n<div style=\"height:40px\" aria-hidden=\"true\" class=\"wp-block-spacer\"><\/div>\n\n\n\n<div class=\"wp-block-media-text alignwide is-stacked-on-mobile\" style=\"grid-template-columns:37% auto\"><figure class=\"wp-block-media-text__media\"><img decoding=\"async\" src=\"https:\/\/telemme.mmsh.fr\/wp-content\/uploads\/2021\/03\/robert-anasch-McX3XuJRsUM-unsplash.jpg\" alt=\"\" class=\"wp-image-5999 size-full\"\/><\/figure><div class=\"wp-block-media-text__content\">\n<p class=\"has-medium-font-size\"><strong><a href=\"https:\/\/telemme.mmsh.fr\/?page_id=5485\">Alumni-Alumnae<\/a><\/strong><\/p>\n<\/div><\/div>\n","protected":false},"excerpt":{"rendered":"<p>Les docteurs et docteures attach\u00e9\u00b7es temporaires d\u2019enseignement et de recherche Post-doctorant\u00b7es Membres associ\u00e9\u00b7es Alumni-Alumnae<\/p>\n","protected":false},"author":6,"featured_media":0,"parent":57,"menu_order":5,"comment_status":"closed","ping_status":"closed","template":"","meta":{"neve_meta_sidebar":"","neve_meta_container":"","neve_meta_enable_content_width":"","neve_meta_content_width":0,"neve_meta_title_alignment":"","neve_meta_author_avatar":"","neve_post_elements_order":"","neve_meta_disable_header":"","neve_meta_disable_footer":"","neve_meta_disable_title":"","footnotes":""},"class_list":["post-2303","page","type-page","status-publish","hentry"],"yoast_head":"<!-- This site is optimized with the Yoast SEO plugin v27.5 - https:\/\/yoast.com\/product\/yoast-seo-wordpress\/ -->\n<title>Membres non-statutaires - TELEMMe - Temps, espaces, langages, Europe m\u00e9ridionale, M\u00e9diterran\u00e9e<\/title>\n<meta name=\"robots\" content=\"index, follow, max-snippet:-1, max-image-preview:large, max-video-preview:-1\" \/>\n<link rel=\"canonical\" href=\"https:\/\/telemme.mmsh.fr\/?page_id=2303\" \/>\n<meta property=\"og:locale\" content=\"fr_FR\" \/>\n<meta property=\"og:type\" content=\"article\" \/>\n<meta property=\"og:title\" content=\"Membres non-statutaires - TELEMMe - Temps, espaces, langages, Europe m\u00e9ridionale, M\u00e9diterran\u00e9e\" \/>\n<meta property=\"og:description\" content=\"Les docteurs et docteures attach\u00e9\u00b7es temporaires d\u2019enseignement et de recherche Post-doctorant\u00b7es Membres associ\u00e9\u00b7es Alumni-Alumnae\" \/>\n<meta property=\"og:url\" content=\"https:\/\/telemme.mmsh.fr\/?page_id=2303\" \/>\n<meta property=\"og:site_name\" content=\"TELEMMe - Temps, espaces, langages, Europe m\u00e9ridionale, M\u00e9diterran\u00e9e\" \/>\n<meta property=\"article:modified_time\" content=\"2021-07-07T09:20:52+00:00\" \/>\n<meta property=\"og:image\" content=\"http:\/\/telemme.mmsh.fr\/wp-content\/uploads\/2021\/03\/kyler-trautner-roFUsopk65U-unsplash.jpg\" \/>\n<meta name=\"twitter:card\" content=\"summary_large_image\" \/>\n<meta name=\"twitter:label1\" content=\"Dur\u00e9e de lecture estim\u00e9e\" \/>\n\t<meta name=\"twitter:data1\" content=\"1 minute\" \/>\n<script type=\"application\/ld+json\" class=\"yoast-schema-graph\">{\"@context\":\"https:\\\/\\\/schema.org\",\"@graph\":[{\"@type\":\"WebPage\",\"@id\":\"https:\\\/\\\/telemme.mmsh.fr\\\/?page_id=2303\",\"url\":\"https:\\\/\\\/telemme.mmsh.fr\\\/?page_id=2303\",\"name\":\"Membres non-statutaires - TELEMMe - Temps, espaces, langages, Europe m\u00e9ridionale, M\u00e9diterran\u00e9e\",\"isPartOf\":{\"@id\":\"https:\\\/\\\/telemme.mmsh.fr\\\/#website\"},\"primaryImageOfPage\":{\"@id\":\"https:\\\/\\\/telemme.mmsh.fr\\\/?page_id=2303#primaryimage\"},\"image\":{\"@id\":\"https:\\\/\\\/telemme.mmsh.fr\\\/?page_id=2303#primaryimage\"},\"thumbnailUrl\":\"http:\\\/\\\/telemme.mmsh.fr\\\/wp-content\\\/uploads\\\/2021\\\/03\\\/kyler-trautner-roFUsopk65U-unsplash.jpg\",\"datePublished\":\"2020-12-16T21:56:42+00:00\",\"dateModified\":\"2021-07-07T09:20:52+00:00\",\"breadcrumb\":{\"@id\":\"https:\\\/\\\/telemme.mmsh.fr\\\/?page_id=2303#breadcrumb\"},\"inLanguage\":\"fr-FR\",\"potentialAction\":[{\"@type\":\"ReadAction\",\"target\":[\"https:\\\/\\\/telemme.mmsh.fr\\\/?page_id=2303\"]}]},{\"@type\":\"ImageObject\",\"inLanguage\":\"fr-FR\",\"@id\":\"https:\\\/\\\/telemme.mmsh.fr\\\/?page_id=2303#primaryimage\",\"url\":\"http:\\\/\\\/telemme.mmsh.fr\\\/wp-content\\\/uploads\\\/2021\\\/03\\\/kyler-trautner-roFUsopk65U-unsplash.jpg\",\"contentUrl\":\"http:\\\/\\\/telemme.mmsh.fr\\\/wp-content\\\/uploads\\\/2021\\\/03\\\/kyler-trautner-roFUsopk65U-unsplash.jpg\"},{\"@type\":\"BreadcrumbList\",\"@id\":\"https:\\\/\\\/telemme.mmsh.fr\\\/?page_id=2303#breadcrumb\",\"itemListElement\":[{\"@type\":\"ListItem\",\"position\":1,\"name\":\"Accueil\",\"item\":\"https:\\\/\\\/telemme.mmsh.fr\\\/\"},{\"@type\":\"ListItem\",\"position\":2,\"name\":\"Le Laboratoire\",\"item\":\"https:\\\/\\\/telemme.mmsh.fr\\\/?page_id=57\"},{\"@type\":\"ListItem\",\"position\":3,\"name\":\"Membres non-statutaires\"}]},{\"@type\":\"WebSite\",\"@id\":\"https:\\\/\\\/telemme.mmsh.fr\\\/#website\",\"url\":\"https:\\\/\\\/telemme.mmsh.fr\\\/\",\"name\":\"TELEMMe - Temps, espaces, langages, Europe m\u00e9ridionale, M\u00e9diterran\u00e9e\",\"description\":\"\",\"publisher\":{\"@id\":\"https:\\\/\\\/telemme.mmsh.fr\\\/#organization\"},\"potentialAction\":[{\"@type\":\"SearchAction\",\"target\":{\"@type\":\"EntryPoint\",\"urlTemplate\":\"https:\\\/\\\/telemme.mmsh.fr\\\/?s={search_term_string}\"},\"query-input\":{\"@type\":\"PropertyValueSpecification\",\"valueRequired\":true,\"valueName\":\"search_term_string\"}}],\"inLanguage\":\"fr-FR\"},{\"@type\":\"Organization\",\"@id\":\"https:\\\/\\\/telemme.mmsh.fr\\\/#organization\",\"name\":\"TELEMMe\",\"url\":\"https:\\\/\\\/telemme.mmsh.fr\\\/\",\"logo\":{\"@type\":\"ImageObject\",\"inLanguage\":\"fr-FR\",\"@id\":\"https:\\\/\\\/telemme.mmsh.fr\\\/#\\\/schema\\\/logo\\\/image\\\/\",\"url\":\"https:\\\/\\\/telemme.mmsh.fr\\\/wp-content\\\/uploads\\\/2020\\\/03\\\/LogoTELEMMe-horizontal-fond-transparent.png\",\"contentUrl\":\"https:\\\/\\\/telemme.mmsh.fr\\\/wp-content\\\/uploads\\\/2020\\\/03\\\/LogoTELEMMe-horizontal-fond-transparent.png\",\"width\":1500,\"height\":437,\"caption\":\"TELEMMe\"},\"image\":{\"@id\":\"https:\\\/\\\/telemme.mmsh.fr\\\/#\\\/schema\\\/logo\\\/image\\\/\"}}]}<\/script>\n<!-- \/ Yoast SEO plugin. -->","yoast_head_json":{"title":"Membres non-statutaires - TELEMMe - Temps, espaces, langages, Europe m\u00e9ridionale, M\u00e9diterran\u00e9e","robots":{"index":"index","follow":"follow","max-snippet":"max-snippet:-1","max-image-preview":"max-image-preview:large","max-video-preview":"max-video-preview:-1"},"canonical":"https:\/\/telemme.mmsh.fr\/?page_id=2303","og_locale":"fr_FR","og_type":"article","og_title":"Membres non-statutaires - TELEMMe - Temps, espaces, langages, Europe m\u00e9ridionale, M\u00e9diterran\u00e9e","og_description":"Les docteurs et docteures attach\u00e9\u00b7es temporaires d\u2019enseignement et de recherche Post-doctorant\u00b7es Membres associ\u00e9\u00b7es Alumni-Alumnae","og_url":"https:\/\/telemme.mmsh.fr\/?page_id=2303","og_site_name":"TELEMMe - Temps, espaces, langages, Europe m\u00e9ridionale, M\u00e9diterran\u00e9e","article_modified_time":"2021-07-07T09:20:52+00:00","og_image":[{"url":"http:\/\/telemme.mmsh.fr\/wp-content\/uploads\/2021\/03\/kyler-trautner-roFUsopk65U-unsplash.jpg","type":"","width":"","height":""}],"twitter_card":"summary_large_image","twitter_misc":{"Dur\u00e9e de lecture estim\u00e9e":"1 minute"},"schema":{"@context":"https:\/\/schema.org","@graph":[{"@type":"WebPage","@id":"https:\/\/telemme.mmsh.fr\/?page_id=2303","url":"https:\/\/telemme.mmsh.fr\/?page_id=2303","name":"Membres non-statutaires - TELEMMe - Temps, espaces, langages, Europe m\u00e9ridionale, M\u00e9diterran\u00e9e","isPartOf":{"@id":"https:\/\/telemme.mmsh.fr\/#website"},"primaryImageOfPage":{"@id":"https:\/\/telemme.mmsh.fr\/?page_id=2303#primaryimage"},"image":{"@id":"https:\/\/telemme.mmsh.fr\/?page_id=2303#primaryimage"},"thumbnailUrl":"http:\/\/telemme.mmsh.fr\/wp-content\/uploads\/2021\/03\/kyler-trautner-roFUsopk65U-unsplash.jpg","datePublished":"2020-12-16T21:56:42+00:00","dateModified":"2021-07-07T09:20:52+00:00","breadcrumb":{"@id":"https:\/\/telemme.mmsh.fr\/?page_id=2303#breadcrumb"},"inLanguage":"fr-FR","potentialAction":[{"@type":"ReadAction","target":["https:\/\/telemme.mmsh.fr\/?page_id=2303"]}]},{"@type":"ImageObject","inLanguage":"fr-FR","@id":"https:\/\/telemme.mmsh.fr\/?page_id=2303#primaryimage","url":"http:\/\/telemme.mmsh.fr\/wp-content\/uploads\/2021\/03\/kyler-trautner-roFUsopk65U-unsplash.jpg","contentUrl":"http:\/\/telemme.mmsh.fr\/wp-content\/uploads\/2021\/03\/kyler-trautner-roFUsopk65U-unsplash.jpg"},{"@type":"BreadcrumbList","@id":"https:\/\/telemme.mmsh.fr\/?page_id=2303#breadcrumb","itemListElement":[{"@type":"ListItem","position":1,"name":"Accueil","item":"https:\/\/telemme.mmsh.fr\/"},{"@type":"ListItem","position":2,"name":"Le Laboratoire","item":"https:\/\/telemme.mmsh.fr\/?page_id=57"},{"@type":"ListItem","position":3,"name":"Membres non-statutaires"}]},{"@type":"WebSite","@id":"https:\/\/telemme.mmsh.fr\/#website","url":"https:\/\/telemme.mmsh.fr\/","name":"TELEMMe - Temps, espaces, langages, Europe m\u00e9ridionale, M\u00e9diterran\u00e9e","description":"","publisher":{"@id":"https:\/\/telemme.mmsh.fr\/#organization"},"potentialAction":[{"@type":"SearchAction","target":{"@type":"EntryPoint","urlTemplate":"https:\/\/telemme.mmsh.fr\/?s={search_term_string}"},"query-input":{"@type":"PropertyValueSpecification","valueRequired":true,"valueName":"search_term_string"}}],"inLanguage":"fr-FR"},{"@type":"Organization","@id":"https:\/\/telemme.mmsh.fr\/#organization","name":"TELEMMe","url":"https:\/\/telemme.mmsh.fr\/","logo":{"@type":"ImageObject","inLanguage":"fr-FR","@id":"https:\/\/telemme.mmsh.fr\/#\/schema\/logo\/image\/","url":"https:\/\/telemme.mmsh.fr\/wp-content\/uploads\/2020\/03\/LogoTELEMMe-horizontal-fond-transparent.png","contentUrl":"https:\/\/telemme.mmsh.fr\/wp-content\/uploads\/2020\/03\/LogoTELEMMe-horizontal-fond-transparent.png","width":1500,"height":437,"caption":"TELEMMe"},"image":{"@id":"https:\/\/telemme.mmsh.fr\/#\/schema\/logo\/image\/"}}]}},"_links":{"self":[{"href":"https:\/\/telemme.mmsh.fr\/index.php?rest_route=\/wp\/v2\/pages\/2303","targetHints":{"allow":["GET"]}}],"collection":[{"href":"https:\/\/telemme.mmsh.fr\/index.php?rest_route=\/wp\/v2\/pages"}],"about":[{"href":"https:\/\/telemme.mmsh.fr\/index.php?rest_route=\/wp\/v2\/types\/page"}],"author":[{"embeddable":true,"href":"https:\/\/telemme.mmsh.fr\/index.php?rest_route=\/wp\/v2\/users\/6"}],"replies":[{"embeddable":true,"href":"https:\/\/telemme.mmsh.fr\/index.php?rest_route=%2Fwp%2Fv2%2Fcomments&post=2303"}],"version-history":[{"count":6,"href":"https:\/\/telemme.mmsh.fr\/index.php?rest_route=\/wp\/v2\/pages\/2303\/revisions"}],"predecessor-version":[{"id":8762,"href":"https:\/\/telemme.mmsh.fr\/index.php?rest_route=\/wp\/v2\/pages\/2303\/revisions\/8762"}],"up":[{"embeddable":true,"href":"https:\/\/telemme.mmsh.fr\/index.php?rest_route=\/wp\/v2\/pages\/57"}],"wp:attachment":[{"href":"https:\/\/telemme.mmsh.fr\/index.php?rest_route=%2Fwp%2Fv2%2Fmedia&parent=2303"}],"curies":[{"name":"wp","href":"https:\/\/api.w.org\/{rel}","templated":true}]}}