{"id":13200,"date":"2023-09-20T15:54:28","date_gmt":"2023-09-20T13:54:28","guid":{"rendered":"https:\/\/telemme.mmsh.fr\/?page_id=13200"},"modified":"2023-10-13T13:45:44","modified_gmt":"2023-10-13T11:45:44","slug":"mediterranee-en-communs","status":"publish","type":"page","link":"https:\/\/telemme.mmsh.fr\/?page_id=13200","title":{"rendered":"M\u00e9diterran\u00e9e en commun(s)"},"content":{"rendered":"\n<h3 class=\"wp-block-heading\">Axe 1 &#8211;<a href=\"https:\/\/telemme.mmsh.fr\/?axe_groupe=2023-2028-1-espace-et-politique-du-sensible\"> Espace et politique du sensible<\/a><\/h3>\n\n\n\n<ul class=\"wp-block-list\">\n<li><a href=\"https:\/\/telemme.mmsh.fr\/?axe_groupe=2023-2028-1-espace-et-politique-du-sensible\/2023-2028-1-1-objets-et-savoirs-collections-et-patrimoine-dans-lespace-mediterraneen-xvie-xxie-siecles\"> 1.1 \u2013 Objets et savoirs. Collections et patrimoine dans l\u2019espace m\u00e9diterran\u00e9en (XVI<sup>e<\/sup>-XXI<sup>e<\/sup>&nbsp;si\u00e8cles)<\/a><\/li>\n\n\n\n<li><a href=\"https:\/\/telemme.mmsh.fr\/?axe_groupe=2023-2028-1-espace-et-politique-du-sensible\/2023-2028-1-2-histoire-des-emotions-et-des-pratiques-sensibles-du-moyen-age-a-lepoque-contemporaine-europe-mediterranee\"> 1.2 \u2013 Histoire des \u00e9motions et des pratiques sensibles du Moyen \u00c2ge \u00e0 l\u2019\u00e9poque contemporaine (Europe \u2013 M\u00e9diterran\u00e9e)<\/a><\/li>\n\n\n\n<li><a href=\"https:\/\/telemme.mmsh.fr\/?axe_groupe=2023-2028-1-espace-et-politique-du-sensible\/2023-2028-1-3-communs-communautes-espaces-publics-redefinir-le-politique-du-moyen-age-a-lepoque-contemporaine\"> 1.3 \u2013 Commun(s), communaut\u00e9(s), espace(s) public(s) : red\u00e9finir le politique, du Moyen \u00c2ge \u00e0 l\u2019\u00e9poque contemporaine<\/a><\/li>\n<\/ul>\n\n\n\n<h3 class=\"wp-block-heading\">Axe 2 &#8211;&nbsp;<a href=\"https:\/\/telemme.mmsh.fr\/?axe_groupe=2023-2028-2-des-vies-a-gagner\">Des vies \u00e0 gagner<\/a><\/h3>\n\n\n\n<ul class=\"wp-block-list\">\n<li><a href=\"https:\/\/telemme.mmsh.fr\/?axe_groupe=2023-2028-2-des-vies-a-gagner\/2023-2028-2-1-entre-deux-terres-migrations-et-mobilites-xviie-xxie-siecles\">2.1 \u2013 Entre deux (terres). Migrations et mobilit\u00e9s (XVII<sup>e<\/sup>-XXI<sup>e<\/sup>&nbsp;si\u00e8cles)<\/a><\/li>\n\n\n\n<li><a href=\"https:\/\/telemme.mmsh.fr\/?axe_groupe=2023-2028-2-des-vies-a-gagner\/2023-2028-2-2-le-travail-dans-les-economies-et-les-societes-mediterraneennes\">2.2 \u2013 Le travail dans les \u00e9conomies et les soci\u00e9t\u00e9s m\u00e9diterran\u00e9ennes<\/a><\/li>\n\n\n\n<li><a href=\"https:\/\/telemme.mmsh.fr\/?axe_groupe=2023-2028-2-des-vies-a-gagner\/2023-2028-2-3-educations-jeunesses-et-territoires\">2.3 \u2013 \u00c9ducation(s), jeunesse(s) et territoire(s)<\/a><\/li>\n<\/ul>\n\n\n\n<h3 class=\"wp-block-heading\">Axe 3 &#8211;<a href=\"https:\/\/telemme.mmsh.fr\/?axe_groupe=2023-2028-3-mondes-soutenables\">Mondes soutenables<\/a><\/h3>\n\n\n\n<ul class=\"wp-block-list\">\n<li><a href=\"https:\/\/telemme.mmsh.fr\/?axe_groupe=2023-2028-3-mondes-soutenables\/2023-2028-3-1-geo-histoire-de-lenvironnement-en-mediterranee\"> 3.1 \u2013 G\u00e9o-histoire de l\u2019environnement en M\u00e9diterran\u00e9e <\/a><\/li>\n\n\n\n<li><a href=\"https:\/\/telemme.mmsh.fr\/?axe_groupe=2023-2028-3-mondes-soutenables\/2023-2028-3-2-altermetropolisation-action-publique-locale-et-amenagement\"> 3.2 \u2013 Alterm\u00e9tropolisation, action publique locale et am\u00e9nagement <\/a><\/li>\n\n\n\n<li><a href=\"https:\/\/telemme.mmsh.fr\/?axe_groupe=2023-2028-3-mondes-soutenables\/2023-2028-3-3-histoire-de-la-sante-savoirs-acteurs-pratiques-europe-mediterranee-du-moyen-age-a-nos-jours\"> 3.3 \u2013 Histoire de la sant\u00e9 : savoirs, acteurs, pratiques, Europe-M\u00e9diterran\u00e9e, du Moyen \u00c2ge \u00e0 nos jours <\/a><\/li>\n<\/ul>\n","protected":false},"excerpt":{"rendered":"<p>Axe 1 &#8211; Espace et politique du sensible Axe 2 &#8211;&nbsp;Des vies \u00e0 gagner Axe 3 &#8211;Mondes soutenables<\/p>\n","protected":false},"author":6,"featured_media":0,"parent":6201,"menu_order":0,"comment_status":"closed","ping_status":"closed","template":"","meta":{"neve_meta_sidebar":"","neve_meta_container":"","neve_meta_enable_content_width":"off","neve_meta_content_width":100,"neve_meta_title_alignment":"","neve_meta_author_avatar":"","neve_post_elements_order":"","neve_meta_disable_header":"","neve_meta_disable_footer":"","neve_meta_disable_title":"","footnotes":""},"class_list":["post-13200","page","type-page","status-publish","hentry"],"yoast_head":"<!-- This site is optimized with the Yoast SEO plugin v27.5 - https:\/\/yoast.com\/product\/yoast-seo-wordpress\/ -->\n<title>M\u00e9diterran\u00e9e en commun(s) - TELEMMe - Temps, espaces, langages, Europe m\u00e9ridionale, M\u00e9diterran\u00e9e<\/title>\n<meta name=\"description\" content=\"Axes de recherche de TELEMMe 2023-2028\" \/>\n<meta name=\"robots\" content=\"index, follow, max-snippet:-1, max-image-preview:large, max-video-preview:-1\" \/>\n<link rel=\"canonical\" href=\"https:\/\/telemme.mmsh.fr\/?page_id=13200\" \/>\n<meta property=\"og:locale\" content=\"fr_FR\" \/>\n<meta property=\"og:type\" content=\"article\" \/>\n<meta property=\"og:title\" content=\"M\u00e9diterran\u00e9e en commun(s) - TELEMMe - Temps, espaces, langages, Europe m\u00e9ridionale, M\u00e9diterran\u00e9e\" \/>\n<meta property=\"og:description\" content=\"Axes de recherche de TELEMMe 2023-2028\" \/>\n<meta property=\"og:url\" content=\"https:\/\/telemme.mmsh.fr\/?page_id=13200\" \/>\n<meta property=\"og:site_name\" content=\"TELEMMe - Temps, espaces, langages, Europe m\u00e9ridionale, M\u00e9diterran\u00e9e\" \/>\n<meta property=\"article:modified_time\" content=\"2023-10-13T11:45:44+00:00\" \/>\n<meta name=\"twitter:card\" content=\"summary_large_image\" \/>\n<meta name=\"twitter:label1\" content=\"Dur\u00e9e de lecture estim\u00e9e\" \/>\n\t<meta name=\"twitter:data1\" content=\"1 minute\" \/>\n<script type=\"application\/ld+json\" class=\"yoast-schema-graph\">{\"@context\":\"https:\\\/\\\/schema.org\",\"@graph\":[{\"@type\":\"WebPage\",\"@id\":\"https:\\\/\\\/telemme.mmsh.fr\\\/?page_id=13200\",\"url\":\"https:\\\/\\\/telemme.mmsh.fr\\\/?page_id=13200\",\"name\":\"M\u00e9diterran\u00e9e en commun(s) - TELEMMe - Temps, espaces, langages, Europe m\u00e9ridionale, M\u00e9diterran\u00e9e\",\"isPartOf\":{\"@id\":\"https:\\\/\\\/telemme.mmsh.fr\\\/#website\"},\"datePublished\":\"2023-09-20T13:54:28+00:00\",\"dateModified\":\"2023-10-13T11:45:44+00:00\",\"description\":\"Axes de recherche de TELEMMe 2023-2028\",\"breadcrumb\":{\"@id\":\"https:\\\/\\\/telemme.mmsh.fr\\\/?page_id=13200#breadcrumb\"},\"inLanguage\":\"fr-FR\",\"potentialAction\":[{\"@type\":\"ReadAction\",\"target\":[\"https:\\\/\\\/telemme.mmsh.fr\\\/?page_id=13200\"]}]},{\"@type\":\"BreadcrumbList\",\"@id\":\"https:\\\/\\\/telemme.mmsh.fr\\\/?page_id=13200#breadcrumb\",\"itemListElement\":[{\"@type\":\"ListItem\",\"position\":1,\"name\":\"Accueil\",\"item\":\"https:\\\/\\\/telemme.mmsh.fr\\\/\"},{\"@type\":\"ListItem\",\"position\":2,\"name\":\"La recherche \u00e0 TELEMMe\",\"item\":\"https:\\\/\\\/telemme.mmsh.fr\\\/?page_id=6201\"},{\"@type\":\"ListItem\",\"position\":3,\"name\":\"M\u00e9diterran\u00e9e en commun(s)\"}]},{\"@type\":\"WebSite\",\"@id\":\"https:\\\/\\\/telemme.mmsh.fr\\\/#website\",\"url\":\"https:\\\/\\\/telemme.mmsh.fr\\\/\",\"name\":\"TELEMMe - Temps, espaces, langages, Europe m\u00e9ridionale, M\u00e9diterran\u00e9e\",\"description\":\"\",\"publisher\":{\"@id\":\"https:\\\/\\\/telemme.mmsh.fr\\\/#organization\"},\"potentialAction\":[{\"@type\":\"SearchAction\",\"target\":{\"@type\":\"EntryPoint\",\"urlTemplate\":\"https:\\\/\\\/telemme.mmsh.fr\\\/?s={search_term_string}\"},\"query-input\":{\"@type\":\"PropertyValueSpecification\",\"valueRequired\":true,\"valueName\":\"search_term_string\"}}],\"inLanguage\":\"fr-FR\"},{\"@type\":\"Organization\",\"@id\":\"https:\\\/\\\/telemme.mmsh.fr\\\/#organization\",\"name\":\"TELEMMe\",\"url\":\"https:\\\/\\\/telemme.mmsh.fr\\\/\",\"logo\":{\"@type\":\"ImageObject\",\"inLanguage\":\"fr-FR\",\"@id\":\"https:\\\/\\\/telemme.mmsh.fr\\\/#\\\/schema\\\/logo\\\/image\\\/\",\"url\":\"https:\\\/\\\/telemme.mmsh.fr\\\/wp-content\\\/uploads\\\/2020\\\/03\\\/LogoTELEMMe-horizontal-fond-transparent.png\",\"contentUrl\":\"https:\\\/\\\/telemme.mmsh.fr\\\/wp-content\\\/uploads\\\/2020\\\/03\\\/LogoTELEMMe-horizontal-fond-transparent.png\",\"width\":1500,\"height\":437,\"caption\":\"TELEMMe\"},\"image\":{\"@id\":\"https:\\\/\\\/telemme.mmsh.fr\\\/#\\\/schema\\\/logo\\\/image\\\/\"}}]}<\/script>\n<!-- \/ Yoast SEO plugin. -->","yoast_head_json":{"title":"M\u00e9diterran\u00e9e en commun(s) - TELEMMe - Temps, espaces, langages, Europe m\u00e9ridionale, M\u00e9diterran\u00e9e","description":"Axes de recherche de TELEMMe 2023-2028","robots":{"index":"index","follow":"follow","max-snippet":"max-snippet:-1","max-image-preview":"max-image-preview:large","max-video-preview":"max-video-preview:-1"},"canonical":"https:\/\/telemme.mmsh.fr\/?page_id=13200","og_locale":"fr_FR","og_type":"article","og_title":"M\u00e9diterran\u00e9e en commun(s) - TELEMMe - Temps, espaces, langages, Europe m\u00e9ridionale, M\u00e9diterran\u00e9e","og_description":"Axes de recherche de TELEMMe 2023-2028","og_url":"https:\/\/telemme.mmsh.fr\/?page_id=13200","og_site_name":"TELEMMe - Temps, espaces, langages, Europe m\u00e9ridionale, M\u00e9diterran\u00e9e","article_modified_time":"2023-10-13T11:45:44+00:00","twitter_card":"summary_large_image","twitter_misc":{"Dur\u00e9e de lecture estim\u00e9e":"1 minute"},"schema":{"@context":"https:\/\/schema.org","@graph":[{"@type":"WebPage","@id":"https:\/\/telemme.mmsh.fr\/?page_id=13200","url":"https:\/\/telemme.mmsh.fr\/?page_id=13200","name":"M\u00e9diterran\u00e9e en commun(s) - TELEMMe - Temps, espaces, langages, Europe m\u00e9ridionale, M\u00e9diterran\u00e9e","isPartOf":{"@id":"https:\/\/telemme.mmsh.fr\/#website"},"datePublished":"2023-09-20T13:54:28+00:00","dateModified":"2023-10-13T11:45:44+00:00","description":"Axes de recherche de TELEMMe 2023-2028","breadcrumb":{"@id":"https:\/\/telemme.mmsh.fr\/?page_id=13200#breadcrumb"},"inLanguage":"fr-FR","potentialAction":[{"@type":"ReadAction","target":["https:\/\/telemme.mmsh.fr\/?page_id=13200"]}]},{"@type":"BreadcrumbList","@id":"https:\/\/telemme.mmsh.fr\/?page_id=13200#breadcrumb","itemListElement":[{"@type":"ListItem","position":1,"name":"Accueil","item":"https:\/\/telemme.mmsh.fr\/"},{"@type":"ListItem","position":2,"name":"La recherche \u00e0 TELEMMe","item":"https:\/\/telemme.mmsh.fr\/?page_id=6201"},{"@type":"ListItem","position":3,"name":"M\u00e9diterran\u00e9e en commun(s)"}]},{"@type":"WebSite","@id":"https:\/\/telemme.mmsh.fr\/#website","url":"https:\/\/telemme.mmsh.fr\/","name":"TELEMMe - Temps, espaces, langages, Europe m\u00e9ridionale, M\u00e9diterran\u00e9e","description":"","publisher":{"@id":"https:\/\/telemme.mmsh.fr\/#organization"},"potentialAction":[{"@type":"SearchAction","target":{"@type":"EntryPoint","urlTemplate":"https:\/\/telemme.mmsh.fr\/?s={search_term_string}"},"query-input":{"@type":"PropertyValueSpecification","valueRequired":true,"valueName":"search_term_string"}}],"inLanguage":"fr-FR"},{"@type":"Organization","@id":"https:\/\/telemme.mmsh.fr\/#organization","name":"TELEMMe","url":"https:\/\/telemme.mmsh.fr\/","logo":{"@type":"ImageObject","inLanguage":"fr-FR","@id":"https:\/\/telemme.mmsh.fr\/#\/schema\/logo\/image\/","url":"https:\/\/telemme.mmsh.fr\/wp-content\/uploads\/2020\/03\/LogoTELEMMe-horizontal-fond-transparent.png","contentUrl":"https:\/\/telemme.mmsh.fr\/wp-content\/uploads\/2020\/03\/LogoTELEMMe-horizontal-fond-transparent.png","width":1500,"height":437,"caption":"TELEMMe"},"image":{"@id":"https:\/\/telemme.mmsh.fr\/#\/schema\/logo\/image\/"}}]}},"_links":{"self":[{"href":"https:\/\/telemme.mmsh.fr\/index.php?rest_route=\/wp\/v2\/pages\/13200","targetHints":{"allow":["GET"]}}],"collection":[{"href":"https:\/\/telemme.mmsh.fr\/index.php?rest_route=\/wp\/v2\/pages"}],"about":[{"href":"https:\/\/telemme.mmsh.fr\/index.php?rest_route=\/wp\/v2\/types\/page"}],"author":[{"embeddable":true,"href":"https:\/\/telemme.mmsh.fr\/index.php?rest_route=\/wp\/v2\/users\/6"}],"replies":[{"embeddable":true,"href":"https:\/\/telemme.mmsh.fr\/index.php?rest_route=%2Fwp%2Fv2%2Fcomments&post=13200"}],"version-history":[{"count":12,"href":"https:\/\/telemme.mmsh.fr\/index.php?rest_route=\/wp\/v2\/pages\/13200\/revisions"}],"predecessor-version":[{"id":13368,"href":"https:\/\/telemme.mmsh.fr\/index.php?rest_route=\/wp\/v2\/pages\/13200\/revisions\/13368"}],"up":[{"embeddable":true,"href":"https:\/\/telemme.mmsh.fr\/index.php?rest_route=\/wp\/v2\/pages\/6201"}],"wp:attachment":[{"href":"https:\/\/telemme.mmsh.fr\/index.php?rest_route=%2Fwp%2Fv2%2Fmedia&parent=13200"}],"curies":[{"name":"wp","href":"https:\/\/api.w.org\/{rel}","templated":true}]}}